{"id":1177,"date":"2025-09-10T09:14:17","date_gmt":"2025-09-10T09:14:17","guid":{"rendered":"https:\/\/thermo-bug.de\/areas-of-application\/"},"modified":"2026-03-20T08:14:03","modified_gmt":"2026-03-20T08:14:03","slug":"areas-of-application","status":"publish","type":"page","link":"https:\/\/thermo-bug.de\/en\/areas-of-application\/","title":{"rendered":"Areas of application"},"content":{"rendered":"\n<div class=\"alignfull\">\n<div class=\"hero-wrap\">\n<div class=\"section-text-wrap\">\n<div class=\"max-width-800\">\n<h1 class=\"gb-text\">Thermo-bug\u00ae locations<\/h1>\n\n\n\n<h2 class=\"gb-text h2-hero\">Effective pest control for hotels, households &amp; facilities<\/h2>\n\n\n\n<p class=\"gb-text\">Pest infe\u00adsta\u00adti\u00adons don\u2019t stop at any\u00adthing, whe\u00adther in your own home, in a hotel or in sen\u00adsi\u00adti\u00adve faci\u00adli\u00adties such as schools and nur\u00adsing homes. Bed bugs not only affect hygie\u00adne, but also well-being. Ther\u00admo-bug\u00ae relia\u00adbly pro\u00advi\u00addes a reme\u00addy in pri\u00adva\u00adte house\u00adholds, tou\u00adrism busi\u00adnesses and com\u00admu\u00adni\u00adty faci\u00adli\u00adties, all wit\u00adhout che\u00admi\u00adcals.  <\/p>\n\n\n\n<div class=\"buttons-wrap\">\n<a class=\"gb-text button-primary\" href=\"#info\">More about this<\/a>\n<\/div>\n<\/div>\n<\/div>\n\n\n\n<div class=\"section-image-wrap hero-image gb-element-02660d31\"><\/div>\n<\/div>\n\n\n\n<div class=\"section-wrap\" id=\"info\">\n<div class=\"section-image-wrap gb-element-e6a8092c\"><\/div>\n\n\n\n<div class=\"section-text-wrap\">\n<div class=\"max-width-800\">\n<h2 class=\"gb-text\">What to do in an emergency?<\/h2>\n\n\n\n<p class=\"gb-text\">A sud\u00adden bed bug infe\u00adsta\u00adti\u00adon requi\u00adres quick action. Initi\u00adal steps can help to con\u00adtain the spread for the time being: <\/p>\n\n\n\n<div class=\"list-wrap\">\n<div class=\"list-item-wrap\">\n<img decoding=\"async\" class=\"list-item-image\" src=\"https:\/\/thermo-bug.de\/wp-content\/uploads\/2025\/09\/thermo-bug-list-icon.svg\" aria-hidden=\"true\">\n\n\n\n<div class=\"list-item-text-wrap\">\n<p class=\"gb-text list-item-text\">Wash bed linen at at least 60 \u00b0C<\/p>\n<\/div>\n<\/div>\n\n\n\n<div class=\"list-item-wrap\">\n<img decoding=\"async\" class=\"list-item-image\" src=\"https:\/\/thermo-bug.de\/wp-content\/uploads\/2025\/09\/thermo-bug-list-icon.svg\" aria-hidden=\"true\">\n\n\n\n<div class=\"list-item-text-wrap\">\n<p class=\"gb-text list-item-text\">Tho\u00adrough\u00adly vacu\u00adum suit\u00adca\u00adses, cre\u00advices and tex\u00adti\u00adle sur\u00adfaces<\/p>\n<\/div>\n<\/div>\n\n\n\n<div class=\"list-item-wrap\">\n<img decoding=\"async\" class=\"list-item-image\" src=\"https:\/\/thermo-bug.de\/wp-content\/uploads\/2025\/09\/thermo-bug-list-icon.svg\" aria-hidden=\"true\">\n\n\n\n<div class=\"list-item-text-wrap\">\n<p class=\"gb-text list-item-text\">Pack infes\u00adted tex\u00adti\u00adles in air\u00adtight con\u00adtai\u00adners<\/p>\n<\/div>\n<\/div>\n\n\n\n<div class=\"list-item-wrap\">\n<img decoding=\"async\" class=\"list-item-image\" src=\"https:\/\/thermo-bug.de\/wp-content\/uploads\/2025\/09\/thermo-bug-list-icon.svg\" aria-hidden=\"true\">\n\n\n\n<div class=\"list-item-text-wrap\">\n<p class=\"gb-text list-item-text\">Avo\u00adid sus\u00adpi\u00adcious items of fur\u00adni\u00adtu\u00adre and do not move them to ano\u00adther room under any cir\u00adcum\u00ads\u00adtances<\/p>\n<\/div>\n<\/div>\n\n\n\n<div class=\"list-item-wrap\">\n<img decoding=\"async\" class=\"list-item-image\" src=\"https:\/\/thermo-bug.de\/wp-content\/uploads\/2025\/09\/thermo-bug-list-icon.svg\" aria-hidden=\"true\">\n\n\n\n<div class=\"list-item-text-wrap\">\n<p class=\"gb-text list-item-text\">Docu\u00admen\u00adta\u00adti\u00adon: Pho\u00adto\u00adgraph traces such as bites, drop\u00adpings or mol\u00adting remains<\/p>\n<\/div>\n<\/div>\n<\/div>\n\n\n\n<p class=\"gb-text\">The\u00adse mea\u00adsu\u00adres pro\u00advi\u00adde initi\u00adal reli\u00adef, but only pro\u00adfes\u00adsio\u00adnal tre\u00adat\u00adment offers com\u00adple\u00adte secu\u00adri\u00adty. Call a pest con\u00adtrol\u00adler for this. They will come imme\u00addia\u00adte\u00adly and act abso\u00adlut\u00ade\u00adly dis\u00adcreet\u00adly, sil\u00adent\u00adly, quick\u00adly and extre\u00adme\u00adly effec\u00adtively on site.  <\/p>\n<\/div>\n<\/div>\n<\/div>\n\n\n\n<div class=\"flex-centered bg-grey\">\n<div class=\"max-width-wide flex-centered spacing\">\n<div class=\"max-width-800\">\n<h2 class=\"gb-text\">Effective help in all areas<\/h2>\n\n\n\n<p class=\"gb-text\">The Ther\u00admo-bug\u00ae heat pro\u00adcess works with 100% dry heat. Relia\u00adble, che\u00admi\u00adcal-free and par\u00adti\u00adcu\u00adlar\u00adly tho\u00adrough. This makes the method ver\u00adsa\u00adti\u00adle, espe\u00adci\u00adal\u00adly whe\u00adre hygie\u00adne and safe\u00adty are para\u00admount:  <\/p>\n<\/div>\n\n\n\n<div class=\"ag-grid\">\n<div class=\"ag-wrap-card\">\n<img loading=\"lazy\" decoding=\"async\" width=\"600\" height=\"375\" class=\"ag-image\" alt=\"Ein gemachtes Bett im Hotel\" src=\"https:\/\/thermo-bug.de\/wp-content\/uploads\/2025\/09\/thermo-bug-anwendung-thumbnail-hotel.jpg\" srcset=\"https:\/\/thermo-bug.de\/wp-content\/uploads\/2025\/09\/thermo-bug-anwendung-thumbnail-hotel.jpg 600w, https:\/\/thermo-bug.de\/wp-content\/uploads\/2025\/09\/thermo-bug-anwendung-thumbnail-hotel-300x188.jpg 300w\" sizes=\"auto, (max-width: 600px) 100vw, 600px\">\n\n\n\n<h3 class=\"gb-text ag-title\">Hotel<\/h3>\n\n\n\n<p class=\"gb-text ag-text\">Many guests from all over the world come to hotels, often with lug\u00adga\u00adge in which bed bugs or other pests can hide. High room tur\u00adno\u00adver and dif\u00adfe\u00adrent hygie\u00adne stan\u00addards favor rapid spread. <\/p>\n\n\n\n<div class=\"buttons-wrap\">\n<a class=\"gb-text button-primary\" href=\"https:\/\/thermo-bug.de\/en\/areas-of-application\/hotel\/\">More about this<\/a>\n<\/div>\n<\/div>\n\n\n\n<div class=\"ag-wrap-card\">\n<img loading=\"lazy\" decoding=\"async\" width=\"600\" height=\"375\" class=\"ag-image\" alt=\"Eine Frau sitzt zu Hause auf Ihrer Couch.\" src=\"https:\/\/thermo-bug.de\/wp-content\/uploads\/2025\/09\/thermo-bug-anwendung-thumbnail-private-haushalte.jpg\" srcset=\"https:\/\/thermo-bug.de\/wp-content\/uploads\/2025\/09\/thermo-bug-anwendung-thumbnail-private-haushalte.jpg 600w, https:\/\/thermo-bug.de\/wp-content\/uploads\/2025\/09\/thermo-bug-anwendung-thumbnail-private-haushalte-300x188.jpg 300w\" sizes=\"auto, (max-width: 600px) 100vw, 600px\">\n\n\n\n<h3 class=\"gb-text ag-title\">Private Households<\/h3>\n\n\n\n<p class=\"gb-text ag-text\">At home, pests usual\u00adly get into the house via shop\u00adping, pets or used fur\u00adni\u00adtu\u00adre. Food sup\u00adpli\u00ades, tex\u00adti\u00adles and warm retre\u00adats offer ide\u00adal living con\u00addi\u00adti\u00adons. <\/p>\n\n\n\n<div class=\"buttons-wrap\">\n<a class=\"gb-text button-primary\" href=\"https:\/\/thermo-bug.de\/en\/areas-of-application\/private-households\/\">More about this<\/a>\n<\/div>\n<\/div>\n\n\n\n<div class=\"ag-wrap-card\">\n<img loading=\"lazy\" decoding=\"async\" width=\"600\" height=\"377\" class=\"ag-image\" alt=\"Eine kleines, modern eingerichtetes Apartment\" src=\"https:\/\/thermo-bug.de\/wp-content\/uploads\/2025\/09\/thermo-bug-anwendung-thumbnail-monteurunterkunft.jpg\" srcset=\"https:\/\/thermo-bug.de\/wp-content\/uploads\/2025\/09\/thermo-bug-anwendung-thumbnail-monteurunterkunft.jpg 600w, https:\/\/thermo-bug.de\/wp-content\/uploads\/2025\/09\/thermo-bug-anwendung-thumbnail-monteurunterkunft-300x189.jpg 300w\" sizes=\"auto, (max-width: 600px) 100vw, 600px\">\n\n\n\n<h3 class=\"gb-text ag-title\">Worker Accommodation<\/h3>\n\n\n\n<p class=\"gb-text ag-text\">In accom\u00admo\u00adda\u00adti\u00adon for assem\u00adbly workers, the\u00adre is often a high tur\u00adno\u00adver of resi\u00addents. Lug\u00adga\u00adge and clot\u00adhing can bring in bed bugs, which then spread unno\u00adti\u00adced. <\/p>\n\n\n\n<div class=\"buttons-wrap\">\n<a class=\"gb-text button-primary\" href=\"https:\/\/thermo-bug.de\/en\/areas-of-application\/worker-accommodation\/\">More about this<\/a>\n<\/div>\n<\/div>\n<\/div>\n\n\n\n<div class=\"max-width-800\">\n<div class=\"gb-text gb-text-004bf2dd\" id=\"oeffentliche-einrichtungen\">Public insti\u00adtu\u00adti\u00adons<\/div>\n<\/div>\n\n\n\n<div class=\"ag-grid\">\n<div class=\"ag-wrap-card\">\n<img loading=\"lazy\" decoding=\"async\" width=\"600\" height=\"375\" class=\"ag-image\" alt=\"Kinder spielen und malen an einem Tisch neben einer Erzieherin.\" src=\"https:\/\/thermo-bug.de\/wp-content\/uploads\/2025\/09\/thermo-bug-anwendung-thumbnail-kita-schule.jpg\" srcset=\"https:\/\/thermo-bug.de\/wp-content\/uploads\/2025\/09\/thermo-bug-anwendung-thumbnail-kita-schule.jpg 600w, https:\/\/thermo-bug.de\/wp-content\/uploads\/2025\/09\/thermo-bug-anwendung-thumbnail-kita-schule-300x188.jpg 300w\" sizes=\"auto, (max-width: 600px) 100vw, 600px\">\n\n\n\n<h3 class=\"gb-text ag-title\">Daycare and School<\/h3>\n\n\n\n<p class=\"gb-text ag-text\">In edu\u00adca\u00adtio\u00adnal insti\u00adtu\u00adti\u00adons, pests are often brought in by child\u00adren and their bags. Food lef\u00adto\u00advers, warm rooms and many hiding places pro\u00admo\u00adte their infe\u00adsta\u00adti\u00adon. <\/p>\n\n\n\n<div class=\"buttons-wrap\">\n<a class=\"gb-text button-primary\" href=\"https:\/\/thermo-bug.de\/en\/areas-of-application\/daycare-and-school\/\">More about this<\/a>\n<\/div>\n<\/div>\n\n\n\n<div class=\"ag-wrap-card\">\n<img loading=\"lazy\" decoding=\"async\" width=\"600\" height=\"375\" class=\"ag-image\" alt=\"Eine \u00c4rztin mit Klemmbrett spricht mit Patient.\" src=\"https:\/\/thermo-bug.de\/wp-content\/uploads\/2025\/09\/thermo-bug-anwendung-thumbnail-krankenhaus.jpg\" srcset=\"https:\/\/thermo-bug.de\/wp-content\/uploads\/2025\/09\/thermo-bug-anwendung-thumbnail-krankenhaus.jpg 600w, https:\/\/thermo-bug.de\/wp-content\/uploads\/2025\/09\/thermo-bug-anwendung-thumbnail-krankenhaus-300x188.jpg 300w\" sizes=\"auto, (max-width: 600px) 100vw, 600px\">\n\n\n\n<h3 class=\"gb-text ag-title\">Hospital<\/h3>\n\n\n\n<p class=\"gb-text ag-text\">Hos\u00adpi\u00adtals have a high volu\u00adme of peo\u00adp\u00adle, which makes it easy for pests to be brought in. In addi\u00adti\u00adon, warm, air-con\u00addi\u00adtio\u00adned rooms and tex\u00adti\u00adle mate\u00adri\u00adals offer good con\u00addi\u00adti\u00adons. <\/p>\n\n\n\n<div class=\"buttons-wrap\">\n<a class=\"gb-text button-primary\" href=\"https:\/\/thermo-bug.de\/en\/areas-of-application\/hospital\/\">More about this<\/a>\n<\/div>\n<\/div>\n\n\n\n<div class=\"ag-wrap-card\">\n<img loading=\"lazy\" decoding=\"async\" width=\"600\" height=\"375\" class=\"ag-image\" alt=\"Eine j\u00fcngere Frau k\u00fcmmert sich um eine \u00e4ltere Frau.\" src=\"https:\/\/thermo-bug.de\/wp-content\/uploads\/2025\/09\/thermo-bug-anwendung-thumbnail-seniorenheim.jpg\" srcset=\"https:\/\/thermo-bug.de\/wp-content\/uploads\/2025\/09\/thermo-bug-anwendung-thumbnail-seniorenheim.jpg 600w, https:\/\/thermo-bug.de\/wp-content\/uploads\/2025\/09\/thermo-bug-anwendung-thumbnail-seniorenheim-300x188.jpg 300w\" sizes=\"auto, (max-width: 600px) 100vw, 600px\">\n\n\n\n<h3 class=\"gb-text ag-title\">Nursing Home<\/h3>\n\n\n\n<p class=\"gb-text ag-text\">In care faci\u00adli\u00adties, many resi\u00addents, visi\u00adtors and care\u00adgi\u00advers ensu\u00adre con\u00adstant cont\u00adact with the out\u00adside world. Bed bugs or fleas can quick\u00adly migra\u00adte from per\u00adson to per\u00adson in this way. <\/p>\n\n\n\n<div class=\"buttons-wrap\">\n<a class=\"gb-text button-primary\" href=\"https:\/\/thermo-bug.de\/en\/areas-of-application\/nursing-home\/\">More about this<\/a>\n<\/div>\n<\/div>\n\n\n\n<div class=\"ag-wrap-card\">\n<img loading=\"lazy\" decoding=\"async\" width=\"600\" height=\"375\" class=\"ag-image\" alt=\"Eine \u00e4ltere Frau mit einem Schild, das sie als freiwillige Helferin f\u00fcr Gefl\u00fcchtete aus der Ukraine ausweist hilft einer j\u00fcngeren Frau beim Dokumente ausf\u00fcllen.\" src=\"https:\/\/thermo-bug.de\/wp-content\/uploads\/2025\/09\/thermo-bug-anwendung-thumbnail-unterkunft-gefluechtete.jpg\" srcset=\"https:\/\/thermo-bug.de\/wp-content\/uploads\/2025\/09\/thermo-bug-anwendung-thumbnail-unterkunft-gefluechtete.jpg 600w, https:\/\/thermo-bug.de\/wp-content\/uploads\/2025\/09\/thermo-bug-anwendung-thumbnail-unterkunft-gefluechtete-300x188.jpg 300w\" sizes=\"auto, (max-width: 600px) 100vw, 600px\">\n\n\n\n<h3 class=\"gb-text ag-title\">Refugee Accommodation<\/h3>\n\n\n\n<p class=\"gb-text ag-text\">In refu\u00adgee shel\u00adters, many peo\u00adp\u00adle with few belon\u00adgings come tog\u00ade\u00adther in a con\u00adfi\u00adned space. Pests brought with them can spread par\u00adti\u00adcu\u00adlar\u00adly easi\u00adly here. <\/p>\n\n\n\n<div class=\"buttons-wrap\">\n<a class=\"gb-text button-primary\" href=\"https:\/\/thermo-bug.de\/en\/areas-of-application\/refugee-accommodation\/\">More about this<\/a>\n<\/div>\n<\/div>\n\n\n\n<div class=\"ag-wrap-card\">\n<img loading=\"lazy\" decoding=\"async\" width=\"600\" height=\"375\" class=\"ag-image\" alt=\"Ein einfaches Bett in einem schmalen Raum\" src=\"https:\/\/thermo-bug.de\/wp-content\/uploads\/2025\/09\/thermo-bug-anwendung-thumbnail-jva.jpg\" srcset=\"https:\/\/thermo-bug.de\/wp-content\/uploads\/2025\/09\/thermo-bug-anwendung-thumbnail-jva.jpg 600w, https:\/\/thermo-bug.de\/wp-content\/uploads\/2025\/09\/thermo-bug-anwendung-thumbnail-jva-300x188.jpg 300w\" sizes=\"auto, (max-width: 600px) 100vw, 600px\">\n\n\n\n<h3 class=\"gb-text ag-title\">Correctional Facility<\/h3>\n\n\n\n<p class=\"gb-text ag-text\">In pri\u00adsons, many peo\u00adp\u00adle live in a limi\u00adt\u00aded space, which can pro\u00admo\u00adte the spread of pests. In addi\u00adti\u00adon, the buil\u00addings with their num\u00ade\u00adrous hiding places offer ide\u00adal retre\u00adats for bed bugs, cock\u00adroa\u00adches or other pests. <\/p>\n\n\n\n<div class=\"buttons-wrap\">\n<a class=\"gb-text button-primary\" href=\"https:\/\/thermo-bug.de\/en\/areas-of-application\/correctional-facility\/\">More about this<\/a>\n<\/div>\n<\/div>\n<\/div>\n<\/div>\n<\/div>\n\n\n\n<div class=\"section-wrap\">\n<div class=\"section-text-wrap\">\n<div class=\"max-width-800\">\n<h2 class=\"gb-text\">Danger recognized,<br>Danger averted<\/h2>\n\n\n\n<p class=\"gb-text\">Many peo\u00adp\u00adle reco\u00adgni\u00adze the signs of a bed bug infe\u00adsta\u00adti\u00adon too late or con\u00adfu\u00adse them with all\u00ader\u00adgies or mos\u00adqui\u00adto bites. Espe\u00adci\u00adal\u00adly in public faci\u00adli\u00adties such as schools, reti\u00adre\u00adment homes or hos\u00adpi\u00adtals, igno\u00adrance can have serious con\u00adse\u00adquen\u00adces. This is becau\u00adse pests spread par\u00adti\u00adcu\u00adlar\u00adly quick\u00adly whe\u00adre many peo\u00adp\u00adle live in a con\u00adfi\u00adned space.  <\/p>\n\n\n\n<p class=\"gb-text\">Know\u00adledge is the\u00adr\u00ade\u00adfo\u00adre the first step towards effec\u00adti\u00adve pre\u00adven\u00adti\u00adon. In order not to be infor\u00admed about the pre\u00adsence of bed bugs by the hotel guest or pati\u00adent, your staff must in any case be infor\u00admed about how to reco\u00adgni\u00adze a pos\u00adsi\u00adble infe\u00adsta\u00adti\u00adon. &nbsp;<\/p>\n\n\n\n<div class=\"buttons-wrap\">\n<a class=\"gb-text button-primary\" href=\"https:\/\/thermo-bug.de\/en\/bed-bugs-and-more\/\">How do I reco\u00adgni\u00adze bed bugs?<\/a>\n<\/div>\n<\/div>\n<\/div>\n\n\n\n<div class=\"section-image-wrap gb-element-7c7bf038\"><\/div>\n<\/div>\n\n\n\n<div class=\"cta-wrap\">\n<div class=\"max-width-800\">\n<h2 class=\"gb-text\">Your Bed Bug Solution<\/h2>\n\n\n\n<p class=\"gb-text\">Whe\u00adther for pro\u00adfes\u00adsio\u00adnals, busi\u00adnesses, or pri\u00adva\u00adte house\u00adholds: Bene\u00adfit from inno\u00adva\u00adti\u00adve heat tech\u00adno\u00adlo\u00adgy that com\u00adbats pests sus\u00adtain\u00adab\u00adly and wit\u00adhout che\u00admi\u00adcals. Sel\u00adect the appro\u00adpria\u00adte opti\u00adon for your needs.<\/p>\n\n\n\n<a class=\"gb-text button-primary\" href=\"https:\/\/thermo-bug.de\/thermo-bug-nutzen\/\">Use Ther\u00admo-bug\u00ae Now<\/a>\n<\/div>\n<\/div>\n<\/div>\n","protected":false},"excerpt":{"rendered":"<p>Ther\u00admo-bug\u00ae loca\u00adti\u00adons Effec\u00adti\u00adve pest con\u00adtrol for hotels, house\u00adholds &amp; faci\u00adli\u00adties Pest infe\u00adsta\u00adti\u00adons don\u2019t stop at any\u00adthing, whe\u00adther in your own home, in a hotel or in sen\u00adsi\u00adti\u00adve faci\u00adli\u00adties such as schools and nur\u00adsing homes. Bed bugs not only affect hygie\u00adne, but also well-being. Ther\u00ad\u00admo-bug\u00ae relia\u00adbly pro\u00advi\u00addes a reme\u00addy in pri\u00adva\u00adte house\u00adholds, tou\u00adrism busi\u00adnesses and com\u00admu\u00adni\u00adty \u2026 <a title=\"Areas of application\" class=\"read-more\" href=\"https:\/\/thermo-bug.de\/en\/areas-of-application\/\" aria-label=\"Read more about Areas of application\">Read more<\/a><\/p>\n","protected":false},"author":1,"featured_media":0,"parent":0,"menu_order":3,"comment_status":"closed","ping_status":"closed","template":"","meta":{"wp_typography_post_enhancements_disabled":false,"footnotes":""},"class_list":["post-1177","page","type-page","status-publish"],"_links":{"self":[{"href":"https:\/\/thermo-bug.de\/en\/wp-json\/wp\/v2\/pages\/1177","targetHints":{"allow":["GET"]}}],"collection":[{"href":"https:\/\/thermo-bug.de\/en\/wp-json\/wp\/v2\/pages"}],"about":[{"href":"https:\/\/thermo-bug.de\/en\/wp-json\/wp\/v2\/types\/page"}],"author":[{"embeddable":true,"href":"https:\/\/thermo-bug.de\/en\/wp-json\/wp\/v2\/users\/1"}],"replies":[{"embeddable":true,"href":"https:\/\/thermo-bug.de\/en\/wp-json\/wp\/v2\/comments?post=1177"}],"version-history":[{"count":5,"href":"https:\/\/thermo-bug.de\/en\/wp-json\/wp\/v2\/pages\/1177\/revisions"}],"predecessor-version":[{"id":1965,"href":"https:\/\/thermo-bug.de\/en\/wp-json\/wp\/v2\/pages\/1177\/revisions\/1965"}],"wp:attachment":[{"href":"https:\/\/thermo-bug.de\/en\/wp-json\/wp\/v2\/media?parent=1177"}],"curies":[{"name":"wp","href":"https:\/\/api.w.org\/{rel}","templated":true}]}}