{"id":1166,"date":"2025-09-09T13:33:51","date_gmt":"2025-09-09T13:33:51","guid":{"rendered":"https:\/\/thermo-bug.de\/guia\/"},"modified":"2026-03-20T08:06:11","modified_gmt":"2026-03-20T08:06:11","slug":"guia","status":"publish","type":"page","link":"https:\/\/thermo-bug.de\/es\/funcionamiento\/guia\/","title":{"rendered":"Gu\u00eda"},"content":{"rendered":"\n<div class=\"alignfull\">\n<div class=\"hero-wrap\">\n<div class=\"section-text-wrap\">\n<div class=\"max-width-800\">\n<h1 class=\"gb-text\">Aplicaci\u00f3n del<br>Thermo-bug\u00ae<\/h1>\n\n\n\n<h2 class=\"gb-text h2-hero\">As\u00ed se utiliza el dispositivo contra chinches y compa\u00f1\u00eda<\/h2>\n\n\n\n<p class=\"gb-text\">Un tra\u00adta\u00admi\u00aden\u00adto t\u00e9rmi\u00adco exi\u00adto\u00adso con Ther\u00admo-bug\u00ae requie\u00adre una pre\u00adpa\u00adra\u00adci\u00f3n cui\u00add\u00adado\u00adsa y una eje\u00adcu\u00adci\u00f3n pre\u00adcisa. Para un calen\u00adta\u00admi\u00aden\u00adto uni\u00adfor\u00adme y pene\u00adtran\u00adte del aire ambi\u00aden\u00adte, reco\u00admen\u00adda\u00admos el uso de dos dis\u00adpo\u00adsi\u00adtivos Ther\u00admo-bug\u00ae basic 3.0. A con\u00adti\u00adnu\u00adaci\u00f3n, mostra\u00admos un pro\u00adce\u00adso t\u00edpi\u00adco para que sus habit\u00ada\u00adcio\u00adnes se liberen r\u00e1pi\u00adda y efi\u00adcaz\u00admen\u00adte de las chin\u00adches.  <\/p>\n\n\n\n<div class=\"buttons-wrap\">\n<a class=\"gb-text button-primary\" href=\"#info\">M\u00e1s infor\u00admaci\u00f3n<\/a>\n<\/div>\n<\/div>\n<\/div>\n\n\n\n<div class=\"section-image-wrap hero-image gb-element-02660d31\"><\/div>\n<\/div>\n\n\n\n<div class=\"section-wrap gb-element-cedf56b8\" id=\"info\">\n<div class=\"gb-element-e6a8092c\"><\/div>\n\n\n\n<div class=\"section-text-wrap gb-element-776eb4ea\">\n<h2 class=\"gb-text\">Montaje<\/h2>\n<\/div>\n<\/div>\n\n\n\n<div class=\"section-wrap\">\n<div class=\"section-text-wrap\">\n<div class=\"max-width-800\">\n<h2 class=\"gb-text\">1. Preparaci\u00f3n<\/h2>\n\n\n\n<div class=\"list-wrap\">\n<div class=\"list-item-wrap\">\n<img decoding=\"async\" class=\"list-item-image\" src=\"https:\/\/thermo-bug.de\/wp-content\/uploads\/2025\/09\/thermo-bug-list-icon.svg\" aria-hidden=\"true\">\n\n\n\n<div class=\"list-item-text-wrap\">\n<p class=\"gb-text list-item-title\">Desa\u00adlo\u00adjar y ase\u00adgurar<\/p>\n\n\n\n<p class=\"gb-text list-item-text\">Reti\u00adre todos los obje\u00adtos sen\u00adsi\u00adbles al calor o vali\u00ado\u00adsos (por ejem\u00adplo, ali\u00adment\u00ados, medi\u00adca\u00adment\u00ados, cos\u00adm\u00e9\u00adti\u00adcos, apa\u00adra\u00adtos elec\u00adtr\u00f3\u00adni\u00adcos, instru\u00adment\u00ados musi\u00adcal\u00ades) de la habit\u00ada\u00adci\u00f3n. Sepa\u00adre un poco todos los mueb\u00adles de la pared y colo\u00adque el colch\u00f3n ver\u00adti\u00adcal\u00admen\u00adte en la habit\u00ada\u00adci\u00f3n. <\/p>\n<\/div>\n<\/div>\n\n\n\n<div class=\"list-item-wrap\">\n<img decoding=\"async\" class=\"list-item-image\" src=\"https:\/\/thermo-bug.de\/wp-content\/uploads\/2025\/09\/thermo-bug-list-icon.svg\" aria-hidden=\"true\">\n\n\n\n<div class=\"list-item-text-wrap\">\n<p class=\"gb-text list-item-title gb-text-4080977d\">Apa\u00adra\u00adtos el\u00e9c\u00adtri\u00adcos<\/p>\n\n\n\n<p class=\"gb-text list-item-text\">Apa\u00adgue todos los apa\u00adra\u00adtos el\u00e9c\u00adtri\u00adcos y desenchu\u00adfe los enchu\u00adfes (tam\u00adbi\u00e9n el frigor\u00edfico\/congelador) para evi\u00adtar da\u00f1os en el com\u00adpre\u00adsor.<\/p>\n<\/div>\n<\/div>\n\n\n\n<div class=\"list-item-wrap\">\n<img decoding=\"async\" class=\"list-item-image\" src=\"https:\/\/thermo-bug.de\/wp-content\/uploads\/2025\/09\/thermo-bug-list-icon.svg\" aria-hidden=\"true\">\n\n\n\n<div class=\"list-item-text-wrap\">\n<p class=\"gb-text list-item-title gb-text-b16e7358\">Pro\u00adtecci\u00f3n con\u00adtra incen\u00addi\u00ados<\/p>\n\n\n\n<p class=\"gb-text list-item-text\">Desac\u00adti\u00adve o pro\u00adte\u00adja los detec\u00adto\u00adres de humo y los sis\u00adte\u00admas de rocia\u00addo\u00adres en el \u00e1rea de uso para que el calor no los acti\u00adve invol\u00adun\u00adt\u00ada\u00adria\u00admen\u00adte.<\/p>\n<\/div>\n<\/div>\n\n\n\n<div class=\"list-item-wrap\">\n<img decoding=\"async\" class=\"list-item-image\" src=\"https:\/\/thermo-bug.de\/wp-content\/uploads\/2025\/09\/thermo-bug-list-icon.svg\" aria-hidden=\"true\">\n\n\n\n<div class=\"list-item-text-wrap\">\n<p class=\"gb-text list-item-title gb-text-8fb88341\">Sel\u00adla\u00addo<\/p>\n\n\n\n<p class=\"gb-text list-item-text\">Sel\u00adle todas las jun\u00adtas abier\u00adtas con el spray natu\u00adral con\u00adtra pla\u00adg\u00adas Ther\u00admo-bug. Haga lo mis\u00admo con todos los enchu\u00adfes e inter\u00adrup\u00adt\u00ado\u00adres de luz. <\/p>\n<\/div>\n<\/div>\n<\/div>\n<\/div>\n<\/div>\n\n\n\n<div class=\"section-image-wrap gb-element-7c7bf038\"><\/div>\n<\/div>\n\n\n\n<div class=\"section-wrap\">\n<div class=\"section-image-wrap gb-element-ff1e620d\"><\/div>\n\n\n\n<div class=\"section-text-wrap\">\n<div class=\"max-width-800\">\n<h2 class=\"gb-text\">2. Ejecuci\u00f3n<\/h2>\n\n\n\n<div class=\"list-wrap\">\n<div class=\"list-item-wrap\">\n<img decoding=\"async\" class=\"list-item-image\" src=\"https:\/\/thermo-bug.de\/wp-content\/uploads\/2025\/09\/thermo-bug-list-icon.svg\" aria-hidden=\"true\">\n\n\n\n<div class=\"list-item-text-wrap\">\n<p class=\"gb-text list-item-title\">Colo\u00adcar los dis\u00adpo\u00adsi\u00adtivos<\/p>\n\n\n\n<p class=\"gb-text list-item-text\">Los t\u00e9c\u00adni\u00adcos colo\u00adcan los dis\u00adpo\u00adsi\u00adtivos Ther\u00admo-bug\u00ae y, si es nece\u00adsa\u00adrio, ven\u00adti\u00adla\u00addo\u00adres adi\u00adcio\u00adna\u00adles en la habit\u00ada\u00adci\u00f3n. Dos dis\u00adpo\u00adsi\u00adtivos pue\u00adden ase\u00adgurar una dis\u00adtri\u00adbu\u00adci\u00f3n del calor espe\u00adcial\u00admen\u00adte uni\u00adfor\u00adme. <\/p>\n<\/div>\n<\/div>\n\n\n\n<div class=\"list-item-wrap\">\n<img decoding=\"async\" class=\"list-item-image\" src=\"https:\/\/thermo-bug.de\/wp-content\/uploads\/2025\/09\/thermo-bug-list-icon.svg\" aria-hidden=\"true\">\n\n\n\n<div class=\"list-item-text-wrap\">\n<p class=\"gb-text list-item-title gb-text-9d12beb9\">Calen\u00adtar<\/p>\n\n\n\n<p class=\"gb-text list-item-text\">La habit\u00ada\u00adci\u00f3n se cali\u00aden\u00adta a unos 55\u201360 \u00b0C (a veces has\u00adta 70 \u00b0C). Esto lle\u00adva un tiem\u00adpo, depen\u00addi\u00aden\u00addo del tama\u00ad\u00f1o de la habit\u00ada\u00adci\u00f3n. Mien\u00adtras tan\u00adto, todas las per\u00adso\u00adnas aban\u00addo\u00adnan la habit\u00ada\u00adci\u00f3n.  <\/p>\n<\/div>\n<\/div>\n\n\n\n<div class=\"list-item-wrap\">\n<img decoding=\"async\" class=\"list-item-image\" src=\"https:\/\/thermo-bug.de\/wp-content\/uploads\/2025\/09\/thermo-bug-list-icon.svg\" aria-hidden=\"true\">\n\n\n\n<div class=\"list-item-text-wrap\">\n<p class=\"gb-text list-item-title gb-text-24713392\">Super\u00advi\u00adsar la tem\u00adpe\u00adra\u00adtura<\/p>\n\n\n\n<p class=\"gb-text list-item-text\">Por lo gene\u00adral, los espe\u00adcia\u00adlis\u00adtas miden la tem\u00adpe\u00adra\u00adtura en vari\u00ados pun\u00adtos para garan\u00adti\u00adzar que se alcan\u00adce el calor nece\u00adsa\u00adrio en todas par\u00adtes.<\/p>\n<\/div>\n<\/div>\n<\/div>\n<\/div>\n<\/div>\n<\/div>\n\n\n\n<div class=\"section-wrap\">\n<div class=\"section-text-wrap\">\n<div class=\"max-width-800\">\n<h2 class=\"gb-text\">3. Postratamiento<\/h2>\n\n\n\n<div class=\"list-wrap\">\n<div class=\"list-item-wrap\">\n<img decoding=\"async\" class=\"list-item-image\" src=\"https:\/\/thermo-bug.de\/wp-content\/uploads\/2025\/09\/thermo-bug-list-icon.svg\" aria-hidden=\"true\">\n\n\n\n<div class=\"list-item-text-wrap\">\n<p class=\"gb-text list-item-title\">Enfri\u00adar<\/p>\n\n\n\n<p class=\"gb-text list-item-text\">Des\u00adpu\u00e9s de unas 24 horas, el tra\u00adta\u00admi\u00aden\u00adto sue\u00adle haber ter\u00admi\u00adna\u00addo. A con\u00adti\u00adnu\u00adaci\u00f3n, se ret\u00adi\u00adran los sel\u00adla\u00addos y se abren las ven\u00adta\u00adnas para ven\u00adtilar. Importan\u00adte: Los dis\u00adpo\u00adsi\u00adtivos fun\u00adcio\u00adn\u00adan duran\u00adte unos 10 minu\u00adtos m\u00e1s en modo de ven\u00adti\u00adla\u00addor puro antes de apa\u00adgarse, para que se enfr\u00ed\u00aden pro\u00adte\u00adgien\u00addo los mate\u00adria\u00adles.  <\/p>\n<\/div>\n<\/div>\n\n\n\n<div class=\"list-item-wrap\">\n<img decoding=\"async\" class=\"list-item-image\" src=\"https:\/\/thermo-bug.de\/wp-content\/uploads\/2025\/09\/thermo-bug-list-icon.svg\" aria-hidden=\"true\">\n\n\n\n<div class=\"list-item-text-wrap\">\n<p class=\"gb-text list-item-title gb-text-14100632\">Con\u00adtrol y lim\u00adpie\u00adza<\/p>\n\n\n\n<p class=\"gb-text list-item-text\">Una vez que la habit\u00ada\u00adci\u00f3n se haya enfria\u00addo, debe revi\u00adsar todos los mueb\u00adles y obje\u00adtos. Por lo gene\u00adral, todas las chin\u00adches han muer\u00adto, ya que el tra\u00adta\u00admi\u00aden\u00adto t\u00e9rmi\u00adco fue efi\u00adcaz en todas las grie\u00adtas. En \u00falti\u00adma ins\u00adtancia, a\u00fan deben eli\u00admi\u00adnar\u00adse las pla\u00adg\u00adas muer\u00adtas. Las medi\u00addas adi\u00adcio\u00adna\u00adles (por ejem\u00adplo, vol\u00adver a lavar todos los tex\u00adti\u00adles a 60 \u00b0C) pue\u00adden con\u00adtri\u00adbuir a la segu\u00adri\u00addad. En prin\u00adci\u00adpio, se reco\u00admien\u00adda una lim\u00adpie\u00adza a fon\u00addo del mobi\u00adlia\u00adrio.    <\/p>\n<\/div>\n<\/div>\n\n\n\n<div class=\"list-item-wrap\">\n<img decoding=\"async\" class=\"list-item-image\" src=\"https:\/\/thermo-bug.de\/wp-content\/uploads\/2025\/09\/thermo-bug-list-icon.svg\" aria-hidden=\"true\">\n\n\n\n<div class=\"list-item-text-wrap\">\n<p class=\"gb-text list-item-title gb-text-0fc9dfa1\">Libe\u00adr\u00adaci\u00f3n<\/p>\n\n\n\n<p class=\"gb-text list-item-text\">La habit\u00ada\u00adci\u00f3n se pue\u00adde vol\u00adver a uti\u00adli\u00adzar inme\u00addia\u00adta\u00admen\u00adte. Dado que no se han uti\u00adliz\u00adado venenos, no se requie\u00adren tiem\u00adpos de espe\u00adra. <\/p>\n<\/div>\n<\/div>\n<\/div>\n<\/div>\n<\/div>\n\n\n\n<div class=\"section-image-wrap gb-element-30b759dd\"><\/div>\n<\/div>\n\n\n\n<div class=\"cta-wrap\">\n<div class=\"max-width-800\">\n<h2 class=\"gb-text\">\u00bfQuiere saber m\u00e1s?<\/h2>\n\n\n\n<figure class=\"wp-block-embed is-type-video is-provider-vimeo wp-block-embed-vimeo wp-embed-aspect-16-9 wp-has-aspect-ratio\"><div class=\"wp-block-embed__wrapper\">\n <div class=\"brlbs-cmpnt-container brlbs-cmpnt-content-blocker brlbs-cmpnt-with-individual-styles\" data-borlabs-cookie-content-blocker-id=\"vimeo-content-blocker\" data-borlabs-cookie-content=\"PGlmcmFtZSB0aXRsZT0iUHJvY2VzbyBlc3F1ZW3DoXRpY28gZGUgdW5hIGRlc2luZmVzdGFjacOzbiB0w6lybWljYSBjb24gVGhlcm1vLWJ1ZyBiYXNpYyAzLjAiIHNyYz0iaHR0cHM6Ly9wbGF5ZXIudmltZW8uY29tL3ZpZGVvLzQ4NTg0MTc5OD9kbnQ9MSZhbXA7YXBwX2lkPTEyMjk2MyIgd2lkdGg9IjEyMDAiIGhlaWdodD0iNjc1IiBmcmFtZWJvcmRlcj0iMCIgYWxsb3c9ImF1dG9wbGF5OyBmdWxsc2NyZWVuOyBwaWN0dXJlLWluLXBpY3R1cmU7IGNsaXBib2FyZC13cml0ZTsgZW5jcnlwdGVkLW1lZGlhOyB3ZWItc2hhcmUiIHJlZmVycmVycG9saWN5PSJzdHJpY3Qtb3JpZ2luLXdoZW4tY3Jvc3Mtb3JpZ2luIj48L2lmcmFtZT4=\"><div class=\"brlbs-cmpnt-cb-preset-c brlbs-cmpnt-cb-vimeo\"> <div class=\"brlbs-cmpnt-cb-thumbnail\" style=\"background-image: url('https:\/\/thermo-bug.de\/wp-content\/uploads\/borlabs-cookie\/1\/vimeo_485841798.jpg')\"><\/div> <div class=\"brlbs-cmpnt-cb-main\"> <div class=\"brlbs-cmpnt-cb-play-button\"><\/div> <div class=\"brlbs-cmpnt-cb-content\"> <p class=\"brlbs-cmpnt-cb-description\">Est\u00e1s vien\u00addo un con\u00adteni\u00addo de mar\u00adca\u00addor de posi\u00adci\u00f3n de <strong>Vimeo<\/strong>. Para acce\u00adder al con\u00adteni\u00addo real, haz clic en el sigu\u00adi\u00aden\u00adte bot\u00f3n. Ten en cuen\u00adta que al hacer\u00adlo com\u00adpar\u00adtir\u00e1s datos con ter\u00adce\u00adros pro\u00adve\u00adedo\u00adres.<\/p> <a class=\"brlbs-cmpnt-cb-provider-toggle\" href=\"#\" data-borlabs-cookie-show-provider-information role=\"button\">M\u00e1s infor\u00admaci\u00f3n<\/a> <\/div> <div class=\"brlbs-cmpnt-cb-buttons\"> <a class=\"brlbs-cmpnt-cb-btn\" href=\"#\" data-borlabs-cookie-unblock role=\"button\">Des\u00adblo\u00adquear con\u00adteni\u00addo<\/a> <a class=\"brlbs-cmpnt-cb-btn\" href=\"#\" data-borlabs-cookie-accept-service role=\"button\" style=\"display: inherit\">Acept\u00adar el ser\u00advicio requer\u00adido y des\u00adblo\u00adquear los con\u00adteni\u00addos<\/a> <\/div> <\/div> <\/div><\/div>\n<\/div><\/figure>\n\n\n\n<p class=\"gb-text gb-text-40e5dfb0\">Si desea saber a\u00fan m\u00e1s detal\u00adles, encon\u00adtrar\u00e1 toda la infor\u00admaci\u00f3n detal\u00adla\u00adda y las ins\u00adtruc\u00adcio\u00adnes de segu\u00adri\u00addad en el manu\u00adal de ins\u00adtruc\u00adcio\u00adnes, que pue\u00adde des\u00adcar\u00adgar c\u00f3mo\u00adda\u00admen\u00adte en for\u00adma\u00adto PDF.<\/p>\n\n\n\n<a class=\"gb-text button-primary\" href=\"https:\/\/thermo-bug.de\/wp-content\/uploads\/2026\/01\/Thermo-bug_Manual-de-uso_ES.pdf\" target=\"_blank\" rel=\"noopener\">Des\u00adcar\u00adgar el manu\u00adal de ins\u00adtruc\u00adcio\u00adnes (PDF)<\/a>\n<\/div>\n<\/div>\n\n\n\n<div class=\"flex-centered gb-element-51b5e10b\">\n<div class=\"max-width-wide\">\n<h2 class=\"gb-text\">Datos t\u00e9cnicos<\/h2>\n\n\n\n<div class=\"gb-element-7bded66b\">\n<div>\n<div class=\"td-row\">\n<p class=\"gb-text td-text\">Dimen\u00adsio\u00adnes<\/p>\n\n\n\n<p class=\"gb-text td-text\">Ancho: 670 mm, Fon\u00addo: 330 mm, Alto: 600 mm<\/p>\n<\/div>\n\n\n\n<div class=\"td-row\">\n<p class=\"gb-text td-text\">Peso<\/p>\n\n\n\n<p class=\"gb-text td-text\">aprox. 19 kg<\/p>\n<\/div>\n\n\n\n<div class=\"td-row\">\n<p class=\"gb-text td-text\">Ten\u00adsi\u00f3n de ser\u00advicio<\/p>\n\n\n\n<p class=\"gb-text td-text\">Cor\u00adri\u00aden\u00adte trif\u00e1\u00adsi\u00adca 3 x 220 \u2014 240 V \/ Con\u00ade\u00adxi\u00f3n en est\u00adrel\u00adla<\/p>\n<\/div>\n\n\n\n<div class=\"td-row\">\n<p class=\"gb-text td-text\">Ten\u00adsi\u00f3n nomi\u00adnal<\/p>\n\n\n\n<p class=\"gb-text td-text\">400 V, 50 Hz Cor\u00adri\u00aden\u00adte alter\u00adna trif\u00e1\u00adsi\u00adca con neu\u00adtro<\/p>\n<\/div>\n\n\n\n<div class=\"td-row\">\n<p class=\"gb-text td-text\">Poten\u00adcia nomi\u00adnal<\/p>\n\n\n\n<p class=\"gb-text td-text\">9000 kW<\/p>\n<\/div>\n\n\n\n<div class=\"td-row\">\n<p class=\"gb-text td-text\">Ent\u00adra\u00adda de ten\u00adsi\u00f3n de ser\u00advicio \/ Con\u00ade\u00adxi\u00f3n a la red<\/p>\n\n\n\n<p class=\"gb-text td-text\">Conec\u00adtor de instal\u00ada\u00adci\u00f3n CEE 16A<\/p>\n<\/div>\n\n\n\n<div class=\"td-row\">\n<p class=\"gb-text td-text\">Poten\u00adcia calo\u00adr\u00ed\u00adfi\u00adca (con\u00admu\u00adta\u00adble en dos eta\u00adpas)<\/p>\n\n\n\n<p class=\"gb-text td-text\">Eta\u00adpa 1: 4,5 kW | Eta\u00adpa 2: 9,0 kW<\/p>\n<\/div>\n\n\n\n<div class=\"td-row\">\n<p class=\"gb-text td-text\">Poten\u00adcia sin cal\u00ade\u00adfac\u00adci\u00f3n (cir\u00adcu\u00adla\u00adci\u00f3n de aire)<\/p>\n\n\n\n<p class=\"gb-text td-text\">aprox. 90 kW<\/p>\n<\/div>\n\n\n\n<div class=\"td-row\">\n<p class=\"gb-text td-text\">Segu\u00adri\u00addad el\u00e9c\u00adtri\u00adca<\/p>\n\n\n\n<p class=\"gb-text td-text\">Cla\u00adse de pro\u00adtecci\u00f3n \u0399<\/p>\n<\/div>\n<\/div>\n\n\n\n<div>\n<div class=\"td-row\">\n<p class=\"gb-text td-text\">Ajus\u00adte de la tem\u00adpe\u00adra\u00adtura de regu\u00adla\u00adci\u00f3n<\/p>\n\n\n\n<p class=\"gb-text td-text\">30 \u00b0C \u2014 70 \u00b0C, en incre\u00adment\u00ados de 1 \u00b0C<\/p>\n<\/div>\n\n\n\n<div class=\"td-row\">\n<p class=\"gb-text td-text\">Pre\u00adcis\u00adi\u00f3n de regu\u00adla\u00adci\u00f3n<\/p>\n\n\n\n<p class=\"gb-text td-text\">+\/\u2013 0,5 \u00b0C<\/p>\n<\/div>\n\n\n\n<div class=\"td-row\">\n<p class=\"gb-text td-text\">Inter\u00adva\u00adlo de medi\u00adci\u00f3n<\/p>\n\n\n\n<p class=\"gb-text td-text\">1 segun\u00addo<\/p>\n<\/div>\n\n\n\n<div class=\"td-row\">\n<p class=\"gb-text td-text\">Tiem\u00adpo de detecci\u00f3n de errores<\/p>\n\n\n\n<p class=\"gb-text td-text\">&lt; 2 segun\u00addos<\/p>\n<\/div>\n\n\n\n<div class=\"td-row\">\n<p class=\"gb-text td-text\">Ven\u00adti\u00adla\u00addor de alto ren\u00addi\u00admi\u00aden\u00adto<\/p>\n\n\n\n<p class=\"gb-text td-text\">\u00d8 300 mm, 1800 m\u00b3\/h<\/p>\n<\/div>\n\n\n\n<div class=\"td-row\">\n<p class=\"gb-text td-text\">Nivel de rui\u00addo<\/p>\n\n\n\n<p class=\"gb-text td-text\">52,5 dB<\/p>\n<\/div>\n\n\n\n<div class=\"td-row\">\n<p class=\"gb-text td-text\">1 sen\u00adsor de tem\u00adpe\u00adra\u00adtura inter\u00adno<\/p>\n\n\n\n<p class=\"gb-text td-text\">0 \u00b0C \u2014 80 \u00b0C<\/p>\n<\/div>\n\n\n\n<div class=\"td-row\">\n<p class=\"gb-text td-text\">Ter\u00admo\u00adst\u00ada\u00adto de segu\u00adri\u00addad (ST) des\u00adcon\u00ade\u00adxi\u00f3n autom\u00e1\u00adti\u00adca<\/p>\n\n\n\n<p class=\"gb-text td-text\">a 80 \u00b0C (Adi\u00adcio\u00adnal elec\u00adtro\u00adme\u00adc\u00e1\u00adni\u00adco inde\u00adpen\u00addi\u00aden\u00adte<br>Inter\u00adrup\u00adtor de segu\u00adri\u00addad de tem\u00adpe\u00adra\u00adtura)<\/p>\n<\/div>\n<\/div>\n<\/div>\n<\/div>\n<\/div>\n\n\n\n<div class=\"cta-wrap\">\n<div class=\"max-width-800\">\n<h2 class=\"gb-text\">Su soluci\u00f3n contra las chinches<\/h2>\n\n\n\n<p class=\"gb-text\">Ya sea para pro\u00adfe\u00adsio\u00adna\u00adles, empre\u00adsas o par\u00adti\u00adcu\u00adla\u00adres: uti\u00adli\u00adce la inno\u00adva\u00addo\u00adra tec\u00adno\u00adlo\u00adg\u00eda de calor que com\u00adba\u00adte las pla\u00adg\u00adas de for\u00adma sos\u00adteni\u00adble y sin pro\u00adduc\u00adtos qu\u00ed\u00admi\u00adcos. Eli\u00adja la opci\u00f3n adecua\u00adda para sus nece\u00adsi\u00add\u00ada\u00addes.<\/p>\n\n\n\n<a class=\"gb-text button-primary\" href=\"https:\/\/thermo-bug.de\/thermo-bug-nutzen\/\">Uti\u00adli\u00adce Ther\u00admo-bug\u00ae aho\u00adra<\/a>\n<\/div>\n<\/div>\n<\/div>\n","protected":false},"excerpt":{"rendered":"<p>Apli\u00adca\u00adci\u00f3n del\u00adTher\u00admo-bug\u00ae As\u00ed se uti\u00adli\u00adza el dis\u00adpo\u00adsi\u00adtivo con\u00adtra chin\u00adches y com\u00adpa\u00ad\u00f1\u00eda Un tra\u00adta\u00admi\u00aden\u00adto t\u00e9rmi\u00adco exi\u00adto\u00adso con Ther\u00ad\u00admo-bug\u00ae requie\u00adre una pre\u00adpa\u00adra\u00adci\u00f3n cui\u00add\u00adado\u00adsa y una eje\u00adcu\u00adci\u00f3n pre\u00adcisa. Para un calen\u00adta\u00admi\u00aden\u00adto uni\u00adfor\u00adme y pene\u00adtran\u00adte del aire ambi\u00aden\u00adte, reco\u00admen\u00adda\u00admos el uso de dos dis\u00adpo\u00adsi\u00adtivos Ther\u00ad\u00admo-bug\u00ae basic 3.0. A con\u00adti\u00adnu\u00adaci\u00f3n, mostra\u00admos un pro\u00adce\u00adso t\u00edpi\u00adco para que sus habit\u00ada\u00adcio\u00adnes se liberen \u2026 <a title=\"Gu\u00eda\" class=\"read-more\" href=\"https:\/\/thermo-bug.de\/es\/funcionamiento\/guia\/\" aria-label=\"Leer m\u00e1s sobre Gu\u00eda\">Leer m\u00e1s<\/a><\/p>\n","protected":false},"author":1,"featured_media":0,"parent":1643,"menu_order":0,"comment_status":"closed","ping_status":"closed","template":"","meta":{"wp_typography_post_enhancements_disabled":false,"footnotes":""},"class_list":["post-1166","page","type-page","status-publish"],"_links":{"self":[{"href":"https:\/\/thermo-bug.de\/es\/wp-json\/wp\/v2\/pages\/1166","targetHints":{"allow":["GET"]}}],"collection":[{"href":"https:\/\/thermo-bug.de\/es\/wp-json\/wp\/v2\/pages"}],"about":[{"href":"https:\/\/thermo-bug.de\/es\/wp-json\/wp\/v2\/types\/page"}],"author":[{"embeddable":true,"href":"https:\/\/thermo-bug.de\/es\/wp-json\/wp\/v2\/users\/1"}],"replies":[{"embeddable":true,"href":"https:\/\/thermo-bug.de\/es\/wp-json\/wp\/v2\/comments?post=1166"}],"version-history":[{"count":9,"href":"https:\/\/thermo-bug.de\/es\/wp-json\/wp\/v2\/pages\/1166\/revisions"}],"predecessor-version":[{"id":1950,"href":"https:\/\/thermo-bug.de\/es\/wp-json\/wp\/v2\/pages\/1166\/revisions\/1950"}],"up":[{"embeddable":true,"href":"https:\/\/thermo-bug.de\/es\/wp-json\/wp\/v2\/pages\/1643"}],"wp:attachment":[{"href":"https:\/\/thermo-bug.de\/es\/wp-json\/wp\/v2\/media?parent=1166"}],"curies":[{"name":"wp","href":"https:\/\/api.w.org\/{rel}","templated":true}]}}