{"id":1179,"date":"2025-09-10T09:14:17","date_gmt":"2025-09-10T09:14:17","guid":{"rendered":"https:\/\/thermo-bug.de\/areas-de-aplicacion\/"},"modified":"2026-03-20T08:16:56","modified_gmt":"2026-03-20T08:16:56","slug":"areas-de-aplicacion","status":"publish","type":"page","link":"https:\/\/thermo-bug.de\/es\/areas-de-aplicacion\/","title":{"rendered":"\u00c1reas de aplicaci\u00f3n"},"content":{"rendered":"\n<div class=\"alignfull\">\n<div class=\"hero-wrap\">\n<div class=\"section-text-wrap\">\n<div class=\"max-width-800\">\n<h1 class=\"gb-text\">Lugares de uso de Thermo-bug\u00ae<\/h1>\n\n\n\n<h2 class=\"gb-text h2-hero\">Control de plagas eficaz para hoteles, hogares e instituciones<\/h2>\n\n\n\n<p class=\"gb-text\">La infesta\u00adci\u00f3n de pla\u00adg\u00adas no se detiene ante nada, ya sea en el pro\u00adpio hogar, en un hotel o en insti\u00adtu\u00adcio\u00adnes sen\u00adsi\u00adbles como escue\u00adlas y resi\u00adden\u00adci\u00adas de ancia\u00adnos. Las chin\u00adches no solo per\u00adju\u00addi\u00adcan la higie\u00adne, sino tam\u00adbi\u00e9n el bie\u00adne\u00adstar. Ther\u00admo-bug\u00ae pro\u00adpor\u00adcio\u00adna una solu\u00adci\u00f3n fia\u00adble en hoga\u00adres priv\u00ada\u00addos, empre\u00adsas tur\u00ed\u00adsti\u00adcas e instal\u00ada\u00adcio\u00adnes comu\u00adni\u00adta\u00adri\u00adas, y todo ello sin pro\u00adduc\u00adtos qu\u00ed\u00admi\u00adcos.  <\/p>\n\n\n\n<div class=\"buttons-wrap\">\n<a class=\"gb-text button-primary\" href=\"#info\">M\u00e1s infor\u00admaci\u00f3n<\/a>\n<\/div>\n<\/div>\n<\/div>\n\n\n\n<div class=\"section-image-wrap hero-image gb-element-02660d31\"><\/div>\n<\/div>\n\n\n\n<div class=\"section-wrap\" id=\"info\">\n<div class=\"section-image-wrap gb-element-e6a8092c\"><\/div>\n\n\n\n<div class=\"section-text-wrap\">\n<div class=\"max-width-800\">\n<h2 class=\"gb-text\">\u00bfQu\u00e9 hacer en caso de emergencia?<\/h2>\n\n\n\n<p class=\"gb-text\">Una infesta\u00adci\u00f3n rep\u00aden\u00adti\u00adna de chin\u00adches requie\u00adre una actu\u00adaci\u00f3n r\u00e1pi\u00adda. Los pri\u00adme\u00adros pasos pue\u00adden ayu\u00addar a con\u00adte\u00adner la pro\u00adpa\u00adga\u00adci\u00f3n por el momen\u00adto: <\/p>\n\n\n\n<div class=\"list-wrap\">\n<div class=\"list-item-wrap\">\n<img decoding=\"async\" class=\"list-item-image\" src=\"https:\/\/thermo-bug.de\/wp-content\/uploads\/2025\/09\/thermo-bug-list-icon.svg\" aria-hidden=\"true\">\n\n\n\n<div class=\"list-item-text-wrap\">\n<p class=\"gb-text list-item-text\">Lavar la ropa de cama a un m\u00edni\u00admo de 60 \u00b0C<\/p>\n<\/div>\n<\/div>\n\n\n\n<div class=\"list-item-wrap\">\n<img decoding=\"async\" class=\"list-item-image\" src=\"https:\/\/thermo-bug.de\/wp-content\/uploads\/2025\/09\/thermo-bug-list-icon.svg\" aria-hidden=\"true\">\n\n\n\n<div class=\"list-item-text-wrap\">\n<p class=\"gb-text list-item-text\">Aspi\u00adrar a fon\u00addo male\u00adtas, grie\u00adtas y super\u00adfi\u00adci\u00ades tex\u00adti\u00adles<\/p>\n<\/div>\n<\/div>\n\n\n\n<div class=\"list-item-wrap\">\n<img decoding=\"async\" class=\"list-item-image\" src=\"https:\/\/thermo-bug.de\/wp-content\/uploads\/2025\/09\/thermo-bug-list-icon.svg\" aria-hidden=\"true\">\n\n\n\n<div class=\"list-item-text-wrap\">\n<p class=\"gb-text list-item-text\">Emba\u00adlar her\u00adm\u00e9\u00adti\u00adca\u00admen\u00adte los tex\u00adti\u00adles infesta\u00addos<\/p>\n<\/div>\n<\/div>\n\n\n\n<div class=\"list-item-wrap\">\n<img decoding=\"async\" class=\"list-item-image\" src=\"https:\/\/thermo-bug.de\/wp-content\/uploads\/2025\/09\/thermo-bug-list-icon.svg\" aria-hidden=\"true\">\n\n\n\n<div class=\"list-item-text-wrap\">\n<p class=\"gb-text list-item-text\">Evi\u00adtar los mueb\u00adles sospecho\u00adsos y no tras\u00adl\u00ada\u00addar\u00adlos en nin\u00adg\u00fan caso a otra habit\u00ada\u00adci\u00f3n<\/p>\n<\/div>\n<\/div>\n\n\n\n<div class=\"list-item-wrap\">\n<img decoding=\"async\" class=\"list-item-image\" src=\"https:\/\/thermo-bug.de\/wp-content\/uploads\/2025\/09\/thermo-bug-list-icon.svg\" aria-hidden=\"true\">\n\n\n\n<div class=\"list-item-text-wrap\">\n<p class=\"gb-text list-item-text\">Docu\u00adment\u00ada\u00adci\u00f3n: foto\u00adgra\u00adfi\u00adar ras\u00adtros como pica\u00addu\u00adras, man\u00adchas de excre\u00adment\u00ados o res\u00adtos de muda<\/p>\n<\/div>\n<\/div>\n<\/div>\n\n\n\n<p class=\"gb-text\">Estas medi\u00addas pro\u00adpor\u00adcio\u00adn\u00adan un pri\u00admer ali\u00advio, pero solo un tra\u00adta\u00admi\u00aden\u00adto pro\u00adfe\u00adsio\u00adnal ofre\u00adce una segu\u00adri\u00addad total. Lla\u00adme a un exter\u00admi\u00adna\u00addor. Este acu\u00addir\u00e1 de inme\u00addia\u00adto y actuar\u00e1 en sus instal\u00ada\u00adcio\u00adnes de for\u00adma abso\u00adlu\u00adt\u00adamen\u00adte dis\u00adcreta, silen\u00adcio\u00adsa, r\u00e1pi\u00adda y extre\u00adma\u00addamen\u00adte efi\u00adcaz.  <\/p>\n<\/div>\n<\/div>\n<\/div>\n\n\n\n<div class=\"flex-centered bg-grey\">\n<div class=\"max-width-wide flex-centered spacing\">\n<div class=\"max-width-800\">\n<h2 class=\"gb-text\">Ayuda eficaz en todos los \u00e1mbitos<\/h2>\n\n\n\n<p class=\"gb-text\">El m\u00e9to\u00addo de calor Ther\u00admo-bug\u00ae fun\u00adcio\u00adna con calor 100% seco. Fia\u00adble, sin pro\u00adduc\u00adtos qu\u00ed\u00admi\u00adcos y espe\u00adcial\u00admen\u00adte minu\u00adcio\u00adso. Esto hace que el m\u00e9to\u00addo sea ver\u00ads\u00e1\u00adtil, sob\u00adre todo don\u00adde la higie\u00adne y la segu\u00adri\u00addad son pri\u00admor\u00addia\u00adles:  <\/p>\n<\/div>\n\n\n\n<div class=\"ag-grid\">\n<div class=\"ag-wrap-card\">\n<img loading=\"lazy\" decoding=\"async\" width=\"600\" height=\"375\" class=\"ag-image\" alt=\"Ein gemachtes Bett im Hotel\" src=\"https:\/\/thermo-bug.de\/wp-content\/uploads\/2025\/09\/thermo-bug-anwendung-thumbnail-hotel.jpg\" srcset=\"https:\/\/thermo-bug.de\/wp-content\/uploads\/2025\/09\/thermo-bug-anwendung-thumbnail-hotel.jpg 600w, https:\/\/thermo-bug.de\/wp-content\/uploads\/2025\/09\/thermo-bug-anwendung-thumbnail-hotel-300x188.jpg 300w\" sizes=\"auto, (max-width: 600px) 100vw, 600px\">\n\n\n\n<h3 class=\"gb-text ag-title\">Hotel<\/h3>\n\n\n\n<p class=\"gb-text ag-text\">En los hote\u00adles se alo\u00adjan muchos hu\u00e9\u00ads\u00adpe\u00addes de todo el mun\u00addo, a menu\u00addo con equi\u00adpa\u00adje en el que pue\u00adden escon\u00adder\u00adse chin\u00adches u otras pla\u00adg\u00adas. Los fre\u00adcuen\u00adtes cam\u00adbi\u00ados de habit\u00ada\u00adci\u00f3n y los dife\u00adren\u00adtes est\u00e1n\u00adda\u00adres de higie\u00adne favor\u00adecen una r\u00e1pi\u00adda pro\u00adpa\u00adga\u00adci\u00f3n. <\/p>\n\n\n\n<div class=\"buttons-wrap\">\n<a class=\"gb-text button-primary\" href=\"https:\/\/thermo-bug.de\/es\/areas-de-aplicacion\/hotel\/\">M\u00e1s infor\u00admaci\u00f3n<\/a>\n<\/div>\n<\/div>\n\n\n\n<div class=\"ag-wrap-card\">\n<img loading=\"lazy\" decoding=\"async\" width=\"600\" height=\"375\" class=\"ag-image\" alt=\"Eine Frau sitzt zu Hause auf Ihrer Couch.\" src=\"https:\/\/thermo-bug.de\/wp-content\/uploads\/2025\/09\/thermo-bug-anwendung-thumbnail-private-haushalte.jpg\" srcset=\"https:\/\/thermo-bug.de\/wp-content\/uploads\/2025\/09\/thermo-bug-anwendung-thumbnail-private-haushalte.jpg 600w, https:\/\/thermo-bug.de\/wp-content\/uploads\/2025\/09\/thermo-bug-anwendung-thumbnail-private-haushalte-300x188.jpg 300w\" sizes=\"auto, (max-width: 600px) 100vw, 600px\">\n\n\n\n<h3 class=\"gb-text ag-title\">Hogares privados<\/h3>\n\n\n\n<p class=\"gb-text ag-text\">En casa, las pla\u00adg\u00adas sue\u00adlen ent\u00adrar a tra\u00adv\u00e9s de las com\u00adpras, las mas\u00adco\u00adtas o los mueb\u00adles de segun\u00adda mano. Las pro\u00advi\u00adsio\u00adnes de ali\u00adment\u00ados, los tex\u00adti\u00adles y los luga\u00adres c\u00e1li\u00addos de refu\u00adgio ofre\u00adcen con\u00addi\u00adcio\u00adnes de vida idea\u00adles. <\/p>\n\n\n\n<div class=\"buttons-wrap\">\n<a class=\"gb-text button-primary\" href=\"https:\/\/thermo-bug.de\/es\/areas-de-aplicacion\/hogares-privados\/\">M\u00e1s infor\u00admaci\u00f3n<\/a>\n<\/div>\n<\/div>\n\n\n\n<div class=\"ag-wrap-card\">\n<img loading=\"lazy\" decoding=\"async\" width=\"600\" height=\"377\" class=\"ag-image\" alt=\"Eine kleines, modern eingerichtetes Apartment\" src=\"https:\/\/thermo-bug.de\/wp-content\/uploads\/2025\/09\/thermo-bug-anwendung-thumbnail-monteurunterkunft.jpg\" srcset=\"https:\/\/thermo-bug.de\/wp-content\/uploads\/2025\/09\/thermo-bug-anwendung-thumbnail-monteurunterkunft.jpg 600w, https:\/\/thermo-bug.de\/wp-content\/uploads\/2025\/09\/thermo-bug-anwendung-thumbnail-monteurunterkunft-300x189.jpg 300w\" sizes=\"auto, (max-width: 600px) 100vw, 600px\">\n\n\n\n<h3 class=\"gb-text ag-title\">Alojamientos para trabajadores<\/h3>\n\n\n\n<p class=\"gb-text ag-text\">En los alo\u00adja\u00admi\u00adent\u00ados para tra\u00adba\u00adja\u00addo\u00adres sue\u00adle haber un alto \u00edndi\u00adce de rot\u00adaci\u00f3n de resi\u00adden\u00adtes. El equi\u00adpa\u00adje y la ropa pue\u00adden intro\u00addu\u00adcir chin\u00adches que lue\u00adgo se pro\u00adpa\u00adgan inad\u00advert\u00adida\u00admen\u00adte. <\/p>\n\n\n\n<div class=\"buttons-wrap\">\n<a class=\"gb-text button-primary\" href=\"https:\/\/thermo-bug.de\/es\/areas-de-aplicacion\/alojamientos-para-trabajadores\/\">M\u00e1s infor\u00admaci\u00f3n<\/a>\n<\/div>\n<\/div>\n<\/div>\n\n\n\n<div class=\"max-width-800\">\n<div class=\"gb-text gb-text-004bf2dd\" id=\"oeffentliche-einrichtungen\">Instal\u00ada\u00adcio\u00adnes p\u00fab\u00adli\u00adcas<\/div>\n<\/div>\n\n\n\n<div class=\"ag-grid\">\n<div class=\"ag-wrap-card\">\n<img loading=\"lazy\" decoding=\"async\" width=\"600\" height=\"375\" class=\"ag-image\" alt=\"Kinder spielen und malen an einem Tisch neben einer Erzieherin.\" src=\"https:\/\/thermo-bug.de\/wp-content\/uploads\/2025\/09\/thermo-bug-anwendung-thumbnail-kita-schule.jpg\" srcset=\"https:\/\/thermo-bug.de\/wp-content\/uploads\/2025\/09\/thermo-bug-anwendung-thumbnail-kita-schule.jpg 600w, https:\/\/thermo-bug.de\/wp-content\/uploads\/2025\/09\/thermo-bug-anwendung-thumbnail-kita-schule-300x188.jpg 300w\" sizes=\"auto, (max-width: 600px) 100vw, 600px\">\n\n\n\n<h3 class=\"gb-text ag-title\">Guarder\u00eda y escuela<\/h3>\n\n\n\n<p class=\"gb-text ag-text\">En los cen\u00adtros edu\u00adca\u00adtivos, las pla\u00adg\u00adas sue\u00adlen ser intro\u00addu\u00adci\u00addas por los ni\u00f1os y sus mochi\u00adlas. Los res\u00adtos de comi\u00adda, las habit\u00ada\u00adcio\u00adnes c\u00e1li\u00addas y las much\u00adas posi\u00adbil\u00adida\u00addes de escon\u00addi\u00adte favor\u00adecen su infesta\u00adci\u00f3n. <\/p>\n\n\n\n<div class=\"buttons-wrap\">\n<a class=\"gb-text button-primary\" href=\"https:\/\/thermo-bug.de\/es\/areas-de-aplicacion\/guarderia-y-escuela\/\">M\u00e1s infor\u00admaci\u00f3n<\/a>\n<\/div>\n<\/div>\n\n\n\n<div class=\"ag-wrap-card\">\n<img loading=\"lazy\" decoding=\"async\" width=\"600\" height=\"375\" class=\"ag-image\" alt=\"Eine \u00c4rztin mit Klemmbrett spricht mit Patient.\" src=\"https:\/\/thermo-bug.de\/wp-content\/uploads\/2025\/09\/thermo-bug-anwendung-thumbnail-krankenhaus.jpg\" srcset=\"https:\/\/thermo-bug.de\/wp-content\/uploads\/2025\/09\/thermo-bug-anwendung-thumbnail-krankenhaus.jpg 600w, https:\/\/thermo-bug.de\/wp-content\/uploads\/2025\/09\/thermo-bug-anwendung-thumbnail-krankenhaus-300x188.jpg 300w\" sizes=\"auto, (max-width: 600px) 100vw, 600px\">\n\n\n\n<h3 class=\"gb-text ag-title\">Hospital<\/h3>\n\n\n\n<p class=\"gb-text ag-text\">Los hos\u00adpi\u00adta\u00adles tie\u00adnen un alto tr\u00e1\u00adfi\u00adco de per\u00adso\u00adnas, lo que faci\u00adli\u00adta la intro\u00adduc\u00adci\u00f3n de pla\u00adg\u00adas. Ade\u00adm\u00e1s, las habit\u00ada\u00adcio\u00adnes c\u00e1li\u00addas con aire acon\u00addi\u00adcio\u00adna\u00addo y los mate\u00adria\u00adles tex\u00adti\u00adles ofre\u00adcen bue\u00adnas con\u00addi\u00adcio\u00adnes. <\/p>\n\n\n\n<div class=\"buttons-wrap\">\n<a class=\"gb-text button-primary\" href=\"https:\/\/thermo-bug.de\/es\/areas-de-aplicacion\/hospital\/\">M\u00e1s infor\u00admaci\u00f3n<\/a>\n<\/div>\n<\/div>\n\n\n\n<div class=\"ag-wrap-card\">\n<img loading=\"lazy\" decoding=\"async\" width=\"600\" height=\"375\" class=\"ag-image\" alt=\"Eine j\u00fcngere Frau k\u00fcmmert sich um eine \u00e4ltere Frau.\" src=\"https:\/\/thermo-bug.de\/wp-content\/uploads\/2025\/09\/thermo-bug-anwendung-thumbnail-seniorenheim.jpg\" srcset=\"https:\/\/thermo-bug.de\/wp-content\/uploads\/2025\/09\/thermo-bug-anwendung-thumbnail-seniorenheim.jpg 600w, https:\/\/thermo-bug.de\/wp-content\/uploads\/2025\/09\/thermo-bug-anwendung-thumbnail-seniorenheim-300x188.jpg 300w\" sizes=\"auto, (max-width: 600px) 100vw, 600px\">\n\n\n\n<h3 class=\"gb-text ag-title\">Residencia de ancianos<\/h3>\n\n\n\n<p class=\"gb-text ag-text\">En las resi\u00adden\u00adci\u00adas de ancia\u00adnos, muchos resi\u00adden\u00adtes, visi\u00adtan\u00adtes y cui\u00add\u00adado\u00adres garan\u00adtizan un cont\u00adac\u00adto con\u00adstan\u00adte con el mun\u00addo exte\u00adri\u00ador. Las chin\u00adches o las pul\u00adgas pue\u00adden pasar r\u00e1pi\u00adda\u00admen\u00adte de per\u00adso\u00adna a per\u00adso\u00adna. <\/p>\n\n\n\n<div class=\"buttons-wrap\">\n<a class=\"gb-text button-primary\" href=\"https:\/\/thermo-bug.de\/es\/areas-de-aplicacion\/residencia-de-ancianos\/\">M\u00e1s infor\u00admaci\u00f3n<\/a>\n<\/div>\n<\/div>\n\n\n\n<div class=\"ag-wrap-card\">\n<img loading=\"lazy\" decoding=\"async\" width=\"600\" height=\"375\" class=\"ag-image\" alt=\"Eine \u00e4ltere Frau mit einem Schild, das sie als freiwillige Helferin f\u00fcr Gefl\u00fcchtete aus der Ukraine ausweist hilft einer j\u00fcngeren Frau beim Dokumente ausf\u00fcllen.\" src=\"https:\/\/thermo-bug.de\/wp-content\/uploads\/2025\/09\/thermo-bug-anwendung-thumbnail-unterkunft-gefluechtete.jpg\" srcset=\"https:\/\/thermo-bug.de\/wp-content\/uploads\/2025\/09\/thermo-bug-anwendung-thumbnail-unterkunft-gefluechtete.jpg 600w, https:\/\/thermo-bug.de\/wp-content\/uploads\/2025\/09\/thermo-bug-anwendung-thumbnail-unterkunft-gefluechtete-300x188.jpg 300w\" sizes=\"auto, (max-width: 600px) 100vw, 600px\">\n\n\n\n<h3 class=\"gb-text ag-title\">Alojamiento para refugiados<\/h3>\n\n\n\n<p class=\"gb-text ag-text\">En los alo\u00adja\u00admi\u00adent\u00ados para refu\u00adgi\u00ada\u00addos, much\u00adas per\u00adso\u00adnas con pocas pose\u00adsio\u00adnes se re\u00fa\u00adnen en un espa\u00adcio redu\u00adci\u00addo. Las pla\u00adg\u00adas tra\u00ed\u00addas con\u00adsi\u00adgo pue\u00adden pro\u00adpa\u00adgarse aqu\u00ed con espe\u00adcial facil\u00adidad. <\/p>\n\n\n\n<div class=\"buttons-wrap\">\n<a class=\"gb-text button-primary\" href=\"https:\/\/thermo-bug.de\/es\/areas-de-aplicacion\/alojamiento-para-refugiados\/\">M\u00e1s infor\u00admaci\u00f3n<\/a>\n<\/div>\n<\/div>\n\n\n\n<div class=\"ag-wrap-card\">\n<img loading=\"lazy\" decoding=\"async\" width=\"600\" height=\"375\" class=\"ag-image\" alt=\"Ein einfaches Bett in einem schmalen Raum\" src=\"https:\/\/thermo-bug.de\/wp-content\/uploads\/2025\/09\/thermo-bug-anwendung-thumbnail-jva.jpg\" srcset=\"https:\/\/thermo-bug.de\/wp-content\/uploads\/2025\/09\/thermo-bug-anwendung-thumbnail-jva.jpg 600w, https:\/\/thermo-bug.de\/wp-content\/uploads\/2025\/09\/thermo-bug-anwendung-thumbnail-jva-300x188.jpg 300w\" sizes=\"auto, (max-width: 600px) 100vw, 600px\">\n\n\n\n<h3 class=\"gb-text ag-title\">Prisi\u00f3n<\/h3>\n\n\n\n<p class=\"gb-text ag-text\">En las c\u00e1r\u00adce\u00adles viven much\u00adas per\u00adso\u00adnas en un espa\u00adcio limi\u00adta\u00addo, lo que pue\u00adde favor\u00adecer la pro\u00adpa\u00adga\u00adci\u00f3n de pla\u00adg\u00adas. Ade\u00adm\u00e1s, los edi\u00adfi\u00adci\u00ados con sus num\u00adero\u00adsos escon\u00addi\u00adtes ofre\u00adcen luga\u00adres de refu\u00adgio idea\u00adles para chin\u00adches, cuca\u00adrach\u00adas u otras pla\u00adg\u00adas. <\/p>\n\n\n\n<div class=\"buttons-wrap\">\n<a class=\"gb-text button-primary\" href=\"https:\/\/thermo-bug.de\/es\/areas-de-aplicacion\/prision\/\">M\u00e1s infor\u00admaci\u00f3n<\/a>\n<\/div>\n<\/div>\n<\/div>\n<\/div>\n<\/div>\n\n\n\n<div class=\"section-wrap\">\n<div class=\"section-text-wrap\">\n<div class=\"max-width-800\">\n<h2 class=\"gb-text\">Peligro reconocido,<br>Peligro evitado<\/h2>\n\n\n\n<p class=\"gb-text\">Much\u00adas per\u00adso\u00adnas reco\u00adno\u00adcen dema\u00adsia\u00addo tar\u00adde los sig\u00adnos de una infesta\u00adci\u00f3n de chin\u00adches o los con\u00adfun\u00adden con aler\u00adgi\u00adas o pica\u00addu\u00adras de mos\u00adqui\u00adtos. Espe\u00adcial\u00admen\u00adte en insti\u00adtu\u00adcio\u00adnes p\u00fab\u00adli\u00adcas como escue\u00adlas, resi\u00adden\u00adci\u00adas de ancia\u00adnos u hos\u00adpi\u00adta\u00adles, la igno\u00adran\u00adcia pue\u00adde tener con\u00adse\u00adcuen\u00adci\u00adas gra\u00adves. Por\u00adque all\u00ed don\u00adde much\u00adas per\u00adso\u00adnas viven en un espa\u00adcio redu\u00adci\u00addo, las pla\u00adg\u00adas se pro\u00adpa\u00adgan espe\u00adcial\u00admen\u00adte r\u00e1pi\u00addo.  <\/p>\n\n\n\n<p class=\"gb-text\">Por lo tan\u00adto, el cono\u00adci\u00admi\u00aden\u00adto es el pri\u00admer paso para una pre\u00adven\u00adci\u00f3n efi\u00adcaz. Para no ser advert\u00adido de la pre\u00adsen\u00adcia de chin\u00adches por el hu\u00e9\u00ads\u00adped del hotel o el paci\u00aden\u00adte, su per\u00adso\u00adnal debe estar informa\u00addo en cual\u00adquier caso sob\u00adre c\u00f3mo reco\u00adno\u00adcer una posi\u00adble infesta\u00adci\u00f3n. &nbsp;<\/p>\n\n\n\n<div class=\"buttons-wrap\">\n<a class=\"gb-text button-primary\" href=\"https:\/\/thermo-bug.de\/es\/chinches-y-compania\/\">\u00bfC\u00f3mo reco\u00adnoz\u00adco las chin\u00adches?<\/a>\n<\/div>\n<\/div>\n<\/div>\n\n\n\n<div class=\"section-image-wrap gb-element-7c7bf038\"><\/div>\n<\/div>\n\n\n\n<div class=\"cta-wrap\">\n<div class=\"max-width-800\">\n<h2 class=\"gb-text\">Su soluci\u00f3n contra las chinches<\/h2>\n\n\n\n<p class=\"gb-text\">Ya sea para pro\u00adfe\u00adsio\u00adna\u00adles, empre\u00adsas o par\u00adti\u00adcu\u00adla\u00adres: uti\u00adli\u00adce la inno\u00adva\u00addo\u00adra tec\u00adno\u00adlo\u00adg\u00eda de calor que com\u00adba\u00adte las pla\u00adg\u00adas de for\u00adma sos\u00adteni\u00adble y sin pro\u00adduc\u00adtos qu\u00ed\u00admi\u00adcos. Eli\u00adja la opci\u00f3n adecua\u00adda para sus nece\u00adsi\u00add\u00ada\u00addes.<\/p>\n\n\n\n<a class=\"gb-text button-primary\" href=\"https:\/\/thermo-bug.de\/thermo-bug-nutzen\/\">Uti\u00adli\u00adce Ther\u00admo-bug\u00ae aho\u00adra<\/a>\n<\/div>\n<\/div>\n<\/div>\n","protected":false},"excerpt":{"rendered":"<p>Luga\u00adres de uso de Ther\u00admo-bug\u00ae Con\u00adtrol de pla\u00adg\u00adas efi\u00adcaz para hote\u00adles, hoga\u00adres e insti\u00adtu\u00adcio\u00adnes La infesta\u00adci\u00f3n de pla\u00adg\u00adas no se detiene ante nada, ya sea en el pro\u00adpio hogar, en un hotel o en insti\u00adtu\u00adcio\u00adnes sen\u00adsi\u00adbles como escue\u00adlas y resi\u00adden\u00adci\u00adas de ancia\u00adnos. Las chin\u00adches no solo per\u00adju\u00addi\u00adcan la higie\u00adne, sino tam\u00adbi\u00e9n el bie\u00adne\u00adstar. Ther\u00ad\u00admo-bug\u00ae pro\u00adpor\u00adcio\u00adna \u2026 <a title=\"\u00c1reas de aplicaci\u00f3n\" class=\"read-more\" href=\"https:\/\/thermo-bug.de\/es\/areas-de-aplicacion\/\" aria-label=\"Leer m\u00e1s sobre \u00c1reas de aplicaci\u00f3n\">Leer m\u00e1s<\/a><\/p>\n","protected":false},"author":1,"featured_media":0,"parent":0,"menu_order":3,"comment_status":"closed","ping_status":"closed","template":"","meta":{"wp_typography_post_enhancements_disabled":false,"footnotes":""},"class_list":["post-1179","page","type-page","status-publish"],"_links":{"self":[{"href":"https:\/\/thermo-bug.de\/es\/wp-json\/wp\/v2\/pages\/1179","targetHints":{"allow":["GET"]}}],"collection":[{"href":"https:\/\/thermo-bug.de\/es\/wp-json\/wp\/v2\/pages"}],"about":[{"href":"https:\/\/thermo-bug.de\/es\/wp-json\/wp\/v2\/types\/page"}],"author":[{"embeddable":true,"href":"https:\/\/thermo-bug.de\/es\/wp-json\/wp\/v2\/users\/1"}],"replies":[{"embeddable":true,"href":"https:\/\/thermo-bug.de\/es\/wp-json\/wp\/v2\/comments?post=1179"}],"version-history":[{"count":5,"href":"https:\/\/thermo-bug.de\/es\/wp-json\/wp\/v2\/pages\/1179\/revisions"}],"predecessor-version":[{"id":1987,"href":"https:\/\/thermo-bug.de\/es\/wp-json\/wp\/v2\/pages\/1179\/revisions\/1987"}],"wp:attachment":[{"href":"https:\/\/thermo-bug.de\/es\/wp-json\/wp\/v2\/media?parent=1179"}],"curies":[{"name":"wp","href":"https:\/\/api.w.org\/{rel}","templated":true}]}}