{"id":1212,"date":"2025-09-10T09:19:16","date_gmt":"2025-09-10T09:19:16","guid":{"rendered":"https:\/\/thermo-bug.de\/areas-de-aplicacion\/alojamientos-para-trabajadores\/"},"modified":"2026-03-20T09:10:14","modified_gmt":"2026-03-20T09:10:14","slug":"alojamientos-para-trabajadores","status":"publish","type":"page","link":"https:\/\/thermo-bug.de\/es\/areas-de-aplicacion\/alojamientos-para-trabajadores\/","title":{"rendered":"Alojamientos para trabajadores"},"content":{"rendered":"\n<div class=\"alignfull\">\n<div class=\"hero-wrap\">\n<div class=\"section-text-wrap\">\n<div class=\"max-width-800\">\n<h1 class=\"gb-text\">Chinches en alojamientos<br>para trabajadores<\/h1>\n\n\n\n<h2 class=\"gb-text h2-hero\">Detectar, evitar, eliminar<\/h2>\n\n\n\n<p class=\"gb-text\">Alta rot\u00adaci\u00f3n, alto ries\u00adgo. Los cam\u00adbi\u00ados dia\u00adri\u00ados de hu\u00e9\u00ads\u00adpe\u00addes favor\u00adecen la intro\u00adduc\u00adci\u00f3n inad\u00advert\u00adida de chin\u00adches y otras pla\u00adg\u00adas en alo\u00adja\u00admi\u00adent\u00ados para tra\u00adba\u00adja\u00addo\u00adres. Ther\u00admo-bug\u00ae las eli\u00admi\u00adna de for\u00adma efi\u00adci\u00aden\u00adte y sin pro\u00adduc\u00adtos qu\u00ed\u00admi\u00adcos. \u00a1Inf\u00f3r\u00adme\u00adse aho\u00adra!  <\/p>\n\n\n\n<div class=\"buttons-wrap\">\n<a class=\"gb-text button-primary\" href=\"#info\">M\u00e1s infor\u00admaci\u00f3n<\/a>\n<\/div>\n<\/div>\n<\/div>\n\n\n\n<div class=\"section-image-wrap hero-image gb-element-02660d31\"><\/div>\n<\/div>\n\n\n\n<div class=\"inhalt-wrap\" id=\"info\">\n<div class=\"container-text\">\n<div class=\"gb-text inhalt-title\">Con\u00adteni\u00addo<\/div>\n\n\n\n<div class=\"list-wrap\">\n<div class=\"list-item-wrap\">\n<img decoding=\"async\" class=\"list-item-image\" src=\"https:\/\/thermo-bug.de\/wp-content\/uploads\/2025\/09\/thermo-bug-list-icon.svg\" aria-hidden=\"true\">\n\n\n\n<div class=\"list-item-text-wrap\">\n<p class=\"gb-text list-item-text ag-list-link\"><a href=\"#wieso\">\u00bfC\u00f3mo lle\u00adgan las chin\u00adches a las habit\u00ada\u00adcio\u00adnes de los tra\u00adba\u00adja\u00addo\u00adres?<\/a><\/p>\n<\/div>\n<\/div>\n\n\n\n<div class=\"list-item-wrap\">\n<img decoding=\"async\" class=\"list-item-image\" src=\"https:\/\/thermo-bug.de\/wp-content\/uploads\/2025\/09\/thermo-bug-list-icon.svg\" aria-hidden=\"true\">\n\n\n\n<div class=\"list-item-text-wrap\">\n<p class=\"gb-text list-item-text ag-list-link\"><a href=\"#befall-erkennen\">\u00bfC\u00f3mo se detec\u00adta una infesta\u00adci\u00f3n de chin\u00adches?<\/a><\/p>\n<\/div>\n<\/div>\n\n\n\n<div class=\"list-item-wrap\">\n<img decoding=\"async\" class=\"list-item-image\" src=\"https:\/\/thermo-bug.de\/wp-content\/uploads\/2025\/09\/thermo-bug-list-icon.svg\" aria-hidden=\"true\">\n\n\n\n<div class=\"list-item-text-wrap\">\n<p class=\"gb-text list-item-text ag-list-link\"><a href=\"#folgen\">\u00bfQu\u00e9 con\u00adse\u00adcuen\u00adci\u00adas tiene una infesta\u00adci\u00f3n de chin\u00adches en alo\u00adja\u00admi\u00adent\u00ados para tra\u00adba\u00adja\u00addo\u00adres?<\/a><\/p>\n<\/div>\n<\/div>\n\n\n\n<div class=\"list-item-wrap\">\n<img decoding=\"async\" class=\"list-item-image\" src=\"https:\/\/thermo-bug.de\/wp-content\/uploads\/2025\/09\/thermo-bug-list-icon.svg\" aria-hidden=\"true\">\n\n\n\n<div class=\"list-item-text-wrap\">\n<p class=\"gb-text list-item-text ag-list-link\"><a href=\"#thermo-bug\">\u00bfPor qu\u00e9 Ther\u00admo-bug\u00ae es la solu\u00adci\u00f3n m\u00e1s segu\u00adra?<\/a><\/p>\n<\/div>\n<\/div>\n<\/div>\n<\/div>\n<\/div>\n\n\n\n<div class=\"spacing flex-centered\">\n<div class=\"container-text\" id=\"wieso\">\n<h2 class=\"gb-text\">\u00bfC\u00f3mo llegan las chinches a las habitaciones de los trabajadores?<\/h2>\n\n\n\n<p class=\"gb-text\">A menu\u00addo, bas\u00adta con un male\u00adt\u00edn de her\u00adra\u00admi\u00aden\u00adtas, una bol\u00adsa de tra\u00adba\u00adjo o una mochi\u00adla para intro\u00addu\u00adcir inad\u00advert\u00adida\u00admen\u00adte algu\u00adnos de estos dimi\u00adnu\u00adtos par\u00e1\u00adsi\u00adtos en un alo\u00adja\u00admi\u00aden\u00adto. Espe\u00adcial\u00admen\u00adte cr\u00ed\u00adti\u00adco: los tra\u00adba\u00adja\u00addo\u00adres sue\u00adlen per\u00adnoc\u00adtar en dife\u00adren\u00adtes ciu\u00adda\u00addes, en obras cam\u00adbi\u00adan\u00adtes, un ciclo ide\u00adal para la pro\u00adpa\u00adga\u00adci\u00f3n no desea\u00adda de chin\u00adches. Incluso una sola habit\u00ada\u00adci\u00f3n infesta\u00adda pue\u00adde con\u00adver\u00adtir\u00adse en la fuen\u00adte de un pro\u00adble\u00adma mayor si no se hace nada.  <\/p>\n\n\n\n<p class=\"gb-text\">Los alo\u00adja\u00admi\u00adent\u00ados veci\u00adnos tam\u00adbi\u00e9n pue\u00adden ver\u00adse afec\u00adta\u00addos. Las chin\u00adches son de cuer\u00adpo pla\u00adno y m\u00f3vi\u00adles: se des\u00adpla\u00adzan por grie\u00adtas, regle\u00adtas de enchu\u00adfes y a lo lar\u00adgo de tube\u00adr\u00ed\u00adas. Si no se detec\u00adta a tiem\u00adpo una infesta\u00adci\u00f3n en una habit\u00ada\u00adci\u00f3n, los ani\u00adma\u00adles pue\u00adden colo\u00adni\u00adzar f\u00e1cilm\u00aden\u00adte las zonas cir\u00adcun\u00addan\u00adtes.  <\/p>\n<\/div>\n\n\n\n<div class=\"container-text\" id=\"befall-erkennen\">\n<h2 class=\"gb-text\">\u00bfC\u00f3mo se detecta una infestaci\u00f3n de chinches?<\/h2>\n\n\n\n<p class=\"gb-text\">La detecci\u00f3n tem\u00adpra\u00adna de chin\u00adches es cru\u00adcial para evi\u00adtar una r\u00e1pi\u00adda pro\u00adpa\u00adga\u00adci\u00f3n en las habit\u00ada\u00adcio\u00adnes de los tra\u00adba\u00adja\u00addo\u00adres:<\/p>\n\n\n\n<div class=\"list-wrap\">\n<div class=\"list-item-wrap\">\n<img decoding=\"async\" class=\"list-item-image\" src=\"https:\/\/thermo-bug.de\/wp-content\/uploads\/2025\/09\/thermo-bug-list-icon.svg\" aria-hidden=\"true\">\n\n\n\n<div class=\"list-item-text-wrap\">\n<p class=\"gb-text list-item-title\">Man\u00adchas de excre\u00adment\u00ados en la cama y el colch\u00f3n<\/p>\n\n\n\n<p class=\"gb-text list-item-text\">Peque\u00ad\u00f1os pun\u00adtos de color mar\u00adr\u00f3n oscu\u00adro a lo lar\u00adgo de las cos\u00adtu\u00adras, en el somier o en las s\u00e1ba\u00adnas indi\u00adcan la pre\u00adsen\u00adcia de chin\u00adches.<\/p>\n<\/div>\n<\/div>\n\n\n\n<div class=\"list-item-wrap\">\n<img decoding=\"async\" class=\"list-item-image\" src=\"https:\/\/thermo-bug.de\/wp-content\/uploads\/2025\/09\/thermo-bug-list-icon.svg\" aria-hidden=\"true\">\n\n\n\n<div class=\"list-item-text-wrap\">\n<p class=\"gb-text list-item-title gb-text-4080977d\">Man\u00adchas de sang\u00adre en la s\u00e1ba\u00adna<\/p>\n\n\n\n<p class=\"gb-text list-item-text\">Al apla\u00adst\u00adar a los ani\u00adma\u00adles por la noche, pue\u00adden apa\u00adre\u00adcer dimi\u00adnu\u00adtas man\u00adchas de sang\u00adre.<\/p>\n<\/div>\n<\/div>\n\n\n\n<div class=\"list-item-wrap\">\n<img decoding=\"async\" class=\"list-item-image\" src=\"https:\/\/thermo-bug.de\/wp-content\/uploads\/2025\/09\/thermo-bug-list-icon.svg\" aria-hidden=\"true\">\n\n\n\n<div class=\"list-item-text-wrap\">\n<p class=\"gb-text list-item-title gb-text-0b5cb971\">Pica\u00addu\u00adras que pro\u00addu\u00adcen picor en los hu\u00e9\u00ads\u00adpe\u00addes<\/p>\n\n\n\n<p class=\"gb-text list-item-text\">Son t\u00edpi\u00adcas las pica\u00addu\u00adras roji\u00adzas y ali\u00adnea\u00addas, a menu\u00addo en los bra\u00adzos, las pier\u00adnas o la espal\u00adda.<\/p>\n<\/div>\n<\/div>\n\n\n\n<div class=\"list-item-wrap\">\n<img decoding=\"async\" class=\"list-item-image\" src=\"https:\/\/thermo-bug.de\/wp-content\/uploads\/2025\/09\/thermo-bug-list-icon.svg\" aria-hidden=\"true\">\n\n\n\n<div class=\"list-item-text-wrap\">\n<p class=\"gb-text list-item-title gb-text-43a8afb0\">Res\u00adtos de muda ocul\u00adtos<\/p>\n\n\n\n<p class=\"gb-text list-item-text\">En grie\u00adtas o plie\u00adgues del colch\u00f3n a veces se encuen\u00adtran las cubier\u00adtas vac\u00ed\u00adas de los estadi\u00ados lar\u00adva\u00adri\u00ados.<\/p>\n<\/div>\n<\/div>\n\n\n\n<div class=\"list-item-wrap\">\n<img decoding=\"async\" class=\"list-item-image\" src=\"https:\/\/thermo-bug.de\/wp-content\/uploads\/2025\/09\/thermo-bug-list-icon.svg\" aria-hidden=\"true\">\n\n\n\n<div class=\"list-item-text-wrap\">\n<p class=\"gb-text list-item-title gb-text-f0a23f33\">Olor dul\u00adz\u00f3n y ran\u00adcio<\/p>\n\n\n\n<p class=\"gb-text list-item-text\">Una infesta\u00adci\u00f3n m\u00e1s gra\u00adve pue\u00adde detec\u00adtar\u00adse por un olor inu\u00adsual\u00admen\u00adte dul\u00adz\u00f3n en la habit\u00ada\u00adci\u00f3n.<\/p>\n<\/div>\n<\/div>\n\n\n\n<div class=\"list-item-wrap\">\n<img decoding=\"async\" class=\"list-item-image\" src=\"https:\/\/thermo-bug.de\/wp-content\/uploads\/2025\/09\/thermo-bug-list-icon.svg\" aria-hidden=\"true\">\n\n\n\n<div class=\"list-item-text-wrap\">\n<p class=\"gb-text list-item-title gb-text-b8eaeff0\">Ani\u00adma\u00adles visi\u00adbles tras una inspecci\u00f3n minu\u00adcio\u00adsa<\/p>\n\n\n\n<p class=\"gb-text list-item-text\">En algu\u00adnos casos, se pue\u00adden encon\u00adtrar ani\u00adma\u00adles adul\u00adtos o lar\u00advas en escon\u00addi\u00adtes.<\/p>\n<\/div>\n<\/div>\n<\/div>\n<\/div>\n<\/div>\n\n\n\n<div class=\"ag-banner gb-element-78652c9a\"><\/div>\n\n\n\n<div class=\"spacing flex-centered\">\n<div class=\"container-text\" id=\"folgen\">\n<h2 class=\"gb-text\">\u00bfQu\u00e9 consecuencias tiene una infestaci\u00f3n de chinches en alojamientos para trabajadores?<\/h2>\n\n\n\n<p class=\"gb-text\">Una infesta\u00adci\u00f3n de chin\u00adches en habit\u00ada\u00adcio\u00adnes de tra\u00adba\u00adja\u00addo\u00adres pue\u00adde cau\u00adsar da\u00f1os econ\u00f3\u00admi\u00adcos y p\u00e9rdi\u00addas de ima\u00adgen.<\/p>\n\n\n\n<div class=\"list-wrap\">\n<div class=\"list-item-wrap\">\n<img decoding=\"async\" class=\"list-item-image\" src=\"https:\/\/thermo-bug.de\/wp-content\/uploads\/2025\/09\/thermo-bug-list-icon.svg\" aria-hidden=\"true\">\n\n\n\n<div class=\"list-item-text-wrap\">\n<p class=\"gb-text list-item-title\">Insa\u00adtis\u00adfac\u00adci\u00f3n de los hu\u00e9\u00ads\u00adpe\u00addes<\/p>\n\n\n\n<p class=\"gb-text list-item-text\">Las pica\u00addu\u00adras que pro\u00addu\u00adcen picor, el mal\u00ade\u00adstar y el sue\u00ad\u00f1o inter\u00adrum\u00adpi\u00addo pro\u00advo\u00adcan que\u00adjas y can\u00adce\u00adla\u00adcio\u00adnes de la estancia.<\/p>\n<\/div>\n<\/div>\n\n\n\n<div class=\"list-item-wrap\">\n<img decoding=\"async\" class=\"list-item-image\" src=\"https:\/\/thermo-bug.de\/wp-content\/uploads\/2025\/09\/thermo-bug-list-icon.svg\" aria-hidden=\"true\">\n\n\n\n<div class=\"list-item-text-wrap\">\n<p class=\"gb-text list-item-title gb-text-6497d9b1\">Rese\u00ad\u00f1as nega\u00adtiv\u00adas en l\u00ednea<\/p>\n\n\n\n<p class=\"gb-text list-item-text\">Los hu\u00e9\u00ads\u00adpe\u00addes sue\u00adlen hacer p\u00fab\u00adli\u00adco su enfa\u00addo, lo que per\u00adju\u00addi\u00adca la reput\u00ada\u00adci\u00f3n y la ocu\u00adp\u00ada\u00adci\u00f3n a lar\u00adgo pla\u00adzo.<\/p>\n<\/div>\n<\/div>\n\n\n\n<div class=\"list-item-wrap\">\n<img decoding=\"async\" class=\"list-item-image\" src=\"https:\/\/thermo-bug.de\/wp-content\/uploads\/2025\/09\/thermo-bug-list-icon.svg\" aria-hidden=\"true\">\n\n\n\n<div class=\"list-item-text-wrap\">\n<p class=\"gb-text list-item-title gb-text-779d40e3\">P\u00e9rdi\u00adda de reser\u00advas<\/p>\n\n\n\n<p class=\"gb-text list-item-text\">Las empre\u00adsas evi\u00adtan los alo\u00adja\u00admi\u00adent\u00ados infesta\u00addos, sob\u00adre todo si se cono\u00adcen malas expe\u00adri\u00aden\u00adci\u00adas.<\/p>\n<\/div>\n<\/div>\n\n\n\n<div class=\"list-item-wrap\">\n<img decoding=\"async\" class=\"list-item-image\" src=\"https:\/\/thermo-bug.de\/wp-content\/uploads\/2025\/09\/thermo-bug-list-icon.svg\" aria-hidden=\"true\">\n\n\n\n<div class=\"list-item-text-wrap\">\n<p class=\"gb-text list-item-title gb-text-1afda9d6\">Cos\u00adtes adi\u00adcio\u00adna\u00adles ele\u00adva\u00addos<\/p>\n\n\n\n<p class=\"gb-text list-item-text\">Cuan\u00adto m\u00e1s tiem\u00adpo per\u00adsis\u00adte la infesta\u00adci\u00f3n, m\u00e1s cos\u00adto\u00adsa se vuel\u00adve la erra\u00addi\u00adca\u00adci\u00f3n, has\u00adta lleg\u00adar a la eli\u00admi\u00adnaci\u00f3n del mobi\u00adlia\u00adrio.<\/p>\n<\/div>\n<\/div>\n\n\n\n<div class=\"list-item-wrap\">\n<img decoding=\"async\" class=\"list-item-image\" src=\"https:\/\/thermo-bug.de\/wp-content\/uploads\/2025\/09\/thermo-bug-list-icon.svg\" aria-hidden=\"true\">\n\n\n\n<div class=\"list-item-text-wrap\">\n<p class=\"gb-text list-item-title gb-text-613cf0ed\">Deman\u00addas por da\u00f1os y per\u00adjui\u00adci\u00ados<\/p>\n\n\n\n<p class=\"gb-text list-item-text\">En los alo\u00adja\u00admi\u00adent\u00ados comer\u00adcia\u00adles, una infesta\u00adci\u00f3n demostra\u00adda pue\u00adde tener con\u00adse\u00adcuen\u00adci\u00adas lega\u00adles.<\/p>\n<\/div>\n<\/div>\n<\/div>\n\n\n\n<p class=\"gb-text\">Por lo tan\u00adto, es cru\u00adcial actu\u00adar con rapi\u00addez y pro\u00adfe\u00adsio\u00adnal\u00adidad para evi\u00adtar da\u00f1os econ\u00f3\u00admi\u00adcos y la p\u00e9rdi\u00adda de hu\u00e9\u00ads\u00adpe\u00addes.<\/p>\n<\/div>\n\n\n\n<div class=\"container-text\" id=\"thermo-bug\">\n<h2 class=\"gb-text\">\u00bfPor qu\u00e9 Thermo-bug\u00ae es la soluci\u00f3n m\u00e1s segura?<\/h2>\n\n\n\n<p class=\"gb-text\">Ther\u00admo-bug\u00ae se ha des\u00adar\u00adrol\u00adla\u00addo para actu\u00adar pre\u00adci\u00adsa\u00admen\u00adte en este pun\u00adto: de for\u00adma efi\u00adcaz, sin pro\u00adduc\u00adtos qu\u00ed\u00admi\u00adcos, r\u00e1pi\u00adda y fia\u00adble. El m\u00e9to\u00addo se basa en el calor con\u00adtro\u00adla\u00addo, y eso es pre\u00adci\u00adsa\u00admen\u00adte lo que lo hace tan efi\u00adcaz. A tem\u00adpe\u00adra\u00adtur\u00adas supe\u00adrio\u00adres a 50 \u00b0C, las pro\u00adte\u00ed\u00adnas del cuer\u00adpo de las chin\u00adches, las lar\u00advas y los hue\u00advos se coagu\u00adlan. Esto signi\u00adfi\u00adca que se inter\u00adrum\u00adpe todo el ciclo de des\u00adar\u00adrol\u00adlo de los ani\u00adma\u00adles, sin veneno, sin resi\u00addu\u00ados, sin lar\u00adgos peri\u00adodos de inac\u00adtiv\u00adi\u00addad para el alo\u00adja\u00admi\u00aden\u00adto.   <\/p>\n\n\n\n<p class=\"gb-text\">A dife\u00adren\u00adcia de los aero\u00adso\u00adles o cebos, que requie\u00adren apli\u00adca\u00adcio\u00adnes repet\u00adidas y a menu\u00addo no cubren todas las fases de des\u00adar\u00adrol\u00adlo, Ther\u00admo-bug\u00ae act\u00faa de for\u00adma fia\u00adble con una sola apli\u00adca\u00adci\u00f3n. Incluso las cepas de chin\u00adches que se han vuel\u00adto resis\u00adten\u00adtes y con\u00adtra las que muchos pro\u00adduc\u00adtos qu\u00ed\u00admi\u00adcos ya no son efi\u00adcaces, se destruy\u00aden por com\u00adple\u00adto con el calor. <\/p>\n\n\n\n<p class=\"gb-text\">Otra ven\u00adta\u00adja: Ther\u00admo-bug\u00ae es m\u00f3vil y fle\u00adxi\u00adble, ide\u00adal para habit\u00ada\u00adcio\u00adnes indi\u00advi\u00addua\u00adles, plan\u00adtas ente\u00adr\u00adas o tam\u00adbi\u00e9n para el uso pre\u00adven\u00adtivo en caso de ocu\u00adp\u00ada\u00adci\u00f3n varia\u00adble. La apli\u00adca\u00adci\u00f3n la rea\u00adliz\u00adan t\u00e9c\u00adni\u00adcos cer\u00adti\u00adfi\u00adca\u00addos y es abso\u00adlu\u00adt\u00adamen\u00adte segu\u00adra para las per\u00adso\u00adnas y los mate\u00adria\u00adles si se uti\u00adli\u00adza cor\u00adrec\u00adta\u00admen\u00adte. <\/p>\n<\/div>\n<\/div>\n\n\n\n<div class=\"cta-wrap\">\n<div class=\"max-width-800\">\n<h2 class=\"gb-text\">\u00a1Act\u00fae ahora!<\/h2>\n\n\n\n<h3 class=\"gb-text\">P\u00f3ngase en contacto con Thermo-bug\u00ae y obtenga una oferta sin compromiso para su alojamiento<\/h3>\n\n\n\n<p class=\"gb-text\">Una infesta\u00adci\u00f3n acti\u00adva no solo es des\u00adagra\u00adda\u00adble, sino que tam\u00adbi\u00e9n pone en peligro la ren\u00adta\u00adbil\u00adidad de su alo\u00adja\u00admi\u00aden\u00adto para tra\u00adba\u00adja\u00addo\u00adres. Con Ther\u00admo-bug\u00ae eli\u00adge el m\u00e9to\u00addo m\u00e1s segu\u00adro, sos\u00adteni\u00adble y pro\u00adfe\u00adsio\u00adnal de con\u00adtrol de pla\u00adg\u00adas. Cuan\u00adto antes act\u00fae, m\u00e1s r\u00e1pi\u00adda y econ\u00f3\u00admi\u00adca ser\u00e1 la solu\u00adci\u00f3n. Tan\u00adto si tiene las pri\u00adme\u00adras sospechas como si bus\u00adca una pre\u00adven\u00adci\u00f3n regu\u00adlar, le ase\u00adsora\u00adre\u00admos de for\u00adma gra\u00adtui\u00adta e indi\u00advi\u00addu\u00adal.   <\/p>\n\n\n\n<a class=\"gb-text button-primary\" href=\"https:\/\/thermo-bug.de\/es\/usar-thermo-bug\/\">Uti\u00adli\u00adce Ther\u00admo-bug\u00ae aho\u00adra<\/a>\n<\/div>\n<\/div>\n\n\n\n<div class=\"section-wrap\">\n<div class=\"section-image-wrap gb-element-e6a8092c\"><\/div>\n\n\n\n<div class=\"section-text-wrap\">\n<div class=\"max-width-800\">\n<h2 class=\"gb-text\">\u00a1Thermo-bug\u00ae puede hacer m\u00e1s que solo eliminar chinches!<\/h2>\n\n\n\n<p class=\"gb-text\">Ther\u00admo-bug\u00ae pue\u00adde hacer m\u00e1s que solo eli\u00admi\u00adnar las chin\u00adches. El m\u00e9to\u00addo del calor tam\u00adbi\u00e9n es efi\u00adcaz con\u00adtra las pol\u00adil\u00adlas de la ropa, los esca\u00adra\u00adba\u00adjos de las alfom\u00adbras, las cuca\u00adrach\u00adas, los \u00e1ca\u00adros o los gus\u00ada\u00adnos de la hari\u00adna, es decir, pre\u00adci\u00adsa\u00admen\u00adte los tipos de pla\u00adg\u00adas que tam\u00adbi\u00e9n pue\u00adden apa\u00adre\u00adcer en alo\u00adja\u00admi\u00adent\u00ados de uso tem\u00adpo\u00adral con un p\u00fab\u00adli\u00adco cam\u00adbi\u00adan\u00adte. <\/p>\n\n\n\n<div class=\"buttons-wrap\">\n<a class=\"gb-text button-primary\" href=\"https:\/\/thermo-bug.de\/es\/chinches-y-compania\/\">Des\u00adcu\u00adbra aho\u00adra todas las pla\u00adg\u00adas<\/a>\n<\/div>\n<\/div>\n<\/div>\n<\/div>\n\n\n\n<div class=\"section-wrap\">\n<div class=\"section-text-wrap\">\n<div class=\"max-width-800\">\n<h2 class=\"gb-text\">Eficaz en cualquier habitaci\u00f3n<\/h2>\n\n\n\n<p class=\"gb-text\">Des\u00adcub\u00adre otros luga\u00adres don\u00adde pue\u00addes usar Ther\u00admo-bug\u00ae:<\/p>\n\n\n\n<div class=\"list-wrap\">\n<div class=\"list-item-wrap\">\n<img decoding=\"async\" class=\"list-item-image\" src=\"https:\/\/thermo-bug.de\/wp-content\/uploads\/2025\/09\/thermo-bug-list-icon.svg\" aria-hidden=\"true\">\n\n\n\n<div class=\"list-item-text-wrap\">\n<p class=\"gb-text list-item-text ag-list-link\"><a href=\"https:\/\/thermo-bug.de\/es\/areas-de-aplicacion\/hotel\/\" data-type=\"page\" data-id=\"194\">Hotel<\/a><\/p>\n<\/div>\n<\/div>\n\n\n\n<div class=\"list-item-wrap\">\n<img decoding=\"async\" class=\"list-item-image\" src=\"https:\/\/thermo-bug.de\/wp-content\/uploads\/2025\/09\/thermo-bug-list-icon.svg\" aria-hidden=\"true\">\n\n\n\n<div class=\"list-item-text-wrap\">\n<p class=\"gb-text list-item-text ag-list-link\"><a href=\"https:\/\/thermo-bug.de\/es\/areas-de-aplicacion\/hogares-privados\/\" data-type=\"page\" data-id=\"198\">Hoga\u00adres priv\u00ada\u00addos<\/a><\/p>\n<\/div>\n<\/div>\n\n\n\n<div class=\"list-item-wrap\">\n<img decoding=\"async\" class=\"list-item-image\" src=\"https:\/\/thermo-bug.de\/wp-content\/uploads\/2025\/09\/thermo-bug-list-icon.svg\" aria-hidden=\"true\">\n\n\n\n<div class=\"list-item-text-wrap\">\n<p class=\"gb-text list-item-text ag-list-link\"><a href=\"https:\/\/thermo-bug.de\/es\/areas-de-aplicacion\/guarderia-y-escuela\/\" data-type=\"page\" data-id=\"205\">Guar\u00adde\u00adr\u00eda y escue\u00adla<\/a><\/p>\n<\/div>\n<\/div>\n\n\n\n<div class=\"list-item-wrap\">\n<img decoding=\"async\" class=\"list-item-image\" src=\"https:\/\/thermo-bug.de\/wp-content\/uploads\/2025\/09\/thermo-bug-list-icon.svg\" aria-hidden=\"true\">\n\n\n\n<div class=\"list-item-text-wrap\">\n<p class=\"gb-text list-item-text ag-list-link\"><a href=\"https:\/\/thermo-bug.de\/es\/areas-de-aplicacion\/hospital\/\" data-type=\"page\" data-id=\"209\">Hos\u00adpi\u00adtal<\/a><\/p>\n<\/div>\n<\/div>\n\n\n\n<div class=\"list-item-wrap\">\n<img decoding=\"async\" class=\"list-item-image\" src=\"https:\/\/thermo-bug.de\/wp-content\/uploads\/2025\/09\/thermo-bug-list-icon.svg\" aria-hidden=\"true\">\n\n\n\n<div class=\"list-item-text-wrap\">\n<p class=\"gb-text list-item-text ag-list-link\"><a href=\"https:\/\/thermo-bug.de\/es\/areas-de-aplicacion\/residencia-de-ancianos\/\" data-type=\"page\" data-id=\"213\">Resi\u00adden\u00adcia de ancia\u00adnos<\/a><\/p>\n<\/div>\n<\/div>\n\n\n\n<div class=\"list-item-wrap\">\n<img decoding=\"async\" class=\"list-item-image\" src=\"https:\/\/thermo-bug.de\/wp-content\/uploads\/2025\/09\/thermo-bug-list-icon.svg\" aria-hidden=\"true\">\n\n\n\n<div class=\"list-item-text-wrap\">\n<p class=\"gb-text list-item-text ag-list-link\"><a href=\"https:\/\/thermo-bug.de\/es\/areas-de-aplicacion\/alojamiento-para-refugiados\/\" data-type=\"page\" data-id=\"217\">Alo\u00adja\u00admi\u00aden\u00adto para refu\u00adgi\u00ada\u00addos<\/a><\/p>\n<\/div>\n<\/div>\n\n\n\n<div class=\"list-item-wrap\">\n<img decoding=\"async\" class=\"list-item-image\" src=\"https:\/\/thermo-bug.de\/wp-content\/uploads\/2025\/09\/thermo-bug-list-icon.svg\" aria-hidden=\"true\">\n\n\n\n<div class=\"list-item-text-wrap\">\n<p class=\"gb-text list-item-text ag-list-link\"><a href=\"https:\/\/thermo-bug.de\/es\/areas-de-aplicacion\/prision\/\" data-type=\"page\" data-id=\"221\">Pri\u00adsi\u00f3n<\/a><\/p>\n<\/div>\n<\/div>\n<\/div>\n\n\n\n<div class=\"buttons-wrap\">\n<a class=\"gb-text button-primary\" href=\"https:\/\/thermo-bug.de\/es\/areas-de-aplicacion\/\">Des\u00adcu\u00adbra todas las apli\u00adca\u00adcio\u00adnes<\/a>\n\n\n\n<a class=\"gb-text button-secondary\" href=\"https:\/\/thermo-bug.de\/es\/usar-thermo-bug\/\">Uti\u00adli\u00adce Ther\u00admo-bug<strong>\u00ae<\/strong><\/a>\n<\/div>\n<\/div>\n<\/div>\n\n\n\n<div class=\"section-image-wrap gb-element-7c7bf038\"><\/div>\n<\/div>\n<\/div>\n","protected":false},"excerpt":{"rendered":"<p>Chin\u00adches en alo\u00adja\u00admi\u00adent\u00adospa\u00adra tra\u00adba\u00adja\u00addo\u00adres Detec\u00adtar, evi\u00adtar, eli\u00admi\u00adnar Alta rot\u00adaci\u00f3n, alto ries\u00adgo. Los cam\u00adbi\u00ados dia\u00adri\u00ados de hu\u00e9\u00ads\u00adpe\u00addes favor\u00adecen la intro\u00adduc\u00adci\u00f3n inad\u00advert\u00adida de chin\u00adches y otras pla\u00adg\u00adas en alo\u00adja\u00admi\u00adent\u00ados para tra\u00adba\u00adja\u00addo\u00adres. Ther\u00ad\u00admo-bug\u00ae las eli\u00admi\u00adna de for\u00adma efi\u00adci\u00aden\u00adte y sin pro\u00adduc\u00adtos qu\u00ed\u00admi\u00adcos. \u00a1Inf\u00f3r\u00adme\u00adse aho\u00adra! M\u00e1s infor\u00admaci\u00f3n Con\u00adteni\u00addo \u00bfC\u00f3mo lle\u00adgan las chin\u00adches a las habit\u00ada\u00adcio\u00adnes de los tra\u00adba\u00adja\u00addo\u00adres? \u00bfC\u00f3mo \u2026 <a title=\"Alojamientos para trabajadores\" class=\"read-more\" href=\"https:\/\/thermo-bug.de\/es\/areas-de-aplicacion\/alojamientos-para-trabajadores\/\" aria-label=\"Leer m\u00e1s sobre Alojamientos para trabajadores\">Leer m\u00e1s<\/a><\/p>\n","protected":false},"author":1,"featured_media":0,"parent":1179,"menu_order":3,"comment_status":"closed","ping_status":"closed","template":"","meta":{"wp_typography_post_enhancements_disabled":false,"footnotes":""},"class_list":["post-1212","page","type-page","status-publish"],"_links":{"self":[{"href":"https:\/\/thermo-bug.de\/es\/wp-json\/wp\/v2\/pages\/1212","targetHints":{"allow":["GET"]}}],"collection":[{"href":"https:\/\/thermo-bug.de\/es\/wp-json\/wp\/v2\/pages"}],"about":[{"href":"https:\/\/thermo-bug.de\/es\/wp-json\/wp\/v2\/types\/page"}],"author":[{"embeddable":true,"href":"https:\/\/thermo-bug.de\/es\/wp-json\/wp\/v2\/users\/1"}],"replies":[{"embeddable":true,"href":"https:\/\/thermo-bug.de\/es\/wp-json\/wp\/v2\/comments?post=1212"}],"version-history":[{"count":5,"href":"https:\/\/thermo-bug.de\/es\/wp-json\/wp\/v2\/pages\/1212\/revisions"}],"predecessor-version":[{"id":2019,"href":"https:\/\/thermo-bug.de\/es\/wp-json\/wp\/v2\/pages\/1212\/revisions\/2019"}],"up":[{"embeddable":true,"href":"https:\/\/thermo-bug.de\/es\/wp-json\/wp\/v2\/pages\/1179"}],"wp:attachment":[{"href":"https:\/\/thermo-bug.de\/es\/wp-json\/wp\/v2\/media?parent=1212"}],"curies":[{"name":"wp","href":"https:\/\/api.w.org\/{rel}","templated":true}]}}