{"id":1268,"date":"2025-09-10T09:19:32","date_gmt":"2025-09-10T09:19:32","guid":{"rendered":"https:\/\/thermo-bug.de\/areas-de-aplicacion\/guarderia-y-escuela\/"},"modified":"2026-03-20T09:16:04","modified_gmt":"2026-03-20T09:16:04","slug":"guarderia-y-escuela","status":"publish","type":"page","link":"https:\/\/thermo-bug.de\/es\/areas-de-aplicacion\/guarderia-y-escuela\/","title":{"rendered":"Guarder\u00eda y escuela"},"content":{"rendered":"\n<div class=\"alignfull\">\n<div class=\"hero-wrap\">\n<div class=\"section-text-wrap\">\n<div class=\"max-width-800\">\n<h1 class=\"gb-text\">Control de plagas en colegios y guarder\u00edas<\/h1>\n\n\n\n<h2 class=\"gb-text h2-hero\">Seguro, r\u00e1pido y eficaz<\/h2>\n\n\n\n<p class=\"gb-text\">Con\u00adtrol r\u00e1pi\u00addo y sin pro\u00adduc\u00adtos qu\u00ed\u00admi\u00adcos de las chin\u00adches para guar\u00adde\u00adr\u00ed\u00adas y cole\u00adgi\u00ados. Tra\u00adta\u00admi\u00aden\u00adto t\u00e9rmi\u00adco dis\u00adcreto, sin olor a pro\u00adduc\u00adtos qu\u00ed\u00admi\u00adcos, las salas pue\u00adden seguir uti\u00adli\u00adz\u00e1n\u00addo\u00adse. Pro\u00adtecci\u00f3n para ni\u00f1os y per\u00adso\u00adnal. \u00a1M\u00e1s infor\u00admaci\u00f3n!   <\/p>\n\n\n\n<div class=\"buttons-wrap\">\n<a class=\"gb-text button-primary\" href=\"#info\">M\u00e1s infor\u00admaci\u00f3n<\/a>\n<\/div>\n<\/div>\n<\/div>\n\n\n\n<div class=\"section-image-wrap hero-image gb-element-02660d31\"><\/div>\n<\/div>\n\n\n\n<div class=\"inhalt-wrap\" id=\"info\">\n<div class=\"container-text\">\n<div class=\"gb-text inhalt-title\">Con\u00adteni\u00addo<\/div>\n\n\n\n<div class=\"list-wrap\">\n<div class=\"list-item-wrap\">\n<img decoding=\"async\" class=\"list-item-image\" src=\"https:\/\/thermo-bug.de\/wp-content\/uploads\/2025\/09\/thermo-bug-list-icon.svg\" aria-hidden=\"true\">\n\n\n\n<div class=\"list-item-text-wrap\">\n<p class=\"gb-text list-item-text ag-list-link\"><a href=\"#wieso\">\u00bfC\u00f3mo se pro\u00addu\u00adce la infesta\u00adci\u00f3n en la guar\u00adde\u00adr\u00eda o el cole\u00adgio?<\/a><\/p>\n<\/div>\n<\/div>\n\n\n\n<div class=\"list-item-wrap\">\n<img decoding=\"async\" class=\"list-item-image\" src=\"https:\/\/thermo-bug.de\/wp-content\/uploads\/2025\/09\/thermo-bug-list-icon.svg\" aria-hidden=\"true\">\n\n\n\n<div class=\"list-item-text-wrap\">\n<p class=\"gb-text list-item-text ag-list-link\"><a href=\"#befall-erkennen\">\u00bfC\u00f3mo se detec\u00adta una infesta\u00adci\u00f3n de chin\u00adches en cen\u00adtros edu\u00adca\u00adtivos?<\/a><\/p>\n<\/div>\n<\/div>\n\n\n\n<div class=\"list-item-wrap\">\n<img decoding=\"async\" class=\"list-item-image\" src=\"https:\/\/thermo-bug.de\/wp-content\/uploads\/2025\/09\/thermo-bug-list-icon.svg\" aria-hidden=\"true\">\n\n\n\n<div class=\"list-item-text-wrap\">\n<p class=\"gb-text list-item-text ag-list-link\"><a href=\"#folgen\">\u00bfQu\u00e9 con\u00adse\u00adcuen\u00adci\u00adas tiene una infesta\u00adci\u00f3n en cole\u00adgi\u00ados o guar\u00adde\u00adr\u00ed\u00adas?<\/a><\/p>\n<\/div>\n<\/div>\n\n\n\n<div class=\"list-item-wrap\">\n<img decoding=\"async\" class=\"list-item-image\" src=\"https:\/\/thermo-bug.de\/wp-content\/uploads\/2025\/09\/thermo-bug-list-icon.svg\" aria-hidden=\"true\">\n\n\n\n<div class=\"list-item-text-wrap\">\n<p class=\"gb-text list-item-text ag-list-link\"><a href=\"#thermo-bug\">Ther\u00admo-bug\u00ae como solu\u00adci\u00f3n ide\u00adal para cole\u00adgi\u00ados y guar\u00adde\u00adr\u00ed\u00adas<\/a><\/p>\n<\/div>\n<\/div>\n<\/div>\n<\/div>\n<\/div>\n\n\n\n<div class=\"spacing flex-centered\">\n<div class=\"container-text\" id=\"wieso\">\n<h2 class=\"gb-text\">\u00bfC\u00f3mo se produce la infestaci\u00f3n en la guarder\u00eda o el colegio?<\/h2>\n\n\n\n<p class=\"gb-text\">En los cen\u00adtros edu\u00adca\u00adtivos, los par\u00e1\u00adsi\u00adtos pue\u00adden intro\u00addu\u00adcir\u00adse a tra\u00adv\u00e9s de los obje\u00adtos per\u00adso\u00adna\u00adles de los ni\u00f1os. Un solo ni\u00f1o con ropa o mochi\u00adla infesta\u00adda pue\u00adde pro\u00advo\u00adcar un bro\u00adte. Las alfom\u00adbras, los jugue\u00adtes o los mueb\u00adles de segun\u00adda mano dona\u00addos tam\u00adbi\u00e9n ent\u00adra\u00ad\u00f1an un ries\u00adgo. Debi\u00addo a la alta ocu\u00adp\u00ada\u00adci\u00f3n y a la con\u00advi\u00adven\u00adcia a menu\u00addo est\u00adrecha, much\u00adas per\u00adso\u00adnas com\u00adpar\u00adten espa\u00adci\u00ados, por lo que una infesta\u00adci\u00f3n pue\u00adde pro\u00adpa\u00adgarse r\u00e1pi\u00adda\u00admen\u00adte, incluso ent\u00adre cla\u00adses o gru\u00adpos.   <\/p>\n<\/div>\n\n\n\n<div class=\"container-text\" id=\"befall-erkennen\">\n<h2 class=\"gb-text\">\u00bfC\u00f3mo se detecta una infestaci\u00f3n de chinches en centros educativos?<\/h2>\n\n\n\n<p class=\"gb-text\">Los ni\u00f1os sue\u00adlen que\u00adjar\u00adse pri\u00adme\u00adro de pico\u00adres; el per\u00adso\u00adnal y los pad\u00adres deben inves\u00adti\u00adgar estas se\u00f1a\u00adles lo antes posi\u00adble. Algu\u00adnos indi\u00adci\u00ados t\u00edpi\u00adcos faci\u00adli\u00adtan la eva\u00adlu\u00adaci\u00f3n: <\/p>\n\n\n\n<div class=\"list-wrap\">\n<div class=\"list-item-wrap\">\n<img decoding=\"async\" class=\"list-item-image\" src=\"https:\/\/thermo-bug.de\/wp-content\/uploads\/2025\/09\/thermo-bug-list-icon.svg\" aria-hidden=\"true\">\n\n\n\n<div class=\"list-item-text-wrap\">\n<p class=\"gb-text list-item-title\">Pica\u00addu\u00adras<\/p>\n\n\n\n<p class=\"gb-text list-item-text\">Peque\u00ad\u00f1os pun\u00adtos o l\u00edne\u00adas rojas en bra\u00adzos y pier\u00adnas des\u00adpu\u00e9s de la sies\u00adta o de jugar.<\/p>\n<\/div>\n<\/div>\n\n\n\n<div class=\"list-item-wrap\">\n<img decoding=\"async\" class=\"list-item-image\" src=\"https:\/\/thermo-bug.de\/wp-content\/uploads\/2025\/09\/thermo-bug-list-icon.svg\" aria-hidden=\"true\">\n\n\n\n<div class=\"list-item-text-wrap\">\n<p class=\"gb-text list-item-title gb-text-4080977d\">Ras\u00adtros<\/p>\n\n\n\n<p class=\"gb-text list-item-text\">Pun\u00adtos oscu\u00adros en colcho\u00adne\u00adtas, tapi\u00adce\u00adr\u00ed\u00adas o sof\u00e1s que indi\u00adcan res\u00adtos de excre\u00adment\u00ados o sang\u00adre.<\/p>\n<\/div>\n<\/div>\n\n\n\n<div class=\"list-item-wrap\">\n<img decoding=\"async\" class=\"list-item-image\" src=\"https:\/\/thermo-bug.de\/wp-content\/uploads\/2025\/09\/thermo-bug-list-icon.svg\" aria-hidden=\"true\">\n\n\n\n<div class=\"list-item-text-wrap\">\n<p class=\"gb-text list-item-title gb-text-0b5cb971\">Olor<\/p>\n\n\n\n<p class=\"gb-text list-item-text\">Un olor dul\u00adz\u00f3n llama\u00adtivo pue\u00adde indi\u00adcar una infesta\u00adci\u00f3n avanzada.<\/p>\n<\/div>\n<\/div>\n\n\n\n<div class=\"list-item-wrap\">\n<img decoding=\"async\" class=\"list-item-image\" src=\"https:\/\/thermo-bug.de\/wp-content\/uploads\/2025\/09\/thermo-bug-list-icon.svg\" aria-hidden=\"true\">\n\n\n\n<div class=\"list-item-text-wrap\">\n<p class=\"gb-text list-item-title gb-text-43a8afb0\">Escon\u00addi\u00adtes<\/p>\n\n\n\n<p class=\"gb-text list-item-text\">Los refu\u00adgi\u00ados sue\u00adlen encon\u00adtrar\u00adse en rin\u00adco\u00adnes de jugue\u00adtes, colcho\u00adnes o mueb\u00adles de guar\u00addar\u00adro\u00adpa.<\/p>\n<\/div>\n<\/div>\n\n\n\n<div class=\"list-item-wrap\">\n<img decoding=\"async\" class=\"list-item-image\" src=\"https:\/\/thermo-bug.de\/wp-content\/uploads\/2025\/09\/thermo-bug-list-icon.svg\" aria-hidden=\"true\">\n\n\n\n<div class=\"list-item-text-wrap\">\n<p class=\"gb-text list-item-title gb-text-f0a23f33\">Per\u00adcep\u00adci\u00f3n<\/p>\n\n\n\n<p class=\"gb-text list-item-text\">Los ni\u00f1os expres\u00adan pron\u00adto su mal\u00ade\u00adstar; estas indi\u00adca\u00adcio\u00adnes deben tom\u00adarse en serio.<\/p>\n<\/div>\n<\/div>\n<\/div>\n\n\n\n<p class=\"gb-text\">Es importan\u00adte con\u00adtro\u00adlar peri\u00ad\u00f3\u00addi\u00adca\u00admen\u00adte las zonas sen\u00adsi\u00adbles para dete\u00adner un bro\u00adte a tiem\u00adpo.<\/p>\n<\/div>\n<\/div>\n\n\n\n<div class=\"ag-banner gb-element-78652c9a\"><\/div>\n\n\n\n<div class=\"spacing flex-centered\">\n<div class=\"container-text\" id=\"folgen\">\n<h2 class=\"gb-text\">\u00bfQu\u00e9 consecuencias tiene una infestaci\u00f3n en colegios o guarder\u00edas?<\/h2>\n\n\n\n<p class=\"gb-text\">Una infesta\u00adci\u00f3n de chin\u00adches no solo cau\u00adsa estr\u00e9s, sino que tam\u00adbi\u00e9n pue\u00adde soca\u00advar la con\u00adfi\u00adanza en el cen\u00adtro.<\/p>\n\n\n\n<div class=\"list-wrap\">\n<div class=\"list-item-wrap\">\n<img decoding=\"async\" class=\"list-item-image\" src=\"https:\/\/thermo-bug.de\/wp-content\/uploads\/2025\/09\/thermo-bug-list-icon.svg\" aria-hidden=\"true\">\n\n\n\n<div class=\"list-item-text-wrap\">\n<p class=\"gb-text list-item-title\">Con\u00adfi\u00adanza de los pad\u00adres<\/p>\n\n\n\n<p class=\"gb-text list-item-text\">Las defi\u00adci\u00aden\u00adci\u00adas de higie\u00adne pro\u00advo\u00adcan r\u00e1pi\u00adda\u00admen\u00adte que\u00adjas o p\u00e1ni\u00adco ent\u00adre los tuto\u00adres.<\/p>\n<\/div>\n<\/div>\n\n\n\n<div class=\"list-item-wrap\">\n<img decoding=\"async\" class=\"list-item-image\" src=\"https:\/\/thermo-bug.de\/wp-content\/uploads\/2025\/09\/thermo-bug-list-icon.svg\" aria-hidden=\"true\">\n\n\n\n<div class=\"list-item-text-wrap\">\n<p class=\"gb-text list-item-title gb-text-6497d9b1\">Bie\u00adne\u00adstar infan\u00adtil<\/p>\n\n\n\n<p class=\"gb-text list-item-text\">El picor y la inquietud per\u00adju\u00addi\u00adcan la con\u00adcen\u00adtra\u00adci\u00f3n y el entor\u00adno de apren\u00addi\u00adza\u00adje.<\/p>\n<\/div>\n<\/div>\n\n\n\n<div class=\"list-item-wrap\">\n<img decoding=\"async\" class=\"list-item-image\" src=\"https:\/\/thermo-bug.de\/wp-content\/uploads\/2025\/09\/thermo-bug-list-icon.svg\" aria-hidden=\"true\">\n\n\n\n<div class=\"list-item-text-wrap\">\n<p class=\"gb-text list-item-title gb-text-779d40e3\">Fun\u00adcio\u00adna\u00admi\u00aden\u00adto<\/p>\n\n\n\n<p class=\"gb-text list-item-text\">Es posi\u00adble que haya que cer\u00adrar o des\u00adin\u00adfec\u00adtar las salas, lo que per\u00adtur\u00adba la ruti\u00adna dia\u00adria.<\/p>\n<\/div>\n<\/div>\n\n\n\n<div class=\"list-item-wrap\">\n<img decoding=\"async\" class=\"list-item-image\" src=\"https:\/\/thermo-bug.de\/wp-content\/uploads\/2025\/09\/thermo-bug-list-icon.svg\" aria-hidden=\"true\">\n\n\n\n<div class=\"list-item-text-wrap\">\n<p class=\"gb-text list-item-title gb-text-1afda9d6\">Ima\u00adgen<\/p>\n\n\n\n<p class=\"gb-text list-item-text\">Los titu\u00adla\u00adres nega\u00adtivos pue\u00adden da\u00f1ar la reput\u00ada\u00adci\u00f3n a lar\u00adgo pla\u00adzo.<\/p>\n<\/div>\n<\/div>\n<\/div>\n\n\n\n<p class=\"gb-text\">Actu\u00adar con dis\u00adcreci\u00f3n y reac\u00adcio\u00adnar con rapi\u00addez ayu\u00adda a evi\u00adtar mayo\u00adres con\u00adse\u00adcuen\u00adci\u00adas.<\/p>\n<\/div>\n\n\n\n<div class=\"container-text\" id=\"thermo-bug\">\n<h2 class=\"gb-text\">Thermo-bug\u00ae como soluci\u00f3n ideal para colegios y guarder\u00edas<\/h2>\n\n\n\n<p class=\"gb-text\">Aqu\u00ed es don\u00adde Ther\u00admo-bug\u00ae desta\u00adca por su segu\u00adri\u00addad y efi\u00adca\u00adcia: el tra\u00adta\u00admi\u00aden\u00adto t\u00e9rmi\u00adco sin pro\u00adduc\u00adtos qu\u00ed\u00admi\u00adcos se rea\u00adli\u00adza de for\u00adma silen\u00adcio\u00adsa y sin olo\u00adres mole\u00ads\u00adtos. Importan\u00adte en el con\u00adtex\u00adto de guarder\u00edas\/colegios: todas las salas pue\u00adden vol\u00adver a uti\u00adli\u00adzar\u00adse r\u00e1pi\u00adda\u00admen\u00adte, ya que no se pro\u00addu\u00adcen ema\u00adna\u00adcio\u00adnes ni resi\u00addu\u00ados t\u00f3xi\u00adcos. Ther\u00admo-bug\u00ae mata de for\u00adma fia\u00adble con calor con\u00adstan\u00adte cual\u00adquier estado de des\u00adar\u00adrol\u00adlo de la chin\u00adche.  <\/p>\n\n\n\n<p class=\"gb-text\">A dife\u00adren\u00adcia de los tra\u00adta\u00admi\u00adent\u00ados con pul\u00adveri\u00adza\u00adci\u00f3n, no es nece\u00adsa\u00adrio vaci\u00adar o cubrir los mueb\u00adles y jugue\u00adtes en otras salas, lo que per\u00adtur\u00adba m\u00edni\u00adma\u00admen\u00adte el fun\u00adcio\u00adna\u00admi\u00aden\u00adto. El per\u00adso\u00adnal espe\u00adcia\u00adliz\u00adado en el con\u00adtrol de pla\u00adg\u00adas sabe apre\u00adci\u00adar Ther\u00admo-bug\u00ae como una medi\u00adda pro\u00adfe\u00adsio\u00adnal: ahor\u00adra tiem\u00adpo y mate\u00adri\u00adal, y el resul\u00adta\u00addo es sos\u00adteni\u00adble. <\/p>\n<\/div>\n<\/div>\n\n\n\n<div class=\"cta-wrap\">\n<div class=\"max-width-800\">\n<h2 class=\"gb-text\">\u00a1Act\u00fae ahora!<\/h2>\n\n\n\n<h3 class=\"gb-text\">P\u00f3ngase en contacto con Thermo-bug\u00ae y obtenga un presupuesto sin compromiso para su centro<\/h3>\n\n\n\n<p class=\"gb-text\">Si sospecha que hay chin\u00adches, debe actu\u00adar de inme\u00addia\u00adto. P\u00f3n\u00adga\u00adse en cont\u00adac\u00adto con Ther\u00admo-bug\u00ae para un tra\u00adta\u00admi\u00aden\u00adto t\u00e9rmi\u00adco r\u00e1pi\u00addo y dis\u00adcreto. Pro\u00adte\u00adja a los ni\u00f1os y al per\u00adso\u00adnal, sin nece\u00adsi\u00addad de pro\u00adduc\u00adtos t\u00f3xi\u00adcos. Lla\u00adme aho\u00adra y obten\u00adga ase\u00adso\u00adr\u00adami\u00aden\u00adto sin com\u00adpromiso.   <\/p>\n\n\n\n<a class=\"gb-text button-primary\" href=\"https:\/\/thermo-bug.de\/es\/usar-thermo-bug\/\">Uti\u00adli\u00adce Ther\u00admo-bug\u00ae aho\u00adra<\/a>\n<\/div>\n<\/div>\n\n\n\n<div class=\"section-wrap\">\n<div class=\"section-image-wrap gb-element-e6a8092c\"><\/div>\n\n\n\n<div class=\"section-text-wrap\">\n<div class=\"max-width-800\">\n<h2 class=\"gb-text\">\u00a1Thermo-bug\u00ae puede hacer m\u00e1s que solo eliminar chinches!<\/h2>\n\n\n\n<p class=\"gb-text\">Ther\u00admo-bug\u00ae tam\u00adbi\u00e9n com\u00adba\u00adte otras pla\u00adg\u00adas dom\u00e9\u00adsti\u00adcas en cole\u00adgi\u00ados y guar\u00adde\u00adr\u00ed\u00adas. \u00bfPla\u00adg\u00adas en el teja\u00addo o en la alfom\u00adbra de jue\u00adgos? Ther\u00admo-bug\u00ae garan\u00adtiza un entor\u00adno segu\u00adro, sin resi\u00addu\u00ados y agra\u00adda\u00adble para los ni\u00f1os y el per\u00adso\u00adnal.  <\/p>\n\n\n\n<div class=\"buttons-wrap\">\n<a class=\"gb-text button-primary\" href=\"https:\/\/thermo-bug.de\/es\/chinches-y-compania\/\">Des\u00adcu\u00adbra aho\u00adra todas las pla\u00adg\u00adas<\/a>\n<\/div>\n<\/div>\n<\/div>\n<\/div>\n\n\n\n<div class=\"section-wrap\">\n<div class=\"section-text-wrap\">\n<div class=\"max-width-800\">\n<h2 class=\"gb-text\">Eficaz en cualquier habitaci\u00f3n<\/h2>\n\n\n\n<p class=\"gb-text\">Des\u00adcub\u00adre otros luga\u00adres don\u00adde pue\u00addes usar Ther\u00admo-bug\u00ae:<\/p>\n\n\n\n<div class=\"list-wrap\">\n<div class=\"list-item-wrap\">\n<img decoding=\"async\" class=\"list-item-image\" src=\"https:\/\/thermo-bug.de\/wp-content\/uploads\/2025\/09\/thermo-bug-list-icon.svg\" aria-hidden=\"true\">\n\n\n\n<div class=\"list-item-text-wrap\">\n<p class=\"gb-text list-item-text ag-list-link\"><a href=\"https:\/\/thermo-bug.de\/es\/areas-de-aplicacion\/hotel\/\" data-type=\"page\" data-id=\"194\">Hotel<\/a><\/p>\n<\/div>\n<\/div>\n\n\n\n<div class=\"list-item-wrap\">\n<img decoding=\"async\" class=\"list-item-image\" src=\"https:\/\/thermo-bug.de\/wp-content\/uploads\/2025\/09\/thermo-bug-list-icon.svg\" aria-hidden=\"true\">\n\n\n\n<div class=\"list-item-text-wrap\">\n<p class=\"gb-text list-item-text ag-list-link\"><a href=\"https:\/\/thermo-bug.de\/es\/areas-de-aplicacion\/hogares-privados\/\" data-type=\"page\" data-id=\"198\">Hoga\u00adres priv\u00ada\u00addos<\/a><\/p>\n<\/div>\n<\/div>\n\n\n\n<div class=\"list-item-wrap\">\n<img decoding=\"async\" class=\"list-item-image\" src=\"https:\/\/thermo-bug.de\/wp-content\/uploads\/2025\/09\/thermo-bug-list-icon.svg\" aria-hidden=\"true\">\n\n\n\n<div class=\"list-item-text-wrap\">\n<p class=\"gb-text list-item-text ag-list-link\"><a href=\"https:\/\/thermo-bug.de\/es\/areas-de-aplicacion\/alojamientos-para-trabajadores\/\" data-type=\"page\" data-id=\"201\">Alo\u00adja\u00admi\u00adent\u00ados para tra\u00adba\u00adja\u00addo\u00adres<\/a><\/p>\n<\/div>\n<\/div>\n\n\n\n<div class=\"list-item-wrap\">\n<img decoding=\"async\" class=\"list-item-image\" src=\"https:\/\/thermo-bug.de\/wp-content\/uploads\/2025\/09\/thermo-bug-list-icon.svg\" aria-hidden=\"true\">\n\n\n\n<div class=\"list-item-text-wrap\">\n<p class=\"gb-text list-item-text ag-list-link\"><a href=\"https:\/\/thermo-bug.de\/es\/areas-de-aplicacion\/hospital\/\" data-type=\"page\" data-id=\"209\">Hos\u00adpi\u00adtal<\/a><\/p>\n<\/div>\n<\/div>\n\n\n\n<div class=\"list-item-wrap\">\n<img decoding=\"async\" class=\"list-item-image\" src=\"https:\/\/thermo-bug.de\/wp-content\/uploads\/2025\/09\/thermo-bug-list-icon.svg\" aria-hidden=\"true\">\n\n\n\n<div class=\"list-item-text-wrap\">\n<p class=\"gb-text list-item-text ag-list-link\"><a href=\"https:\/\/thermo-bug.de\/es\/areas-de-aplicacion\/residencia-de-ancianos\/\" data-type=\"page\" data-id=\"213\">Resi\u00adden\u00adcia de ancia\u00adnos<\/a><\/p>\n<\/div>\n<\/div>\n\n\n\n<div class=\"list-item-wrap\">\n<img decoding=\"async\" class=\"list-item-image\" src=\"https:\/\/thermo-bug.de\/wp-content\/uploads\/2025\/09\/thermo-bug-list-icon.svg\" aria-hidden=\"true\">\n\n\n\n<div class=\"list-item-text-wrap\">\n<p class=\"gb-text list-item-text ag-list-link\"><a href=\"https:\/\/thermo-bug.de\/es\/areas-de-aplicacion\/alojamiento-para-refugiados\/\" data-type=\"page\" data-id=\"217\">Alo\u00adja\u00admi\u00aden\u00adto para refu\u00adgi\u00ada\u00addos<\/a><\/p>\n<\/div>\n<\/div>\n\n\n\n<div class=\"list-item-wrap\">\n<img decoding=\"async\" class=\"list-item-image\" src=\"https:\/\/thermo-bug.de\/wp-content\/uploads\/2025\/09\/thermo-bug-list-icon.svg\" aria-hidden=\"true\">\n\n\n\n<div class=\"list-item-text-wrap\">\n<p class=\"gb-text list-item-text ag-list-link\"><a href=\"https:\/\/thermo-bug.de\/es\/areas-de-aplicacion\/prision\/\" data-type=\"page\" data-id=\"221\">Pri\u00adsi\u00f3n<\/a><\/p>\n<\/div>\n<\/div>\n<\/div>\n\n\n\n<div class=\"buttons-wrap\">\n<a class=\"gb-text button-primary\" href=\"https:\/\/thermo-bug.de\/es\/areas-de-aplicacion\/\">Des\u00adcu\u00adbra todas las apli\u00adca\u00adcio\u00adnes<\/a>\n\n\n\n<a class=\"gb-text button-secondary\" href=\"https:\/\/thermo-bug.de\/es\/usar-thermo-bug\/\">Uti\u00adli\u00adce Ther\u00admo-bug<strong>\u00ae<\/strong><\/a>\n<\/div>\n<\/div>\n<\/div>\n\n\n\n<div class=\"section-image-wrap gb-element-7c7bf038\"><\/div>\n<\/div>\n<\/div>\n","protected":false},"excerpt":{"rendered":"<p>Con\u00adtrol de pla\u00adg\u00adas en cole\u00adgi\u00ados y guar\u00adde\u00adr\u00ed\u00adas Segu\u00adro, r\u00e1pi\u00addo y efi\u00adcaz Con\u00adtrol r\u00e1pi\u00addo y sin pro\u00adduc\u00adtos qu\u00ed\u00admi\u00adcos de las chin\u00adches para guar\u00adde\u00adr\u00ed\u00adas y cole\u00adgi\u00ados. Tra\u00adta\u00admi\u00aden\u00adto t\u00e9rmi\u00adco dis\u00adcreto, sin olor a pro\u00adduc\u00adtos qu\u00ed\u00admi\u00adcos, las salas pue\u00adden seguir uti\u00adli\u00adz\u00e1n\u00addo\u00adse. Pro\u00adtecci\u00f3n para ni\u00f1os y per\u00adso\u00adnal. \u00a1M\u00e1s infor\u00admaci\u00f3n! M\u00e1s infor\u00admaci\u00f3n Con\u00adteni\u00addo \u00bfC\u00f3mo se pro\u00addu\u00adce la infesta\u00adci\u00f3n en la guar\u00adde\u00adr\u00eda \u2026 <a title=\"Guarder\u00eda y escuela\" class=\"read-more\" href=\"https:\/\/thermo-bug.de\/es\/areas-de-aplicacion\/guarderia-y-escuela\/\" aria-label=\"Leer m\u00e1s sobre Guarder\u00eda y escuela\">Leer m\u00e1s<\/a><\/p>\n","protected":false},"author":1,"featured_media":0,"parent":1179,"menu_order":4,"comment_status":"closed","ping_status":"closed","template":"","meta":{"wp_typography_post_enhancements_disabled":false,"footnotes":""},"class_list":["post-1268","page","type-page","status-publish"],"_links":{"self":[{"href":"https:\/\/thermo-bug.de\/es\/wp-json\/wp\/v2\/pages\/1268","targetHints":{"allow":["GET"]}}],"collection":[{"href":"https:\/\/thermo-bug.de\/es\/wp-json\/wp\/v2\/pages"}],"about":[{"href":"https:\/\/thermo-bug.de\/es\/wp-json\/wp\/v2\/types\/page"}],"author":[{"embeddable":true,"href":"https:\/\/thermo-bug.de\/es\/wp-json\/wp\/v2\/users\/1"}],"replies":[{"embeddable":true,"href":"https:\/\/thermo-bug.de\/es\/wp-json\/wp\/v2\/comments?post=1268"}],"version-history":[{"count":7,"href":"https:\/\/thermo-bug.de\/es\/wp-json\/wp\/v2\/pages\/1268\/revisions"}],"predecessor-version":[{"id":2027,"href":"https:\/\/thermo-bug.de\/es\/wp-json\/wp\/v2\/pages\/1268\/revisions\/2027"}],"up":[{"embeddable":true,"href":"https:\/\/thermo-bug.de\/es\/wp-json\/wp\/v2\/pages\/1179"}],"wp:attachment":[{"href":"https:\/\/thermo-bug.de\/es\/wp-json\/wp\/v2\/media?parent=1268"}],"curies":[{"name":"wp","href":"https:\/\/api.w.org\/{rel}","templated":true}]}}