{"id":1288,"date":"2025-09-10T09:19:47","date_gmt":"2025-09-10T09:19:47","guid":{"rendered":"https:\/\/thermo-bug.de\/areas-de-aplicacion\/hospital\/"},"modified":"2026-03-20T09:19:00","modified_gmt":"2026-03-20T09:19:00","slug":"hospital","status":"publish","type":"page","link":"https:\/\/thermo-bug.de\/es\/areas-de-aplicacion\/hospital\/","title":{"rendered":"Hospital"},"content":{"rendered":"\n<div class=\"alignfull\">\n<div class=\"hero-wrap\">\n<div class=\"section-text-wrap\">\n<div class=\"max-width-800\">\n<h1 class=\"gb-text\">Chinches de cama en hospitales o consultorios m\u00e9dicos<\/h1>\n\n\n\n<h2 class=\"gb-text h2-hero\">\u00a1Thermo-bug\u00ae ayuda!<\/h2>\n\n\n\n<p class=\"gb-text\">Con\u00adtrol de chin\u00adches de cama dis\u00adcreto, segu\u00adro y no t\u00f3xi\u00adco para cl\u00ed\u00adni\u00adcas y hos\u00adpi\u00adta\u00adles. Ther\u00admo-bug\u00ae eli\u00admi\u00adna las chin\u00adches de cama de for\u00adma r\u00e1pi\u00adda e inocua medi\u00adan\u00adte calor. \u00a1Soli\u00adci\u00adte ase\u00adso\u00adr\u00adami\u00aden\u00adto aho\u00adra!  <\/p>\n\n\n\n<div class=\"buttons-wrap\">\n<a class=\"gb-text button-primary\" href=\"#info\">M\u00e1s infor\u00admaci\u00f3n<\/a>\n<\/div>\n<\/div>\n<\/div>\n\n\n\n<div class=\"section-image-wrap hero-image gb-element-02660d31\"><\/div>\n<\/div>\n\n\n\n<div class=\"inhalt-wrap\" id=\"info\">\n<div class=\"container-text\">\n<div class=\"gb-text inhalt-title\">Con\u00adteni\u00addo<\/div>\n\n\n\n<div class=\"list-wrap\">\n<div class=\"list-item-wrap\">\n<img decoding=\"async\" class=\"list-item-image\" src=\"https:\/\/thermo-bug.de\/wp-content\/uploads\/2025\/09\/thermo-bug-list-icon.svg\" aria-hidden=\"true\">\n\n\n\n<div class=\"list-item-text-wrap\">\n<p class=\"gb-text list-item-text ag-list-link\"><a href=\"#wieso\">\u00bfC\u00f3mo se pro\u00addu\u00adce una infesta\u00adci\u00f3n en un hos\u00adpi\u00adtal?<\/a><\/p>\n<\/div>\n<\/div>\n\n\n\n<div class=\"list-item-wrap\">\n<img decoding=\"async\" class=\"list-item-image\" src=\"https:\/\/thermo-bug.de\/wp-content\/uploads\/2025\/09\/thermo-bug-list-icon.svg\" aria-hidden=\"true\">\n\n\n\n<div class=\"list-item-text-wrap\">\n<p class=\"gb-text list-item-text ag-list-link\"><a href=\"#befall-erkennen\">\u00bfC\u00f3mo se detec\u00adtan las chin\u00adches de cama en cen\u00adtros m\u00e9d\u00adicos?<\/a><\/p>\n<\/div>\n<\/div>\n\n\n\n<div class=\"list-item-wrap\">\n<img decoding=\"async\" class=\"list-item-image\" src=\"https:\/\/thermo-bug.de\/wp-content\/uploads\/2025\/09\/thermo-bug-list-icon.svg\" aria-hidden=\"true\">\n\n\n\n<div class=\"list-item-text-wrap\">\n<p class=\"gb-text list-item-text ag-list-link\"><a href=\"#folgen\">\u00bfQu\u00e9 con\u00adse\u00adcuen\u00adci\u00adas tiene una infesta\u00adci\u00f3n para el fun\u00adcio\u00adna\u00admi\u00aden\u00adto de la cl\u00ed\u00adni\u00adca y los paci\u00aden\u00adtes?<\/a><\/p>\n<\/div>\n<\/div>\n\n\n\n<div class=\"list-item-wrap\">\n<img decoding=\"async\" class=\"list-item-image\" src=\"https:\/\/thermo-bug.de\/wp-content\/uploads\/2025\/09\/thermo-bug-list-icon.svg\" aria-hidden=\"true\">\n\n\n\n<div class=\"list-item-text-wrap\">\n<p class=\"gb-text list-item-text ag-list-link\"><a href=\"#thermo-bug\">Ther\u00admo-bug\u00ae como solu\u00adci\u00f3n para hos\u00adpi\u00adta\u00adles<\/a><\/p>\n<\/div>\n<\/div>\n<\/div>\n<\/div>\n<\/div>\n\n\n\n<div class=\"spacing flex-centered\">\n<div class=\"container-text\" id=\"wieso\">\n<h2 class=\"gb-text\">\u00bfC\u00f3mo se produce una infestaci\u00f3n en un hospital?<\/h2>\n\n\n\n<p class=\"gb-text\">Los hos\u00adpi\u00adta\u00adles y las cl\u00ed\u00adni\u00adcas ven un flu\u00adjo con\u00adstan\u00adte de per\u00adso\u00adnas de todo el mun\u00addo: un solo paci\u00aden\u00adte con equi\u00adpa\u00adje o pren\u00addas de ves\u00adtir infesta\u00addas de insec\u00adtos pue\u00adde desen\u00adca\u00adde\u00adnar una infesta\u00adci\u00f3n. Tam\u00adbi\u00e9n son posi\u00adbles los cam\u00adbi\u00ados de habit\u00ada\u00adci\u00f3n de los paci\u00aden\u00adtes, los mueb\u00adles de segun\u00adda mano en las salas de estar o las trans\u00admi\u00adsio\u00adnes por par\u00adte del per\u00adso\u00adnal. Dado que los hos\u00adpi\u00adta\u00adles son muy fre\u00adcuen\u00adta\u00addos a dia\u00adrio, las chin\u00adches de cama siemp\u00adre encuen\u00adtran nue\u00advos hu\u00e9\u00ads\u00adpe\u00addes en for\u00adma de paci\u00aden\u00adtes o per\u00adso\u00adnal.  <\/p>\n<\/div>\n\n\n\n<div class=\"container-text\" id=\"befall-erkennen\">\n<h2 class=\"gb-text\">\u00bfC\u00f3mo se detectan las chinches de cama en centros m\u00e9dicos?<\/h2>\n\n\n\n<p class=\"gb-text\">En las cl\u00ed\u00adni\u00adcas, las chin\u00adches son dif\u00ed\u00adci\u00adles de detec\u00adtar debi\u00addo a las con\u00adstan\u00adtes medi\u00addas de higie\u00adne, pero las huel\u00adlas t\u00edpi\u00adcas ayu\u00addan al per\u00adso\u00adnal capa\u00adci\u00adta\u00addo en la detecci\u00f3n tem\u00adpra\u00adna:<\/p>\n\n\n\n<div class=\"list-wrap\">\n<div class=\"list-item-wrap\">\n<img decoding=\"async\" class=\"list-item-image\" src=\"https:\/\/thermo-bug.de\/wp-content\/uploads\/2025\/09\/thermo-bug-list-icon.svg\" aria-hidden=\"true\">\n\n\n\n<div class=\"list-item-text-wrap\">\n<p class=\"gb-text list-item-title\">Que\u00adjas<\/p>\n\n\n\n<p class=\"gb-text list-item-text\">Vari\u00ados paci\u00aden\u00adtes con pica\u00adz\u00f3n o reac\u00adcio\u00adnes cut\u00e1\u00adne\u00adas inex\u00adpli\u00adca\u00adbles.<\/p>\n<\/div>\n<\/div>\n\n\n\n<div class=\"list-item-wrap\">\n<img decoding=\"async\" class=\"list-item-image\" src=\"https:\/\/thermo-bug.de\/wp-content\/uploads\/2025\/09\/thermo-bug-list-icon.svg\" aria-hidden=\"true\">\n\n\n\n<div class=\"list-item-text-wrap\">\n<p class=\"gb-text list-item-title gb-text-4080977d\">Ras\u00adtros<\/p>\n\n\n\n<p class=\"gb-text list-item-text\">Pun\u00adtos de excre\u00admen\u00adto, man\u00adchas de sang\u00adre o res\u00adtos de muda en la ropa de cama o la ropa.<\/p>\n<\/div>\n<\/div>\n\n\n\n<div class=\"list-item-wrap\">\n<img decoding=\"async\" class=\"list-item-image\" src=\"https:\/\/thermo-bug.de\/wp-content\/uploads\/2025\/09\/thermo-bug-list-icon.svg\" aria-hidden=\"true\">\n\n\n\n<div class=\"list-item-text-wrap\">\n<p class=\"gb-text list-item-title gb-text-0b5cb971\">Olor<\/p>\n\n\n\n<p class=\"gb-text list-item-text\">Un olor dul\u00adz\u00f3n y ran\u00adcio es cla\u00adra\u00admen\u00adte per\u00adcep\u00adti\u00adble en caso de una infesta\u00adci\u00f3n mayor.<\/p>\n<\/div>\n<\/div>\n\n\n\n<div class=\"list-item-wrap\">\n<img decoding=\"async\" class=\"list-item-image\" src=\"https:\/\/thermo-bug.de\/wp-content\/uploads\/2025\/09\/thermo-bug-list-icon.svg\" aria-hidden=\"true\">\n\n\n\n<div class=\"list-item-text-wrap\">\n<p class=\"gb-text list-item-title gb-text-43a8afb0\">Escon\u00addi\u00adtes<\/p>\n\n\n\n<p class=\"gb-text list-item-text\">A menu\u00addo se escon\u00adden en las jun\u00adtas de los colcho\u00adnes, las mesi\u00adtas de noche o deba\u00adjo de los asi\u00adent\u00ados.<\/p>\n<\/div>\n<\/div>\n\n\n\n<div class=\"list-item-wrap\">\n<img decoding=\"async\" class=\"list-item-image\" src=\"https:\/\/thermo-bug.de\/wp-content\/uploads\/2025\/09\/thermo-bug-list-icon.svg\" aria-hidden=\"true\">\n\n\n\n<div class=\"list-item-text-wrap\">\n<p class=\"gb-text list-item-title gb-text-f0a23f33\">Indi\u00adca\u00adcio\u00adnes<\/p>\n\n\n\n<p class=\"gb-text list-item-text\">Los infor\u00admes de paci\u00aden\u00adtes o fami\u00adlia\u00adres deben tom\u00adarse en serio.<\/p>\n<\/div>\n<\/div>\n<\/div>\n\n\n\n<p class=\"gb-text\">La vigi\u00adlan\u00adcia y la for\u00admaci\u00f3n del per\u00adso\u00adnal son cru\u00adcia\u00adles para detec\u00adtar las chin\u00adches de cama a tiem\u00adpo.<\/p>\n<\/div>\n<\/div>\n\n\n\n<div class=\"ag-banner gb-element-78652c9a\"><\/div>\n\n\n\n<div class=\"spacing flex-centered\">\n<div class=\"container-text\" id=\"folgen\">\n<h2 class=\"gb-text\">\u00bfQu\u00e9 consecuencias tiene una infestaci\u00f3n para el funcionamiento de la cl\u00ednica y los pacientes?<\/h2>\n\n\n\n<p class=\"gb-text\">En los hos\u00adpi\u00adta\u00adles, las con\u00adse\u00adcuen\u00adci\u00adas de una infesta\u00adci\u00f3n son espe\u00adcial\u00admen\u00adte gra\u00adves, tan\u00adto para los paci\u00aden\u00adtes como para el fun\u00adcio\u00adna\u00admi\u00aden\u00adto.<\/p>\n\n\n\n<div class=\"list-wrap\">\n<div class=\"list-item-wrap\">\n<img decoding=\"async\" class=\"list-item-image\" src=\"https:\/\/thermo-bug.de\/wp-content\/uploads\/2025\/09\/thermo-bug-list-icon.svg\" aria-hidden=\"true\">\n\n\n\n<div class=\"list-item-text-wrap\">\n<p class=\"gb-text list-item-title\">Salud<\/p>\n\n\n\n<p class=\"gb-text list-item-text\">Reac\u00adcio\u00adnes cut\u00e1\u00adne\u00adas, infla\u00admacio\u00adnes o, en casos extre\u00admos, cho\u00adques al\u00e9rgi\u00adcos. De lo con\u00adtra\u00adrio, los afec\u00adta\u00addos expe\u00adri\u00admen\u00adtan una sen\u00adsa\u00adci\u00f3n gene\u00adral de enfer\u00adme\u00addad, posi\u00adblem\u00aden\u00adte con fieb\u00adre, n\u00e1u\u00adse\u00adas e insom\u00adnio. En caso de una infesta\u00adci\u00f3n gra\u00adve duran\u00adte un per\u00edo\u00addo pro\u00adlon\u00adga\u00addo, en casos ais\u00adla\u00addos pue\u00adde incluso pro\u00addu\u00adcir\u00adse anemia.  <\/p>\n<\/div>\n<\/div>\n\n\n\n<div class=\"list-item-wrap\">\n<img decoding=\"async\" class=\"list-item-image\" src=\"https:\/\/thermo-bug.de\/wp-content\/uploads\/2025\/09\/thermo-bug-list-icon.svg\" aria-hidden=\"true\">\n\n\n\n<div class=\"list-item-text-wrap\">\n<p class=\"gb-text list-item-title gb-text-6497d9b1\">Per\u00adso\u00adnas vul\u00adner\u00adables<\/p>\n\n\n\n<p class=\"gb-text list-item-text\">Los paci\u00aden\u00adtes d\u00e9bi\u00adles o post\u00adra\u00addos en cama son espe\u00adcial\u00admen\u00adte vul\u00adner\u00adables. Ade\u00adm\u00e1s, las chin\u00adches de cama gener\u00adan un alto estr\u00e9s psi\u00adcol\u00f3\u00adgi\u00adco, lo que pue\u00adde afec\u00adtar el pro\u00adce\u00adso de cura\u00adci\u00f3n de paci\u00aden\u00adtes ya enfer\u00admos. <\/p>\n<\/div>\n<\/div>\n\n\n\n<div class=\"list-item-wrap\">\n<img decoding=\"async\" class=\"list-item-image\" src=\"https:\/\/thermo-bug.de\/wp-content\/uploads\/2025\/09\/thermo-bug-list-icon.svg\" aria-hidden=\"true\">\n\n\n\n<div class=\"list-item-text-wrap\">\n<p class=\"gb-text list-item-title gb-text-779d40e3\">Reput\u00ada\u00adci\u00f3n<\/p>\n\n\n\n<p class=\"gb-text list-item-text\">Los par\u00e1\u00adsi\u00adtos en el hos\u00adpi\u00adtal tie\u00adnen un efec\u00adto disua\u00ads\u00ado\u00adrio: la con\u00adfi\u00adanza se ve afec\u00adta\u00adda.<\/p>\n<\/div>\n<\/div>\n<\/div>\n\n\n\n<p class=\"gb-text\">Una actu\u00adaci\u00f3n r\u00e1pi\u00adda y dis\u00adcreta pro\u00adte\u00adge la salud de los paci\u00aden\u00adtes y el per\u00adso\u00adnal, la ima\u00adgen y los pro\u00adce\u00adsos ope\u00adra\u00adtivos importan\u00adtes.<\/p>\n<\/div>\n\n\n\n<div class=\"container-text\" id=\"thermo-bug\">\n<h2 class=\"gb-text\">Thermo-bug\u00ae como soluci\u00f3n para hospitales<\/h2>\n\n\n\n<p class=\"gb-text\">Ther\u00admo-bug\u00ae es per\u00adfec\u00adto para garan\u00adti\u00adzar la segu\u00adri\u00addad r\u00e1pi\u00adda\u00admen\u00adte en \u00e1re\u00adas cl\u00ed\u00adni\u00adcas sen\u00adsi\u00adbles: el tra\u00adta\u00admi\u00aden\u00adto t\u00e9rmi\u00adco no requie\u00adre pro\u00adduc\u00adtos qu\u00ed\u00admi\u00adcos t\u00f3xi\u00adcos que pued\u00adan inter\u00adfer\u00adir con medi\u00adca\u00adment\u00ados o dis\u00adpo\u00adsi\u00adtivos m\u00e9d\u00adicos. Nues\u00adtros dis\u00adpo\u00adsi\u00adtivos fun\u00adcio\u00adn\u00adan de for\u00adma silen\u00adcio\u00adsa y no dejan olor, por lo que las habit\u00ada\u00adcio\u00adnes de los paci\u00aden\u00adtes pue\u00adden vol\u00adver a ocu\u00adp\u00adar\u00adse r\u00e1pi\u00adda\u00admen\u00adte des\u00adpu\u00e9s del tra\u00adta\u00admi\u00aden\u00adto. <\/p>\n\n\n\n<p class=\"gb-text\">La eli\u00admi\u00adnaci\u00f3n al 100% medi\u00adan\u00adte calor a m\u00e1s de 60\u00b0C eli\u00admi\u00adna todas las chin\u00adches de cama y los hue\u00advos, incluso en rin\u00adco\u00adnes de dif\u00ed\u00adcil acce\u00adso. A dife\u00adren\u00adcia de la fum\u00adi\u00adga\u00adci\u00f3n o la pul\u00adveri\u00adza\u00adci\u00f3n, no se uti\u00adliz\u00adan pro\u00adduc\u00adtos qu\u00ed\u00admi\u00adcos noci\u00advos. En gene\u00adral, el tra\u00adta\u00admi\u00aden\u00adto t\u00e9rmi\u00adco Ther\u00admo-bug\u00ae es una alter\u00adna\u00adti\u00adva exhaus\u00adti\u00adva, segu\u00adra para ni\u00f1os y paci\u00aden\u00adtes, ide\u00adal para cl\u00ed\u00adni\u00adcas, farm\u00adaci\u00adas y otros cen\u00adtros m\u00e9d\u00adicos.  <\/p>\n<\/div>\n<\/div>\n\n\n\n<div class=\"cta-wrap\">\n<div class=\"max-width-800\">\n<h2 class=\"gb-text\">\u00a1Act\u00fae ahora!<\/h2>\n\n\n\n<h3 class=\"gb-text\">Solicitar asesoramiento inmediato para la cl\u00ednica<\/h3>\n\n\n\n<p class=\"gb-text\">Si exis\u00adte la m\u00e1s m\u00edni\u00adma sospecha de chin\u00adches de cama, reac\u00adcio\u00adne de for\u00adma r\u00e1pi\u00adda y pro\u00adfe\u00adsio\u00adnal. Lla\u00adme a Ther\u00admo-bug\u00ae: devol\u00adveremos r\u00e1pi\u00adda\u00admen\u00adte a su cl\u00ed\u00adni\u00adca o con\u00adsult\u00adorio un estado higi\u00e9\u00adni\u00adca\u00admen\u00adte impe\u00adca\u00adble. Lla\u00adme aho\u00adra y obten\u00adga ase\u00adso\u00adr\u00adami\u00aden\u00adto sin com\u00adpromiso.  <\/p>\n\n\n\n<a class=\"gb-text button-primary\" href=\"https:\/\/thermo-bug.de\/es\/usar-thermo-bug\/\">Uti\u00adli\u00adce Ther\u00admo-bug\u00ae aho\u00adra<\/a>\n<\/div>\n<\/div>\n\n\n\n<div class=\"section-wrap\">\n<div class=\"section-image-wrap gb-element-e6a8092c\"><\/div>\n\n\n\n<div class=\"section-text-wrap\">\n<div class=\"max-width-800\">\n<h2 class=\"gb-text\">\u00a1Thermo-bug\u00ae puede hacer m\u00e1s que solo eliminar chinches!<\/h2>\n\n\n\n<p class=\"gb-text\">En habit\u00ada\u00adcio\u00adnes con alta rot\u00adaci\u00f3n, tam\u00adbi\u00e9n se pro\u00adpa\u00adgan r\u00e1pi\u00adda\u00admen\u00adte las hor\u00admi\u00adgas, las cuca\u00adrach\u00adas o las pul\u00adgas. Ther\u00admo-bug\u00ae es una solu\u00adci\u00f3n fle\u00adxi\u00adble para muchos tipos de pla\u00adg\u00adas, sin pro\u00adduc\u00adtos qu\u00ed\u00admi\u00adcos, pero con un efec\u00adto dura\u00adde\u00adro. Para que todos pued\u00adan vol\u00adver a sen\u00adtir\u00adse segu\u00adros.  <\/p>\n\n\n\n<div class=\"buttons-wrap\">\n<a class=\"gb-text button-primary\" href=\"https:\/\/thermo-bug.de\/es\/chinches-y-compania\/\">Des\u00adcu\u00adbra aho\u00adra todas las pla\u00adg\u00adas<\/a>\n<\/div>\n<\/div>\n<\/div>\n<\/div>\n\n\n\n<div class=\"section-wrap\">\n<div class=\"section-text-wrap\">\n<div class=\"max-width-800\">\n<h2 class=\"gb-text\">Eficaz en cualquier habitaci\u00f3n<\/h2>\n\n\n\n<p class=\"gb-text\">Des\u00adcub\u00adre otros luga\u00adres don\u00adde pue\u00addes usar Ther\u00admo-bug\u00ae:<\/p>\n\n\n\n<div class=\"list-wrap\">\n<div class=\"list-item-wrap\">\n<img decoding=\"async\" class=\"list-item-image\" src=\"https:\/\/thermo-bug.de\/wp-content\/uploads\/2025\/09\/thermo-bug-list-icon.svg\" aria-hidden=\"true\">\n\n\n\n<div class=\"list-item-text-wrap\">\n<p class=\"gb-text list-item-text ag-list-link\"><a href=\"https:\/\/thermo-bug.de\/es\/areas-de-aplicacion\/hotel\/\" data-type=\"page\" data-id=\"194\">Hotel<\/a><\/p>\n<\/div>\n<\/div>\n\n\n\n<div class=\"list-item-wrap\">\n<img decoding=\"async\" class=\"list-item-image\" src=\"https:\/\/thermo-bug.de\/wp-content\/uploads\/2025\/09\/thermo-bug-list-icon.svg\" aria-hidden=\"true\">\n\n\n\n<div class=\"list-item-text-wrap\">\n<p class=\"gb-text list-item-text ag-list-link\"><a href=\"https:\/\/thermo-bug.de\/es\/areas-de-aplicacion\/hogares-privados\/\" data-type=\"page\" data-id=\"198\">Hoga\u00adres priv\u00ada\u00addos<\/a><\/p>\n<\/div>\n<\/div>\n\n\n\n<div class=\"list-item-wrap\">\n<img decoding=\"async\" class=\"list-item-image\" src=\"https:\/\/thermo-bug.de\/wp-content\/uploads\/2025\/09\/thermo-bug-list-icon.svg\" aria-hidden=\"true\">\n\n\n\n<div class=\"list-item-text-wrap\">\n<p class=\"gb-text list-item-text ag-list-link\"><a href=\"https:\/\/thermo-bug.de\/es\/areas-de-aplicacion\/alojamientos-para-trabajadores\/\" data-type=\"page\" data-id=\"201\">Alo\u00adja\u00admi\u00adent\u00ados para tra\u00adba\u00adja\u00addo\u00adres<\/a><\/p>\n<\/div>\n<\/div>\n\n\n\n<div class=\"list-item-wrap\">\n<img decoding=\"async\" class=\"list-item-image\" src=\"https:\/\/thermo-bug.de\/wp-content\/uploads\/2025\/09\/thermo-bug-list-icon.svg\" aria-hidden=\"true\">\n\n\n\n<div class=\"list-item-text-wrap\">\n<p class=\"gb-text list-item-text ag-list-link\"><a href=\"https:\/\/thermo-bug.de\/es\/areas-de-aplicacion\/guarderia-y-escuela\/\" data-type=\"page\" data-id=\"205\">Guar\u00adde\u00adr\u00eda y escue\u00adla<\/a><\/p>\n<\/div>\n<\/div>\n\n\n\n<div class=\"list-item-wrap\">\n<img decoding=\"async\" class=\"list-item-image\" src=\"https:\/\/thermo-bug.de\/wp-content\/uploads\/2025\/09\/thermo-bug-list-icon.svg\" aria-hidden=\"true\">\n\n\n\n<div class=\"list-item-text-wrap\">\n<p class=\"gb-text list-item-text ag-list-link\"><a href=\"https:\/\/thermo-bug.de\/es\/areas-de-aplicacion\/residencia-de-ancianos\/\" data-type=\"page\" data-id=\"213\">Resi\u00adden\u00adcia de ancia\u00adnos<\/a><\/p>\n<\/div>\n<\/div>\n\n\n\n<div class=\"list-item-wrap\">\n<img decoding=\"async\" class=\"list-item-image\" src=\"https:\/\/thermo-bug.de\/wp-content\/uploads\/2025\/09\/thermo-bug-list-icon.svg\" aria-hidden=\"true\">\n\n\n\n<div class=\"list-item-text-wrap\">\n<p class=\"gb-text list-item-text ag-list-link\"><a href=\"https:\/\/thermo-bug.de\/es\/areas-de-aplicacion\/alojamiento-para-refugiados\/\" data-type=\"page\" data-id=\"217\">Alo\u00adja\u00admi\u00aden\u00adto para refu\u00adgi\u00ada\u00addos<\/a><\/p>\n<\/div>\n<\/div>\n\n\n\n<div class=\"list-item-wrap\">\n<img decoding=\"async\" class=\"list-item-image\" src=\"https:\/\/thermo-bug.de\/wp-content\/uploads\/2025\/09\/thermo-bug-list-icon.svg\" aria-hidden=\"true\">\n\n\n\n<div class=\"list-item-text-wrap\">\n<p class=\"gb-text list-item-text ag-list-link\"><a href=\"https:\/\/thermo-bug.de\/es\/areas-de-aplicacion\/prision\/\" data-type=\"page\" data-id=\"221\">Pri\u00adsi\u00f3n<\/a><\/p>\n<\/div>\n<\/div>\n<\/div>\n\n\n\n<div class=\"buttons-wrap\">\n<a class=\"gb-text button-primary\" href=\"https:\/\/thermo-bug.de\/es\/areas-de-aplicacion\/\">Des\u00adcu\u00adbra todas las apli\u00adca\u00adcio\u00adnes<\/a>\n\n\n\n<a class=\"gb-text button-secondary\" href=\"https:\/\/thermo-bug.de\/es\/usar-thermo-bug\/\">Uti\u00adli\u00adce Ther\u00admo-bug<strong>\u00ae<\/strong><\/a>\n<\/div>\n<\/div>\n<\/div>\n\n\n\n<div class=\"section-image-wrap gb-element-7c7bf038\"><\/div>\n<\/div>\n<\/div>\n","protected":false},"excerpt":{"rendered":"<p>Chin\u00adches de cama en hos\u00adpi\u00adta\u00adles o con\u00adsult\u00adori\u00ados m\u00e9d\u00adicos \u00a1Ther\u00admo-bug\u00ae ayu\u00adda! Con\u00adtrol de chin\u00adches de cama dis\u00adcreto, segu\u00adro y no t\u00f3xi\u00adco para cl\u00ed\u00adni\u00adcas y hos\u00adpi\u00adta\u00adles. Ther\u00ad\u00admo-bug\u00ae eli\u00admi\u00adna las chin\u00adches de cama de for\u00adma r\u00e1pi\u00adda e inocua medi\u00adan\u00adte calor. \u00a1Soli\u00adci\u00adte ase\u00adso\u00adr\u00adami\u00aden\u00adto aho\u00adra! M\u00e1s infor\u00admaci\u00f3n Con\u00adteni\u00addo \u00bfC\u00f3mo se pro\u00addu\u00adce una infesta\u00adci\u00f3n en un hos\u00adpi\u00adtal? \u00bfC\u00f3mo se detec\u00adtan las \u2026 <a title=\"Hospital\" class=\"read-more\" href=\"https:\/\/thermo-bug.de\/es\/areas-de-aplicacion\/hospital\/\" aria-label=\"Leer m\u00e1s sobre Hospital\">Leer m\u00e1s<\/a><\/p>\n","protected":false},"author":1,"featured_media":0,"parent":1179,"menu_order":5,"comment_status":"closed","ping_status":"closed","template":"","meta":{"wp_typography_post_enhancements_disabled":false,"footnotes":""},"class_list":["post-1288","page","type-page","status-publish"],"_links":{"self":[{"href":"https:\/\/thermo-bug.de\/es\/wp-json\/wp\/v2\/pages\/1288","targetHints":{"allow":["GET"]}}],"collection":[{"href":"https:\/\/thermo-bug.de\/es\/wp-json\/wp\/v2\/pages"}],"about":[{"href":"https:\/\/thermo-bug.de\/es\/wp-json\/wp\/v2\/types\/page"}],"author":[{"embeddable":true,"href":"https:\/\/thermo-bug.de\/es\/wp-json\/wp\/v2\/users\/1"}],"replies":[{"embeddable":true,"href":"https:\/\/thermo-bug.de\/es\/wp-json\/wp\/v2\/comments?post=1288"}],"version-history":[{"count":5,"href":"https:\/\/thermo-bug.de\/es\/wp-json\/wp\/v2\/pages\/1288\/revisions"}],"predecessor-version":[{"id":2034,"href":"https:\/\/thermo-bug.de\/es\/wp-json\/wp\/v2\/pages\/1288\/revisions\/2034"}],"up":[{"embeddable":true,"href":"https:\/\/thermo-bug.de\/es\/wp-json\/wp\/v2\/pages\/1179"}],"wp:attachment":[{"href":"https:\/\/thermo-bug.de\/es\/wp-json\/wp\/v2\/media?parent=1288"}],"curies":[{"name":"wp","href":"https:\/\/api.w.org\/{rel}","templated":true}]}}