{"id":1328,"date":"2025-09-10T13:56:55","date_gmt":"2025-09-10T13:56:55","guid":{"rendered":"https:\/\/thermo-bug.de\/politica-de-privacidad\/"},"modified":"2025-12-09T10:09:45","modified_gmt":"2025-12-09T10:09:45","slug":"politica-de-privacidad","status":"publish","type":"page","link":"https:\/\/thermo-bug.de\/es\/politica-de-privacidad\/","title":{"rendered":"Pol\u00edtica de privacidad"},"content":{"rendered":"\n<div class=\"flex-centered alignfull\">\n<div class=\"container-text\">\n<h1 class=\"gb-text\">Pol\u00edtica de privacidad<\/h1>\n\n\n\n<h2 class=\"gb-text\">\u00c1mbito de aplicaci\u00f3n<\/h2>\n\n\n\n<p class=\"gb-text\">Esta pol\u00ed\u00adti\u00adca de pri\u00adva\u00adci\u00addad tiene como obje\u00adtivo infor\u00admar a los usua\u00adri\u00ados de este sitio web, de acuer\u00addo con la Ley Fede\u00adral de Pro\u00adtecci\u00f3n de Datos y la Ley de Tele\u00adme\u00addia, sob\u00adre la natu\u00adra\u00adle\u00adza, el alcan\u00adce y el prop\u00f3\u00adsi\u00adto de la reco\u00adpil\u00ada\u00adci\u00f3n y el uso de datos per\u00adso\u00adna\u00adles por par\u00adte del ope\u00adra\u00addor del sitio web [inser\u00adte sus datos de cont\u00adac\u00adto].<\/p>\n\n\n\n<p class=\"gb-text\">El ope\u00adra\u00addor del sitio web se toma muy en serio su pri\u00adva\u00adci\u00addad y tra\u00adta sus datos per\u00adso\u00adna\u00adles de for\u00adma con\u00adfi\u00adden\u00adcial y de acuer\u00addo con las dis\u00adpo\u00adsi\u00adcio\u00adnes lega\u00adles.<\/p>\n\n\n\n<p class=\"gb-text\">Ten\u00adga en cuen\u00adta que la trans\u00admi\u00adsi\u00f3n de datos a tra\u00adv\u00e9s de Inter\u00adnet siemp\u00adre pue\u00adde tener lagu\u00adnas de segu\u00adri\u00addad. No es posi\u00adble una pro\u00adtecci\u00f3n com\u00adple\u00adta con\u00adtra el acce\u00adso por par\u00adte de ter\u00adce\u00adros. <\/p>\n\n\n\n<h2 class=\"gb-text\">Datos de acceso<\/h2>\n\n\n\n<p class=\"gb-text\">El ope\u00adra\u00addor del sitio web o el pro\u00adve\u00adedor de la p\u00e1gi\u00adna reco\u00adpi\u00adla datos sob\u00adre el acce\u00adso a la p\u00e1gi\u00adna y los guar\u00adda como \u201carchiv\u00ados de regis\u00adtro del ser\u00advi\u00addor\u201d. Se regis\u00adtran los sigu\u00adi\u00aden\u00adtes datos: <\/p>\n\n\n\n<ul class=\"wp-block-list\">\n<li>Sitio web visi\u00adta\u00addo<\/li>\n\n\n\n<li>Hora en el momen\u00adto del acce\u00adso<\/li>\n\n\n\n<li>Can\u00adti\u00addad de datos envia\u00addos en bytes<\/li>\n\n\n\n<li>Fuente\/referencia des\u00adde la que lle\u00adg\u00f3 a la p\u00e1gi\u00adna<\/li>\n\n\n\n<li>Navega\u00addor uti\u00adliz\u00adado<\/li>\n\n\n\n<li>Sis\u00adte\u00adma ope\u00adra\u00adtivo uti\u00adliz\u00adado<\/li>\n\n\n\n<li>Direcci\u00f3n IP uti\u00adlizada<\/li>\n<\/ul>\n\n\n\n<p class=\"gb-text\">Los datos reco\u00adgi\u00addos se uti\u00adliz\u00adan \u00fani\u00adca\u00admen\u00adte para eva\u00adlu\u00adacio\u00adnes estad\u00ed\u00adsti\u00adcas y para mejo\u00adrar el sitio web. Sin embar\u00adgo, el ope\u00adra\u00addor del sitio web se reser\u00adva el der\u00adecho de com\u00adpro\u00adbar pos\u00adte\u00adrior\u00admen\u00adte los archiv\u00ados de regis\u00adtro del ser\u00advi\u00addor si exis\u00adten indi\u00adci\u00ados con\u00adcre\u00adtos de un uso ile\u00adgal. <\/p>\n\n\n\n<h2 class=\"gb-text\">Cookies<\/h2>\n\n\n\n<p class=\"gb-text\">Este sitio web uti\u00adli\u00adza coo\u00adkies. Se tra\u00adta de peque\u00ad\u00f1os archiv\u00ados de tex\u00adto que se alma\u00adcen\u00adan en su dis\u00adpo\u00adsi\u00adtivo. Su navega\u00addor acce\u00adde a estos archiv\u00ados. El uso de coo\u00adkies aumen\u00adta la facil\u00adidad de uso y la segu\u00adri\u00addad de este sitio web.   <\/p>\n\n\n\n<p class=\"gb-text\">Los navega\u00addo\u00adres comu\u00adnes ofre\u00adcen la opci\u00f3n de con\u00adfi\u00adgu\u00adra\u00adci\u00f3n para no per\u00admi\u00adtir las coo\u00adkies. Nota: No se garan\u00adtiza que pueda acce\u00adder a todas las fun\u00adcio\u00adnes de este sitio web sin rest\u00adric\u00adcio\u00adnes si rea\u00adli\u00adza los ajus\u00adtes cor\u00adre\u00adspon\u00addien\u00adtes. <\/p>\n\n\n\n<h3 class=\"gb-text\">Puede cambiar su configuraci\u00f3n de cookies aqu\u00ed:<\/h3>\n\n\n\n<p class=\"gb-text\"><span class=\"borlabs-cookie-open-dialog-preferences brlbs-cmpnt-container\" data-borlabs-cookie-title=\"Configuraci\u00f3n de cookies\" data-borlabs-cookie-type=\"button\"><\/span><br>Su UID de coo\u00adkie: <span data-borlabs-cookie-user-uid><\/span><br>Su his\u00adto\u00adri\u00adal de con\u00adsen\u00adti\u00admi\u00aden\u00adto: <\/p><div class=\"brlbs-cmpnt-container\" data-borlabs-cookie-consent-history><\/div>\n\n\n\n<h2 class=\"gb-text\">Tratamiento de datos personales<\/h2>\n\n\n\n<p class=\"gb-text\">El ope\u00adra\u00addor del sitio web solo reco\u00adpi\u00adla, uti\u00adli\u00adza y trans\u00admite sus datos per\u00adso\u00adna\u00adles si est\u00e1 per\u00admit\u00adido por la ley o si usted con\u00adsi\u00aden\u00adte la reco\u00adpil\u00ada\u00adci\u00f3n de datos.<\/p>\n\n\n\n<p class=\"gb-text\">Los datos per\u00adso\u00adna\u00adles son toda la infor\u00admaci\u00f3n que sir\u00adve para deter\u00adminar su per\u00adso\u00adna y que pue\u00adde ser rastrea\u00adda has\u00adta usted, es decir, por ejem\u00adplo, su nombre, su direcci\u00f3n de cor\u00adreo elec\u00adtr\u00f3\u00adni\u00adco y su n\u00fame\u00adro de tel\u00e9\u00adfo\u00adno.<\/p>\n\n\n\n<h2 class=\"gb-text\">Tratamiento de los datos de contacto<\/h2>\n\n\n\n<p class=\"gb-text\">Si se pone en cont\u00adac\u00adto con el ope\u00adra\u00addor del sitio web a tra\u00adv\u00e9s de las opcio\u00adnes de cont\u00adac\u00adto ofre\u00adci\u00addas, sus datos se guar\u00addar\u00e1n para poder recurr\u00adir a ellos para pro\u00adce\u00adsar y respon\u00adder a su con\u00adsul\u00adta. Estos datos no se trans\u00admit\u00adir\u00e1n a ter\u00adce\u00adros sin su con\u00adsen\u00adti\u00admi\u00aden\u00adto. <\/p>\n\n\n\n<h2 class=\"gb-text\">Google Analytics<\/h2>\n\n\n\n<p class=\"gb-text\">Este sitio web uti\u00adli\u00adza el ser\u00advicio \u201cGoog\u00adle Ana\u00adly\u00adtics\u201d, ofre\u00adci\u00addo por Goog\u00adle Inc. (1600 Amphi\u00adtheat\u00adre Park\u00adway Moun\u00adtain View, CA 94043, EE. UU.), para ana\u00adli\u00adzar el uso del sitio web por par\u00adte de los usua\u00adri\u00ados. El ser\u00advicio uti\u00adli\u00adza \u201ccoo\u00adkies\u201d, archiv\u00ados de tex\u00adto que se alma\u00adcen\u00adan en su dis\u00adpo\u00adsi\u00adtivo. La infor\u00admaci\u00f3n reco\u00adgi\u00adda por las coo\u00adkies se env\u00eda nor\u00admal\u00admen\u00adte a un ser\u00advi\u00addor de Goog\u00adle en los EE. UU. y se alma\u00adce\u00adna all\u00ed.   <\/p>\n\n\n\n<p class=\"gb-text\">En este sitio web se acti\u00adva la anoni\u00admi\u00adza\u00adci\u00f3n de IP. La direcci\u00f3n IP de los usua\u00adri\u00ados se acor\u00adta den\u00adtro de los estados miem\u00adbros de la UE y del Espa\u00adcio Econ\u00f3\u00admi\u00adco Euro\u00adpeo. Esta abre\u00advia\u00adci\u00f3n eli\u00admi\u00adna la refe\u00adren\u00adcia per\u00adso\u00adnal de su direcci\u00f3n IP. En el mar\u00adco del acuer\u00addo de pro\u00adces\u00ada\u00admi\u00aden\u00adto de datos, que los ope\u00adra\u00addo\u00adres del sitio web han celeb\u00adra\u00addo con Goog\u00adle Inc., esta crea una eva\u00adlu\u00adaci\u00f3n del uso del sitio web y de la activ\u00adi\u00addad del sitio web con la ayu\u00adda de la infor\u00admaci\u00f3n reco\u00adpi\u00adla\u00adda y pres\u00adta ser\u00advici\u00ados rela\u00adcio\u00adna\u00addos con el uso de Inter\u00adnet.    <\/p>\n\n\n\n<p class=\"gb-text\">Tiene la posi\u00adbil\u00adidad de impe\u00addir el alma\u00adcen\u00ada\u00admi\u00aden\u00adto de la coo\u00adkie en su dis\u00adpo\u00adsi\u00adtivo rea\u00adliz\u00adan\u00addo los ajus\u00adtes cor\u00adre\u00adspon\u00addien\u00adtes en su navega\u00addor. No se garan\u00adtiza que pueda acce\u00adder a todas las fun\u00adcio\u00adnes de este sitio web sin rest\u00adric\u00adcio\u00adnes si su navega\u00addor no per\u00admi\u00adte las coo\u00adkies. <\/p>\n\n\n\n<p class=\"gb-text\">Ade\u00adm\u00e1s, pue\u00adde evi\u00adtar que la infor\u00admaci\u00f3n reco\u00adgi\u00adda por las coo\u00adkies (inclui\u00adda su direcci\u00f3n IP) se env\u00ede a Goog\u00adle Inc. y sea uti\u00adlizada por Goog\u00adle Inc. medi\u00adan\u00adte un plug\u00adin del navega\u00addor. El sigu\u00adi\u00aden\u00adte enlace le lle\u00adva al plug\u00adin cor\u00adre\u00adspon\u00addien\u00adte:   &nbsp;<a href=\"https:\/\/tools.google.com\/dlpage\/gaoptout?hl=de\" target=\"_blank\" rel=\"noreferrer noopener\">https:\/\/tools.google.com\/dlpage\/gaoptout?hl=de<\/a><\/p>\n\n\n\n<p class=\"gb-text\">Alter\u00adna\u00adtiv\u00ada\u00admen\u00adte, pue\u00adde evi\u00adtar que Goog\u00adle Ana\u00adly\u00adtics reco\u00adpi\u00adle datos sob\u00adre usted den\u00adtro de este sitio web haci\u00aden\u00addo clic en este enlace:<\/p>\n\n\n\n<p class=\"gb-text\"><a href=\"https:\/\/tools.google.com\/dlpage\/gaoptout?hl=de\" target=\"_blank\" rel=\"noreferrer noopener\">Plug\u00adin de inha\u00adbi\u00adlita\u00adci\u00f3n de Goog\u00adle Ana\u00adly\u00adtics<\/a><\/p>\n\n\n\n<p class=\"gb-text\">Al hacer clic en el enlace ante\u00adrior, des\u00adcar\u00adgar\u00e1 una \u201ccoo\u00adkie de exclu\u00adsi\u00f3n\u201d. Por lo tan\u00adto, su navega\u00addor debe per\u00admi\u00adtir fun\u00adda\u00admen\u00adtal\u00admen\u00adte el alma\u00adcen\u00ada\u00admi\u00aden\u00adto de coo\u00adkies. Si bor\u00adra sus coo\u00adkies con regu\u00adla\u00adri\u00addad, es nece\u00adsa\u00adrio vol\u00adver a hacer clic en el enlace cada vez que visi\u00adte este sitio web.   <\/p>\n\n\n\n<p class=\"gb-text\">Aqu\u00ed encon\u00adtrar\u00e1 m\u00e1s infor\u00admaci\u00f3n sob\u00adre el uso de datos por par\u00adte de Goog\u00adle Inc.: <a href=\"https:\/\/support.google.com\/analytics\/answer\/6004245?hl=de\" target=\"_blank\" rel=\"noreferrer noopener\">https:\/\/support.google.com\/analytics\/answer\/6004245?hl=de<\/a><\/p>\n\n\n\n<h2 class=\"gb-text\">Uso de plugins de redes sociales<\/h2>\n\n\n\n<p class=\"gb-text\">Este sitio web uti\u00adli\u00adza plug\u00adins socia\u00adles de Face\u00adbook, que son ope\u00adra\u00addos por Face\u00adbook Inc. (1 Hacker Way, Men\u00adlo Park, Cali\u00adfor\u00adnia 94025, EE. UU.). Los plug\u00adins se reco\u00adno\u00adcen por el logo\u00adti\u00adpo de Face\u00adbook o por los t\u00e9r\u00admi\u00adnos \u201cLike\u201d, \u201cMe gus\u00adta\u201d, \u201cCom\u00adpar\u00adtir\u201d en los colo\u00adres de Face\u00adbook (azul y blan\u00adco). Encon\u00adtrar\u00e1 infor\u00admaci\u00f3n sob\u00adre todos los plug\u00adins de Face\u00adbook en el sigu\u00adi\u00aden\u00adte enlace:   &nbsp;<a href=\"https:\/\/developers.facebook.com\/docs\/plugins\/\" target=\"_blank\" rel=\"noreferrer noopener\">https:\/\/developers.facebook.com\/docs\/plugins\/<\/a><\/p>\n\n\n\n<p class=\"gb-text\">El plug\u00adin estable\u00adce una con\u00ade\u00adxi\u00f3n direc\u00adta ent\u00adre su navega\u00addor y los ser\u00advi\u00addo\u00adres de Face\u00adbook. El ope\u00adra\u00addor del sitio web no tiene ningu\u00adna influen\u00adcia sob\u00adre la natu\u00adra\u00adle\u00adza y el alcan\u00adce de los datos que el plug\u00adin trans\u00admite a los ser\u00advi\u00addo\u00adres de Face\u00adbook Inc. Encon\u00adtrar\u00e1 infor\u00admaci\u00f3n al respec\u00adto aqu\u00ed: https:\/\/www.facebook.com\/help\/186325668085084   <\/p>\n\n\n\n<p class=\"gb-text\">El plug\u00adin infor\u00adma a Face\u00adbook Inc. de que usted, como usua\u00adrio, ha visi\u00adta\u00addo este sitio web. Exis\u00adte la posi\u00adbil\u00adidad de que se guar\u00adde su direcci\u00f3n IP. Si est\u00e1 conec\u00adta\u00addo a su cuen\u00adta de Face\u00adbook duran\u00adte su visi\u00adta a este sitio web, la infor\u00admaci\u00f3n men\u00adcio\u00adna\u00adda se vin\u00adcu\u00adlar\u00e1 a esta.   <\/p>\n\n\n\n<p class=\"gb-text\">Si uti\u00adli\u00adza las fun\u00adcio\u00adnes del plug\u00adin, por ejem\u00adplo, com\u00adpar\u00adtien\u00addo o haci\u00aden\u00addo \u201clike\u201d en una publi\u00adca\u00adci\u00f3n, la infor\u00admaci\u00f3n cor\u00adre\u00adspon\u00addien\u00adte tam\u00adbi\u00e9n se trans\u00admit\u00adir\u00e1 a Face\u00adbook Inc. <\/p>\n\n\n\n<p class=\"gb-text\">Si desea evi\u00adtar que Face\u00adbook. Inc. vin\u00adcu\u00adle estos datos a su cuen\u00adta de Face\u00adbook, cierre la sesi\u00f3n de Face\u00adbook antes de visi\u00adtar este sitio web.  <\/p>\n\n\n\n<p class=\"gb-text\">Ade\u00adm\u00e1s, este sitio web uti\u00adli\u00adza el bot\u00f3n \u201c+1\u201d de Goog\u00adle Plus. Este es ope\u00adra\u00addo por Goog\u00adle Inc. (1600 Amphi\u00adtheat\u00adre Park\u00adway Moun\u00adtain View, CA 94043, EE. UU.). Si visi\u00adta una p\u00e1gi\u00adna que con\u00adtiene el bot\u00f3n \u201c+1\u201d, se estable\u00adce una con\u00ade\u00adxi\u00f3n direc\u00adta ent\u00adre su navega\u00addor y los ser\u00advi\u00addo\u00adres de Goog\u00adle. Por lo tan\u00adto, el ope\u00adra\u00addor del sitio web no tiene ningu\u00adna influen\u00adcia sob\u00adre la natu\u00adra\u00adle\u00adza y el alcan\u00adce de los datos que el plug\u00adin trans\u00admite a los ser\u00advi\u00addo\u00adres de Goog\u00adle Inc. Si hace clic en el bot\u00f3n \u201c+1\u201d mien\u00adtras est\u00e1 conec\u00adta\u00addo a Goog\u00adle +, com\u00adpar\u00adtir\u00e1 el con\u00adteni\u00addo de la p\u00e1gi\u00adna en su per\u00adfil p\u00fab\u00adli\u00adco.      <\/p>\n\n\n\n<p class=\"gb-text\">Seg\u00fan Goog\u00adle Inc., los datos per\u00adso\u00adna\u00adles no se reco\u00adpi\u00adlan has\u00adta que se hace clic en el bot\u00f3n. La direcci\u00f3n IP tam\u00adbi\u00e9n se guar\u00adda, ent\u00adre otras cosas, para los usua\u00adri\u00ados de Goog\u00adle que han ini\u00adcia\u00addo sesi\u00f3n. Si desea evi\u00adtar que Goog\u00adle Inc. guar\u00adde estos datos y los vin\u00adcu\u00adle a su cuen\u00adta, cierre la sesi\u00f3n antes de visi\u00adtar este sitio web.    <\/p>\n\n\n\n<p class=\"gb-text\">Ade\u00adm\u00e1s, este sitio web uti\u00adli\u00adza los boto\u00adnes de Twit\u00adter. Estos son ope\u00adra\u00addos por Twit\u00adter Inc. (795 Fol\u00adsom St., Suite 600, San Fran\u00adcis\u00adco, CA 94107, EE. UU.). Si visi\u00adta una p\u00e1gi\u00adna que con\u00adtiene uno de estos boto\u00adnes, se estable\u00adce una con\u00ade\u00adxi\u00f3n direc\u00adta ent\u00adre su navega\u00addor y los ser\u00advi\u00addo\u00adres de Twit\u00adter. Por lo tan\u00adto, el ope\u00adra\u00addor del sitio web no tiene ningu\u00adna influen\u00adcia sob\u00adre la natu\u00adra\u00adle\u00adza y el alcan\u00adce de los datos que el plug\u00adin trans\u00admite a los ser\u00advi\u00addo\u00adres de Twit\u00adter Inc.     <\/p>\n\n\n\n<p class=\"gb-text\">Seg\u00fan Twit\u00adter Inc., solo se reco\u00adpi\u00adla y guar\u00adda su direcci\u00f3n IP. <\/p>\n\n\n\n<p class=\"gb-text\">Encon\u00adtrar\u00e1 infor\u00admaci\u00f3n sob\u00adre el tra\u00adta\u00admi\u00aden\u00adto de los datos per\u00adso\u00adna\u00adles por par\u00adte de Twit\u00adter Inc. aqu\u00ed: &nbsp;<a href=\"https:\/\/twitter.com\/privacy?lang=de\" target=\"_blank\" rel=\"noreferrer noopener\">https:\/\/twitter.com\/privacy?lang=de<\/a><\/p>\n\n\n\n<h2 class=\"gb-text\">Derechos del usuario: informaci\u00f3n, rectificaci\u00f3n y supresi\u00f3n<\/h2>\n\n\n\n<p class=\"gb-text\">Usted, como usua\u00adrio, reci\u00adbir\u00e1 infor\u00admaci\u00f3n gra\u00adtui\u00adta pre\u00advia soli\u00adci\u00adtud sob\u00adre qu\u00e9 datos per\u00adso\u00adna\u00adles se han guard\u00adado sob\u00adre usted. Siemp\u00adre que su deseo no ent\u00adre en con\u00adflic\u00adto con una obli\u00adga\u00adci\u00f3n legal de con\u00adser\u00advar los datos (por ejem\u00adplo, la con\u00adser\u00adva\u00adci\u00f3n de datos), tiene der\u00adecho a cor\u00adre\u00adgir los datos incor\u00adrec\u00adtos y a blo\u00adquear o eli\u00admi\u00adnar sus datos per\u00adso\u00adna\u00adles. <\/p>\n<\/div>\n<\/div>\n","protected":false},"excerpt":{"rendered":"<p>Pol\u00ed\u00adti\u00adca de pri\u00adva\u00adci\u00addad \u00c1mbi\u00adto de apli\u00adca\u00adci\u00f3n Esta pol\u00ed\u00adti\u00adca de pri\u00adva\u00adci\u00addad tiene como obje\u00adtivo infor\u00admar a los usua\u00adri\u00ados de este sitio web, de acuer\u00addo con la Ley Fede\u00adral de Pro\u00adtecci\u00f3n de Datos y la Ley de Tele\u00adme\u00addia, sob\u00adre la natu\u00adra\u00adle\u00adza, el alcan\u00adce y el prop\u00f3\u00adsi\u00adto de la reco\u00adpil\u00ada\u00adci\u00f3n y el uso de datos per\u00adso\u00adna\u00adles por par\u00adte \u2026 <a title=\"Pol\u00edtica de privacidad\" class=\"read-more\" href=\"https:\/\/thermo-bug.de\/es\/politica-de-privacidad\/\" aria-label=\"Leer m\u00e1s sobre Pol\u00edtica de privacidad\">Leer m\u00e1s<\/a><\/p>\n","protected":false},"author":1,"featured_media":0,"parent":0,"menu_order":102,"comment_status":"closed","ping_status":"closed","template":"","meta":{"wp_typography_post_enhancements_disabled":false,"footnotes":""},"class_list":["post-1328","page","type-page","status-publish"],"_links":{"self":[{"href":"https:\/\/thermo-bug.de\/es\/wp-json\/wp\/v2\/pages\/1328","targetHints":{"allow":["GET"]}}],"collection":[{"href":"https:\/\/thermo-bug.de\/es\/wp-json\/wp\/v2\/pages"}],"about":[{"href":"https:\/\/thermo-bug.de\/es\/wp-json\/wp\/v2\/types\/page"}],"author":[{"embeddable":true,"href":"https:\/\/thermo-bug.de\/es\/wp-json\/wp\/v2\/users\/1"}],"replies":[{"embeddable":true,"href":"https:\/\/thermo-bug.de\/es\/wp-json\/wp\/v2\/comments?post=1328"}],"version-history":[{"count":1,"href":"https:\/\/thermo-bug.de\/es\/wp-json\/wp\/v2\/pages\/1328\/revisions"}],"predecessor-version":[{"id":1329,"href":"https:\/\/thermo-bug.de\/es\/wp-json\/wp\/v2\/pages\/1328\/revisions\/1329"}],"wp:attachment":[{"href":"https:\/\/thermo-bug.de\/es\/wp-json\/wp\/v2\/media?parent=1328"}],"curies":[{"name":"wp","href":"https:\/\/api.w.org\/{rel}","templated":true}]}}