{"id":1348,"date":"2025-09-10T09:14:40","date_gmt":"2025-09-10T09:14:40","guid":{"rendered":"https:\/\/thermo-bug.de\/chinches-y-compania\/"},"modified":"2026-03-23T08:12:36","modified_gmt":"2026-03-23T08:12:36","slug":"chinches-y-compania","status":"publish","type":"page","link":"https:\/\/thermo-bug.de\/es\/chinches-y-compania\/","title":{"rendered":"Chinches y compa\u00f1\u00eda"},"content":{"rendered":"\n<div class=\"alignfull\">\n<div class=\"hero-wrap grid-3-bedbugsandco bg-white-gradient\">\n<div class=\"section-text-wrap list-bedbugsco-align-right\">\n<div class=\"max-width-800\">\n<h1 class=\"gb-text\">Chinches, cucarachas, hormigas y mucho m\u00e1s<\/h1>\n\n\n\n<h2 class=\"gb-text h2-hero\">Detectar y combatir plagas<\/h2>\n\n\n\n<p class=\"gb-text\">Des\u00adde chin\u00adches y cuca\u00adrach\u00adas has\u00adta hor\u00admi\u00adgas, pol\u00adil\u00adlas o car\u00adco\u00admas: cuan\u00adto antes detec\u00adte las pla\u00adg\u00adas y las com\u00adba\u00adta de for\u00adma sel\u00adec\u00adti\u00adva, mejor pro\u00adte\u00adger\u00e1 la salud, la higie\u00adne y su inven\u00adta\u00adrio. Le mostra\u00admos c\u00f3mo iden\u00adti\u00adfi\u00adcar las pla\u00adg\u00adas t\u00edpi\u00adcas, encon\u00adtrar las zonas infesta\u00addas y qu\u00e9 solu\u00adcio\u00adnes son real\u00admen\u00adte efi\u00adcaces. <\/p>\n\n\n\n<div class=\"buttons-wrap\">\n<a class=\"gb-text button-primary\" href=\"#bettwanzen\">Des\u00adcu\u00adbra aho\u00adra todas las pla\u00adg\u00adas<\/a>\n<\/div>\n<\/div>\n<\/div>\n\n\n\n<div class=\"flex-centered\">\n<img loading=\"lazy\" decoding=\"async\" width=\"500\" height=\"531\" class=\"gb-media-9c4634c8\" alt=\"Grafik einer Bettwanze von oben\" src=\"https:\/\/thermo-bug.de\/wp-content\/uploads\/2025\/09\/thermo-bug-bettwanzen-und-co.png\" srcset=\"https:\/\/thermo-bug.de\/wp-content\/uploads\/2025\/09\/thermo-bug-bettwanzen-und-co.png 500w, https:\/\/thermo-bug.de\/wp-content\/uploads\/2025\/09\/thermo-bug-bettwanzen-und-co-282x300.png 282w\" sizes=\"auto, (max-width: 500px) 100vw, 500px\">\n<\/div>\n\n\n\n<div class=\"section-text-wrap list-bedbugsco-align-left\">\n<div class=\"max-width-800 list-bedbugsco-wrap-list\">\n<div class=\"list-bedbugsco-wrap-list-item\">\n<img decoding=\"async\" class=\"list-bedbugsco-image\" src=\"https:\/\/thermo-bug.de\/wp-content\/uploads\/2025\/09\/thermo-bug-list-icon.svg\" aria-hidden=\"true\">\n\n\n\n<p class=\"gb-text list-bedbugsco-text\"><a href=\"#bettwanzen\">Chin\u00adches<\/a><\/p>\n<\/div>\n\n\n\n<div class=\"list-bedbugsco-wrap-list-item gb-element-e47424e8\">\n<img decoding=\"async\" class=\"list-bedbugsco-image\" src=\"https:\/\/thermo-bug.de\/wp-content\/uploads\/2025\/09\/thermo-bug-list-icon.svg\" aria-hidden=\"true\">\n\n\n\n<p class=\"gb-text list-bedbugsco-text\"><a href=\"#mehlwuermer\">Gus\u00ada\u00adnos de la hari\u00adna<\/a><\/p>\n<\/div>\n\n\n\n<div class=\"list-bedbugsco-wrap-list-item gb-element-2acf1d1a\">\n<img decoding=\"async\" class=\"list-bedbugsco-image\" src=\"https:\/\/thermo-bug.de\/wp-content\/uploads\/2025\/09\/thermo-bug-list-icon.svg\" aria-hidden=\"true\">\n\n\n\n<p class=\"gb-text list-bedbugsco-text\"><a href=\"#ameisen\">Hor\u00admi\u00adgas<\/a><\/p>\n<\/div>\n\n\n\n<div class=\"list-bedbugsco-wrap-list-item gb-element-92c7a990\">\n<img decoding=\"async\" class=\"list-bedbugsco-image\" src=\"https:\/\/thermo-bug.de\/wp-content\/uploads\/2025\/09\/thermo-bug-list-icon.svg\" aria-hidden=\"true\">\n\n\n\n<p class=\"gb-text list-bedbugsco-text\"><a href=\"#schaben\">Cuca\u00adrach\u00adas<\/a><\/p>\n<\/div>\n\n\n\n<div class=\"list-bedbugsco-wrap-list-item gb-element-dea6839d\">\n<img decoding=\"async\" class=\"list-bedbugsco-image\" src=\"https:\/\/thermo-bug.de\/wp-content\/uploads\/2025\/09\/thermo-bug-list-icon.svg\" aria-hidden=\"true\">\n\n\n\n<p class=\"gb-text list-bedbugsco-text\"><a href=\"#motten\">Pol\u00adil\u00adlas<\/a><\/p>\n<\/div>\n\n\n\n<div class=\"list-bedbugsco-wrap-list-item gb-element-46537b47\">\n<img decoding=\"async\" class=\"list-bedbugsco-image\" src=\"https:\/\/thermo-bug.de\/wp-content\/uploads\/2025\/09\/thermo-bug-list-icon.svg\" aria-hidden=\"true\">\n\n\n\n<p class=\"gb-text list-bedbugsco-text\"><a href=\"#floehe\">Pul\u00adgas<\/a><\/p>\n<\/div>\n\n\n\n<div class=\"list-bedbugsco-wrap-list-item gb-element-35ab773d\">\n<img decoding=\"async\" class=\"list-bedbugsco-image\" src=\"https:\/\/thermo-bug.de\/wp-content\/uploads\/2025\/09\/thermo-bug-list-icon.svg\" aria-hidden=\"true\">\n\n\n\n<p class=\"gb-text list-bedbugsco-text\"><a href=\"#holzwuermer\">Car\u00adco\u00admas<\/a><\/p>\n<\/div>\n\n\n\n<div class=\"list-bedbugsco-wrap-list-item gb-element-4f4d7428\">\n<img decoding=\"async\" class=\"list-bedbugsco-image\" src=\"https:\/\/thermo-bug.de\/wp-content\/uploads\/2025\/09\/thermo-bug-list-icon.svg\" aria-hidden=\"true\">\n\n\n\n<p class=\"gb-text list-bedbugsco-text\"><a href=\"#staublaeuse\">Pso\u00adc\u00f3p\u00adte\u00adros<\/a><\/p>\n<\/div>\n\n\n\n<div class=\"list-bedbugsco-wrap-list-item\">\n<img decoding=\"async\" class=\"list-bedbugsco-image\" src=\"https:\/\/thermo-bug.de\/wp-content\/uploads\/2025\/09\/thermo-bug-list-icon.svg\" aria-hidden=\"true\">\n\n\n\n<p class=\"gb-text list-bedbugsco-text\"><a href=\"#teppichkaefer\">Esca\u00adra\u00adba\u00adjos de las alfom\u00adbras<\/a><\/p>\n<\/div>\n<\/div>\n<\/div>\n<\/div>\n\n\n\n<div class=\"section-wrap\" id=\"bettwanzen\">\n<div class=\"section-image-wrap gb-element-e6a8092c\"><\/div>\n\n\n\n<div class=\"section-text-wrap\">\n<div class=\"max-width-800\">\n<h2 class=\"gb-text\">Chinches<\/h2>\n\n\n\n<p class=\"gb-text\">Las chin\u00adches son par\u00e1\u00adsi\u00adtos noc\u00adtur\u00adnos que se ali\u00admen\u00adtan de sang\u00adre, pre\u00adfie\u00adren escon\u00adder\u00adse cer\u00adca de las camas y pican a las per\u00adso\u00adnas mien\u00adtras duer\u00admen. Dejan pica\u00addu\u00adras que pro\u00addu\u00adcen picor y pue\u00adden pro\u00adpa\u00adgarse r\u00e1pi\u00adda\u00admen\u00adte. Su con\u00adtrol requie\u00adre una lim\u00adpie\u00adza a fon\u00addo y, a menu\u00addo, un tra\u00adta\u00admi\u00aden\u00adto pro\u00adfe\u00adsio\u00adnal con\u00adtra pla\u00adg\u00adas.  <\/p>\n\n\n\n<div class=\"buttons-wrap\">\n<a class=\"gb-text button-primary\" href=\"https:\/\/thermo-bug.de\/es\/chinches-y-compania\/chinches\/\">M\u00e1s infor\u00admaci\u00f3n sob\u00adre las chin\u00adches<\/a>\n<\/div>\n<\/div>\n<\/div>\n<\/div>\n\n\n\n<div class=\"section-wrap\" id=\"mehlwuermer\">\n<div class=\"section-text-wrap\">\n<div class=\"max-width-800\">\n<h2 class=\"gb-text\">Gusanos de la harina<\/h2>\n\n\n\n<p class=\"gb-text\">Los gus\u00ada\u00adnos de la hari\u00adna son las lar\u00advas del esca\u00adra\u00adba\u00adjo de la hari\u00adna e infe\u00adst\u00adan pro\u00advi\u00adsio\u00adnes como hari\u00adna, cerea\u00adles o ali\u00adment\u00ados para ani\u00adma\u00adles. Dejan excre\u00adment\u00ados y tel\u00ada\u00adra\u00ad\u00f1as, lo que hace que los ali\u00adment\u00ados no sean aptos para el con\u00adsu\u00admo. Para des\u00adha\u00adcer\u00adse de ellos es nece\u00adsa\u00adrio lim\u00adpi\u00adar a fon\u00addo y eli\u00admi\u00adnar las pro\u00advi\u00adsio\u00adnes infesta\u00addas.  <\/p>\n\n\n\n<div class=\"buttons-wrap\">\n<a class=\"gb-text button-primary\" href=\"https:\/\/thermo-bug.de\/es\/chinches-y-compania\/gusanos-de-la-harina\/\">M\u00e1s infor\u00admaci\u00f3n sob\u00adre los gus\u00ada\u00adnos de la hari\u00adna<\/a>\n<\/div>\n<\/div>\n<\/div>\n\n\n\n<div class=\"section-image-wrap gb-element-7c7bf038\"><\/div>\n<\/div>\n\n\n\n<div class=\"section-wrap\" id=\"ameisen\">\n<div class=\"section-image-wrap gb-element-e5c8d64b\"><\/div>\n\n\n\n<div class=\"section-text-wrap\">\n<div class=\"max-width-800\">\n<h2 class=\"gb-text\">Hormigas<\/h2>\n\n\n\n<p class=\"gb-text\">Las hor\u00admi\u00adgas entran en las casas en bus\u00adca de comi\u00adda y pue\u00adden for\u00admar cami\u00adnos per\u00adsis\u00adten\u00adtes. Algu\u00adnas espe\u00adci\u00ades, como la hor\u00admi\u00adga farao\u00adna, incluso trans\u00admi\u00adten g\u00e9rme\u00adnes. Sel\u00adlar los acce\u00adsos y eli\u00admi\u00adnar las fuen\u00adtes de ali\u00admen\u00adto son con\u00adtra\u00adme\u00addi\u00addas importan\u00adtes.  <\/p>\n\n\n\n<div class=\"buttons-wrap\">\n<a class=\"gb-text button-primary\" href=\"https:\/\/thermo-bug.de\/es\/chinches-y-compania\/hormigas\/\">M\u00e1s infor\u00admaci\u00f3n sob\u00adre las hor\u00admi\u00adgas<\/a>\n<\/div>\n<\/div>\n<\/div>\n<\/div>\n\n\n\n<div class=\"section-wrap\" id=\"schaben\">\n<div class=\"section-text-wrap\">\n<div class=\"max-width-800\">\n<h2 class=\"gb-text\">Cucarachas<\/h2>\n\n\n\n<p class=\"gb-text\">Las cuca\u00adrach\u00adas son muy resis\u00adten\u00adtes y pro\u00adpa\u00adgan pat\u00f3\u00adge\u00adnos, as\u00ed como olo\u00adres des\u00adagra\u00add\u00ada\u00adbles. Se escon\u00adden en zonas oscu\u00adras y c\u00e1li\u00addas y sue\u00adlen ser un sig\u00adno de fal\u00adta de higie\u00adne. El con\u00adtrol a menu\u00addo solo tiene \u00e9xi\u00adto con apo\u00adyo pro\u00adfe\u00adsio\u00adnal.  <\/p>\n\n\n\n<div class=\"buttons-wrap\">\n<a class=\"gb-text button-primary\" href=\"https:\/\/thermo-bug.de\/es\/chinches-y-compania\/cucarachas\/\">M\u00e1s infor\u00admaci\u00f3n sob\u00adre las cuca\u00adrach\u00adas<\/a>\n<\/div>\n<\/div>\n<\/div>\n\n\n\n<div class=\"section-image-wrap gb-element-845f438e\"><\/div>\n<\/div>\n\n\n\n<div class=\"section-wrap\" id=\"motten\">\n<div class=\"section-image-wrap gb-element-a18f3179\"><\/div>\n\n\n\n<div class=\"section-text-wrap\">\n<div class=\"max-width-800\">\n<h2 class=\"gb-text\">Polillas<\/h2>\n\n\n\n<p class=\"gb-text\">Las pol\u00adil\u00adlas pue\u00adden infe\u00adst\u00adar pro\u00advi\u00adsio\u00adnes o tex\u00adti\u00adles y depo\u00adsi\u00adtar all\u00ed sus lar\u00advas. Las pol\u00adil\u00adlas de los ali\u00adment\u00ados estro\u00adpean la comi\u00adda, mien\u00adtras que las pol\u00adil\u00adlas de la ropa destruy\u00aden la lana, la seda o las pie\u00adles. La lim\u00adpie\u00adza, el alma\u00adcen\u00ada\u00admi\u00aden\u00adto her\u00adm\u00e9\u00adti\u00adco y, si es nece\u00adsa\u00adrio, las tram\u00adpas de fero\u00admo\u00adnas ayu\u00addan a com\u00adba\u00adtir\u00adlas.  <\/p>\n\n\n\n<div class=\"buttons-wrap\">\n<a class=\"gb-text button-primary\" href=\"https:\/\/thermo-bug.de\/es\/chinches-y-compania\/polillas\/\">M\u00e1s infor\u00admaci\u00f3n sob\u00adre las pol\u00adil\u00adlas<\/a>\n<\/div>\n<\/div>\n<\/div>\n<\/div>\n\n\n\n<div class=\"section-wrap\" id=\"floehe\">\n<div class=\"section-text-wrap\">\n<div class=\"max-width-800\">\n<h2 class=\"gb-text\">Pulgas<\/h2>\n\n\n\n<p class=\"gb-text\">Las pul\u00adgas son par\u00e1\u00adsi\u00adtos chu\u00adpa\u00addo\u00adres de sang\u00adre que sue\u00adlen infe\u00adst\u00adar a las mas\u00adco\u00adtas, pero tam\u00adbi\u00e9n pican a las per\u00adso\u00adnas. Cau\u00adsan pica\u00addu\u00adras que pro\u00addu\u00adcen picor y pue\u00adden trans\u00admit\u00adir enfer\u00adme\u00adda\u00addes. Es nece\u00adsa\u00adrio aspi\u00adrar a fon\u00addo, lavar los tex\u00adti\u00adles y tra\u00adtar a los ani\u00adma\u00adles.  <\/p>\n\n\n\n<div class=\"buttons-wrap\">\n<a class=\"gb-text button-primary\" href=\"https:\/\/thermo-bug.de\/es\/chinches-y-compania\/pulgas\/\">M\u00e1s infor\u00admaci\u00f3n sob\u00adre las pul\u00adgas<\/a>\n<\/div>\n<\/div>\n<\/div>\n\n\n\n<div class=\"section-image-wrap gb-element-ef7e009e\"><\/div>\n<\/div>\n\n\n\n<div class=\"section-wrap\" id=\"holzwuermer\">\n<div class=\"section-image-wrap gb-element-b06d4920\"><\/div>\n\n\n\n<div class=\"section-text-wrap\">\n<div class=\"max-width-800\">\n<h2 class=\"gb-text\">Carcomas<\/h2>\n\n\n\n<p class=\"gb-text\">Las car\u00adco\u00admas son las lar\u00advas del esca\u00adra\u00adba\u00adjo com\u00fan de los mueb\u00adles y per\u00adforan finos t\u00fane\u00adles en la made\u00adra. A lar\u00adgo pla\u00adzo, debi\u00adli\u00adtan los mueb\u00adles, las puer\u00adtas o las vigas. El con\u00adtrol se rea\u00adli\u00adza a menu\u00addo medi\u00adan\u00adte pro\u00adtec\u00adto\u00adres espe\u00adcia\u00adles para la made\u00adra o pro\u00adce\u00adsos t\u00e9rmi\u00adcos.  <\/p>\n\n\n\n<div class=\"buttons-wrap\">\n<a class=\"gb-text button-primary\" href=\"https:\/\/thermo-bug.de\/es\/chinches-y-compania\/carcomas\/\">M\u00e1s infor\u00admaci\u00f3n sob\u00adre las car\u00adco\u00admas<\/a>\n<\/div>\n<\/div>\n<\/div>\n<\/div>\n\n\n\n<div class=\"section-wrap\" id=\"staublaeuse\">\n<div class=\"section-text-wrap\">\n<div class=\"max-width-800\">\n<h2 class=\"gb-text\">Psoc\u00f3pteros<\/h2>\n\n\n\n<p class=\"gb-text\">Los pio\u00adjos de los libros son peque\u00ad\u00f1os insec\u00adtos inofen\u00adsi\u00adv\u00ados que pre\u00adfie\u00adren los ambi\u00aden\u00adtes h\u00fame\u00addos y c\u00e1li\u00addos. Se ali\u00admen\u00adtan de moho y sue\u00adlen apa\u00adre\u00adcer cuan\u00addo la hume\u00addad es dema\u00adsia\u00addo alta. Ven\u00adtilar y des\u00adhu\u00admi\u00addi\u00adfi\u00adcar las habit\u00ada\u00adcio\u00adnes sue\u00adle solu\u00adcio\u00adnar el pro\u00adble\u00adma.  <\/p>\n\n\n\n<div class=\"buttons-wrap\">\n<a class=\"gb-text button-primary\" href=\"https:\/\/thermo-bug.de\/es\/chinches-y-compania\/psocopteros\/\">M\u00e1s infor\u00admaci\u00f3n sob\u00adre los pio\u00adjos de los libros<\/a>\n<\/div>\n<\/div>\n<\/div>\n\n\n\n<div class=\"section-image-wrap gb-element-3aba9990\"><\/div>\n<\/div>\n\n\n\n<div class=\"section-wrap\" id=\"teppichkaefer\">\n<div class=\"section-image-wrap gb-element-a81103b6\"><\/div>\n\n\n\n<div class=\"section-text-wrap\">\n<div class=\"max-width-800\">\n<h2 class=\"gb-text\">Escarabajos de las alfombras<\/h2>\n\n\n\n<p class=\"gb-text\">Los esca\u00adra\u00adba\u00adjos de las alfom\u00adbras son pla\u00adg\u00adas de mate\u00adria\u00adles cuyas lar\u00advas destruy\u00aden la lana, las pie\u00adles y las alfom\u00adbras. Dejan zonas cal\u00advas y finos res\u00adtos de muda. La aspi\u00adra\u00adci\u00f3n y la lim\u00adpie\u00adza peri\u00ad\u00f3\u00addi\u00adcas, as\u00ed como la eli\u00admi\u00adnaci\u00f3n de los mate\u00adria\u00adles infesta\u00addos, ayu\u00addan a pre\u00adve\u00adnir\u00adlo.  <\/p>\n\n\n\n<div class=\"buttons-wrap\">\n<a class=\"gb-text button-primary\" href=\"https:\/\/thermo-bug.de\/es\/chinches-y-compania\/escarabajos-de-las-alfombras\/\">M\u00e1s infor\u00admaci\u00f3n sob\u00adre los esca\u00adra\u00adba\u00adjos de las alfom\u00adbras<\/a>\n<\/div>\n<\/div>\n<\/div>\n<\/div>\n\n\n\n<div class=\"cta-wrap\">\n<div class=\"max-width-800\">\n<h2 class=\"gb-text\">Su soluci\u00f3n contra las chinches<\/h2>\n\n\n\n<p class=\"gb-text\">Ya sea para pro\u00adfe\u00adsio\u00adna\u00adles, empre\u00adsas o par\u00adti\u00adcu\u00adla\u00adres: uti\u00adli\u00adce la inno\u00adva\u00addo\u00adra tec\u00adno\u00adlo\u00adg\u00eda de calor que com\u00adba\u00adte las pla\u00adg\u00adas de for\u00adma sos\u00adteni\u00adble y sin pro\u00adduc\u00adtos qu\u00ed\u00admi\u00adcos. Eli\u00adja la opci\u00f3n adecua\u00adda para sus nece\u00adsi\u00add\u00ada\u00addes.<\/p>\n\n\n\n<a class=\"gb-text button-primary\" href=\"https:\/\/thermo-bug.de\/thermo-bug-nutzen\/\">Uti\u00adli\u00adce Ther\u00admo-bug\u00ae aho\u00adra<\/a>\n<\/div>\n<\/div>\n<\/div>\n","protected":false},"excerpt":{"rendered":"<p>Chin\u00adches, cuca\u00adrach\u00adas, hor\u00admi\u00adgas y mucho m\u00e1s Detec\u00adtar y com\u00adba\u00adtir pla\u00adg\u00adas Des\u00adde chin\u00adches y cuca\u00adrach\u00adas has\u00adta hor\u00admi\u00adgas, pol\u00adil\u00adlas o car\u00adco\u00admas: cuan\u00adto antes detec\u00adte las pla\u00adg\u00adas y las com\u00adba\u00adta de for\u00adma sel\u00adec\u00adti\u00adva, mejor pro\u00adte\u00adger\u00e1 la salud, la higie\u00adne y su inven\u00adta\u00adrio. Le mostra\u00admos c\u00f3mo iden\u00adti\u00adfi\u00adcar las pla\u00adg\u00adas t\u00edpi\u00adcas, encon\u00adtrar las zonas infesta\u00addas y qu\u00e9 solu\u00adcio\u00adnes son real\u00admen\u00adte \u2026 <a title=\"Chinches y compa\u00f1\u00eda\" class=\"read-more\" href=\"https:\/\/thermo-bug.de\/es\/chinches-y-compania\/\" aria-label=\"Leer m\u00e1s sobre Chinches y compa\u00f1\u00eda\">Leer m\u00e1s<\/a><\/p>\n","protected":false},"author":1,"featured_media":0,"parent":0,"menu_order":4,"comment_status":"closed","ping_status":"closed","template":"","meta":{"wp_typography_post_enhancements_disabled":false,"footnotes":""},"class_list":["post-1348","page","type-page","status-publish"],"_links":{"self":[{"href":"https:\/\/thermo-bug.de\/es\/wp-json\/wp\/v2\/pages\/1348","targetHints":{"allow":["GET"]}}],"collection":[{"href":"https:\/\/thermo-bug.de\/es\/wp-json\/wp\/v2\/pages"}],"about":[{"href":"https:\/\/thermo-bug.de\/es\/wp-json\/wp\/v2\/types\/page"}],"author":[{"embeddable":true,"href":"https:\/\/thermo-bug.de\/es\/wp-json\/wp\/v2\/users\/1"}],"replies":[{"embeddable":true,"href":"https:\/\/thermo-bug.de\/es\/wp-json\/wp\/v2\/comments?post=1348"}],"version-history":[{"count":5,"href":"https:\/\/thermo-bug.de\/es\/wp-json\/wp\/v2\/pages\/1348\/revisions"}],"predecessor-version":[{"id":2252,"href":"https:\/\/thermo-bug.de\/es\/wp-json\/wp\/v2\/pages\/1348\/revisions\/2252"}],"wp:attachment":[{"href":"https:\/\/thermo-bug.de\/es\/wp-json\/wp\/v2\/media?parent=1348"}],"curies":[{"name":"wp","href":"https:\/\/api.w.org\/{rel}","templated":true}]}}