{"id":1643,"date":"2025-12-09T13:36:27","date_gmt":"2025-12-09T13:36:27","guid":{"rendered":"https:\/\/thermo-bug.de\/funcionamiento\/"},"modified":"2026-03-20T07:55:30","modified_gmt":"2026-03-20T07:55:30","slug":"funcionamiento","status":"publish","type":"page","link":"https:\/\/thermo-bug.de\/es\/funcionamiento\/","title":{"rendered":"Funcionamiento"},"content":{"rendered":"\n<div class=\"alignfull\">\n<div class=\"hero-wrap\">\n<div class=\"section-text-wrap\">\n<div class=\"max-width-800\">\n<h1 class=\"gb-text\">\u00bfC\u00f3mo funciona<br>Thermo-bug\u00ae?<\/h1>\n\n\n\n<h2 class=\"gb-text h2-hero\">La innovaci\u00f3n para el control de chinches<\/h2>\n\n\n\n<p class=\"gb-text\">Las chin\u00adches son una pla\u00adga moles\u00adta y cada vez m\u00e1s exten\u00addi\u00adda, des\u00adde hote\u00adles has\u00adta hoga\u00adres. Las medi\u00addas de con\u00adtrol cl\u00e1\u00adsi\u00adcas con insec\u00adti\u00adci\u00addas qu\u00ed\u00admi\u00adcos sue\u00adlen ser com\u00adple\u00adjas y per\u00adju\u00addi\u00adcia\u00adles. Ther\u00admo-bug\u00ae ofre\u00adce una alter\u00adna\u00adti\u00adva moder\u00adna y sos\u00adteni\u00adble: un dis\u00adpo\u00adsi\u00adtivo m\u00f3vil de alta tem\u00adpe\u00adra\u00adtura que cali\u00aden\u00adta las habit\u00ada\u00adcio\u00adnes a m\u00e1s de 60 \u00b0C y, de este modo, eli\u00admi\u00adna al 100 % las chin\u00adches, sus lar\u00advas y sus hue\u00advos.<\/p>\n\n\n\n<div class=\"buttons-wrap\">\n<a class=\"gb-text button-primary\" href=\"#info\">M\u00e1s infor\u00admaci\u00f3n<\/a>\n<\/div>\n<\/div>\n<\/div>\n\n\n\n<div class=\"section-image-wrap hero-image gb-element-02660d31\"><\/div>\n<\/div>\n\n\n\n<div class=\"section-wrap\" id=\"info\">\n<div class=\"section-image-wrap gb-element-e6a8092c\"><\/div>\n\n\n\n<div class=\"section-text-wrap\">\n<div class=\"max-width-800\">\n<h2 class=\"gb-text\">Combate de chinches sin productos qu\u00edmicos<\/h2>\n\n\n\n<p class=\"gb-text\">A dife\u00adren\u00adcia de muchos pro\u00adduc\u00adtos del sec\u00adtor, Ther\u00admo-bug\u00ae fun\u00adcio\u00adna com\u00adple\u00adta\u00admen\u00adte sin pro\u00adduc\u00adtos qu\u00ed\u00admi\u00adcos. El tra\u00adta\u00admi\u00aden\u00adto es ino\u00addo\u00adro, dis\u00adcreto y silen\u00adcio\u00adso, ide\u00adal para hote\u00adles, ofi\u00adci\u00adnas y hoga\u00adres. Des\u00adde 2005, Ther\u00admo-bug\u00ae mar\u00adca la pau\u00adta en el con\u00adtrol de pla\u00adg\u00adas. La actu\u00adal genera\u00adci\u00f3n Ther\u00admo-bug\u00ae basic 3.0 es a\u00fan m\u00e1s com\u00adpac\u00adta, poten\u00adte y segu\u00adra que nun\u00adca.<br>Lo mejor de todo: \u00a1la tec\u00adno\u00adlo\u00adg\u00eda Ther\u00admo-bug\u00ae tam\u00adbi\u00e9n fun\u00adcio\u00adna con muchos otros tipos de pla\u00adg\u00adas!<\/p>\n\n\n\n<div class=\"buttons-wrap\">\n<a class=\"gb-text button-primary\" href=\"https:\/\/thermo-bug.de\/es\/areas-de-aplicacion\/\">Des\u00adcu\u00adbra aho\u00adra las posi\u00adbles apli\u00adca\u00adcio\u00adnes<\/a>\n<\/div>\n<\/div>\n<\/div>\n<\/div>\n\n\n\n<div class=\"section-wrap\">\n<div class=\"section-text-wrap\">\n<div class=\"max-width-800\">\n<h2 class=\"gb-text\">Ventajas con Thermo-bug\u00ae<\/h2>\n\n\n\n<div class=\"list-wrap\">\n<div class=\"list-item-wrap\">\n<img decoding=\"async\" class=\"list-item-image\" src=\"https:\/\/thermo-bug.de\/wp-content\/uploads\/2025\/09\/thermo-bug-list-icon.svg\" aria-hidden=\"true\">\n\n\n\n<div class=\"list-item-text-wrap\">\n<p class=\"gb-text list-item-title\">Efi\u00adcaz des\u00adde el hue\u00advo has\u00adta el ani\u00admal adul\u00adto<\/p>\n\n\n\n<p class=\"gb-text list-item-text\">El calor act\u00faa sob\u00adre los hue\u00advos, las lar\u00advas y las chin\u00adches adul\u00adtas por igu\u00adal. Los infor\u00admes de expe\u00adri\u00aden\u00adcia y los estu\u00addi\u00ados lo con\u00adfir\u00adman: las tem\u00adpe\u00adra\u00adtur\u00adas de lava\u00addo de alre\u00adde\u00addor de 60 \u00b0C ya eli\u00admi\u00adnan de for\u00adma segu\u00adra las chin\u00adches y sus hue\u00advos. En el uso pro\u00adfe\u00adsio\u00adnal, Ther\u00admo-bug\u00ae gene\u00adra esta tem\u00adpe\u00adra\u00adtura de for\u00adma gene\u00adra\u00adlizada en toda la habit\u00ada\u00adci\u00f3n, por lo que no sobre\u00advi\u00adve ni un solo ani\u00admal.<\/p>\n<\/div>\n<\/div>\n\n\n\n<div class=\"list-item-wrap\">\n<img decoding=\"async\" class=\"list-item-image\" src=\"https:\/\/thermo-bug.de\/wp-content\/uploads\/2025\/09\/thermo-bug-list-icon.svg\" aria-hidden=\"true\">\n\n\n\n<div class=\"list-item-text-wrap\">\n<p class=\"gb-text list-item-title gb-text-4080977d\">Sin pro\u00adduc\u00adtos qu\u00ed\u00admi\u00adcos<\/p>\n\n\n\n<p class=\"gb-text list-item-text\">Dado que solo se uti\u00adli\u00adza aire seco, no qued\u00adan sus\u00adtanci\u00adas noci\u00advas. Por lo tan\u00adto, el pro\u00adce\u00addi\u00admi\u00aden\u00adto es res\u00adpe\u00adtuo\u00adso con el medio ambi\u00aden\u00adte y la salud.<\/p>\n<\/div>\n<\/div>\n\n\n\n<div class=\"list-item-wrap\">\n<img decoding=\"async\" class=\"list-item-image\" src=\"https:\/\/thermo-bug.de\/wp-content\/uploads\/2025\/09\/thermo-bug-list-icon.svg\" aria-hidden=\"true\">\n\n\n\n<div class=\"list-item-text-wrap\">\n<p class=\"gb-text list-item-title gb-text-ed08ee0c\">\u00c9ti\u00adca\u00admen\u00adte sen\u00adsa\u00adto<\/p>\n\n\n\n<p class=\"gb-text list-item-text gb-text-550689eb\">El tra\u00adta\u00admi\u00aden\u00adto t\u00e9rmi\u00adco es una alter\u00adna\u00adti\u00adva per\u00adfec\u00adta y no t\u00f3xi\u00adca a los pesti\u00adci\u00addas. Respon\u00adde al deseo de un con\u00adtrol de pla\u00adg\u00adas sos\u00adteni\u00adble y pro\u00adte\u00adge el equi\u00adli\u00adbrio ecol\u00f3\u00adgi\u00adco.<\/p>\n<\/div>\n<\/div>\n<\/div>\n<\/div>\n<\/div>\n\n\n\n<div class=\"section-image-wrap gb-element-7c7bf038\"><\/div>\n<\/div>\n\n\n\n<div class=\"section-wrap\">\n<div class=\"section-image-wrap gb-element-37f5f5f8\"><\/div>\n\n\n\n<div class=\"section-text-wrap\">\n<div class=\"max-width-800\">\n<h2 class=\"gb-text\">Base cient\u00edfica<\/h2>\n\n\n\n<p class=\"gb-text\">Ther\u00admo-bug\u00ae fun\u00adcio\u00adna seg\u00fan un prin\u00adci\u00adpio f\u00edsi\u00adco sen\u00adcil\u00adlo: el calor destruye las pro\u00adte\u00ed\u00adnas. Los bi\u00f3\u00adlo\u00adgos lo llaman des\u00adna\u00adtu\u00adra\u00adli\u00adza\u00adci\u00f3n: a par\u00adtir de unos 45\u201350 \u00b0C, las unio\u00adnes prot\u00ade\u00adi\u00adcas de las c\u00e9lulas del cuer\u00adpo de la chin\u00adche cam\u00adbi\u00adan de for\u00adma irrever\u00adsi\u00adble. Si se aumen\u00adta la tem\u00adpe\u00adra\u00adtura por enci\u00adma de unos 55\u201360 \u00b0C duran\u00adte al menos una hora, toda pro\u00adte\u00ed\u00adna se coagu\u00adla: toda vida mue\u00adre. Ther\u00admo-bug\u00ae alcan\u00adza incluso has\u00adta 70 \u00b0C en espa\u00adci\u00ados cer\u00adra\u00addos, lo que garan\u00adtiza la eli\u00admi\u00adnaci\u00f3n.<\/p>\n<\/div>\n<\/div>\n<\/div>\n\n\n\n<div class=\"cta-wrap\">\n<div class=\"features-wrap\">\n<div class=\"flex-column\">\n<img decoding=\"async\" class=\"features-icon\" src=\"https:\/\/thermo-bug.de\/wp-content\/uploads\/2025\/09\/hermo-bug-icon-skull.svg\" aria-hidden=\"true\">\n\n\n\n<h3 class=\"gb-text features-text\">100 % letal<\/h3>\n\n\n\n<p class=\"gb-text\">El calor destruye las estruc\u00adtu\u00adras prot\u00ade\u00adi\u00adcas de todas las chin\u00adches y sus hue\u00advos. Se eli\u00admi\u00adnan todas las fases de des\u00adar\u00adrol\u00adlo de la chin\u00adche de cama, sin nece\u00adsi\u00addad de uti\u00adli\u00adzar insec\u00adti\u00adci\u00addas.<\/p>\n<\/div>\n\n\n\n<div class=\"flex-column\">\n<img decoding=\"async\" class=\"features-icon\" src=\"https:\/\/thermo-bug.de\/wp-content\/uploads\/2025\/09\/hermo-bug-icon-clock.svg\" aria-hidden=\"true\">\n\n\n\n<h3 class=\"gb-text features-text\">R\u00e1pido y eficiente<\/h3>\n\n\n\n<p class=\"gb-text\">Por lo gene\u00adral, una inter\u00adven\u00adci\u00f3n se com\u00adple\u00adta en unas 24 horas. A menu\u00addo, bas\u00adta con una sola inter\u00adven\u00adci\u00f3n para eli\u00admi\u00adnar por com\u00adple\u00adto las chin\u00adches de cama.<\/p>\n<\/div>\n\n\n\n<div class=\"flex-column\">\n<img decoding=\"async\" class=\"features-icon\" src=\"https:\/\/thermo-bug.de\/wp-content\/uploads\/2025\/09\/hermo-bug-icon-silence.svg\" aria-hidden=\"true\">\n\n\n\n<h3 class=\"gb-text features-text\">Discreto e inodoro<\/h3>\n\n\n\n<p class=\"gb-text\">Ther\u00admo-bug\u00ae fun\u00adcio\u00adna de for\u00adma silen\u00adcio\u00adsa y sin olo\u00adres des\u00adagra\u00add\u00ada\u00adbles. El d\u00eda a d\u00eda de sus hu\u00e9\u00ads\u00adpe\u00addes y emp\u00adlea\u00addos con\u00adtin\u00faa pr\u00e1c\u00adti\u00adca\u00admen\u00adte sin inter\u00adrup\u00adcio\u00adnes.<\/p>\n<\/div>\n\n\n\n<div class=\"flex-column\">\n<img decoding=\"async\" class=\"features-icon\" src=\"https:\/\/thermo-bug.de\/wp-content\/uploads\/2025\/09\/thermo-bug-icon-leaf.svg\" aria-hidden=\"true\">\n\n\n\n<h3 class=\"gb-text features-text\">Respetuoso con el medio ambiente y la salud<\/h3>\n\n\n\n<p class=\"gb-text\">Sin pro\u00adduc\u00adtos qu\u00ed\u00admi\u00adcos, sin resi\u00addu\u00ados: tras el tra\u00adta\u00admi\u00aden\u00adto t\u00e9rmi\u00adco, las habit\u00ada\u00adcio\u00adnes pue\u00adden vol\u00adver a ocu\u00adp\u00adar\u00adse de inme\u00addia\u00adto. As\u00ed pro\u00adte\u00adge el medio ambi\u00aden\u00adte, los ani\u00adma\u00adles y su salud.<\/p>\n<\/div>\n<\/div>\n<\/div>\n\n\n\n<div class=\"section-wrap\">\n<div class=\"section-text-wrap\">\n<div class=\"max-width-800\">\n<h2 class=\"gb-text\">Aplicaci\u00f3n del m\u00e9todo de calor<\/h2>\n\n\n\n<p class=\"gb-text\">Con Ther\u00admo-bug\u00ae, el con\u00adtrol de pla\u00adg\u00adas es un jue\u00adgo de ni\u00f1os: sin pro\u00adduc\u00adtos qu\u00ed\u00admi\u00adcos, sin tec\u00adno\u00adlo\u00adg\u00eda com\u00adpli\u00adca\u00adda, sin estr\u00e9s. Con solo unos pocos pasos, pre\u00adpa\u00adra la habit\u00ada\u00adci\u00f3n y el calor hace el res\u00adto, de for\u00adma fia\u00adble has\u00adta en la grie\u00adta m\u00e1s peque\u00ad\u00f1a.<\/p>\n\n\n\n<div class=\"buttons-wrap\">\n<a class=\"gb-text button-primary\" href=\"https:\/\/thermo-bug.de\/es\/funcionamiento\/guia\/\">Ir a las ins\u00adtruc\u00adcio\u00adnes<\/a>\n<\/div>\n<\/div>\n<\/div>\n\n\n\n<div class=\"section-image-wrap gb-element-11394dc4\"><\/div>\n<\/div>\n\n\n\n<div class=\"cta-wrap\">\n<div class=\"max-width-800\">\n<h2 class=\"gb-text\">Su soluci\u00f3n contra las chinches<\/h2>\n\n\n\n<p class=\"gb-text\">Ya sea para pro\u00adfe\u00adsio\u00adna\u00adles, empre\u00adsas o par\u00adti\u00adcu\u00adla\u00adres: uti\u00adli\u00adce la inno\u00adva\u00addo\u00adra tec\u00adno\u00adlo\u00adg\u00eda de calor que com\u00adba\u00adte las pla\u00adg\u00adas de for\u00adma sos\u00adteni\u00adble y sin pro\u00adduc\u00adtos qu\u00ed\u00admi\u00adcos. Eli\u00adja la opci\u00f3n adecua\u00adda para sus nece\u00adsi\u00add\u00ada\u00addes.<\/p>\n\n\n\n<a class=\"gb-text button-primary\" href=\"https:\/\/thermo-bug.de\/thermo-bug-nutzen\/\">Uti\u00adli\u00adce Ther\u00admo-bug\u00ae aho\u00adra<\/a>\n<\/div>\n<\/div>\n<\/div>\n","protected":false},"excerpt":{"rendered":"<p>\u00bfC\u00f3mo fun\u00adcio\u00adnaTher\u00admo-bug\u00ae? La inno\u00adva\u00adci\u00f3n para el con\u00adtrol de chin\u00adches Las chin\u00adches son una pla\u00adga moles\u00adta y cada vez m\u00e1s exten\u00addi\u00adda, des\u00adde hote\u00adles has\u00adta hoga\u00adres. Las medi\u00addas de con\u00adtrol cl\u00e1\u00adsi\u00adcas con insec\u00adti\u00adci\u00addas qu\u00ed\u00admi\u00adcos sue\u00adlen ser com\u00adple\u00adjas y per\u00adju\u00addi\u00adcia\u00adles. Ther\u00ad\u00admo-bug\u00ae ofre\u00adce una alter\u00adna\u00adti\u00adva moder\u00adna y sos\u00adteni\u00adble: un dis\u00adpo\u00adsi\u00adtivo m\u00f3vil de alta tem\u00adpe\u00adra\u00adtura que cali\u00aden\u00adta las habit\u00ada\u00adcio\u00adnes a \u2026 <a title=\"Funcionamiento\" class=\"read-more\" href=\"https:\/\/thermo-bug.de\/es\/funcionamiento\/\" aria-label=\"Leer m\u00e1s sobre Funcionamiento\">Leer m\u00e1s<\/a><\/p>\n","protected":false},"author":1,"featured_media":0,"parent":0,"menu_order":2,"comment_status":"closed","ping_status":"closed","template":"","meta":{"wp_typography_post_enhancements_disabled":false,"footnotes":""},"class_list":["post-1643","page","type-page","status-publish"],"_links":{"self":[{"href":"https:\/\/thermo-bug.de\/es\/wp-json\/wp\/v2\/pages\/1643","targetHints":{"allow":["GET"]}}],"collection":[{"href":"https:\/\/thermo-bug.de\/es\/wp-json\/wp\/v2\/pages"}],"about":[{"href":"https:\/\/thermo-bug.de\/es\/wp-json\/wp\/v2\/types\/page"}],"author":[{"embeddable":true,"href":"https:\/\/thermo-bug.de\/es\/wp-json\/wp\/v2\/users\/1"}],"replies":[{"embeddable":true,"href":"https:\/\/thermo-bug.de\/es\/wp-json\/wp\/v2\/comments?post=1643"}],"version-history":[{"count":5,"href":"https:\/\/thermo-bug.de\/es\/wp-json\/wp\/v2\/pages\/1643\/revisions"}],"predecessor-version":[{"id":1944,"href":"https:\/\/thermo-bug.de\/es\/wp-json\/wp\/v2\/pages\/1643\/revisions\/1944"}],"wp:attachment":[{"href":"https:\/\/thermo-bug.de\/es\/wp-json\/wp\/v2\/media?parent=1643"}],"curies":[{"name":"wp","href":"https:\/\/api.w.org\/{rel}","templated":true}]}}