{"id":949,"date":"2025-09-08T18:07:56","date_gmt":"2025-09-08T18:07:56","guid":{"rendered":"https:\/\/thermo-bug.de\/thermo-bug\/"},"modified":"2026-03-23T08:00:40","modified_gmt":"2026-03-23T08:00:40","slug":"thermo-bug","status":"publish","type":"page","link":"https:\/\/thermo-bug.de\/es\/","title":{"rendered":"Thermo-bug\u00ae"},"content":{"rendered":"\n<div class=\"alignfull\">\n<div class=\"gb-element-4ee577c9\">\n<div class=\"max-width-wide background-video-content\">\n<div class=\"gb-element-a1725d72\">\n<h1 class=\"gb-text h1 text-shadow-light\">Thermo-bug\u00ae<\/h1>\n\n\n\n<h2 class=\"gb-text text-shadow-light\">El mejor equipo para el control de chinches<\/h2>\n\n\n\n<p class=\"gb-text text-shadow-light text-shadow-light-mobile\">Con Ther\u00admo-bug\u00ae eli\u00admi\u00adn\u00adar\u00e1 chin\u00adches, lar\u00advas y hue\u00advos al 100 % sin nece\u00adsi\u00addad de insec\u00adti\u00adci\u00addas qu\u00ed\u00admi\u00adcos. La inno\u00adva\u00addo\u00adra tec\u00adno\u00adlo\u00adg\u00eda de alta tem\u00adpe\u00adra\u00adtura fun\u00adcio\u00adna de for\u00adma inodo\u00adra, dis\u00adcreta y segu\u00adra, y es ide\u00adal para hote\u00adles, ofi\u00adci\u00adnas y hoga\u00adres par\u00adti\u00adcu\u00adla\u00adres. <\/p>\n\n\n\n<div class=\"buttons-wrap\">\n<a class=\"gb-text button-primary\" href=\"#info\">M\u00e1s infor\u00admaci\u00f3n<\/a>\n\n\n\n<a class=\"gb-text button-secondary text-shadow-light\" href=\"https:\/\/thermo-bug.de\/es\/usar-thermo-bug\/\">Usar Ther\u00admo-bug<strong>\u00ae<\/strong><\/a>\n<\/div>\n<\/div>\n<\/div>\n\n\n\n<video loop muted autoplay poster=\"https:\/\/thermo-bug.de\/wp-content\/uploads\/2025\/09\/thermo-bug-hero-fallback.jpg\" class=\"background-video\">\n    <source src=\"https:\/\/thermo-bug.de\/wp-content\/uploads\/2025\/09\/thermo-bug-hero-video.mp4\" type=\"video\/mp4\">\n    <source src=\"URL\/TO\/video.webm\" type=\"video\/webm\"> \n    <source src=\"URL\/TO\/video.ogv\" type=\"video\/ogv\">\n<\/video>\n<\/div>\n\n\n\n<div class=\"section-wrap\" id=\"info\">\n<div class=\"section-text-wrap\">\n<div class=\"max-width-800\">\n<h2 class=\"gb-text\">Acabe con las chinches con calor puro<\/h2>\n\n\n\n<p class=\"gb-text\">Ther\u00admo-bug\u00ae uti\u00adli\u00adza un prin\u00adci\u00adpio f\u00edsi\u00adco pro\u00adba\u00addo: a par\u00adtir de tem\u00adpe\u00adra\u00adtur\u00adas de 55 a 60 gra\u00addos, las pro\u00adte\u00ed\u00adnas vita\u00adles de las chin\u00adches se coagu\u00adlan. Los hue\u00advos, las lar\u00advas y los ani\u00adma\u00adles adul\u00adtos mue\u00adren de for\u00adma fia\u00adble. El dis\u00adpo\u00adsi\u00adtivo m\u00f3vil de alta tem\u00adpe\u00adra\u00adtura cali\u00aden\u00adta habit\u00ada\u00adcio\u00adnes ente\u00adr\u00adas de for\u00adma homo\u00adg\u00e9\u00adnea has\u00adta 70 gra\u00addos, lo que garan\u00adtiza una eli\u00admi\u00adnaci\u00f3n com\u00adple\u00adta sin el uso de pro\u00adduc\u00adtos qu\u00ed\u00admi\u00adcos. El tra\u00adta\u00admi\u00aden\u00adto es res\u00adpe\u00adtuo\u00adso con el medio ambi\u00aden\u00adte, ino\u00adcuo para la salud y una alter\u00adna\u00adti\u00adva sos\u00adteni\u00adble a los pesti\u00adci\u00addas.   <\/p>\n\n\n\n<div class=\"buttons-wrap\">\n<a class=\"gb-text button-primary\" href=\"https:\/\/thermo-bug.de\/es\/funcionamiento\/\">M\u00e1s sob\u00adre el pro\u00adce\u00addi\u00admi\u00aden\u00adto<\/a>\n\n\n\n<a class=\"gb-text button-secondary\" href=\"https:\/\/thermo-bug.de\/es\/usar-thermo-bug\/\">Act\u00fae aho\u00adra<\/a>\n<\/div>\n<\/div>\n<\/div>\n\n\n\n<div class=\"section-image-wrap gb-element-e6a8092c\"><\/div>\n<\/div>\n\n\n\n<div class=\"section-wrap\">\n<div class=\"section-image-wrap gb-element-94db5f41\"><\/div>\n\n\n\n<div class=\"section-text-wrap\">\n<div class=\"max-width-800\">\n<h2 class=\"gb-text\">Eficaz en cualquier habitaci\u00f3n<\/h2>\n\n\n\n<p class=\"gb-text\">Ya sea en un hotel, en un hogar par\u00adti\u00adcu\u00adlar o en instal\u00ada\u00adcio\u00adnes sen\u00adsi\u00adbles como escue\u00adlas y resi\u00adden\u00adci\u00adas de ancia\u00adnos, Ther\u00admo-bug\u00ae com\u00adba\u00adte las chin\u00adches y otras pla\u00adg\u00adas de for\u00adma fia\u00adble y sin pro\u00adduc\u00adtos qu\u00ed\u00admi\u00adcos. El pro\u00adba\u00addo m\u00e9to\u00addo de calor pro\u00adte\u00adge a las per\u00adso\u00adnas, el medio ambi\u00aden\u00adte y las habit\u00ada\u00adcio\u00adnes por igu\u00adal. Ide\u00adal para todos aquellos que apue\u00adstan por una solu\u00adci\u00f3n dis\u00adcreta y sos\u00adteni\u00adble.  <\/p>\n\n\n\n<div class=\"buttons-wrap\">\n<a class=\"gb-text button-primary\" href=\"https:\/\/thermo-bug.de\/es\/areas-de-aplicacion\/\">Des\u00adcu\u00adbra aho\u00adra las posi\u00adbil\u00adida\u00addes de uso<\/a>\n\n\n\n<a class=\"gb-text button-secondary\" href=\"https:\/\/thermo-bug.de\/es\/usar-thermo-bug\/\">Act\u00fae aho\u00adra<\/a>\n<\/div>\n<\/div>\n<\/div>\n<\/div>\n\n\n\n<div class=\"cta-wrap\">\n<div class=\"features-wrap\">\n<div class=\"flex-column\">\n<img decoding=\"async\" class=\"features-icon\" src=\"https:\/\/thermo-bug.de\/wp-content\/uploads\/2025\/09\/hermo-bug-icon-skull.svg\" aria-hidden=\"true\">\n\n\n\n<h3 class=\"gb-text features-text\">100 % letal<\/h3>\n\n\n\n<p class=\"gb-text\">El calor destruye las estruc\u00adtu\u00adras prot\u00ade\u00adi\u00adcas de todas las chin\u00adches y sus hue\u00advos. Se eli\u00admi\u00adnan todas las fases de des\u00adar\u00adrol\u00adlo de la chin\u00adche de cama, sin nece\u00adsi\u00addad de uti\u00adli\u00adzar insec\u00adti\u00adci\u00addas.<\/p>\n<\/div>\n\n\n\n<div class=\"flex-column\">\n<img decoding=\"async\" class=\"features-icon\" src=\"https:\/\/thermo-bug.de\/wp-content\/uploads\/2025\/09\/hermo-bug-icon-clock.svg\" aria-hidden=\"true\">\n\n\n\n<h3 class=\"gb-text features-text\">R\u00e1pido y eficiente<\/h3>\n\n\n\n<p class=\"gb-text\">Por lo gene\u00adral, una inter\u00adven\u00adci\u00f3n se com\u00adple\u00adta en unas 24 horas. A menu\u00addo, bas\u00adta con una sola inter\u00adven\u00adci\u00f3n para eli\u00admi\u00adnar por com\u00adple\u00adto las chin\u00adches de cama.<\/p>\n<\/div>\n\n\n\n<div class=\"flex-column\">\n<img decoding=\"async\" class=\"features-icon\" src=\"https:\/\/thermo-bug.de\/wp-content\/uploads\/2025\/09\/hermo-bug-icon-silence.svg\" aria-hidden=\"true\">\n\n\n\n<h3 class=\"gb-text features-text\">Discreto e inodoro<\/h3>\n\n\n\n<p class=\"gb-text\">Ther\u00admo-bug\u00ae fun\u00adcio\u00adna de for\u00adma silen\u00adcio\u00adsa y sin olo\u00adres des\u00adagra\u00add\u00ada\u00adbles. El d\u00eda a d\u00eda de sus hu\u00e9\u00ads\u00adpe\u00addes y emp\u00adlea\u00addos con\u00adtin\u00faa pr\u00e1c\u00adti\u00adca\u00admen\u00adte sin inter\u00adrup\u00adcio\u00adnes.<\/p>\n<\/div>\n\n\n\n<div class=\"flex-column\">\n<img decoding=\"async\" class=\"features-icon\" src=\"https:\/\/thermo-bug.de\/wp-content\/uploads\/2025\/09\/thermo-bug-icon-leaf.svg\" aria-hidden=\"true\">\n\n\n\n<h3 class=\"gb-text features-text\">Respetuoso con el medio ambiente y la salud<\/h3>\n\n\n\n<p class=\"gb-text\">Sin pro\u00adduc\u00adtos qu\u00ed\u00admi\u00adcos, sin resi\u00addu\u00ados: tras el tra\u00adta\u00admi\u00aden\u00adto t\u00e9rmi\u00adco, las habit\u00ada\u00adcio\u00adnes pue\u00adden vol\u00adver a ocu\u00adp\u00adar\u00adse de inme\u00addia\u00adto. As\u00ed pro\u00adte\u00adge el medio ambi\u00aden\u00adte, los ani\u00adma\u00adles y su salud.<\/p>\n<\/div>\n<\/div>\n<\/div>\n\n\n\n<div class=\"section-wrap bg-white-gradient grid-3-bedbugsandco\">\n<div class=\"section-text-wrap list-bedbugsco-align-right\">\n<div class=\"max-width-800 gb-element-9a90a866\">\n<h2 class=\"gb-text\">M\u00e1s que solo chinches<\/h2>\n\n\n\n<p class=\"gb-text\">Ther\u00admo-bug\u00ae no solo es la solu\u00adci\u00f3n per\u00adfec\u00adta con\u00adtra las chin\u00adches, sino que tam\u00adbi\u00e9n act\u00faa de for\u00adma fia\u00adble con\u00adtra much\u00adas otras pla\u00adg\u00adas como cuca\u00adrach\u00adas, hor\u00admi\u00adgas, pol\u00adil\u00adlas o car\u00adco\u00admas. Nues\u00adtro dic\u00adcio\u00adna\u00adrio de pla\u00adg\u00adas le mues\u00adtra c\u00f3mo detec\u00adtar una infesta\u00adci\u00f3n a tiem\u00adpo, rastrear las zonas afec\u00adta\u00addas y qu\u00e9 m\u00e9to\u00addos sos\u00adteni\u00adbles ayu\u00addan real\u00admen\u00adte. Pro\u00adte\u00adja la salud, la higie\u00adne y su pro\u00adpie\u00addad sin pro\u00adduc\u00adtos qu\u00ed\u00admi\u00adcos.  <\/p>\n\n\n\n<div class=\"buttons-wrap\">\n<a class=\"gb-text button-primary\" href=\"https:\/\/thermo-bug.de\/es\/chinches-y-compania\/\">Des\u00adcu\u00adbra aho\u00adra todas las pla\u00adg\u00adas<\/a>\n<\/div>\n<\/div>\n<\/div>\n\n\n\n<div class=\"flex-centered\">\n<img loading=\"lazy\" decoding=\"async\" width=\"500\" height=\"531\" class=\"gb-media-9c4634c8\" alt=\"Grafik einer Bettwanze von oben\" src=\"https:\/\/thermo-bug.de\/wp-content\/uploads\/2025\/09\/thermo-bug-bettwanzen-und-co.png\" title=\"thermo-bug-bettwanzen-und-co\" srcset=\"https:\/\/thermo-bug.de\/wp-content\/uploads\/2025\/09\/thermo-bug-bettwanzen-und-co.png 500w, https:\/\/thermo-bug.de\/wp-content\/uploads\/2025\/09\/thermo-bug-bettwanzen-und-co-282x300.png 282w\" sizes=\"auto, (max-width: 500px) 100vw, 500px\">\n<\/div>\n\n\n\n<div class=\"section-text-wrap list-bedbugsco-align-left\">\n<div class=\"max-width-800 list-bedbugsco-wrap-list\">\n<div class=\"list-bedbugsco-wrap-list-item\">\n<img decoding=\"async\" class=\"list-bedbugsco-image\" src=\"https:\/\/thermo-bug.de\/wp-content\/uploads\/2025\/09\/thermo-bug-list-icon.svg\" aria-hidden=\"true\">\n\n\n\n<p class=\"gb-text list-bedbugsco-text\"><a href=\"https:\/\/thermo-bug.de\/es\/chinches-y-compania\/chinches\/\" data-type=\"page\" data-id=\"225\">Chin\u00adches<\/a><\/p>\n<\/div>\n\n\n\n<div class=\"list-bedbugsco-wrap-list-item gb-element-e47424e8\">\n<img decoding=\"async\" class=\"list-bedbugsco-image\" src=\"https:\/\/thermo-bug.de\/wp-content\/uploads\/2025\/09\/thermo-bug-list-icon.svg\" aria-hidden=\"true\">\n\n\n\n<p class=\"gb-text list-bedbugsco-text\"><a href=\"https:\/\/thermo-bug.de\/es\/chinches-y-compania\/gusanos-de-la-harina\/\" data-type=\"page\" data-id=\"228\">Gus\u00ada\u00adnos de la hari\u00adna<\/a><\/p>\n<\/div>\n\n\n\n<div class=\"list-bedbugsco-wrap-list-item gb-element-2acf1d1a\">\n<img decoding=\"async\" class=\"list-bedbugsco-image\" src=\"https:\/\/thermo-bug.de\/wp-content\/uploads\/2025\/09\/thermo-bug-list-icon.svg\" aria-hidden=\"true\">\n\n\n\n<p class=\"gb-text list-bedbugsco-text\"><a href=\"https:\/\/thermo-bug.de\/es\/chinches-y-compania\/hormigas\/\" data-type=\"page\" data-id=\"231\">Hor\u00admi\u00adgas<\/a><\/p>\n<\/div>\n\n\n\n<div class=\"list-bedbugsco-wrap-list-item gb-element-92c7a990\">\n<img decoding=\"async\" class=\"list-bedbugsco-image\" src=\"https:\/\/thermo-bug.de\/wp-content\/uploads\/2025\/09\/thermo-bug-list-icon.svg\" aria-hidden=\"true\">\n\n\n\n<p class=\"gb-text list-bedbugsco-text\"><a href=\"https:\/\/thermo-bug.de\/es\/chinches-y-compania\/cucarachas\/\" data-type=\"page\" data-id=\"234\">Cuca\u00adrach\u00adas<\/a><\/p>\n<\/div>\n\n\n\n<div class=\"list-bedbugsco-wrap-list-item gb-element-dea6839d\">\n<img decoding=\"async\" class=\"list-bedbugsco-image\" src=\"https:\/\/thermo-bug.de\/wp-content\/uploads\/2025\/09\/thermo-bug-list-icon.svg\" aria-hidden=\"true\">\n\n\n\n<p class=\"gb-text list-bedbugsco-text\"><a href=\"https:\/\/thermo-bug.de\/es\/chinches-y-compania\/polillas\/\" data-type=\"page\" data-id=\"237\">Pol\u00adil\u00adlas<\/a><\/p>\n<\/div>\n\n\n\n<div class=\"list-bedbugsco-wrap-list-item gb-element-46537b47\">\n<img decoding=\"async\" class=\"list-bedbugsco-image\" src=\"https:\/\/thermo-bug.de\/wp-content\/uploads\/2025\/09\/thermo-bug-list-icon.svg\" aria-hidden=\"true\">\n\n\n\n<p class=\"gb-text list-bedbugsco-text\"><a href=\"https:\/\/thermo-bug.de\/es\/chinches-y-compania\/pulgas\/\" data-type=\"page\" data-id=\"241\">Pul\u00adgas<\/a><\/p>\n<\/div>\n\n\n\n<div class=\"list-bedbugsco-wrap-list-item gb-element-35ab773d\">\n<img decoding=\"async\" class=\"list-bedbugsco-image\" src=\"https:\/\/thermo-bug.de\/wp-content\/uploads\/2025\/09\/thermo-bug-list-icon.svg\" aria-hidden=\"true\">\n\n\n\n<p class=\"gb-text list-bedbugsco-text\"><a href=\"https:\/\/thermo-bug.de\/es\/chinches-y-compania\/carcomas\/\" data-type=\"page\" data-id=\"244\">Car\u00adco\u00admas<\/a><\/p>\n<\/div>\n\n\n\n<div class=\"list-bedbugsco-wrap-list-item gb-element-4f4d7428\">\n<img decoding=\"async\" class=\"list-bedbugsco-image\" src=\"https:\/\/thermo-bug.de\/wp-content\/uploads\/2025\/09\/thermo-bug-list-icon.svg\" aria-hidden=\"true\">\n\n\n\n<p class=\"gb-text list-bedbugsco-text\"><a href=\"https:\/\/thermo-bug.de\/es\/chinches-y-compania\/psocopteros\/\" data-type=\"page\" data-id=\"247\">Pso\u00adc\u00f3p\u00adte\u00adros<\/a><\/p>\n<\/div>\n\n\n\n<div class=\"list-bedbugsco-wrap-list-item\">\n<img decoding=\"async\" class=\"list-bedbugsco-image\" src=\"https:\/\/thermo-bug.de\/wp-content\/uploads\/2025\/09\/thermo-bug-list-icon.svg\" aria-hidden=\"true\">\n\n\n\n<p class=\"gb-text list-bedbugsco-text\"><a href=\"https:\/\/thermo-bug.de\/es\/chinches-y-compania\/escarabajos-de-las-alfombras\/\" data-type=\"page\" data-id=\"251\">Esca\u00adra\u00adba\u00adjos de las alfom\u00adbras<\/a><\/p>\n<\/div>\n<\/div>\n<\/div>\n<\/div>\n\n\n\n<div class=\"section-wrap\">\n<div class=\"section-image-wrap gb-element-5347d64c\"><\/div>\n\n\n\n<div class=\"section-text-wrap\">\n<div class=\"max-width-800\">\n<h2 class=\"gb-text\">Reconocer las plagas y combatirlas eficazmente<\/h2>\n\n\n\n<p class=\"gb-text\">Suba una foto de las pla\u00adg\u00adas o de sus ras\u00adtros y nues\u00adtro equi\u00adpo de exper\u00adtos ana\u00adli\u00adzar\u00e1 la infesta\u00adci\u00f3n. Reci\u00adbir\u00e1 r\u00e1pi\u00adda\u00admen\u00adte una eva\u00adlu\u00adaci\u00f3n del tipo de pla\u00adga y de las medi\u00addas que real\u00admen\u00adte ayu\u00addan. <\/p>\n\n\n\n<div class=\"buttons-wrap\">\n<a class=\"gb-text button-primary\" href=\"https:\/\/thermo-bug.de\/es\/identificacion-de-plagas\/\">Suba aho\u00adra la foto<\/a>\n<\/div>\n<\/div>\n<\/div>\n<\/div>\n\n\n\n<div class=\"cta-wrap\">\n<div class=\"max-width-800\">\n<h2 class=\"gb-text\">Su soluci\u00f3n contra las chinches<\/h2>\n\n\n\n<p class=\"gb-text\">Ya sea para pro\u00adfe\u00adsio\u00adna\u00adles, empre\u00adsas o par\u00adti\u00adcu\u00adla\u00adres: uti\u00adli\u00adce la inno\u00adva\u00addo\u00adra tec\u00adno\u00adlo\u00adg\u00eda de calor que com\u00adba\u00adte las pla\u00adg\u00adas de for\u00adma sos\u00adteni\u00adble y sin pro\u00adduc\u00adtos qu\u00ed\u00admi\u00adcos. Eli\u00adja la opci\u00f3n adecua\u00adda para sus nece\u00adsi\u00add\u00ada\u00addes.<\/p>\n\n\n\n<a class=\"gb-text button-primary\" href=\"https:\/\/thermo-bug.de\/thermo-bug-nutzen\/\">Uti\u00adli\u00adce Ther\u00admo-bug\u00ae aho\u00adra<\/a>\n<\/div>\n<\/div>\n<\/div>\n","protected":false},"excerpt":{"rendered":"<p>Ther\u00admo-bug\u00ae El mejor equi\u00adpo para el con\u00adtrol de chin\u00adches Con Ther\u00ad\u00admo-bug\u00ae eli\u00admi\u00adn\u00adar\u00e1 chin\u00adches, lar\u00advas y hue\u00advos al 100 % sin nece\u00adsi\u00addad de insec\u00adti\u00adci\u00addas qu\u00ed\u00admi\u00adcos. La inno\u00adva\u00addo\u00adra tec\u00adno\u00adlo\u00adg\u00eda de alta tem\u00adpe\u00adra\u00adtura fun\u00adcio\u00adna de for\u00adma inodo\u00adra, dis\u00adcreta y segu\u00adra, y es ide\u00adal para hote\u00adles, ofi\u00adci\u00adnas y hoga\u00adres par\u00adti\u00adcu\u00adla\u00adres. M\u00e1s infor\u00admaci\u00f3n Usar Ther\u00ad\u00admo-bug\u00ae Aca\u00adbe con las chin\u00adches con \u2026 <a title=\"Thermo-bug\u00ae\" class=\"read-more\" href=\"https:\/\/thermo-bug.de\/es\/\" aria-label=\"Leer m\u00e1s sobre Thermo-bug\u00ae\">Leer m\u00e1s<\/a><\/p>\n","protected":false},"author":1,"featured_media":0,"parent":0,"menu_order":1,"comment_status":"closed","ping_status":"closed","template":"","meta":{"wp_typography_post_enhancements_disabled":false,"footnotes":""},"class_list":["post-949","page","type-page","status-publish"],"_links":{"self":[{"href":"https:\/\/thermo-bug.de\/es\/wp-json\/wp\/v2\/pages\/949","targetHints":{"allow":["GET"]}}],"collection":[{"href":"https:\/\/thermo-bug.de\/es\/wp-json\/wp\/v2\/pages"}],"about":[{"href":"https:\/\/thermo-bug.de\/es\/wp-json\/wp\/v2\/types\/page"}],"author":[{"embeddable":true,"href":"https:\/\/thermo-bug.de\/es\/wp-json\/wp\/v2\/users\/1"}],"replies":[{"embeddable":true,"href":"https:\/\/thermo-bug.de\/es\/wp-json\/wp\/v2\/comments?post=949"}],"version-history":[{"count":5,"href":"https:\/\/thermo-bug.de\/es\/wp-json\/wp\/v2\/pages\/949\/revisions"}],"predecessor-version":[{"id":2247,"href":"https:\/\/thermo-bug.de\/es\/wp-json\/wp\/v2\/pages\/949\/revisions\/2247"}],"wp:attachment":[{"href":"https:\/\/thermo-bug.de\/es\/wp-json\/wp\/v2\/media?parent=949"}],"curies":[{"name":"wp","href":"https:\/\/api.w.org\/{rel}","templated":true}]}}