{"id":1175,"date":"2025-09-10T09:14:17","date_gmt":"2025-09-10T09:14:17","guid":{"rendered":"https:\/\/thermo-bug.de\/domaines-dapplication\/"},"modified":"2026-03-20T08:15:31","modified_gmt":"2026-03-20T08:15:31","slug":"domaines-dapplication","status":"publish","type":"page","link":"https:\/\/thermo-bug.de\/fr\/domaines-dapplication\/","title":{"rendered":"Domaines d\u2019application"},"content":{"rendered":"\n<div class=\"alignfull\">\n<div class=\"hero-wrap\">\n<div class=\"section-text-wrap\">\n<div class=\"max-width-800\">\n<h1 class=\"gb-text\">Lieux d\u2019intervention de Thermo-bug\u00ae<\/h1>\n\n\n\n<h2 class=\"gb-text h2-hero\">Lutte antiparasitaire efficace pour les h\u00f4tels, les foyers et les \u00e9tablissements<\/h2>\n\n\n\n<p class=\"gb-text\">Une infe\u00adsta\u00adti\u00adon de para\u00adsi\u00adtes ne s\u2019ar\u00adr\u00eate devant rien, que ce soit chez soi, \u00e0 l\u2019h\u00f4\u00adtel ou dans des \u00e9ta\u00adblis\u00adse\u00adments sen\u00adsi\u00adbles com\u00adme les \u00e9co\u00adles et les mai\u00adsons de retrai\u00adte. Les punai\u00adses de lit nui\u00adsent non seu\u00adle\u00adment \u00e0 l\u2019hy\u00adgi\u00e8\u00adne, mais aus\u00adsi au bien-\u00eatre. Ther\u00admo-bug\u00ae appor\u00adte une solu\u00adti\u00adon fia\u00adble dans les foy\u00aders pri\u00adv\u00e9s, les ent\u00adre\u00adpri\u00adses tou\u00adris\u00adti\u00adques et les \u00e9ta\u00adblis\u00adse\u00adments coll\u00adec\u00adtifs, et ce, sans aucu\u00adne chi\u00admie.  <\/p>\n\n\n\n<div class=\"buttons-wrap\">\n<a class=\"gb-text button-primary\" href=\"#info\">En savoir plus<\/a>\n<\/div>\n<\/div>\n<\/div>\n\n\n\n<div class=\"section-image-wrap hero-image gb-element-02660d31\"><\/div>\n<\/div>\n\n\n\n<div class=\"section-wrap\" id=\"info\">\n<div class=\"section-image-wrap gb-element-e6a8092c\"><\/div>\n\n\n\n<div class=\"section-text-wrap\">\n<div class=\"max-width-800\">\n<h2 class=\"gb-text\">Que faire en cas d\u2019urgence ?<\/h2>\n\n\n\n<p class=\"gb-text\">Une infe\u00adsta\u00adti\u00adon sou\u00adda\u00adi\u00adne de punai\u00adses de lit exi\u00adge une action rapi\u00adde. Les pre\u00admi\u00e8\u00adres mesu\u00adres peu\u00advent aider \u00e0 limi\u00adter la pro\u00adpa\u00adga\u00adti\u00adon dans un pre\u00admier temps : <\/p>\n\n\n\n<div class=\"list-wrap\">\n<div class=\"list-item-wrap\">\n<img decoding=\"async\" class=\"list-item-image\" src=\"https:\/\/thermo-bug.de\/wp-content\/uploads\/2025\/09\/thermo-bug-list-icon.svg\" aria-hidden=\"true\">\n\n\n\n<div class=\"list-item-text-wrap\">\n<p class=\"gb-text list-item-text\">Laver le lin\u00adge de lit \u00e0 au moins 60 \u00b0C<\/p>\n<\/div>\n<\/div>\n\n\n\n<div class=\"list-item-wrap\">\n<img decoding=\"async\" class=\"list-item-image\" src=\"https:\/\/thermo-bug.de\/wp-content\/uploads\/2025\/09\/thermo-bug-list-icon.svg\" aria-hidden=\"true\">\n\n\n\n<div class=\"list-item-text-wrap\">\n<p class=\"gb-text list-item-text\">Aspi\u00adrer soi\u00adgneu\u00adse\u00adment les vali\u00adses, les fen\u00adtes et les sur\u00adfaces tex\u00adti\u00adles<\/p>\n<\/div>\n<\/div>\n\n\n\n<div class=\"list-item-wrap\">\n<img decoding=\"async\" class=\"list-item-image\" src=\"https:\/\/thermo-bug.de\/wp-content\/uploads\/2025\/09\/thermo-bug-list-icon.svg\" aria-hidden=\"true\">\n\n\n\n<div class=\"list-item-text-wrap\">\n<p class=\"gb-text list-item-text\">Embal\u00adler her\u00adm\u00e9\u00adti\u00adquement les tex\u00adti\u00adles infes\u00adt\u00e9s<\/p>\n<\/div>\n<\/div>\n\n\n\n<div class=\"list-item-wrap\">\n<img decoding=\"async\" class=\"list-item-image\" src=\"https:\/\/thermo-bug.de\/wp-content\/uploads\/2025\/09\/thermo-bug-list-icon.svg\" aria-hidden=\"true\">\n\n\n\n<div class=\"list-item-text-wrap\">\n<p class=\"gb-text list-item-text\">\u00c9vi\u00adter les meubles suspects et ne sur\u00adtout pas les d\u00e9pla\u00adcer dans une aut\u00adre pi\u00e8\u00adce<\/p>\n<\/div>\n<\/div>\n\n\n\n<div class=\"list-item-wrap\">\n<img decoding=\"async\" class=\"list-item-image\" src=\"https:\/\/thermo-bug.de\/wp-content\/uploads\/2025\/09\/thermo-bug-list-icon.svg\" aria-hidden=\"true\">\n\n\n\n<div class=\"list-item-text-wrap\">\n<p class=\"gb-text list-item-text\">Docu\u00admen\u00adta\u00adti\u00adon : pho\u00adto\u00adgra\u00adphier les traces tel\u00adles que les piq\u00fb\u00adres, les excr\u00e9\u00adments ou les res\u00adtes de mue<\/p>\n<\/div>\n<\/div>\n<\/div>\n\n\n\n<p class=\"gb-text\">Ces mesu\u00adres apportent un pre\u00admier sou\u00adla\u00adge\u00adment, mais seu\u00adle une inter\u00adven\u00adti\u00adon pro\u00adfes\u00adsi\u00adon\u00adnel\u00adle off\u00adre une s\u00e9cu\u00adri\u00adt\u00e9 tota\u00adle. Fai\u00adtes appel \u00e0 un sp\u00e9\u00adcia\u00adlis\u00adte de la lut\u00adte anti\u00adpa\u00adra\u00adsi\u00adtaire. Il inter\u00advi\u00adent imm\u00e9\u00addia\u00adte\u00adment et agit sur place de mani\u00e8\u00adre abso\u00adlu\u00adment dis\u00adcr\u00e8\u00adte, silen\u00adcieu\u00adse, rapi\u00adde et extr\u00ea\u00adme\u00adment effi\u00adcace.  <\/p>\n<\/div>\n<\/div>\n<\/div>\n\n\n\n<div class=\"flex-centered bg-grey\">\n<div class=\"max-width-wide flex-centered spacing\">\n<div class=\"max-width-800\">\n<h2 class=\"gb-text\">Une aide efficace dans tous les domaines<\/h2>\n\n\n\n<p class=\"gb-text\">Le pro\u00adc\u00e9\u00add\u00e9 ther\u00admi\u00adque Ther\u00admo-bug\u00ae fon\u00adc\u00adtion\u00adne avec une chaleur s\u00e8che \u00e0 100 %. Fia\u00adble, sans pro\u00adduits chi\u00admi\u00adques et par\u00adti\u00adcu\u00adli\u00e8\u00adre\u00adment minu\u00adti\u00adeux. Cela rend la m\u00e9tho\u00adde poly\u00adva\u00adlen\u00adte, sur\u00adtout l\u00e0 o\u00f9 l\u2019hy\u00adgi\u00e8\u00adne et la s\u00e9cu\u00adri\u00adt\u00e9 sont pri\u00admor\u00addia\u00adles :  <\/p>\n<\/div>\n\n\n\n<div class=\"ag-grid\">\n<div class=\"ag-wrap-card\">\n<img loading=\"lazy\" decoding=\"async\" width=\"600\" height=\"375\" class=\"ag-image\" alt=\"Ein gemachtes Bett im Hotel\" src=\"https:\/\/thermo-bug.de\/wp-content\/uploads\/2025\/09\/thermo-bug-anwendung-thumbnail-hotel.jpg\" srcset=\"https:\/\/thermo-bug.de\/wp-content\/uploads\/2025\/09\/thermo-bug-anwendung-thumbnail-hotel.jpg 600w, https:\/\/thermo-bug.de\/wp-content\/uploads\/2025\/09\/thermo-bug-anwendung-thumbnail-hotel-300x188.jpg 300w\" sizes=\"auto, (max-width: 600px) 100vw, 600px\">\n\n\n\n<h3 class=\"gb-text ag-title\">H\u00f4tel<\/h3>\n\n\n\n<p class=\"gb-text ag-text\">Dans les h\u00f4tels, de nombreux cli\u00adents du mon\u00adde entier arri\u00advent, sou\u00advent avec des baga\u00adges dans les\u00adquels des punai\u00adses de lit ou d\u2019au\u00adt\u00adres para\u00adsi\u00adtes peu\u00advent se cacher. Les chan\u00adge\u00adments de chambre fr\u00e9\u00adquents et les nor\u00admes d\u2019hy\u00adgi\u00e8\u00adne dif\u00adf\u00e9\u00adren\u00adtes favo\u00adri\u00adsent une pro\u00adpa\u00adga\u00adti\u00adon rapi\u00adde. <\/p>\n\n\n\n<div class=\"buttons-wrap\">\n<a class=\"gb-text button-primary\" href=\"https:\/\/thermo-bug.de\/fr\/domaines-dapplication\/hotel\/\">En savoir plus<\/a>\n<\/div>\n<\/div>\n\n\n\n<div class=\"ag-wrap-card\">\n<img loading=\"lazy\" decoding=\"async\" width=\"600\" height=\"375\" class=\"ag-image\" alt=\"Eine Frau sitzt zu Hause auf Ihrer Couch.\" src=\"https:\/\/thermo-bug.de\/wp-content\/uploads\/2025\/09\/thermo-bug-anwendung-thumbnail-private-haushalte.jpg\" srcset=\"https:\/\/thermo-bug.de\/wp-content\/uploads\/2025\/09\/thermo-bug-anwendung-thumbnail-private-haushalte.jpg 600w, https:\/\/thermo-bug.de\/wp-content\/uploads\/2025\/09\/thermo-bug-anwendung-thumbnail-private-haushalte-300x188.jpg 300w\" sizes=\"auto, (max-width: 600px) 100vw, 600px\">\n\n\n\n<h3 class=\"gb-text ag-title\">M\u00e9nages priv\u00e9s<\/h3>\n\n\n\n<p class=\"gb-text ag-text\">\u00c0 la mai\u00adson, les para\u00adsi\u00adtes p\u00e9n\u00e8t\u00adrent g\u00e9n\u00e9\u00adra\u00adle\u00adment par le biais des achats, des ani\u00admaux domes\u00adti\u00adques ou des meubles d\u2019oc\u00adca\u00adsi\u00adon. Les r\u00e9ser\u00adves de nour\u00adri\u00adtu\u00adre, les tex\u00adti\u00adles et les lieux de retrai\u00adte chauds offrent des con\u00addi\u00adti\u00adons de vie id\u00e9a\u00adles. <\/p>\n\n\n\n<div class=\"buttons-wrap\">\n<a class=\"gb-text button-primary\" href=\"https:\/\/thermo-bug.de\/fr\/domaines-dapplication\/menages-prives\/\">En savoir plus<\/a>\n<\/div>\n<\/div>\n\n\n\n<div class=\"ag-wrap-card\">\n<img loading=\"lazy\" decoding=\"async\" width=\"600\" height=\"377\" class=\"ag-image\" alt=\"Eine kleines, modern eingerichtetes Apartment\" src=\"https:\/\/thermo-bug.de\/wp-content\/uploads\/2025\/09\/thermo-bug-anwendung-thumbnail-monteurunterkunft.jpg\" srcset=\"https:\/\/thermo-bug.de\/wp-content\/uploads\/2025\/09\/thermo-bug-anwendung-thumbnail-monteurunterkunft.jpg 600w, https:\/\/thermo-bug.de\/wp-content\/uploads\/2025\/09\/thermo-bug-anwendung-thumbnail-monteurunterkunft-300x189.jpg 300w\" sizes=\"auto, (max-width: 600px) 100vw, 600px\">\n\n\n\n<h3 class=\"gb-text ag-title\">H\u00e9bergements pour travailleurs<\/h3>\n\n\n\n<p class=\"gb-text ag-text\">Dans les loge\u00adments de tra\u00advail\u00adleurs, il y a sou\u00advent un va-et-vient important de r\u00e9si\u00addents. Les baga\u00adges et les v\u00eate\u00adments peu\u00advent intro\u00addui\u00adre des punai\u00adses de lit qui se pro\u00adpagent ensuite dis\u00adcr\u00e8\u00adte\u00adment. <\/p>\n\n\n\n<div class=\"buttons-wrap\">\n<a class=\"gb-text button-primary\" href=\"https:\/\/thermo-bug.de\/fr\/domaines-dapplication\/hebergements-pour-travailleurs\/\">En savoir plus<\/a>\n<\/div>\n<\/div>\n<\/div>\n\n\n\n<div class=\"max-width-800\">\n<div class=\"gb-text gb-text-004bf2dd\" id=\"oeffentliche-einrichtungen\">\u00c9ta\u00adblis\u00adse\u00adments publics<\/div>\n<\/div>\n\n\n\n<div class=\"ag-grid\">\n<div class=\"ag-wrap-card\">\n<img loading=\"lazy\" decoding=\"async\" width=\"600\" height=\"375\" class=\"ag-image\" alt=\"Kinder spielen und malen an einem Tisch neben einer Erzieherin.\" src=\"https:\/\/thermo-bug.de\/wp-content\/uploads\/2025\/09\/thermo-bug-anwendung-thumbnail-kita-schule.jpg\" srcset=\"https:\/\/thermo-bug.de\/wp-content\/uploads\/2025\/09\/thermo-bug-anwendung-thumbnail-kita-schule.jpg 600w, https:\/\/thermo-bug.de\/wp-content\/uploads\/2025\/09\/thermo-bug-anwendung-thumbnail-kita-schule-300x188.jpg 300w\" sizes=\"auto, (max-width: 600px) 100vw, 600px\">\n\n\n\n<h3 class=\"gb-text ag-title\">Jardins d\u2019enfants et \u00e9coles<\/h3>\n\n\n\n<p class=\"gb-text ag-text\">Dans les \u00e9ta\u00adblis\u00adse\u00adments d\u2019ens\u00adeig\u00adne\u00adment, les para\u00adsi\u00adtes sont sou\u00advent intro\u00adduits par les enfants et leurs sacs. Les res\u00adtes de nour\u00adri\u00adtu\u00adre, les pi\u00e8\u00adces chau\u00addes et les nombreu\u00adses cachet\u00adtes favo\u00adri\u00adsent leur infe\u00adsta\u00adti\u00adon. <\/p>\n\n\n\n<div class=\"buttons-wrap\">\n<a class=\"gb-text button-primary\" href=\"https:\/\/thermo-bug.de\/fr\/domaines-dapplication\/jardins-denfants-et-ecoles\/\">En savoir plus<\/a>\n<\/div>\n<\/div>\n\n\n\n<div class=\"ag-wrap-card\">\n<img loading=\"lazy\" decoding=\"async\" width=\"600\" height=\"375\" class=\"ag-image\" alt=\"Eine \u00c4rztin mit Klemmbrett spricht mit Patient.\" src=\"https:\/\/thermo-bug.de\/wp-content\/uploads\/2025\/09\/thermo-bug-anwendung-thumbnail-krankenhaus.jpg\" srcset=\"https:\/\/thermo-bug.de\/wp-content\/uploads\/2025\/09\/thermo-bug-anwendung-thumbnail-krankenhaus.jpg 600w, https:\/\/thermo-bug.de\/wp-content\/uploads\/2025\/09\/thermo-bug-anwendung-thumbnail-krankenhaus-300x188.jpg 300w\" sizes=\"auto, (max-width: 600px) 100vw, 600px\">\n\n\n\n<h3 class=\"gb-text ag-title\">H\u00f4pital<\/h3>\n\n\n\n<p class=\"gb-text ag-text\">Les h\u00f4pi\u00adtaux ont un tra\u00adfic de per\u00adson\u00adnes \u00e9le\u00adv\u00e9, ce qui faci\u00adli\u00adte l\u2019in\u00adtro\u00adduc\u00adtion de para\u00adsi\u00adtes. De plus, les pi\u00e8\u00adces chau\u00addes et cli\u00adma\u00adti\u00ads\u00e9es et les mat\u00e9\u00adriaux tex\u00adti\u00adles offrent de bon\u00adnes con\u00addi\u00adti\u00adons. <\/p>\n\n\n\n<div class=\"buttons-wrap\">\n<a class=\"gb-text button-primary\" href=\"https:\/\/thermo-bug.de\/fr\/domaines-dapplication\/hopital\/\">En savoir plus<\/a>\n<\/div>\n<\/div>\n\n\n\n<div class=\"ag-wrap-card\">\n<img loading=\"lazy\" decoding=\"async\" width=\"600\" height=\"375\" class=\"ag-image\" alt=\"Eine j\u00fcngere Frau k\u00fcmmert sich um eine \u00e4ltere Frau.\" src=\"https:\/\/thermo-bug.de\/wp-content\/uploads\/2025\/09\/thermo-bug-anwendung-thumbnail-seniorenheim.jpg\" srcset=\"https:\/\/thermo-bug.de\/wp-content\/uploads\/2025\/09\/thermo-bug-anwendung-thumbnail-seniorenheim.jpg 600w, https:\/\/thermo-bug.de\/wp-content\/uploads\/2025\/09\/thermo-bug-anwendung-thumbnail-seniorenheim-300x188.jpg 300w\" sizes=\"auto, (max-width: 600px) 100vw, 600px\">\n\n\n\n<h3 class=\"gb-text ag-title\">R\u00e9sidence pour personnes \u00e2g\u00e9es<\/h3>\n\n\n\n<p class=\"gb-text ag-text\">Dans les \u00e9ta\u00adblis\u00adse\u00adments de soins, de nombreux r\u00e9si\u00addents, visi\u00adteurs et soignants assu\u00adrent un cont\u00adact per\u00adma\u00adnent avec le mon\u00adde ext\u00e9\u00adri\u00adeur. Les punai\u00adses de lit ou les puces peu\u00advent ain\u00adsi rapi\u00adde\u00adment pas\u00adser d\u2019u\u00adne per\u00adson\u00adne \u00e0 l\u2019aut\u00adre. <\/p>\n\n\n\n<div class=\"buttons-wrap\">\n<a class=\"gb-text button-primary\" href=\"https:\/\/thermo-bug.de\/fr\/domaines-dapplication\/residence-pour-personnes-agees\/\">En savoir plus<\/a>\n<\/div>\n<\/div>\n\n\n\n<div class=\"ag-wrap-card\">\n<img loading=\"lazy\" decoding=\"async\" width=\"600\" height=\"375\" class=\"ag-image\" alt=\"Eine \u00e4ltere Frau mit einem Schild, das sie als freiwillige Helferin f\u00fcr Gefl\u00fcchtete aus der Ukraine ausweist hilft einer j\u00fcngeren Frau beim Dokumente ausf\u00fcllen.\" src=\"https:\/\/thermo-bug.de\/wp-content\/uploads\/2025\/09\/thermo-bug-anwendung-thumbnail-unterkunft-gefluechtete.jpg\" srcset=\"https:\/\/thermo-bug.de\/wp-content\/uploads\/2025\/09\/thermo-bug-anwendung-thumbnail-unterkunft-gefluechtete.jpg 600w, https:\/\/thermo-bug.de\/wp-content\/uploads\/2025\/09\/thermo-bug-anwendung-thumbnail-unterkunft-gefluechtete-300x188.jpg 300w\" sizes=\"auto, (max-width: 600px) 100vw, 600px\">\n\n\n\n<h3 class=\"gb-text ag-title\">H\u00e9bergement pour r\u00e9fugi\u00e9s<\/h3>\n\n\n\n<p class=\"gb-text ag-text\">Dans les cen\u00adtres d\u2019h\u00e9\u00adber\u00adge\u00adment pour r\u00e9fu\u00adgi\u00e9s, de nombreu\u00adses per\u00adson\u00adnes avec peu de biens se ren\u00adcont\u00adrent dans un espace rest\u00adreint. Les para\u00adsi\u00adtes intro\u00adduits peu\u00advent s\u2019y pro\u00adpa\u00adger par\u00adti\u00adcu\u00adli\u00e8\u00adre\u00adment faci\u00adle\u00adment. <\/p>\n\n\n\n<div class=\"buttons-wrap\">\n<a class=\"gb-text button-primary\" href=\"https:\/\/thermo-bug.de\/fr\/domaines-dapplication\/hebergement-pour-refugies\/\">En savoir plus<\/a>\n<\/div>\n<\/div>\n\n\n\n<div class=\"ag-wrap-card\">\n<img loading=\"lazy\" decoding=\"async\" width=\"600\" height=\"375\" class=\"ag-image\" alt=\"Ein einfaches Bett in einem schmalen Raum\" src=\"https:\/\/thermo-bug.de\/wp-content\/uploads\/2025\/09\/thermo-bug-anwendung-thumbnail-jva.jpg\" srcset=\"https:\/\/thermo-bug.de\/wp-content\/uploads\/2025\/09\/thermo-bug-anwendung-thumbnail-jva.jpg 600w, https:\/\/thermo-bug.de\/wp-content\/uploads\/2025\/09\/thermo-bug-anwendung-thumbnail-jva-300x188.jpg 300w\" sizes=\"auto, (max-width: 600px) 100vw, 600px\">\n\n\n\n<h3 class=\"gb-text ag-title\">\u00c9tablissement p\u00e9nitentiaire<\/h3>\n\n\n\n<p class=\"gb-text ag-text\">Dans les pri\u00adsons, de nombreu\u00adses per\u00adson\u00adnes vivent dans un espace limi\u00adt\u00e9, ce qui peut favo\u00adri\u00adser la pro\u00adpa\u00adga\u00adti\u00adon des para\u00adsi\u00adtes. De plus, les b\u00e2ti\u00adments avec leurs nombreu\u00adses cachet\u00adtes offrent des lieux de retrai\u00adte id\u00e9aux pour les punai\u00adses de lit, les blat\u00adtes ou d\u2019au\u00adt\u00adres para\u00adsi\u00adtes. <\/p>\n\n\n\n<div class=\"buttons-wrap\">\n<a class=\"gb-text button-primary\" href=\"https:\/\/thermo-bug.de\/fr\/domaines-dapplication\/etablissement-penitentiaire\/\">En savoir plus<\/a>\n<\/div>\n<\/div>\n<\/div>\n<\/div>\n<\/div>\n\n\n\n<div class=\"section-wrap\">\n<div class=\"section-text-wrap\">\n<div class=\"max-width-800\">\n<h2 class=\"gb-text\">Danger reconnu,<br>Danger \u00e9cart\u00e9<\/h2>\n\n\n\n<p class=\"gb-text\">Beau\u00adcoup de gens recon\u00adnais\u00adsent trop tard les signes d\u2019u\u00adne infe\u00adsta\u00adti\u00adon de punai\u00adses de lit ou les con\u00adfon\u00addent avec des all\u00ader\u00adgies ou des piq\u00fb\u00adres de mousti\u00adques. C\u2019est pr\u00e9\u00adcis\u00ad\u00e9\u00adment dans les \u00e9ta\u00adblis\u00adse\u00adments publics tels que les \u00e9co\u00adles, les mai\u00adsons de retrai\u00adte ou les h\u00f4pi\u00adtaux que l\u2019i\u00adgno\u00adrance peut avoir des con\u00ads\u00e9\u00adquen\u00adces gra\u00adves. En effet, l\u00e0 o\u00f9 de nombreu\u00adses per\u00adson\u00adnes vivent dans un espace rest\u00adreint, les para\u00adsi\u00adtes se pro\u00adpagent par\u00adti\u00adcu\u00adli\u00e8\u00adre\u00adment rapi\u00adde\u00adment.  <\/p>\n\n\n\n<p class=\"gb-text\">Le savoir est donc la pre\u00admi\u00e8\u00adre \u00e9tape vers une pr\u00e9\u00adven\u00adti\u00adon effi\u00adcace. Afin de ne pas \u00eatre aler\u00adt\u00e9 de la pr\u00e9\u00adsence de punai\u00adses de lit par le cli\u00adent de l\u2019h\u00f4\u00adtel ou le pati\u00adent, vot\u00adre per\u00adson\u00adnel doit en tout cas \u00eatre infor\u00adm\u00e9 de la mani\u00e8\u00adre de recon\u00adna\u00eet\u00adre une \u00e9ven\u00adtu\u00adel\u00adle infe\u00adsta\u00adti\u00adon. &nbsp;<\/p>\n\n\n\n<div class=\"buttons-wrap\">\n<a class=\"gb-text button-primary\" href=\"https:\/\/thermo-bug.de\/fr\/punaises-de-lit-et-autres\/\">Com\u00adment recon\u00adna\u00eet\u00adre les punai\u00adses de lit ?<\/a>\n<\/div>\n<\/div>\n<\/div>\n\n\n\n<div class=\"section-image-wrap gb-element-7c7bf038\"><\/div>\n<\/div>\n\n\n\n<div class=\"cta-wrap\">\n<div class=\"max-width-800\">\n<h2 class=\"gb-text\">Votre solution contre les punaises de lit<\/h2>\n\n\n\n<p class=\"gb-text\">Que ce soit pour les pro\u00adfes\u00adsi\u00adon\u00adnels, les ent\u00adre\u00adpri\u00adses ou les par\u00adti\u00adcu\u00adliers, pro\u00adfi\u00adtez de la tech\u00adno\u00adlo\u00adgie ther\u00admi\u00adque inno\u00advan\u00adte qui com\u00adbat les nui\u00adsi\u00adbles dura\u00adblem\u00adent et sans pro\u00adduits chi\u00admi\u00adques. Choi\u00adsis\u00adsez l\u2019option adap\u00adt\u00e9e \u00e0 vos beso\u00adins.<\/p>\n\n\n\n<a class=\"gb-text button-primary\" href=\"https:\/\/thermo-bug.de\/thermo-bug-nutzen\/\">Uti\u00adli\u00adser Ther\u00admo-bug\u00ae main\u00adten\u00adant<\/a>\n<\/div>\n<\/div>\n<\/div>\n","protected":false},"excerpt":{"rendered":"<p>Lieux d\u2019intervention de Ther\u00admo-bug\u00ae Lut\u00adte anti\u00adpa\u00adra\u00adsi\u00adtaire effi\u00adcace pour les h\u00f4tels, les foy\u00aders et les \u00e9ta\u00adblis\u00adse\u00adments Une infe\u00adsta\u00adti\u00adon de para\u00adsi\u00adtes ne s\u2019ar\u00adr\u00eate devant rien, que ce soit chez soi, \u00e0 l\u2019h\u00f4\u00adtel ou dans des \u00e9ta\u00adblis\u00adse\u00adments sen\u00adsi\u00adbles com\u00adme les \u00e9co\u00adles et les mai\u00adsons de retrai\u00adte. Les punai\u00adses de lit nui\u00adsent non seu\u00adle\u00adment \u00e0 l\u2019hy\u00adgi\u00e8\u00adne, mais aus\u00adsi au \u2026 <a title=\"Domaines d\u2019application\" class=\"read-more\" href=\"https:\/\/thermo-bug.de\/fr\/domaines-dapplication\/\" aria-label=\"En savoir plus sur Domaines d\u2019application\">Lire plus<\/a><\/p>\n","protected":false},"author":1,"featured_media":0,"parent":0,"menu_order":3,"comment_status":"closed","ping_status":"closed","template":"","meta":{"wp_typography_post_enhancements_disabled":false,"footnotes":""},"class_list":["post-1175","page","type-page","status-publish"],"_links":{"self":[{"href":"https:\/\/thermo-bug.de\/fr\/wp-json\/wp\/v2\/pages\/1175","targetHints":{"allow":["GET"]}}],"collection":[{"href":"https:\/\/thermo-bug.de\/fr\/wp-json\/wp\/v2\/pages"}],"about":[{"href":"https:\/\/thermo-bug.de\/fr\/wp-json\/wp\/v2\/types\/page"}],"author":[{"embeddable":true,"href":"https:\/\/thermo-bug.de\/fr\/wp-json\/wp\/v2\/users\/1"}],"replies":[{"embeddable":true,"href":"https:\/\/thermo-bug.de\/fr\/wp-json\/wp\/v2\/comments?post=1175"}],"version-history":[{"count":8,"href":"https:\/\/thermo-bug.de\/fr\/wp-json\/wp\/v2\/pages\/1175\/revisions"}],"predecessor-version":[{"id":1976,"href":"https:\/\/thermo-bug.de\/fr\/wp-json\/wp\/v2\/pages\/1175\/revisions\/1976"}],"wp:attachment":[{"href":"https:\/\/thermo-bug.de\/fr\/wp-json\/wp\/v2\/media?parent=1175"}],"curies":[{"name":"wp","href":"https:\/\/api.w.org\/{rel}","templated":true}]}}