{"id":1210,"date":"2025-09-10T09:18:41","date_gmt":"2025-09-10T09:18:41","guid":{"rendered":"https:\/\/thermo-bug.de\/domaines-dapplication\/hotel\/"},"modified":"2026-03-20T08:26:20","modified_gmt":"2026-03-20T08:26:20","slug":"hotel","status":"publish","type":"page","link":"https:\/\/thermo-bug.de\/fr\/domaines-dapplication\/hotel\/","title":{"rendered":"H\u00f4tel"},"content":{"rendered":"\n<div class=\"alignfull\">\n<div class=\"hero-wrap\">\n<div class=\"section-text-wrap\">\n<div class=\"max-width-800\">\n<h1 class=\"gb-text\">Lutter contre les punaises de lit dans l\u2019h\u00f4tel<\/h1>\n\n\n\n<h2 class=\"gb-text h2-hero\">Sans produits chimiques et discret avec Thermo-bug\u00ae<\/h2>\n\n\n\n<p class=\"gb-text\">Pro\u00adt\u00e9\u00adgez vot\u00adre \u00e9ta\u00adblis\u00adse\u00adment h\u00f4te\u00adlier cont\u00adre les punai\u00adses de lit : Ther\u00admo-bug\u00ae \u00e9li\u00admi\u00adne les punai\u00adses de lit rapi\u00adde\u00adment, en tou\u00adte s\u00e9cu\u00adri\u00adt\u00e9 et sans pro\u00adduits chi\u00admi\u00adques. Trai\u00adte\u00adment ther\u00admi\u00adque dis\u00adcret qui ne per\u00adtur\u00adbe pas l\u2019ac\u00adti\u00advi\u00adt\u00e9 des cham\u00adbres. <\/p>\n\n\n\n<div class=\"buttons-wrap\">\n<a class=\"gb-text button-primary\" href=\"#info\">En savoir plus<\/a>\n<\/div>\n<\/div>\n<\/div>\n\n\n\n<div class=\"section-image-wrap hero-image gb-element-02660d31\"><\/div>\n<\/div>\n\n\n\n<div class=\"inhalt-wrap\" id=\"info\">\n<div class=\"container-text\">\n<div class=\"gb-text inhalt-title\">Con\u00adtenu<\/div>\n\n\n\n<div class=\"list-wrap\">\n<div class=\"list-item-wrap\">\n<img decoding=\"async\" class=\"list-item-image\" src=\"https:\/\/thermo-bug.de\/wp-content\/uploads\/2025\/09\/thermo-bug-list-icon.svg\" aria-hidden=\"true\">\n\n\n\n<div class=\"list-item-text-wrap\">\n<p class=\"gb-text list-item-text ag-list-link\"><a href=\"#wieso\">Com\u00adment l\u2019in\u00adfe\u00adsta\u00adti\u00adon se pro\u00adduit-elle dans l\u2019h\u00f4\u00adtel ?<\/a><\/p>\n<\/div>\n<\/div>\n\n\n\n<div class=\"list-item-wrap\">\n<img decoding=\"async\" class=\"list-item-image\" src=\"https:\/\/thermo-bug.de\/wp-content\/uploads\/2025\/09\/thermo-bug-list-icon.svg\" aria-hidden=\"true\">\n\n\n\n<div class=\"list-item-text-wrap\">\n<p class=\"gb-text list-item-text ag-list-link\"><a href=\"#befall-erkennen\">Com\u00adment recon\u00adna\u00eet\u00adre une infe\u00adsta\u00adti\u00adon de punai\u00adses de lit dans un \u00e9ta\u00adblis\u00adse\u00adment h\u00f4te\u00adlier ?<\/a><\/p>\n<\/div>\n<\/div>\n\n\n\n<div class=\"list-item-wrap\">\n<img decoding=\"async\" class=\"list-item-image\" src=\"https:\/\/thermo-bug.de\/wp-content\/uploads\/2025\/09\/thermo-bug-list-icon.svg\" aria-hidden=\"true\">\n\n\n\n<div class=\"list-item-text-wrap\">\n<p class=\"gb-text list-item-text ag-list-link\"><a href=\"#folgen\">Quel\u00adles sont les con\u00ads\u00e9\u00adquen\u00adces d\u2019u\u00adne infe\u00adsta\u00adti\u00adon de punai\u00adses de lit pour les h\u00f4tels ?<\/a><\/p>\n<\/div>\n<\/div>\n\n\n\n<div class=\"list-item-wrap\">\n<img decoding=\"async\" class=\"list-item-image\" src=\"https:\/\/thermo-bug.de\/wp-content\/uploads\/2025\/09\/thermo-bug-list-icon.svg\" aria-hidden=\"true\">\n\n\n\n<div class=\"list-item-text-wrap\">\n<p class=\"gb-text list-item-text ag-list-link\"><a href=\"#thermo-bug\">Pour\u00adquoi Ther\u00admo-bug\u00ae est-il id\u00e9\u00adal pour les h\u00f4tels ?<\/a><\/p>\n<\/div>\n<\/div>\n<\/div>\n<\/div>\n<\/div>\n\n\n\n<div class=\"spacing flex-centered\">\n<div class=\"container-text\" id=\"wieso\">\n<h2 class=\"gb-text\">Comment l\u2019infestation se produit-elle dans l\u2019h\u00f4tel ?<\/h2>\n\n\n\n<p class=\"gb-text\">Les h\u00f4tels sont pr\u00e9\u00addes\u00adti\u00adn\u00e9s \u00e0 l\u2019in\u00adtro\u00adduc\u00adtion de punai\u00adses de lit : une for\u00adte fr\u00e9\u00adquen\u00adta\u00adti\u00adon de cli\u00adents du mon\u00adde entier aug\u00admen\u00adte la pro\u00adba\u00adbi\u00adli\u00adt\u00e9 d\u2019u\u00adne infe\u00adsta\u00adti\u00adon. Les para\u00adsi\u00adtes se cachent dis\u00adcr\u00e8\u00adte\u00adment dans les baga\u00adges, les v\u00eate\u00adments ou m\u00eame dans les meubles d\u2019oc\u00adca\u00adsi\u00adon et p\u00e9n\u00e8t\u00adrent ain\u00adsi dans le b\u00e2ti\u00adment. M\u00eame les \u00e9l\u00e9\u00adments d\u2019a\u00admeublem\u00adent tels que les mate\u00adlas, les rideaux ou les cad\u00adres de tableaux peu\u00advent offrir des fis\u00adsu\u00adres infes\u00adt\u00e9es. Une infe\u00adsta\u00adti\u00adon de punai\u00adses de lit n\u2019est pas un signe de man\u00adque de pro\u00adpre\u00adt\u00e9 \u2014 m\u00eame les h\u00f4tels cinq \u00e9toi\u00adles ne sont pas \u00e0 l\u2019a\u00adb\u00adri. Non seu\u00adle\u00adment les cli\u00adents, mais aus\u00adsi le per\u00adson\u00adnel ou les four\u00adnis\u00adseurs peu\u00advent intro\u00addui\u00adre invo\u00adlon\u00adtai\u00adre\u00adment les para\u00adsi\u00adtes (par exemp\u00adle, sur des tex\u00adti\u00adles ou des vali\u00adses).    <\/p>\n<\/div>\n\n\n\n<div class=\"container-text\" id=\"befall-erkennen\">\n<h2 class=\"gb-text\">Comment reconna\u00eetre une infestation de punaises de lit dans un \u00e9tablissement h\u00f4telier ?<\/h2>\n\n\n\n<p class=\"gb-text\">Une infe\u00adsta\u00adti\u00adon de punai\u00adses de lit pas\u00adse sou\u00advent inaper\u00ad\u00e7ue pen\u00addant long\u00adtemps dans les h\u00f4tels \u2014 les ani\u00admaux sont noc\u00adturnes et se cachent bien. Ces signes typi\u00adques aident \u00e0 la d\u00e9tec\u00adtion pr\u00e9\u00adco\u00adce : <\/p>\n\n\n\n<div class=\"list-wrap\">\n<div class=\"list-item-wrap\">\n<img decoding=\"async\" class=\"list-item-image\" src=\"https:\/\/thermo-bug.de\/wp-content\/uploads\/2025\/09\/thermo-bug-list-icon.svg\" aria-hidden=\"true\">\n\n\n\n<div class=\"list-item-text-wrap\">\n<p class=\"gb-text list-item-title\">Traces de piq\u00fb\u00adres<\/p>\n\n\n\n<p class=\"gb-text list-item-text\">Piq\u00fb\u00adres qui d\u00e9man\u00adgent en lignes ou en taches grou\u00adp\u00e9es \u2014 les pre\u00admiers indi\u00adces pro\u00advi\u00aden\u00adnent sou\u00advent des cli\u00adents.<\/p>\n<\/div>\n<\/div>\n\n\n\n<div class=\"list-item-wrap\">\n<img decoding=\"async\" class=\"list-item-image\" src=\"https:\/\/thermo-bug.de\/wp-content\/uploads\/2025\/09\/thermo-bug-list-icon.svg\" aria-hidden=\"true\">\n\n\n\n<div class=\"list-item-text-wrap\">\n<p class=\"gb-text list-item-title gb-text-4080977d\">Taches et traces<\/p>\n\n\n\n<p class=\"gb-text list-item-text\">Peti\u00adtes taches de sang, points d\u2019excr\u00e9\u00adments ou mues sur la lite\u00adrie et les mate\u00adlas.<\/p>\n<\/div>\n<\/div>\n\n\n\n<div class=\"list-item-wrap\">\n<img decoding=\"async\" class=\"list-item-image\" src=\"https:\/\/thermo-bug.de\/wp-content\/uploads\/2025\/09\/thermo-bug-list-icon.svg\" aria-hidden=\"true\">\n\n\n\n<div class=\"list-item-text-wrap\">\n<p class=\"gb-text list-item-title gb-text-0b5cb971\">Odeur<\/p>\n\n\n\n<p class=\"gb-text list-item-text\">Une odeur douce\u00e2t\u00adre et rance peut indi\u00adquer une infe\u00adsta\u00adti\u00adon avan\u00adc\u00e9e.<\/p>\n<\/div>\n<\/div>\n\n\n\n<div class=\"list-item-wrap\">\n<img decoding=\"async\" class=\"list-item-image\" src=\"https:\/\/thermo-bug.de\/wp-content\/uploads\/2025\/09\/thermo-bug-list-icon.svg\" aria-hidden=\"true\">\n\n\n\n<div class=\"list-item-text-wrap\">\n<p class=\"gb-text list-item-title gb-text-43a8afb0\">Cachet\u00adtes<\/p>\n\n\n\n<p class=\"gb-text list-item-text\">Les fis\u00adsu\u00adres sur les lits, der\u00adri\u00e8\u00adre les tableaux ou dans les plin\u00adthes sont typi\u00adques.<\/p>\n<\/div>\n<\/div>\n\n\n\n<div class=\"list-item-wrap\">\n<img decoding=\"async\" class=\"list-item-image\" src=\"https:\/\/thermo-bug.de\/wp-content\/uploads\/2025\/09\/thermo-bug-list-icon.svg\" aria-hidden=\"true\">\n\n\n\n<div class=\"list-item-text-wrap\">\n<p class=\"gb-text list-item-title gb-text-f0a23f33\">D\u00e9tec\u00adtion pr\u00e9\u00adco\u00adce<\/p>\n\n\n\n<p class=\"gb-text list-item-text\">Des con\u00adtr\u00f4\u00adles visuels r\u00e9gu\u00adliers aident \u00e0 \u00e9vi\u00adter des pro\u00adbl\u00e8\u00admes plus importants.<\/p>\n<\/div>\n<\/div>\n<\/div>\n\n\n\n<p class=\"gb-text\">Une seu\u00adle chambre infes\u00adt\u00e9e peut deve\u00adnir un d\u00e9fi pour l\u2019en\u00adsem\u00adble de l\u2019\u00e9\u00adta\u00adblis\u00adse\u00adment \u2014 d\u2019o\u00f9 l\u2019im\u00adportance d\u2019u\u00adne lut\u00adte rapi\u00adde et dis\u00adcr\u00e8\u00adte.<\/p>\n<\/div>\n<\/div>\n\n\n\n<div class=\"ag-banner gb-element-78652c9a\"><\/div>\n\n\n\n<div class=\"spacing flex-centered\">\n<div class=\"container-text\" id=\"folgen\">\n<h2 class=\"gb-text\">Quelles sont les cons\u00e9quences d\u2019une infestation de punaises de lit pour les h\u00f4tels ?<\/h2>\n\n\n\n<p class=\"gb-text\">Une infe\u00adsta\u00adti\u00adon de punai\u00adses de lit n\u2019est pas seu\u00adle\u00adment un pro\u00adbl\u00e8\u00adme d\u2019hy\u00adgi\u00e8\u00adne \u2014 elle peut nui\u00adre dura\u00adblem\u00adent \u00e0 la r\u00e9pu\u00adta\u00adti\u00adon et au suc\u00adc\u00e8s \u00e9co\u00adno\u00admi\u00adque d\u2019un h\u00f4tel. Sur\u00adtout \u00e0 l\u2019\u00e8\u00adre des \u00e9va\u00adlua\u00adtions en ligne, chaque impres\u00adsi\u00adon comp\u00adte. <\/p>\n\n\n\n<div class=\"list-wrap\">\n<div class=\"list-item-wrap\">\n<img decoding=\"async\" class=\"list-item-image\" src=\"https:\/\/thermo-bug.de\/wp-content\/uploads\/2025\/09\/thermo-bug-list-icon.svg\" aria-hidden=\"true\">\n\n\n\n<div class=\"list-item-text-wrap\">\n<p class=\"gb-text list-item-title\">Insa\u00adtis\u00adfac\u00adtion des cli\u00adents et per\u00adte de con\u00adfi\u00adance<\/p>\n\n\n\n<p class=\"gb-text list-item-text\">Les plain\u00adtes, l\u2019in\u00adter\u00adrup\u00adti\u00adon du s\u00e9jour et les mau\u00advai\u00adses exp\u00e9\u00adri\u00aden\u00adces nui\u00adsent \u00e0 la r\u00e9pu\u00adta\u00adti\u00adon. Selon une \u00e9tu\u00adde, pr\u00e8s des trois quarts des cli\u00adents d\u2019h\u00f4\u00adtels quit\u00adterai\u00adent imm\u00e9\u00addia\u00adte\u00adment l\u2019\u00e9\u00adta\u00adblis\u00adse\u00adment ou exi\u00adge\u00adrai\u00adent un rem\u00adbour\u00adse\u00adment si l\u2019on par\u00adle de punai\u00adses de lit. <\/p>\n<\/div>\n<\/div>\n\n\n\n<div class=\"list-item-wrap\">\n<img decoding=\"async\" class=\"list-item-image\" src=\"https:\/\/thermo-bug.de\/wp-content\/uploads\/2025\/09\/thermo-bug-list-icon.svg\" aria-hidden=\"true\">\n\n\n\n<div class=\"list-item-text-wrap\">\n<p class=\"gb-text list-item-title gb-text-6497d9b1\">R\u00e9pu\u00adta\u00adti\u00adon et \u00e9va\u00adlua\u00adtions<\/p>\n\n\n\n<p class=\"gb-text list-item-text\">Les \u00e9va\u00adlua\u00adtions en ligne se pro\u00adpagent rapi\u00adde\u00adment et ont un effet n\u00e9fas\u00adte \u00e0 long ter\u00adme sur les affai\u00adres. La r\u00e9pu\u00adta\u00adti\u00adon \u00e0 long ter\u00adme de l\u2019\u00e9\u00adta\u00adblis\u00adse\u00adment est donc en jeu. <\/p>\n<\/div>\n<\/div>\n\n\n\n<div class=\"list-item-wrap\">\n<img decoding=\"async\" class=\"list-item-image\" src=\"https:\/\/thermo-bug.de\/wp-content\/uploads\/2025\/09\/thermo-bug-list-icon.svg\" aria-hidden=\"true\">\n\n\n\n<div class=\"list-item-text-wrap\">\n<p class=\"gb-text list-item-title gb-text-779d40e3\">Co\u00fbts<\/p>\n\n\n\n<p class=\"gb-text list-item-text\">Les indem\u00adni\u00adsa\u00adti\u00adons, les per\u00adtes de chif\u00adfre d\u2019af\u00adfai\u00adres, l\u2019in\u00addis\u00adpo\u00adni\u00adbi\u00adli\u00adt\u00e9 des cham\u00adbres et le net\u00adto\u00adya\u00adge pro\u00adfes\u00adsi\u00adon\u00adnel ent\u00adra\u00ee\u00adnent des d\u00e9pen\u00adses \u00e9le\u00adv\u00e9es.<\/p>\n<\/div>\n<\/div>\n<\/div>\n\n\n\n<p class=\"gb-text\">Agir rapi\u00adde\u00adment est payant \u2014 car les cli\u00adents satis\u00adfaits sont la meil\u00adleu\u00adre publi\u00adci\u00adt\u00e9 pour chaque h\u00f4tel.<\/p>\n<\/div>\n\n\n\n<div class=\"container-text\" id=\"thermo-bug\">\n<h2 class=\"gb-text\">Pourquoi Thermo-bug\u00ae est-il id\u00e9al pour les h\u00f4tels ?<\/h2>\n\n\n\n<p class=\"gb-text\">Ther\u00admo-bug\u00ae fon\u00adc\u00adtion\u00adne \u00e0 l\u2019air chaud et off\u00adre une m\u00e9tho\u00adde sans pro\u00adduits chi\u00admi\u00adques et respec\u00adtueu\u00adse de l\u2019en\u00advi\u00adron\u00adne\u00adment cont\u00adre les punai\u00adses de lit. D\u00e9j\u00e0 \u00e0 envi\u00adron 45\u201360 \u00b0C, tou\u00adtes les for\u00admes de vie des punai\u00adses sont \u00e9li\u00admi\u00adn\u00e9es de mani\u00e8\u00adre fia\u00adble. Les appareils de chauf\u00adfa\u00adge Ther\u00admo-bug\u00ae peu\u00advent m\u00eame chauf\u00adfer les pi\u00e8\u00adces jus\u00adqu\u2019\u00e0 70 \u00b0C, ce qui garan\u00adtit une \u00e9li\u00admi\u00adna\u00adti\u00adon \u00e0 100 %.  <\/p>\n\n\n\n<p class=\"gb-text\">Le pro\u00adc\u00e9\u00add\u00e9 est rapi\u00adde, silen\u00adcieux et tota\u00adle\u00adment ino\u00addo\u00adre : nos a\u00e9ro\u00adther\u00admes hau\u00adte per\u00adfor\u00admance fon\u00adc\u00adtion\u00adnent de mani\u00e8\u00adre abso\u00adlu\u00adment dis\u00adcr\u00e8\u00adte. Les pani\u00adques inu\u00adtiles, les d\u00e9parts anti\u00adci\u00adp\u00e9s, etc., sont ain\u00adsi \u00e9vi\u00adt\u00e9s. L\u2019ac\u00adti\u00advi\u00adt\u00e9 de l\u2019h\u00f4\u00adtel est \u00e0 pei\u00adne inter\u00adrompue \u2014 les cham\u00adbres peu\u00advent \u00eatre r\u00e9oc\u00adcu\u00adp\u00ad\u00e9es apr\u00e8s une cour\u00adte p\u00e9ri\u00adode.  <\/p>\n\n\n\n<p class=\"gb-text\">Ther\u00admo-bug\u00ae tue \u00e9ga\u00adle\u00adment tous les sta\u00addes de d\u00e9ve\u00adlo\u00adp\u00adpe\u00adment (\u0153ufs, lar\u00adves, ani\u00admaux adul\u00adtes) de mani\u00e8\u00adre fia\u00adble. Con\u00adtrai\u00adre\u00adment \u00e0 de nombreux insec\u00adti\u00adci\u00addes, les pro\u00adc\u00e9\u00add\u00e9s ther\u00admi\u00adques sont immu\u00adni\u00ads\u00e9s cont\u00adre les r\u00e9sis\u00adtances aux insec\u00adtes. Dans l\u2019en\u00adsem\u00adble, les h\u00f4te\u00adliers b\u00e9n\u00e9\u00adfi\u00adci\u00adent d\u2019u\u00adne lut\u00adte anti\u00adpa\u00adra\u00adsi\u00adtaire effi\u00adcace et sans stress, sans poi\u00adson : les punai\u00adses de lit ain\u00adsi que d\u2019au\u00adt\u00adres para\u00adsi\u00adtes sont rapi\u00adde\u00adment neu\u00adtra\u00adli\u00ads\u00e9s, le d\u00e9rou\u00adle\u00adment de l\u2019ac\u00adti\u00advi\u00adt\u00e9 h\u00f4te\u00adli\u00e8\u00adre res\u00adte inchan\u00adg\u00e9.  <\/p>\n<\/div>\n<\/div>\n\n\n\n<div class=\"cta-wrap\">\n<div class=\"max-width-800\">\n<h2 class=\"gb-text\">Agissez maintenant&nbsp;!<\/h2>\n\n\n\n<h3 class=\"gb-text\">Contactez Thermo-bug\u00ae et obtenez un devis gratuit pour votre h\u00f4tel<\/h3>\n\n\n\n<p class=\"gb-text\">Une infe\u00adsta\u00adti\u00adon de punai\u00adses de lit ne doit souf\u00adfrir d\u2019au\u00adcun retard dans les h\u00f4tels. Pro\u00adt\u00e9\u00adgez d\u00e8s main\u00adten\u00adant vot\u00adre r\u00e9pu\u00adta\u00adti\u00adon et la satis\u00adfac\u00adtion de vos cli\u00adents en faisant appel \u00e0 une aide pro\u00adfes\u00adsi\u00adon\u00adnel\u00adle. Ther\u00admo-bug\u00ae&nbsp;: rapi\u00adde, dis\u00adcret et effi\u00adcace. Cont\u00adac\u00adtez-nous d\u00e8s aujour\u00add\u2019hui&nbsp;! Cont\u00adac\u00adtez-nous d\u00e8s aujour\u00add\u2019hui&nbsp;!<\/p>\n\n\n\n<a class=\"gb-text button-primary\" href=\"https:\/\/thermo-bug.de\/thermo-bug-nutzen\/\">Uti\u00adli\u00adser Ther\u00admo-bug\u00ae main\u00adten\u00adant<\/a>\n<\/div>\n<\/div>\n\n\n\n<div class=\"section-wrap\">\n<div class=\"section-image-wrap gb-element-e6a8092c\"><\/div>\n\n\n\n<div class=\"section-text-wrap\">\n<div class=\"max-width-800\">\n<h2 class=\"gb-text\">Thermo-bug\u00ae ne se limite pas aux punaises de lit !<\/h2>\n\n\n\n<p class=\"gb-text\">Que ce soit der\u00adri\u00e8\u00adre les armoi\u00adres, dans les tapis ou dans la salle de petit-d\u00e9jeu\u00adner, Ther\u00admo-bug\u00ae ne se con\u00adtente pas de lut\u00adter cont\u00adre les punai\u00adses de lit&nbsp;: il \u00e9li\u00admi\u00adne \u00e9ga\u00adle\u00adment d\u2019autres ecto\u00adpa\u00adra\u00adsi\u00adtes et insec\u00adtes tels que les mites, les four\u00admis ou les cafards gr\u00e2ce \u00e0 la chaleur, ce qui con\u00adsti\u00adtue un effet second\u00adai\u00adre posi\u00adtif. Ther\u00admo-bug\u00ae est donc une solu\u00adti\u00adon glo\u00adba\u00adle pour tous les pro\u00adbl\u00e8\u00admes cou\u00adrants de para\u00adsi\u00adtes dans les \u00e9ta\u00adblis\u00adse\u00adments d\u2019h\u00e9bergement, pour une v\u00e9ri\u00adta\u00adble atmo\u00adsph\u00e8\u00adre de bien-\u00eatre dans chaque chambre.<\/p>\n\n\n\n<div class=\"buttons-wrap\">\n<a class=\"gb-text button-primary\" href=\"https:\/\/thermo-bug.de\/fr\/punaises-de-lit-et-autres\/\">D\u00e9cou\u00advrez tous les para\u00adsi\u00adtes main\u00adten\u00adant<\/a>\n<\/div>\n<\/div>\n<\/div>\n<\/div>\n\n\n\n<div class=\"section-wrap\">\n<div class=\"section-text-wrap\">\n<div class=\"max-width-800\">\n<h2 class=\"gb-text\">Efficace dans chaque pi\u00e8ce<\/h2>\n\n\n\n<p class=\"gb-text\">D\u00e9cou\u00advrez d\u2019autres lieux d\u2019utilisation du Ther\u00admo-bug\u00ae&nbsp;:<\/p>\n\n\n\n<div class=\"list-wrap\">\n<div class=\"list-item-wrap\">\n<img decoding=\"async\" class=\"list-item-image\" src=\"https:\/\/thermo-bug.de\/wp-content\/uploads\/2025\/09\/thermo-bug-list-icon.svg\" aria-hidden=\"true\">\n\n\n\n<div class=\"list-item-text-wrap\">\n<p class=\"gb-text list-item-text ag-list-link\"><a href=\"https:\/\/thermo-bug.de\/fr\/domaines-dapplication\/menages-prives\/\" data-type=\"page\" data-id=\"1225\">M\u00e9na\u00adges pri\u00adv\u00e9s<\/a><\/p>\n<\/div>\n<\/div>\n\n\n\n<div class=\"list-item-wrap\">\n<img decoding=\"async\" class=\"list-item-image\" src=\"https:\/\/thermo-bug.de\/wp-content\/uploads\/2025\/09\/thermo-bug-list-icon.svg\" aria-hidden=\"true\">\n\n\n\n<div class=\"list-item-text-wrap\">\n<p class=\"gb-text list-item-text ag-list-link\"><a href=\"https:\/\/thermo-bug.de\/fr\/domaines-dapplication\/hebergements-pour-travailleurs\/\" data-type=\"page\" data-id=\"201\">H\u00e9ber\u00adge\u00adments pour tra\u00advail\u00adleurs<\/a><\/p>\n<\/div>\n<\/div>\n\n\n\n<div class=\"list-item-wrap\">\n<img decoding=\"async\" class=\"list-item-image\" src=\"https:\/\/thermo-bug.de\/wp-content\/uploads\/2025\/09\/thermo-bug-list-icon.svg\" aria-hidden=\"true\">\n\n\n\n<div class=\"list-item-text-wrap\">\n<p class=\"gb-text list-item-text ag-list-link\"><a href=\"https:\/\/thermo-bug.de\/fr\/domaines-dapplication\/jardins-denfants-et-ecoles\/\" data-type=\"page\" data-id=\"205\">Jard\u00adins d\u2019enfants et \u00e9co\u00adles<\/a><\/p>\n<\/div>\n<\/div>\n\n\n\n<div class=\"list-item-wrap\">\n<img decoding=\"async\" class=\"list-item-image\" src=\"https:\/\/thermo-bug.de\/wp-content\/uploads\/2025\/09\/thermo-bug-list-icon.svg\" aria-hidden=\"true\">\n\n\n\n<div class=\"list-item-text-wrap\">\n<p class=\"gb-text list-item-text ag-list-link\"><a href=\"https:\/\/thermo-bug.de\/fr\/domaines-dapplication\/hopital\/\" data-type=\"page\" data-id=\"209\">H\u00f4pi\u00adtal<\/a><\/p>\n<\/div>\n<\/div>\n\n\n\n<div class=\"list-item-wrap\">\n<img decoding=\"async\" class=\"list-item-image\" src=\"https:\/\/thermo-bug.de\/wp-content\/uploads\/2025\/09\/thermo-bug-list-icon.svg\" aria-hidden=\"true\">\n\n\n\n<div class=\"list-item-text-wrap\">\n<p class=\"gb-text list-item-text ag-list-link\"><a href=\"https:\/\/thermo-bug.de\/fr\/domaines-dapplication\/residence-pour-personnes-agees\/\" data-type=\"page\" data-id=\"213\">R\u00e9si\u00addence pour per\u00adson\u00adnes \u00e2g\u00e9es<\/a><\/p>\n<\/div>\n<\/div>\n\n\n\n<div class=\"list-item-wrap\">\n<img decoding=\"async\" class=\"list-item-image\" src=\"https:\/\/thermo-bug.de\/wp-content\/uploads\/2025\/09\/thermo-bug-list-icon.svg\" aria-hidden=\"true\">\n\n\n\n<div class=\"list-item-text-wrap\">\n<p class=\"gb-text list-item-text ag-list-link\"><a href=\"https:\/\/thermo-bug.de\/fr\/domaines-dapplication\/hebergement-pour-refugies\/\" data-type=\"page\" data-id=\"217\">H\u00e9ber\u00adge\u00adment pour r\u00e9fu\u00adgi\u00e9s<\/a><\/p>\n<\/div>\n<\/div>\n\n\n\n<div class=\"list-item-wrap\">\n<img decoding=\"async\" class=\"list-item-image\" src=\"https:\/\/thermo-bug.de\/wp-content\/uploads\/2025\/09\/thermo-bug-list-icon.svg\" aria-hidden=\"true\">\n\n\n\n<div class=\"list-item-text-wrap\">\n<p class=\"gb-text list-item-text ag-list-link\"><a href=\"https:\/\/thermo-bug.de\/fr\/domaines-dapplication\/etablissement-penitentiaire\/\" data-type=\"page\" data-id=\"221\">\u00c9ta\u00adblis\u00adse\u00adment p\u00e9ni\u00adten\u00adti\u00adai\u00adre<\/a><\/p>\n<\/div>\n<\/div>\n<\/div>\n\n\n\n<div class=\"buttons-wrap\">\n<a class=\"gb-text button-primary\" href=\"https:\/\/thermo-bug.de\/fr\/domaines-dapplication\/\">D\u00e9cou\u00advr\u00adir tou\u00adtes les pos\u00adsi\u00adbi\u00adli\u00adt\u00e9s d\u2019utilisation<\/a>\n\n\n\n<a class=\"gb-text button-secondary\" href=\"https:\/\/thermo-bug.de\/fr\/utiliser-thermo-bug\/\">Uti\u00adli\u00adser Ther\u00admo-bug<strong>\u00ae<\/strong><\/a>\n<\/div>\n<\/div>\n<\/div>\n\n\n\n<div class=\"section-image-wrap gb-element-2a89774f\"><\/div>\n<\/div>\n<\/div>\n","protected":false},"excerpt":{"rendered":"<p>Lut\u00adter cont\u00adre les punai\u00adses de lit dans l\u2019h\u00f4tel Sans pro\u00adduits chi\u00admi\u00adques et dis\u00adcret avec Ther\u00admo-bug\u00ae Pro\u00adt\u00e9\u00adgez vot\u00adre \u00e9ta\u00adblis\u00adse\u00adment h\u00f4te\u00adlier cont\u00adre les punai\u00adses de lit : Ther\u00ad\u00admo-bug\u00ae \u00e9li\u00admi\u00adne les punai\u00adses de lit rapi\u00adde\u00adment, en tou\u00adte s\u00e9cu\u00adri\u00adt\u00e9 et sans pro\u00adduits chi\u00admi\u00adques. Trai\u00adte\u00adment ther\u00admi\u00adque dis\u00adcret qui ne per\u00adtur\u00adbe pas l\u2019ac\u00adti\u00advi\u00adt\u00e9 des cham\u00adbres. En savoir plus Con\u00adtenu Com\u00adment l\u2019in\u00adfe\u00adsta\u00adti\u00adon \u2026 <a title=\"H\u00f4tel\" class=\"read-more\" href=\"https:\/\/thermo-bug.de\/fr\/domaines-dapplication\/hotel\/\" aria-label=\"En savoir plus sur H\u00f4tel\">Lire plus<\/a><\/p>\n","protected":false},"author":1,"featured_media":0,"parent":1175,"menu_order":1,"comment_status":"closed","ping_status":"closed","template":"","meta":{"wp_typography_post_enhancements_disabled":false,"footnotes":""},"class_list":["post-1210","page","type-page","status-publish"],"_links":{"self":[{"href":"https:\/\/thermo-bug.de\/fr\/wp-json\/wp\/v2\/pages\/1210","targetHints":{"allow":["GET"]}}],"collection":[{"href":"https:\/\/thermo-bug.de\/fr\/wp-json\/wp\/v2\/pages"}],"about":[{"href":"https:\/\/thermo-bug.de\/fr\/wp-json\/wp\/v2\/types\/page"}],"author":[{"embeddable":true,"href":"https:\/\/thermo-bug.de\/fr\/wp-json\/wp\/v2\/users\/1"}],"replies":[{"embeddable":true,"href":"https:\/\/thermo-bug.de\/fr\/wp-json\/wp\/v2\/comments?post=1210"}],"version-history":[{"count":14,"href":"https:\/\/thermo-bug.de\/fr\/wp-json\/wp\/v2\/pages\/1210\/revisions"}],"predecessor-version":[{"id":1995,"href":"https:\/\/thermo-bug.de\/fr\/wp-json\/wp\/v2\/pages\/1210\/revisions\/1995"}],"up":[{"embeddable":true,"href":"https:\/\/thermo-bug.de\/fr\/wp-json\/wp\/v2\/pages\/1175"}],"wp:attachment":[{"href":"https:\/\/thermo-bug.de\/fr\/wp-json\/wp\/v2\/media?parent=1210"}],"curies":[{"name":"wp","href":"https:\/\/api.w.org\/{rel}","templated":true}]}}