{"id":1214,"date":"2025-09-10T09:19:16","date_gmt":"2025-09-10T09:19:16","guid":{"rendered":"https:\/\/thermo-bug.de\/domaines-dapplication\/hebergements-pour-travailleurs\/"},"modified":"2026-03-20T08:54:14","modified_gmt":"2026-03-20T08:54:14","slug":"hebergements-pour-travailleurs","status":"publish","type":"page","link":"https:\/\/thermo-bug.de\/fr\/domaines-dapplication\/hebergements-pour-travailleurs\/","title":{"rendered":"H\u00e9bergements pour travailleurs"},"content":{"rendered":"\n<div class=\"alignfull\">\n<div class=\"hero-wrap\">\n<div class=\"section-text-wrap\">\n<div class=\"max-width-800\">\n<h1 class=\"gb-text\">Punaises de lit dans les logements<br>pour travailleurs<\/h1>\n\n\n\n<h2 class=\"gb-text h2-hero\">Identifier, \u00e9viter, \u00e9liminer<\/h2>\n\n\n\n<p class=\"gb-text\">For\u00adte rota\u00adti\u00adon, ris\u00adque \u00e9le\u00adv\u00e9. Les chan\u00adge\u00adments quo\u00adti\u00addi\u00adens de cli\u00adents favo\u00adri\u00adsent l\u2019introduction inaper\u00ad\u00e7ue de punai\u00adses de lit et aut\u00adres para\u00adsi\u00adtes dans les loge\u00adments pour tra\u00advail\u00adleurs&nbsp;\u2013 Ther\u00admo-bug\u00ae les \u00e9li\u00admi\u00adne effi\u00adca\u00adce\u00adment et sans pro\u00adduits chi\u00admi\u00adques. Infor\u00admez-vous d\u00e8s main\u00adten\u00adant&nbsp;!  <\/p>\n\n\n\n<div class=\"buttons-wrap\">\n<a class=\"gb-text button-primary\" href=\"#info\">En savoir plus<\/a>\n<\/div>\n<\/div>\n<\/div>\n\n\n\n<div class=\"section-image-wrap hero-image gb-element-02660d31\"><\/div>\n<\/div>\n\n\n\n<div class=\"inhalt-wrap\" id=\"info\">\n<div class=\"container-text\">\n<div class=\"gb-text inhalt-title\">Con\u00adtenu<\/div>\n\n\n\n<div class=\"list-wrap\">\n<div class=\"list-item-wrap\">\n<img decoding=\"async\" class=\"list-item-image\" src=\"https:\/\/thermo-bug.de\/wp-content\/uploads\/2025\/09\/thermo-bug-list-icon.svg\" aria-hidden=\"true\">\n\n\n\n<div class=\"list-item-text-wrap\">\n<p class=\"gb-text list-item-text ag-list-link\"><a href=\"#wieso\">Com\u00adment les punai\u00adses de lit arri\u00advent-elles dans les cham\u00adbres de tra\u00advail\u00adleurs&nbsp;?<\/a><\/p>\n<\/div>\n<\/div>\n\n\n\n<div class=\"list-item-wrap\">\n<img decoding=\"async\" class=\"list-item-image\" src=\"https:\/\/thermo-bug.de\/wp-content\/uploads\/2025\/09\/thermo-bug-list-icon.svg\" aria-hidden=\"true\">\n\n\n\n<div class=\"list-item-text-wrap\">\n<p class=\"gb-text list-item-text ag-list-link\"><a href=\"#befall-erkennen\">Com\u00adment recon\u00adna\u00eet\u00adre une infe\u00adsta\u00adti\u00adon de punai\u00adses de lit&nbsp;?<\/a><\/p>\n<\/div>\n<\/div>\n\n\n\n<div class=\"list-item-wrap\">\n<img decoding=\"async\" class=\"list-item-image\" src=\"https:\/\/thermo-bug.de\/wp-content\/uploads\/2025\/09\/thermo-bug-list-icon.svg\" aria-hidden=\"true\">\n\n\n\n<div class=\"list-item-text-wrap\">\n<p class=\"gb-text list-item-text ag-list-link\"><a href=\"#folgen\">Quel\u00adles sont les con\u00ads\u00e9\u00adquen\u00adces d\u2019une infe\u00adsta\u00adti\u00adon de punai\u00adses de lit dans les loge\u00adments pour tra\u00advail\u00adleurs&nbsp;?<\/a><\/p>\n<\/div>\n<\/div>\n\n\n\n<div class=\"list-item-wrap\">\n<img decoding=\"async\" class=\"list-item-image\" src=\"https:\/\/thermo-bug.de\/wp-content\/uploads\/2025\/09\/thermo-bug-list-icon.svg\" aria-hidden=\"true\">\n\n\n\n<div class=\"list-item-text-wrap\">\n<p class=\"gb-text list-item-text ag-list-link\"><a href=\"#thermo-bug\">Pour\u00adquoi Ther\u00admo-bug\u00ae est la solu\u00adti\u00adon la plus s\u00fbre<\/a><\/p>\n<\/div>\n<\/div>\n<\/div>\n<\/div>\n<\/div>\n\n\n\n<div class=\"spacing flex-centered\">\n<div class=\"container-text\" id=\"wieso\">\n<h2 class=\"gb-text\">Comment les punaises de lit arrivent-elles dans les chambres de travailleurs&nbsp;?<\/h2>\n\n\n\n<p class=\"gb-text\">Une simp\u00adle bo\u00ee\u00adte \u00e0 outils, un sac de tra\u00advail ou un sac \u00e0 dos suf\u00adfit sou\u00advent pour intro\u00addui\u00adre dis\u00adcr\u00e8\u00adte\u00adment quel\u00adques-uns de ces minus\u00adcu\u00adles para\u00adsi\u00adtes dans un loge\u00adment. Par\u00adti\u00adcu\u00adli\u00e8\u00adre\u00adment cri\u00adtique&nbsp;: les tra\u00advail\u00adleurs s\u00e9jour\u00adnent fr\u00e9\u00adquem\u00adment dans dif\u00adf\u00e9\u00adren\u00adtes vil\u00adles, sur des chan\u00adtiers dif\u00adf\u00e9r\u00adents&nbsp;\u2013 un cycle id\u00e9\u00adal pour la pro\u00adpa\u00adga\u00adti\u00adon invo\u00adlon\u00adtai\u00adre des punai\u00adses de lit. Une seu\u00adle chambre infes\u00adt\u00e9e peut deve\u00adnir la source d\u2019un pro\u00adbl\u00e8\u00adme plus important si rien n\u2019est fait.  <\/p>\n\n\n\n<p class=\"gb-text\">Les loge\u00adments voi\u00adsins peu\u00advent \u00e9ga\u00adle\u00adment \u00eatre tou\u00adch\u00e9s. Les punai\u00adses de lit sont pla\u00adtes et mobi\u00adles&nbsp;\u2013 elles se d\u00e9pla\u00adcent \u00e0 tra\u00advers les fis\u00adsu\u00adres, les plin\u00adthes et le long des cana\u00adli\u00adsa\u00adti\u00adons. Si une infe\u00adsta\u00adti\u00adon dans une chambre n\u2019est pas d\u00e9tec\u00adt\u00e9e \u00e0 temps, les ani\u00admaux peu\u00advent faci\u00adle\u00adment colo\u00adnis\u00ader les zones envi\u00adron\u00adnan\u00adtes.  <\/p>\n<\/div>\n\n\n\n<div class=\"container-text\" id=\"befall-erkennen\">\n<h2 class=\"gb-text\">Comment reconna\u00eetre une infestation de punaises de lit&nbsp;?<\/h2>\n\n\n\n<p class=\"gb-text\">Une d\u00e9tec\u00adtion pr\u00e9\u00adco\u00adce des punai\u00adses de lit est essen\u00adti\u00adel\u00adle pour \u00e9vi\u00adter une pro\u00adpa\u00adga\u00adti\u00adon rapi\u00adde dans les cham\u00adbres de tra\u00advail\u00adleurs&nbsp;:<\/p>\n\n\n\n<div class=\"list-wrap\">\n<div class=\"list-item-wrap\">\n<img decoding=\"async\" class=\"list-item-image\" src=\"https:\/\/thermo-bug.de\/wp-content\/uploads\/2025\/09\/thermo-bug-list-icon.svg\" aria-hidden=\"true\">\n\n\n\n<div class=\"list-item-text-wrap\">\n<p class=\"gb-text list-item-title\">Traces d\u2019excr\u00e9ments sur le lit et le mate\u00adlas<\/p>\n\n\n\n<p class=\"gb-text list-item-text\">De petits points brun fon\u00adc\u00e9 le long des cou\u00adtures, sur le som\u00admier \u00e0 lat\u00adtes ou sur les draps indi\u00adquent la pr\u00e9\u00adsence de punai\u00adses de lit.<\/p>\n<\/div>\n<\/div>\n\n\n\n<div class=\"list-item-wrap\">\n<img decoding=\"async\" class=\"list-item-image\" src=\"https:\/\/thermo-bug.de\/wp-content\/uploads\/2025\/09\/thermo-bug-list-icon.svg\" aria-hidden=\"true\">\n\n\n\n<div class=\"list-item-text-wrap\">\n<p class=\"gb-text list-item-title gb-text-4080977d\">Taches de sang sur le drap<\/p>\n\n\n\n<p class=\"gb-text list-item-text\">L\u2019\u00e9crasement noc\u00adturne des ani\u00admaux peut ent\u00adra\u00ee\u00adner de minus\u00adcu\u00adles traces de sang.<\/p>\n<\/div>\n<\/div>\n\n\n\n<div class=\"list-item-wrap\">\n<img decoding=\"async\" class=\"list-item-image\" src=\"https:\/\/thermo-bug.de\/wp-content\/uploads\/2025\/09\/thermo-bug-list-icon.svg\" aria-hidden=\"true\">\n\n\n\n<div class=\"list-item-text-wrap\">\n<p class=\"gb-text list-item-title gb-text-0b5cb971\">Piq\u00fb\u00adres qui d\u00e9man\u00adgent chez les cli\u00adents<\/p>\n\n\n\n<p class=\"gb-text list-item-text\">Les piq\u00fb\u00adres rouge\u00e2\u00adtres et ali\u00adg\u00adn\u00e9es sont typi\u00adques&nbsp;\u2013 sou\u00advent sur les bras, les jam\u00adbes ou le dos.<\/p>\n<\/div>\n<\/div>\n\n\n\n<div class=\"list-item-wrap\">\n<img decoding=\"async\" class=\"list-item-image\" src=\"https:\/\/thermo-bug.de\/wp-content\/uploads\/2025\/09\/thermo-bug-list-icon.svg\" aria-hidden=\"true\">\n\n\n\n<div class=\"list-item-text-wrap\">\n<p class=\"gb-text list-item-title gb-text-43a8afb0\">Res\u00adtes de mues cach\u00e9s<\/p>\n\n\n\n<p class=\"gb-text list-item-text\">Dans les fis\u00adsu\u00adres ou les plis des mate\u00adlas, on trouve par\u00adfois des enve\u00adlo\u00adp\u00adpes vides des sta\u00addes lar\u00advai\u00adres.<\/p>\n<\/div>\n<\/div>\n\n\n\n<div class=\"list-item-wrap\">\n<img decoding=\"async\" class=\"list-item-image\" src=\"https:\/\/thermo-bug.de\/wp-content\/uploads\/2025\/09\/thermo-bug-list-icon.svg\" aria-hidden=\"true\">\n\n\n\n<div class=\"list-item-text-wrap\">\n<p class=\"gb-text list-item-title gb-text-f0a23f33\">Odeur douce\u00e2t\u00adre et de moi\u00adsi<\/p>\n\n\n\n<p class=\"gb-text list-item-text\">Une infe\u00adsta\u00adti\u00adon plus importan\u00adte peut \u00eatre recon\u00adnue \u00e0 une odeur ambi\u00adan\u00adte inha\u00adbi\u00adtu\u00adel\u00adle\u00adment douce\u00e2t\u00adre.<\/p>\n<\/div>\n<\/div>\n\n\n\n<div class=\"list-item-wrap\">\n<img decoding=\"async\" class=\"list-item-image\" src=\"https:\/\/thermo-bug.de\/wp-content\/uploads\/2025\/09\/thermo-bug-list-icon.svg\" aria-hidden=\"true\">\n\n\n\n<div class=\"list-item-text-wrap\">\n<p class=\"gb-text list-item-title gb-text-b8eaeff0\">Ani\u00admaux visi\u00adbles lors d\u2019une inspec\u00adtion minu\u00adti\u00adeu\u00adse<\/p>\n\n\n\n<p class=\"gb-text list-item-text\">Par\u00adfois, il est pos\u00adsi\u00adble de rep\u00e9\u00adrer des ani\u00admaux adul\u00adtes ou des lar\u00adves dans des cachet\u00adtes.<\/p>\n<\/div>\n<\/div>\n<\/div>\n<\/div>\n<\/div>\n\n\n\n<div class=\"ag-banner gb-element-78652c9a\"><\/div>\n\n\n\n<div class=\"spacing flex-centered\">\n<div class=\"container-text\" id=\"folgen\">\n<h2 class=\"gb-text\">Quelles sont les cons\u00e9quences d\u2019une infestation de punaises de lit dans les logements pour travailleurs&nbsp;?<\/h2>\n\n\n\n<p class=\"gb-text\">Une infe\u00adsta\u00adti\u00adon de punai\u00adses de lit dans les cham\u00adbres de tra\u00advail\u00adleurs peut ent\u00adra\u00ee\u00adner des dom\u00admages \u00e9co\u00adno\u00admi\u00adques et une per\u00adte d\u2019image.<\/p>\n\n\n\n<div class=\"list-wrap\">\n<div class=\"list-item-wrap\">\n<img decoding=\"async\" class=\"list-item-image\" src=\"https:\/\/thermo-bug.de\/wp-content\/uploads\/2025\/09\/thermo-bug-list-icon.svg\" aria-hidden=\"true\">\n\n\n\n<div class=\"list-item-text-wrap\">\n<p class=\"gb-text list-item-title\">Insa\u00adtis\u00adfac\u00adtion des cli\u00adents<\/p>\n\n\n\n<p class=\"gb-text list-item-text\">Les piq\u00fb\u00adres qui d\u00e9man\u00adgent, le malai\u00adse et le som\u00admeil per\u00adtur\u00adb\u00e9 ent\u00adra\u00ee\u00adnent des plain\u00adtes et des inter\u00adrup\u00adti\u00adons de s\u00e9jour.<\/p>\n<\/div>\n<\/div>\n\n\n\n<div class=\"list-item-wrap\">\n<img decoding=\"async\" class=\"list-item-image\" src=\"https:\/\/thermo-bug.de\/wp-content\/uploads\/2025\/09\/thermo-bug-list-icon.svg\" aria-hidden=\"true\">\n\n\n\n<div class=\"list-item-text-wrap\">\n<p class=\"gb-text list-item-title gb-text-6497d9b1\">Avis n\u00e9ga\u00adtifs en ligne<\/p>\n\n\n\n<p class=\"gb-text list-item-text\">Les cli\u00adents expri\u00adment sou\u00advent leur m\u00e9con\u00adten\u00adte\u00adment publi\u00adquement&nbsp;\u2013 ce qui nuit dura\u00adblem\u00adent \u00e0 la r\u00e9pu\u00adta\u00adti\u00adon et au taux de r\u00e9ser\u00adva\u00adti\u00adon.<\/p>\n<\/div>\n<\/div>\n\n\n\n<div class=\"list-item-wrap\">\n<img decoding=\"async\" class=\"list-item-image\" src=\"https:\/\/thermo-bug.de\/wp-content\/uploads\/2025\/09\/thermo-bug-list-icon.svg\" aria-hidden=\"true\">\n\n\n\n<div class=\"list-item-text-wrap\">\n<p class=\"gb-text list-item-title gb-text-779d40e3\">Per\u00adte de r\u00e9ser\u00adva\u00adtions<\/p>\n\n\n\n<p class=\"gb-text list-item-text\">Les ent\u00adre\u00adpri\u00adses \u00e9vi\u00adtent les loge\u00adments infes\u00adt\u00e9s&nbsp;\u2013 sur\u00adtout si de mau\u00advai\u00adses exp\u00e9\u00adri\u00aden\u00adces sont con\u00adnues.<\/p>\n<\/div>\n<\/div>\n\n\n\n<div class=\"list-item-wrap\">\n<img decoding=\"async\" class=\"list-item-image\" src=\"https:\/\/thermo-bug.de\/wp-content\/uploads\/2025\/09\/thermo-bug-list-icon.svg\" aria-hidden=\"true\">\n\n\n\n<div class=\"list-item-text-wrap\">\n<p class=\"gb-text list-item-title gb-text-1afda9d6\">Co\u00fbts indi\u00adrects \u00e9le\u00adv\u00e9s<\/p>\n\n\n\n<p class=\"gb-text list-item-text\">Plus l\u2019infestation dure long\u00adtemps, plus la lut\u00adte devi\u00adent co\u00fb\u00adteu\u00adse&nbsp;\u2013 jusqu\u2019\u00e0 l\u2019\u00e9limination du mobi\u00adlier.<\/p>\n<\/div>\n<\/div>\n\n\n\n<div class=\"list-item-wrap\">\n<img decoding=\"async\" class=\"list-item-image\" src=\"https:\/\/thermo-bug.de\/wp-content\/uploads\/2025\/09\/thermo-bug-list-icon.svg\" aria-hidden=\"true\">\n\n\n\n<div class=\"list-item-text-wrap\">\n<p class=\"gb-text list-item-title gb-text-613cf0ed\">Deman\u00addes de dom\u00admages et int\u00e9\u00adr\u00eats<\/p>\n\n\n\n<p class=\"gb-text list-item-text\">Dans les h\u00e9ber\u00adge\u00adments com\u00admer\u00adciaux, une infe\u00adsta\u00adti\u00adon av\u00e9\u00adr\u00e9e peut avoir des con\u00ads\u00e9\u00adquen\u00adces juri\u00addi\u00adques.<\/p>\n<\/div>\n<\/div>\n<\/div>\n\n\n\n<p class=\"gb-text\">Une action rapi\u00adde et pro\u00adfes\u00adsi\u00adon\u00adnel\u00adle est donc essen\u00adti\u00adel\u00adle pour \u00e9vi\u00adter les dom\u00admages \u00e9co\u00adno\u00admi\u00adques et la per\u00adte de cli\u00adents.<\/p>\n<\/div>\n\n\n\n<div class=\"container-text\" id=\"thermo-bug\">\n<h2 class=\"gb-text\">Pourquoi Thermo-bug\u00ae est la solution la plus s\u00fbre<\/h2>\n\n\n\n<p class=\"gb-text\">Ther\u00admo-bug\u00ae a \u00e9t\u00e9 d\u00e9ve\u00adlo\u00adp\u00adp\u00e9 pour agir pr\u00e9\u00adcis\u00ad\u00e9\u00adment ici&nbsp;: effi\u00adca\u00adce\u00adment, sans pro\u00adduits chi\u00admi\u00adques, rapi\u00adde\u00adment et de mani\u00e8\u00adre fia\u00adble. La m\u00e9tho\u00adde est bas\u00e9e sur la chaleur con\u00adtr\u00f4l\u00e9e&nbsp;\u2013 et c\u2019est pr\u00e9\u00adcis\u00ad\u00e9\u00adment ce qui la rend si effi\u00adcace. \u00c0 des temp\u00e9\u00adra\u00adtures sup\u00e9\u00adri\u00adeu\u00adres \u00e0 50&nbsp;\u00b0C, les pro\u00adt\u00e9\u00adi\u00adnes coagu\u00adlent dans le corps des punai\u00adses de lit, des lar\u00adves et des \u0153ufs. Cela signi\u00adfie que l\u2019ensemble du cycle de d\u00e9ve\u00adlo\u00adp\u00adpe\u00adment des ani\u00admaux est inter\u00adrom\u00adpu&nbsp;\u2013 sans poi\u00adson, sans r\u00e9si\u00addus, sans longues p\u00e9ri\u00adodes d\u2019indisponibilit\u00e9 pour le loge\u00adment.   <\/p>\n\n\n\n<p class=\"gb-text\">Con\u00adtrai\u00adre\u00adment aux sprays ou aux app\u00e2ts, qui n\u00e9ces\u00adsi\u00adtent des appli\u00adca\u00adti\u00adons r\u00e9p\u00e9\u00adt\u00e9es et ne cou\u00advrent sou\u00advent pas tous les sta\u00addes de d\u00e9ve\u00adlo\u00adp\u00adpe\u00adment, Ther\u00admo-bug\u00ae agit de mani\u00e8\u00adre fia\u00adble en une seu\u00adle appli\u00adca\u00adti\u00adon. M\u00eame les sou\u00adch\u00ades de punai\u00adses de lit deve\u00adnues r\u00e9sistan\u00adtes, cont\u00adre les\u00adquel\u00adles de nombreux pro\u00adduits chi\u00admi\u00adques ne sont plus effi\u00adcaces, sont com\u00adpl\u00e8\u00adte\u00adment d\u00e9trui\u00adtes par la chaleur. <\/p>\n\n\n\n<p class=\"gb-text\">Un aut\u00adre avan\u00adta\u00adge&nbsp;: Ther\u00admo-bug\u00ae est mobi\u00adle et fle\u00adxi\u00adble&nbsp;\u2013 id\u00e9\u00adal pour les cham\u00adbres indi\u00advi\u00addu\u00adel\u00adles, les \u00e9ta\u00adges entiers ou m\u00eame pour une uti\u00adli\u00adsa\u00adti\u00adon pr\u00e9\u00adven\u00adti\u00adve en cas d\u2019occupation varia\u00adble. L\u2019application est effec\u00adtu\u00e9e par des pro\u00adfes\u00adsi\u00adon\u00adnels cer\u00adti\u00adfi\u00e9s et est abso\u00adlu\u00adment sans dan\u00adger pour les per\u00adson\u00adnes et les mat\u00e9\u00adriaux en cas d\u2019utilisation appro\u00adpri\u00e9e. <\/p>\n<\/div>\n<\/div>\n\n\n\n<div class=\"cta-wrap\">\n<div class=\"max-width-800\">\n<h2 class=\"gb-text\">Agissez maintenant&nbsp;!<\/h2>\n\n\n\n<h3 class=\"gb-text\">Contacter Thermo-bug\u00ae et obtenir un devis sans engagement pour votre logement<\/h3>\n\n\n\n<p class=\"gb-text\">Une infe\u00adsta\u00adti\u00adon acti\u00adve n\u2019est pas seu\u00adle\u00adment d\u00e9s\u00adag\u00adr\u00e9a\u00adble, elle met \u00e9ga\u00adle\u00adment en dan\u00adger la ren\u00adta\u00adbi\u00adli\u00adt\u00e9 de vot\u00adre loge\u00adment pour tra\u00advail\u00adleurs. Avec Ther\u00admo-bug\u00ae, vous optez pour la m\u00e9tho\u00adde de lut\u00adte anti\u00adpa\u00adra\u00adsi\u00adtaire la plus s\u00fbre, la plus dura\u00adble et la plus pro\u00adfes\u00adsi\u00adon\u00adnel\u00adle. Plus vous agis\u00adsez t\u00f4t, plus la solu\u00adti\u00adon est rapi\u00adde et \u00e9co\u00adno\u00admi\u00adque. Que vous ayez les pre\u00admiers soup\u00ad\u00e7ons ou que vous sou\u00adhai\u00adtiez une pr\u00e9\u00adven\u00adti\u00adon r\u00e9gu\u00adli\u00e8\u00adre, nous vous con\u00adseil\u00adlons gra\u00adtui\u00adte\u00adment et indi\u00advi\u00addu\u00adel\u00adle\u00adment.   <\/p>\n\n\n\n<a class=\"gb-text button-primary\" href=\"https:\/\/thermo-bug.de\/fr\/utiliser-thermo-bug\/\">Uti\u00adli\u00adser Ther\u00admo-bug\u00ae main\u00adten\u00adant<\/a>\n<\/div>\n<\/div>\n\n\n\n<div class=\"section-wrap\">\n<div class=\"section-image-wrap gb-element-e6a8092c\"><\/div>\n\n\n\n<div class=\"section-text-wrap\">\n<div class=\"max-width-800\">\n<h2 class=\"gb-text\">Thermo-bug\u00ae ne se limite pas aux punaises de lit&nbsp;!<\/h2>\n\n\n\n<p class=\"gb-text\">Ther\u00admo-bug\u00ae peut fai\u00adre plus que sim\u00adple\u00adment \u00e9li\u00admi\u00adner les punai\u00adses de lit. La m\u00e9tho\u00adde ther\u00admi\u00adque est \u00e9ga\u00adle\u00adment effi\u00adcace cont\u00adre les mites des v\u00eate\u00adments, les anthr\u00e8\u00adnes des tapis, les blat\u00adtes, les aca\u00adri\u00adens ou les vers de fari\u00adne&nbsp;\u2013 pr\u00e9\u00adcis\u00ad\u00e9\u00adment les types de para\u00adsi\u00adtes qui peu\u00advent \u00e9ga\u00adle\u00adment appa\u00adra\u00eet\u00adre dans les loge\u00adments \u00e0 usa\u00adge tem\u00adpo\u00adrai\u00adre avec un public chan\u00adgeant. <\/p>\n\n\n\n<div class=\"buttons-wrap\">\n<a class=\"gb-text button-primary\" href=\"https:\/\/thermo-bug.de\/fr\/punaises-de-lit-et-autres\/\">D\u00e9cou\u00advrez tous les para\u00adsi\u00adtes main\u00adten\u00adant<\/a>\n<\/div>\n<\/div>\n<\/div>\n<\/div>\n\n\n\n<div class=\"section-wrap\">\n<div class=\"section-text-wrap\">\n<div class=\"max-width-800\">\n<h2 class=\"gb-text\">Efficace dans chaque pi\u00e8ce<\/h2>\n\n\n\n<p class=\"gb-text\">D\u00e9cou\u00advrez d\u2019autres lieux d\u2019utilisation du Ther\u00admo-bug\u00ae&nbsp;:<\/p>\n\n\n\n<div class=\"list-wrap\">\n<div class=\"list-item-wrap\">\n<img decoding=\"async\" class=\"list-item-image\" src=\"https:\/\/thermo-bug.de\/wp-content\/uploads\/2025\/09\/thermo-bug-list-icon.svg\" aria-hidden=\"true\">\n\n\n\n<div class=\"list-item-text-wrap\">\n<p class=\"gb-text list-item-text ag-list-link\"><a href=\"https:\/\/thermo-bug.de\/fr\/domaines-dapplication\/hotel\/\" data-type=\"page\" data-id=\"194\">H\u00f4tel<\/a><\/p>\n<\/div>\n<\/div>\n\n\n\n<div class=\"list-item-wrap\">\n<img decoding=\"async\" class=\"list-item-image\" src=\"https:\/\/thermo-bug.de\/wp-content\/uploads\/2025\/09\/thermo-bug-list-icon.svg\" aria-hidden=\"true\">\n\n\n\n<div class=\"list-item-text-wrap\">\n<p class=\"gb-text list-item-text ag-list-link\"><a href=\"https:\/\/thermo-bug.de\/fr\/domaines-dapplication\/menages-prives\/\" data-type=\"page\" data-id=\"198\">M\u00e9na\u00adges pri\u00adv\u00e9s<\/a><\/p>\n<\/div>\n<\/div>\n\n\n\n<div class=\"list-item-wrap\">\n<img decoding=\"async\" class=\"list-item-image\" src=\"https:\/\/thermo-bug.de\/wp-content\/uploads\/2025\/09\/thermo-bug-list-icon.svg\" aria-hidden=\"true\">\n\n\n\n<div class=\"list-item-text-wrap\">\n<p class=\"gb-text list-item-text ag-list-link\"><a href=\"https:\/\/thermo-bug.de\/fr\/domaines-dapplication\/jardins-denfants-et-ecoles\/\" data-type=\"page\" data-id=\"205\">Jard\u00adins d\u2019enfants et \u00e9co\u00adles<\/a><\/p>\n<\/div>\n<\/div>\n\n\n\n<div class=\"list-item-wrap\">\n<img decoding=\"async\" class=\"list-item-image\" src=\"https:\/\/thermo-bug.de\/wp-content\/uploads\/2025\/09\/thermo-bug-list-icon.svg\" aria-hidden=\"true\">\n\n\n\n<div class=\"list-item-text-wrap\">\n<p class=\"gb-text list-item-text ag-list-link\"><a href=\"https:\/\/thermo-bug.de\/fr\/domaines-dapplication\/hopital\/\" data-type=\"page\" data-id=\"209\">H\u00f4pi\u00adtal<\/a><\/p>\n<\/div>\n<\/div>\n\n\n\n<div class=\"list-item-wrap\">\n<img decoding=\"async\" class=\"list-item-image\" src=\"https:\/\/thermo-bug.de\/wp-content\/uploads\/2025\/09\/thermo-bug-list-icon.svg\" aria-hidden=\"true\">\n\n\n\n<div class=\"list-item-text-wrap\">\n<p class=\"gb-text list-item-text ag-list-link\"><a href=\"https:\/\/thermo-bug.de\/fr\/domaines-dapplication\/residence-pour-personnes-agees\/\" data-type=\"page\" data-id=\"213\">R\u00e9si\u00addence pour per\u00adson\u00adnes \u00e2g\u00e9es<\/a><\/p>\n<\/div>\n<\/div>\n\n\n\n<div class=\"list-item-wrap\">\n<img decoding=\"async\" class=\"list-item-image\" src=\"https:\/\/thermo-bug.de\/wp-content\/uploads\/2025\/09\/thermo-bug-list-icon.svg\" aria-hidden=\"true\">\n\n\n\n<div class=\"list-item-text-wrap\">\n<p class=\"gb-text list-item-text ag-list-link\"><a href=\"https:\/\/thermo-bug.de\/fr\/domaines-dapplication\/hebergement-pour-refugies\/\" data-type=\"page\" data-id=\"217\">H\u00e9ber\u00adge\u00adment pour r\u00e9fu\u00adgi\u00e9s<\/a><\/p>\n<\/div>\n<\/div>\n\n\n\n<div class=\"list-item-wrap\">\n<img decoding=\"async\" class=\"list-item-image\" src=\"https:\/\/thermo-bug.de\/wp-content\/uploads\/2025\/09\/thermo-bug-list-icon.svg\" aria-hidden=\"true\">\n\n\n\n<div class=\"list-item-text-wrap\">\n<p class=\"gb-text list-item-text ag-list-link\"><a href=\"https:\/\/thermo-bug.de\/fr\/domaines-dapplication\/etablissement-penitentiaire\/\" data-type=\"page\" data-id=\"221\">\u00c9ta\u00adblis\u00adse\u00adment p\u00e9ni\u00adten\u00adti\u00adai\u00adre<\/a><\/p>\n<\/div>\n<\/div>\n<\/div>\n\n\n\n<div class=\"buttons-wrap\">\n<a class=\"gb-text button-primary\" href=\"https:\/\/thermo-bug.de\/fr\/domaines-dapplication\/\">D\u00e9cou\u00advr\u00adir tou\u00adtes les pos\u00adsi\u00adbi\u00adli\u00adt\u00e9s d\u2019utilisation<\/a>\n\n\n\n<a class=\"gb-text button-secondary\" href=\"https:\/\/thermo-bug.de\/fr\/utiliser-thermo-bug\/\">Uti\u00adli\u00adser Ther\u00admo-bug<strong>\u00ae<\/strong><\/a>\n<\/div>\n<\/div>\n<\/div>\n\n\n\n<div class=\"section-image-wrap gb-element-7c7bf038\"><\/div>\n<\/div>\n<\/div>\n","protected":false},"excerpt":{"rendered":"<p>Punai\u00adses de lit dans les loge\u00adment\u00ads\u00adpour tra\u00advail\u00adleurs Iden\u00adti\u00adfier, \u00e9vi\u00adter, \u00e9li\u00admi\u00adner For\u00adte rota\u00adti\u00adon, ris\u00adque \u00e9le\u00adv\u00e9. Les chan\u00adge\u00adments quo\u00adti\u00addi\u00adens de cli\u00adents favo\u00adri\u00adsent l\u2019introduction inaper\u00ad\u00e7ue de punai\u00adses de lit et aut\u00adres para\u00adsi\u00adtes dans les loge\u00adments pour tra\u00advail\u00adleurs&nbsp;\u2013 Ther\u00ad\u00admo-bug\u00ae les \u00e9li\u00admi\u00adne effi\u00adca\u00adce\u00adment et sans pro\u00adduits chi\u00admi\u00adques. Infor\u00ad\u00admez-vous d\u00e8s main\u00adten\u00adant&nbsp;! En savoir plus Con\u00adtenu Com\u00adment les punai\u00adses de lit arri\u00ad\u00advent-elles \u2026 <a title=\"H\u00e9bergements pour travailleurs\" class=\"read-more\" href=\"https:\/\/thermo-bug.de\/fr\/domaines-dapplication\/hebergements-pour-travailleurs\/\" aria-label=\"En savoir plus sur H\u00e9bergements pour travailleurs\">Lire plus<\/a><\/p>\n","protected":false},"author":1,"featured_media":0,"parent":1175,"menu_order":3,"comment_status":"closed","ping_status":"closed","template":"","meta":{"wp_typography_post_enhancements_disabled":false,"footnotes":""},"class_list":["post-1214","page","type-page","status-publish"],"_links":{"self":[{"href":"https:\/\/thermo-bug.de\/fr\/wp-json\/wp\/v2\/pages\/1214","targetHints":{"allow":["GET"]}}],"collection":[{"href":"https:\/\/thermo-bug.de\/fr\/wp-json\/wp\/v2\/pages"}],"about":[{"href":"https:\/\/thermo-bug.de\/fr\/wp-json\/wp\/v2\/types\/page"}],"author":[{"embeddable":true,"href":"https:\/\/thermo-bug.de\/fr\/wp-json\/wp\/v2\/users\/1"}],"replies":[{"embeddable":true,"href":"https:\/\/thermo-bug.de\/fr\/wp-json\/wp\/v2\/comments?post=1214"}],"version-history":[{"count":9,"href":"https:\/\/thermo-bug.de\/fr\/wp-json\/wp\/v2\/pages\/1214\/revisions"}],"predecessor-version":[{"id":2008,"href":"https:\/\/thermo-bug.de\/fr\/wp-json\/wp\/v2\/pages\/1214\/revisions\/2008"}],"up":[{"embeddable":true,"href":"https:\/\/thermo-bug.de\/fr\/wp-json\/wp\/v2\/pages\/1175"}],"wp:attachment":[{"href":"https:\/\/thermo-bug.de\/fr\/wp-json\/wp\/v2\/media?parent=1214"}],"curies":[{"name":"wp","href":"https:\/\/api.w.org\/{rel}","templated":true}]}}