{"id":1225,"date":"2025-09-10T09:18:59","date_gmt":"2025-09-10T09:18:59","guid":{"rendered":"https:\/\/thermo-bug.de\/domaines-dapplication\/menages-prives\/"},"modified":"2026-03-20T08:51:01","modified_gmt":"2026-03-20T08:51:01","slug":"menages-prives","status":"publish","type":"page","link":"https:\/\/thermo-bug.de\/fr\/domaines-dapplication\/menages-prives\/","title":{"rendered":"M\u00e9nages priv\u00e9s"},"content":{"rendered":"\n<div class=\"alignfull\">\n<div class=\"hero-wrap\">\n<div class=\"section-text-wrap\">\n<div class=\"max-width-800\">\n<h1 class=\"gb-text\">Lutter contre les punaises de lit dans le logement<\/h1>\n\n\n\n<h2 class=\"gb-text h2-hero\">Traitement thermique Thermo-bug\u00ae<\/h2>\n\n\n\n<p class=\"gb-text\">Lut\u00adte effi\u00adcace et sans pro\u00adduits chi\u00admi\u00adques cont\u00adre les punai\u00adses de lit pour vot\u00adre mai\u00adson. Ther\u00admo-bug\u00ae \u00e9li\u00admi\u00adne rapi\u00adde\u00adment les punai\u00adses de lit gr\u00e2ce \u00e0 une chaleur cibl\u00e9e. S\u00e9cu\u00adri\u00adt\u00e9 pour la famil\u00adle et les ani\u00admaux de com\u00adpa\u00adgnie. Infor\u00admez-vous d\u00e8s main\u00adten\u00adant&nbsp;!   <\/p>\n\n\n\n<div class=\"buttons-wrap\">\n<a class=\"gb-text button-primary\" href=\"#info\">En savoir plus<\/a>\n<\/div>\n<\/div>\n<\/div>\n\n\n\n<div class=\"section-image-wrap hero-image gb-element-02660d31\"><\/div>\n<\/div>\n\n\n\n<div class=\"inhalt-wrap\" id=\"info\">\n<div class=\"container-text\">\n<div class=\"gb-text inhalt-title\">Con\u00adtenu<\/div>\n\n\n\n<div class=\"list-wrap\">\n<div class=\"list-item-wrap\">\n<img decoding=\"async\" class=\"list-item-image\" src=\"https:\/\/thermo-bug.de\/wp-content\/uploads\/2025\/09\/thermo-bug-list-icon.svg\" aria-hidden=\"true\">\n\n\n\n<div class=\"list-item-text-wrap\">\n<p class=\"gb-text list-item-text ag-list-link\"><a href=\"#wieso\">Com\u00adment l\u2019infestation se pro\u00adduit-elle ?<\/a><\/p>\n<\/div>\n<\/div>\n\n\n\n<div class=\"list-item-wrap\">\n<img decoding=\"async\" class=\"list-item-image\" src=\"https:\/\/thermo-bug.de\/wp-content\/uploads\/2025\/09\/thermo-bug-list-icon.svg\" aria-hidden=\"true\">\n\n\n\n<div class=\"list-item-text-wrap\">\n<p class=\"gb-text list-item-text ag-list-link\"><a href=\"#befall-erkennen\">Com\u00adment recon\u00adna\u00eet\u00adre les punai\u00adses de lit chez soi ?<\/a><\/p>\n<\/div>\n<\/div>\n\n\n\n<div class=\"list-item-wrap\">\n<img decoding=\"async\" class=\"list-item-image\" src=\"https:\/\/thermo-bug.de\/wp-content\/uploads\/2025\/09\/thermo-bug-list-icon.svg\" aria-hidden=\"true\">\n\n\n\n<div class=\"list-item-text-wrap\">\n<p class=\"gb-text list-item-text ag-list-link\"><a href=\"#folgen\">Quel\u00adles sont les con\u00ads\u00e9\u00adquen\u00adces d\u2019une infe\u00adsta\u00adti\u00adon de punai\u00adses de lit dans un foy\u00ader ?<\/a><\/p>\n<\/div>\n<\/div>\n\n\n\n<div class=\"list-item-wrap\">\n<img decoding=\"async\" class=\"list-item-image\" src=\"https:\/\/thermo-bug.de\/wp-content\/uploads\/2025\/09\/thermo-bug-list-icon.svg\" aria-hidden=\"true\">\n\n\n\n<div class=\"list-item-text-wrap\">\n<p class=\"gb-text list-item-text ag-list-link\"><a href=\"#thermo-bug\">Pour\u00adquoi Ther\u00admo-bug\u00ae est-il id\u00e9\u00adal pour les foy\u00aders pri\u00adv\u00e9s ?<\/a><\/p>\n<\/div>\n<\/div>\n<\/div>\n<\/div>\n<\/div>\n\n\n\n<div class=\"spacing flex-centered\">\n<div class=\"container-text\" id=\"wieso\">\n<h2 class=\"gb-text\">Comment l\u2019infestation se produit-elle ?<\/h2>\n\n\n\n<p class=\"gb-text\">Les foy\u00aders pri\u00adv\u00e9s ne sont pas non plus \u00e9parg\u00adn\u00e9s par les punai\u00adses de lit. Les visi\u00adteurs sont sou\u00advent les prin\u00adci\u00adpaux respons\u00adables&nbsp;: les punai\u00adses de lit peu\u00advent \u00eatre intro\u00addui\u00adtes dis\u00adcr\u00e8\u00adte\u00adment avec la vali\u00adse. Les sources r\u00e9gu\u00adli\u00e8\u00adres com\u00adpren\u00adnent \u00e9ga\u00adle\u00adment les meubles d\u2019occasion, les trou\u00advail\u00adles de mar\u00adch\u00e9s aux puces et tous les artic\u00adles d\u2019occasion qui sont con\u00adta\u00admi\u00adn\u00e9s par les para\u00adsi\u00adtes. \u00c9tant don\u00adn\u00e9 que les punai\u00adses de lit sont extr\u00ea\u00adme\u00adment r\u00e9sistan\u00adtes (elles peu\u00advent sur\u00advi\u00adv\u00adre des mois sans nour\u00adri\u00adtu\u00adre), une seu\u00adle cachet\u00adte suf\u00adfit \u00e0 d\u00e9clen\u00adcher une for\u00adte infe\u00adsta\u00adti\u00adon des semain\u00ades plus tard.   <\/p>\n<\/div>\n\n\n\n<div class=\"container-text\" id=\"befall-erkennen\">\n<h2 class=\"gb-text\">Comment reconna\u00eetre les punaises de lit chez soi ?<\/h2>\n\n\n\n<p class=\"gb-text\">Les punai\u00adses de lit se cachent pen\u00addant la jour\u00adn\u00e9e et ne devi\u00aden\u00adnent acti\u00adves que la nuit \u2013 leurs traces peu\u00advent tou\u00adte\u00adfois \u00eatre recon\u00adnues pen\u00addant la jour\u00adn\u00e9e si l\u2019on sait \u00e0 quoi fai\u00adre atten\u00adti\u00adon&nbsp;:<\/p>\n\n\n\n<div class=\"list-wrap\">\n<div class=\"list-item-wrap\">\n<img decoding=\"async\" class=\"list-item-image\" src=\"https:\/\/thermo-bug.de\/wp-content\/uploads\/2025\/09\/thermo-bug-list-icon.svg\" aria-hidden=\"true\">\n\n\n\n<div class=\"list-item-text-wrap\">\n<p class=\"gb-text list-item-title\">Motifs de piq\u00fb\u00adres<\/p>\n\n\n\n<p class=\"gb-text list-item-text\">Les papu\u00adles pru\u00adri\u00adgi\u00adneu\u00adses en ran\u00adg\u00e9es sur les bras ou les jam\u00adbes indi\u00adquent sou\u00advent la pr\u00e9\u00adsence de punai\u00adses.<\/p>\n<\/div>\n<\/div>\n\n\n\n<div class=\"list-item-wrap\">\n<img decoding=\"async\" class=\"list-item-image\" src=\"https:\/\/thermo-bug.de\/wp-content\/uploads\/2025\/09\/thermo-bug-list-icon.svg\" aria-hidden=\"true\">\n\n\n\n<div class=\"list-item-text-wrap\">\n<p class=\"gb-text list-item-title gb-text-4080977d\">Taches<\/p>\n\n\n\n<p class=\"gb-text list-item-text\">Les peti\u00adtes taches de sang sur les draps ou les traces de mati\u00e8\u00adres f\u00e9ca\u00adles fon\u00adc\u00e9es sur les mate\u00adlas sont des indi\u00adces typi\u00adques.<\/p>\n<\/div>\n<\/div>\n\n\n\n<div class=\"list-item-wrap\">\n<img decoding=\"async\" class=\"list-item-image\" src=\"https:\/\/thermo-bug.de\/wp-content\/uploads\/2025\/09\/thermo-bug-list-icon.svg\" aria-hidden=\"true\">\n\n\n\n<div class=\"list-item-text-wrap\">\n<p class=\"gb-text list-item-title gb-text-0b5cb971\">Odeur<\/p>\n\n\n\n<p class=\"gb-text list-item-text\">Une l\u00e9g\u00e8\u00adre odeur douce\u00e2t\u00adre et de moi\u00adsi dans la chambre \u00e0 couch\u00ader peut indi\u00adquer une infe\u00adsta\u00adti\u00adon plus importan\u00adte.<\/p>\n<\/div>\n<\/div>\n\n\n\n<div class=\"list-item-wrap\">\n<img decoding=\"async\" class=\"list-item-image\" src=\"https:\/\/thermo-bug.de\/wp-content\/uploads\/2025\/09\/thermo-bug-list-icon.svg\" aria-hidden=\"true\">\n\n\n\n<div class=\"list-item-text-wrap\">\n<p class=\"gb-text list-item-title gb-text-43a8afb0\">Cachet\u00adtes<\/p>\n\n\n\n<p class=\"gb-text list-item-text\">Les cad\u00adres de lit, les fis\u00adsu\u00adres de meubles ou les pri\u00adses de cou\u00adrant sont des lieux de retrai\u00adte popu\u00adlai\u00adres pour les ani\u00admaux.<\/p>\n<\/div>\n<\/div>\n\n\n\n<div class=\"list-item-wrap\">\n<img decoding=\"async\" class=\"list-item-image\" src=\"https:\/\/thermo-bug.de\/wp-content\/uploads\/2025\/09\/thermo-bug-list-icon.svg\" aria-hidden=\"true\">\n\n\n\n<div class=\"list-item-text-wrap\">\n<p class=\"gb-text list-item-title gb-text-f0a23f33\">Traces<\/p>\n\n\n\n<p class=\"gb-text list-item-text\">Les res\u00adtes de mue ou les cap\u00adsu\u00adles d\u2019\u0153ufs r\u00e9v\u00e8\u00adlent sou\u00advent une plus gran\u00adde pr\u00e9\u00adsence de punai\u00adses.<\/p>\n<\/div>\n<\/div>\n<\/div>\n\n\n\n<p class=\"gb-text\">Une d\u00e9tec\u00adtion pr\u00e9\u00adco\u00adce per\u00admet d\u2019\u00e9conomiser du temps, des nerfs et de l\u2019argent \u2013 il est donc judi\u00adcieux de con\u00adtr\u00f4\u00adler r\u00e9gu\u00adli\u00e8\u00adre\u00adment la zone de couchage avec une lam\u00adpe de poche et une lou\u00adpe.<\/p>\n<\/div>\n<\/div>\n\n\n\n<div class=\"ag-banner gb-element-78652c9a\"><\/div>\n\n\n\n<div class=\"spacing flex-centered\">\n<div class=\"container-text\" id=\"folgen\">\n<h2 class=\"gb-text\">Quelles sont les cons\u00e9quences d\u2019une infestation de punaises de lit dans un foyer ?<\/h2>\n\n\n\n<p class=\"gb-text\">Une infe\u00adsta\u00adti\u00adon de punai\u00adses peut mas\u00adsi\u00adve\u00adment nui\u00adre au bien-\u00eatre domes\u00adtique \u2013 phy\u00adsi\u00adquement, \u00e9mo\u00adti\u00adon\u00adnel\u00adle\u00adment et finan\u00adci\u00e8\u00adre\u00adment.<\/p>\n\n\n\n<div class=\"list-wrap\">\n<div class=\"list-item-wrap\">\n<img decoding=\"async\" class=\"list-item-image\" src=\"https:\/\/thermo-bug.de\/wp-content\/uploads\/2025\/09\/thermo-bug-list-icon.svg\" aria-hidden=\"true\">\n\n\n\n<div class=\"list-item-text-wrap\">\n<p class=\"gb-text list-item-title\">San\u00adt\u00e9<\/p>\n\n\n\n<p class=\"gb-text list-item-text\">Les piq\u00fb\u00adres pro\u00advo\u00adquent de for\u00adtes d\u00e9man\u00adge\u00adai\u00adsons, des r\u00e9ac\u00adtions cuta\u00adn\u00e9es ou m\u00eame des all\u00ader\u00adgies.<\/p>\n<\/div>\n<\/div>\n\n\n\n<div class=\"list-item-wrap\">\n<img decoding=\"async\" class=\"list-item-image\" src=\"https:\/\/thermo-bug.de\/wp-content\/uploads\/2025\/09\/thermo-bug-list-icon.svg\" aria-hidden=\"true\">\n\n\n\n<div class=\"list-item-text-wrap\">\n<p class=\"gb-text list-item-title gb-text-6497d9b1\">Psy\u00adch\u00e9<\/p>\n\n\n\n<p class=\"gb-text list-item-text\">La peur, le d\u00e9go\u00fbt et les trou\u00adbles du som\u00admeil p\u00e8sent sur la vie fami\u00adlia\u00adle.<\/p>\n<\/div>\n<\/div>\n\n\n\n<div class=\"list-item-wrap\">\n<img decoding=\"async\" class=\"list-item-image\" src=\"https:\/\/thermo-bug.de\/wp-content\/uploads\/2025\/09\/thermo-bug-list-icon.svg\" aria-hidden=\"true\">\n\n\n\n<div class=\"list-item-text-wrap\">\n<p class=\"gb-text list-item-title gb-text-779d40e3\">Co\u00fbts<\/p>\n\n\n\n<p class=\"gb-text list-item-text\">L\u2019\u00e9limination des meubles et la lut\u00adte anti\u00adpa\u00adra\u00adsi\u00adtaire pro\u00adfes\u00adsi\u00adon\u00adnel\u00adle sont sou\u00advent in\u00e9\u00advi\u00adta\u00adbles.<\/p>\n<\/div>\n<\/div>\n\n\n\n<div class=\"list-item-wrap\">\n<img decoding=\"async\" class=\"list-item-image\" src=\"https:\/\/thermo-bug.de\/wp-content\/uploads\/2025\/09\/thermo-bug-list-icon.svg\" aria-hidden=\"true\">\n\n\n\n<div class=\"list-item-text-wrap\">\n<p class=\"gb-text list-item-title gb-text-1afda9d6\">Pro\u00adpa\u00adga\u00adti\u00adon<\/p>\n\n\n\n<p class=\"gb-text list-item-text\">Sans mesu\u00adres rapi\u00addes, l\u2019infestation peut rapi\u00adde\u00adment s\u2019\u00e9tendre \u00e0 d\u2019autres pi\u00e8\u00adces.<\/p>\n<\/div>\n<\/div>\n<\/div>\n\n\n\n<p class=\"gb-text\">Avec l\u2019aide d\u2019un pro\u00adfes\u00adsi\u00adon\u00adnel, la mai\u00adson rede\u00advi\u00adent rapi\u00adde\u00adment un lieu de retrai\u00adte s\u00fbr.<\/p>\n<\/div>\n\n\n\n<div class=\"container-text\" id=\"thermo-bug\">\n<h2 class=\"gb-text\">Pourquoi Thermo-bug\u00ae est-il id\u00e9al pour les foyers priv\u00e9s ?<\/h2>\n\n\n\n<p class=\"gb-text\">Ther\u00admo-bug\u00ae off\u00adre aux pro\u00adpri\u00e9\u00adtai\u00adres une m\u00e9tho\u00adde de lut\u00adte s\u00fbre et douce sans uti\u00adli\u00adser de pro\u00adduits chi\u00admi\u00adques. La temp\u00e9\u00adra\u00adtu\u00adre \u00e9le\u00adv\u00e9e tue de mani\u00e8\u00adre fia\u00adble tous les sta\u00addes des punai\u00adses de lit (\u0153ufs, lar\u00adves, ani\u00admaux adul\u00adtes) \u2013 m\u00eame cach\u00e9s dans les meubles ou les murs. La chaleur pri\u00adve les insec\u00adtes de pro\u00adt\u00e9\u00adi\u00adnes vita\u00adles, ils meu\u00adrent en peu de temps. Con\u00adtrai\u00adre\u00adment aux insec\u00adti\u00adci\u00addes, il ne res\u00adte aucun r\u00e9si\u00addu&nbsp;: apr\u00e8s le trai\u00adte\u00adment, la pi\u00e8\u00adce peut \u00eatre r\u00e9uti\u00adli\u00ads\u00e9e imm\u00e9\u00addia\u00adte\u00adment. Le pro\u00adc\u00e9\u00add\u00e9 est silen\u00adcieux et ino\u00addo\u00adre, de sor\u00adte que les riverains ne sont pas d\u00e9ran\u00adg\u00e9s.    <\/p>\n\n\n\n<p class=\"gb-text\">Un grand avan\u00adta\u00adge pour les famil\u00adles&nbsp;: aucun nuage toxi\u00adque ou odeur ne p\u00e8se sur les enfants, les per\u00adson\u00adnes \u00e2g\u00e9es ou les ani\u00admaux domes\u00adti\u00adques. \u00c9tant don\u00adn\u00e9 que la chaleur com\u00adbat effi\u00adca\u00adce\u00adment m\u00eame les punai\u00adses r\u00e9sistan\u00adtes, l\u2019effet est garan\u00adti. Les inter\u00adven\u00adti\u00adons Ther\u00admo-bug\u00ae sont \u00e9ga\u00adle\u00adment sou\u00advent ren\u00adta\u00adbles, car en r\u00e8g\u00adle g\u00e9n\u00e9\u00adra\u00adle, un seul pas\u00adsa\u00adge de trai\u00adte\u00adment suf\u00adfit \u2013 d\u2019autres m\u00e9tho\u00addes n\u00e9ces\u00adsi\u00adtent sou\u00advent des r\u00e9p\u00e9\u00adti\u00adti\u00adons mul\u00adti\u00adples. Ain\u00adsi, Ther\u00admo-bug\u00ae per\u00admet en fin de comp\u00adte d\u2019\u00e9conomiser du temps et de l\u2019argent.   <\/p>\n<\/div>\n<\/div>\n\n\n\n<div class=\"cta-wrap\">\n<div class=\"max-width-800\">\n<h2 class=\"gb-text\">Agissez maintenant!<\/h2>\n\n\n\n<h3 class=\"gb-text\">Contacter Thermo-bug\u00ae et obtenir une offre sans engagement pour votre maison<\/h3>\n\n\n\n<p class=\"gb-text\">Si vous remar\u00adquez des signes de punai\u00adses de lit dans vot\u00adre loge\u00adment, n\u2019h\u00e9sitez pas. \u00c9vi\u00adtez les auto-trai\u00adte\u00adments chi\u00admi\u00adques et fai\u00adtes appel \u00e0 un pro\u00adfes\u00adsi\u00adon\u00adnel pour lut\u00adter cont\u00adre les punai\u00adses de mani\u00e8\u00adre s\u00fbre et effi\u00adcace. Recom\u00adman\u00addez de pr\u00e9\u00adf\u00e9\u00adrence \u00e0 vot\u00adre exter\u00admi\u00adna\u00adteur le trai\u00adte\u00adment ther\u00admi\u00adque avec Ther\u00admo-bug\u00ae. Nous vous con\u00adseil\u00adlons sans enga\u00adge\u00adment afin de rend\u00adre vot\u00adre mai\u00adson rapi\u00adde\u00adment et dura\u00adblem\u00adent exemp\u00adte d\u2019insectes.   <\/p>\n\n\n\n<a class=\"gb-text button-primary\" href=\"https:\/\/thermo-bug.de\/fr\/utiliser-thermo-bug\/\">Uti\u00adli\u00adser Ther\u00admo-bug\u00ae main\u00adten\u00adant<\/a>\n<\/div>\n<\/div>\n\n\n\n<div class=\"section-wrap\">\n<div class=\"section-image-wrap gb-element-e6a8092c\"><\/div>\n\n\n\n<div class=\"section-text-wrap\">\n<div class=\"max-width-800\">\n<h2 class=\"gb-text\">Thermo-bug\u00ae ne se limite pas aux punaises de lit !<\/h2>\n\n\n\n<p class=\"gb-text\">Les puces dans le tapis, les mites dans l\u2019armoire ou les four\u00admis dans la cui\u00adsine n\u2019ont \u00e9ga\u00adle\u00adment aucu\u00adne chan\u00adce cont\u00adre le trai\u00adte\u00adment ther\u00admi\u00adque cibl\u00e9. Hygi\u00e9\u00adni\u00adque, non toxi\u00adque et par\u00adti\u00adcu\u00adli\u00e8\u00adre\u00adment effi\u00adcace \u2013 pour une mai\u00adson o\u00f9 l\u2019on peut respi\u00adrer. <\/p>\n\n\n\n<div class=\"buttons-wrap\">\n<a class=\"gb-text button-primary\" href=\"https:\/\/thermo-bug.de\/fr\/punaises-de-lit-et-autres\/\">D\u00e9cou\u00advrez tous les para\u00adsi\u00adtes main\u00adten\u00adant<\/a>\n<\/div>\n<\/div>\n<\/div>\n<\/div>\n\n\n\n<div class=\"section-wrap\">\n<div class=\"section-text-wrap\">\n<div class=\"max-width-800\">\n<h2 class=\"gb-text\">Efficace dans chaque pi\u00e8ce<\/h2>\n\n\n\n<p class=\"gb-text\">D\u00e9cou\u00advrez d\u2019autres lieux d\u2019utilisation du Ther\u00admo-bug\u00ae&nbsp;:<\/p>\n\n\n\n<div class=\"list-wrap\">\n<div class=\"list-item-wrap\">\n<img decoding=\"async\" class=\"list-item-image\" src=\"https:\/\/thermo-bug.de\/wp-content\/uploads\/2025\/09\/thermo-bug-list-icon.svg\" aria-hidden=\"true\">\n\n\n\n<div class=\"list-item-text-wrap\">\n<p class=\"gb-text list-item-text ag-list-link\"><a href=\"https:\/\/thermo-bug.de\/fr\/domaines-dapplication\/hotel\/\" data-type=\"page\" data-id=\"194\">H\u00f4tel<\/a><\/p>\n<\/div>\n<\/div>\n\n\n\n<div class=\"list-item-wrap\">\n<img decoding=\"async\" class=\"list-item-image\" src=\"https:\/\/thermo-bug.de\/wp-content\/uploads\/2025\/09\/thermo-bug-list-icon.svg\" aria-hidden=\"true\">\n\n\n\n<div class=\"list-item-text-wrap\">\n<p class=\"gb-text list-item-text ag-list-link\"><a href=\"https:\/\/thermo-bug.de\/fr\/domaines-dapplication\/hebergements-pour-travailleurs\/\" data-type=\"page\" data-id=\"201\">H\u00e9ber\u00adge\u00adments pour tra\u00advail\u00adleurs<\/a><\/p>\n<\/div>\n<\/div>\n\n\n\n<div class=\"list-item-wrap\">\n<img decoding=\"async\" class=\"list-item-image\" src=\"https:\/\/thermo-bug.de\/wp-content\/uploads\/2025\/09\/thermo-bug-list-icon.svg\" aria-hidden=\"true\">\n\n\n\n<div class=\"list-item-text-wrap\">\n<p class=\"gb-text list-item-text ag-list-link\"><a href=\"https:\/\/thermo-bug.de\/fr\/domaines-dapplication\/jardins-denfants-et-ecoles\/\" data-type=\"page\" data-id=\"205\">Jard\u00adins d\u2019enfants et \u00e9co\u00adles<\/a><\/p>\n<\/div>\n<\/div>\n\n\n\n<div class=\"list-item-wrap\">\n<img decoding=\"async\" class=\"list-item-image\" src=\"https:\/\/thermo-bug.de\/wp-content\/uploads\/2025\/09\/thermo-bug-list-icon.svg\" aria-hidden=\"true\">\n\n\n\n<div class=\"list-item-text-wrap\">\n<p class=\"gb-text list-item-text ag-list-link\"><a href=\"https:\/\/thermo-bug.de\/fr\/domaines-dapplication\/hopital\/\" data-type=\"page\" data-id=\"209\">H\u00f4pi\u00adtal<\/a><\/p>\n<\/div>\n<\/div>\n\n\n\n<div class=\"list-item-wrap\">\n<img decoding=\"async\" class=\"list-item-image\" src=\"https:\/\/thermo-bug.de\/wp-content\/uploads\/2025\/09\/thermo-bug-list-icon.svg\" aria-hidden=\"true\">\n\n\n\n<div class=\"list-item-text-wrap\">\n<p class=\"gb-text list-item-text ag-list-link\"><a href=\"https:\/\/thermo-bug.de\/fr\/domaines-dapplication\/residence-pour-personnes-agees\/\" data-type=\"page\" data-id=\"213\">R\u00e9si\u00addence pour per\u00adson\u00adnes \u00e2g\u00e9es<\/a><\/p>\n<\/div>\n<\/div>\n\n\n\n<div class=\"list-item-wrap\">\n<img decoding=\"async\" class=\"list-item-image\" src=\"https:\/\/thermo-bug.de\/wp-content\/uploads\/2025\/09\/thermo-bug-list-icon.svg\" aria-hidden=\"true\">\n\n\n\n<div class=\"list-item-text-wrap\">\n<p class=\"gb-text list-item-text ag-list-link\"><a href=\"https:\/\/thermo-bug.de\/fr\/domaines-dapplication\/hebergement-pour-refugies\/\" data-type=\"page\" data-id=\"217\">H\u00e9ber\u00adge\u00adment pour r\u00e9fu\u00adgi\u00e9s<\/a><\/p>\n<\/div>\n<\/div>\n\n\n\n<div class=\"list-item-wrap\">\n<img decoding=\"async\" class=\"list-item-image\" src=\"https:\/\/thermo-bug.de\/wp-content\/uploads\/2025\/09\/thermo-bug-list-icon.svg\" aria-hidden=\"true\">\n\n\n\n<div class=\"list-item-text-wrap\">\n<p class=\"gb-text list-item-text ag-list-link\"><a href=\"https:\/\/thermo-bug.de\/fr\/domaines-dapplication\/etablissement-penitentiaire\/\" data-type=\"page\" data-id=\"221\">\u00c9ta\u00adblis\u00adse\u00adment p\u00e9ni\u00adten\u00adti\u00adai\u00adre<\/a><\/p>\n<\/div>\n<\/div>\n<\/div>\n\n\n\n<div class=\"buttons-wrap\">\n<a class=\"gb-text button-primary\" href=\"https:\/\/thermo-bug.de\/fr\/domaines-dapplication\/\">D\u00e9cou\u00advr\u00adir tou\u00adtes les pos\u00adsi\u00adbi\u00adli\u00adt\u00e9s d\u2019utilisation<\/a>\n\n\n\n<a class=\"gb-text button-secondary\" href=\"https:\/\/thermo-bug.de\/fr\/utiliser-thermo-bug\/\">Uti\u00adli\u00adser Ther\u00admo-bug<strong>\u00ae<\/strong><\/a>\n<\/div>\n<\/div>\n<\/div>\n\n\n\n<div class=\"section-image-wrap gb-element-7c7bf038\"><\/div>\n<\/div>\n<\/div>\n","protected":false},"excerpt":{"rendered":"<p>Lut\u00adter cont\u00adre les punai\u00adses de lit dans le loge\u00adment Trai\u00adte\u00adment ther\u00admi\u00adque Ther\u00admo-bug\u00ae Lut\u00adte effi\u00adcace et sans pro\u00adduits chi\u00admi\u00adques cont\u00adre les punai\u00adses de lit pour vot\u00adre mai\u00adson. Ther\u00ad\u00admo-bug\u00ae \u00e9li\u00admi\u00adne rapi\u00adde\u00adment les punai\u00adses de lit gr\u00e2ce \u00e0 une chaleur cibl\u00e9e. S\u00e9cu\u00adri\u00adt\u00e9 pour la famil\u00adle et les ani\u00admaux de com\u00adpa\u00adgnie. Infor\u00ad\u00admez-vous d\u00e8s main\u00adten\u00adant&nbsp;! En savoir plus Con\u00adtenu Com\u00adment \u2026 <a title=\"M\u00e9nages priv\u00e9s\" class=\"read-more\" href=\"https:\/\/thermo-bug.de\/fr\/domaines-dapplication\/menages-prives\/\" aria-label=\"En savoir plus sur M\u00e9nages priv\u00e9s\">Lire plus<\/a><\/p>\n","protected":false},"author":1,"featured_media":0,"parent":1175,"menu_order":2,"comment_status":"closed","ping_status":"closed","template":"","meta":{"wp_typography_post_enhancements_disabled":false,"footnotes":""},"class_list":["post-1225","page","type-page","status-publish"],"_links":{"self":[{"href":"https:\/\/thermo-bug.de\/fr\/wp-json\/wp\/v2\/pages\/1225","targetHints":{"allow":["GET"]}}],"collection":[{"href":"https:\/\/thermo-bug.de\/fr\/wp-json\/wp\/v2\/pages"}],"about":[{"href":"https:\/\/thermo-bug.de\/fr\/wp-json\/wp\/v2\/types\/page"}],"author":[{"embeddable":true,"href":"https:\/\/thermo-bug.de\/fr\/wp-json\/wp\/v2\/users\/1"}],"replies":[{"embeddable":true,"href":"https:\/\/thermo-bug.de\/fr\/wp-json\/wp\/v2\/comments?post=1225"}],"version-history":[{"count":7,"href":"https:\/\/thermo-bug.de\/fr\/wp-json\/wp\/v2\/pages\/1225\/revisions"}],"predecessor-version":[{"id":2005,"href":"https:\/\/thermo-bug.de\/fr\/wp-json\/wp\/v2\/pages\/1225\/revisions\/2005"}],"up":[{"embeddable":true,"href":"https:\/\/thermo-bug.de\/fr\/wp-json\/wp\/v2\/pages\/1175"}],"wp:attachment":[{"href":"https:\/\/thermo-bug.de\/fr\/wp-json\/wp\/v2\/media?parent=1225"}],"curies":[{"name":"wp","href":"https:\/\/api.w.org\/{rel}","templated":true}]}}