{"id":1270,"date":"2025-09-10T09:19:32","date_gmt":"2025-09-10T09:19:32","guid":{"rendered":"https:\/\/thermo-bug.de\/domaines-dapplication\/jardins-denfants-et-ecoles\/"},"modified":"2026-03-20T09:15:12","modified_gmt":"2026-03-20T09:15:12","slug":"jardins-denfants-et-ecoles","status":"publish","type":"page","link":"https:\/\/thermo-bug.de\/fr\/domaines-dapplication\/jardins-denfants-et-ecoles\/","title":{"rendered":"Jardins d\u2019enfants et \u00e9coles"},"content":{"rendered":"\n<div class=\"alignfull\">\n<div class=\"hero-wrap\">\n<div class=\"section-text-wrap\">\n<div class=\"max-width-800\">\n<h1 class=\"gb-text\">Lutte contre les punaises de lit dans les \u00e9coles et les jardins d\u2019enfants<\/h1>\n\n\n\n<h2 class=\"gb-text h2-hero\">S\u00fbr, rapide et efficace<\/h2>\n\n\n\n<p class=\"gb-text\">Lut\u00adte rapi\u00adde et sans pro\u00adduits chi\u00admi\u00adques cont\u00adre les punai\u00adses de lit pour les cr\u00e8\u00adches et les \u00e9co\u00adles. Trai\u00adte\u00adment ther\u00admi\u00adque dis\u00adcret, sans odeur de pro\u00adduits chi\u00admi\u00adques, locaux tou\u00adjours uti\u00adli\u00adsables. Pro\u00adtec\u00adtion des enfants et du per\u00adson\u00adnel. Pour en savoir plus !   <\/p>\n\n\n\n<div class=\"buttons-wrap\">\n<a class=\"gb-text button-primary\" href=\"#info\">En savoir plus<\/a>\n<\/div>\n<\/div>\n<\/div>\n\n\n\n<div class=\"section-image-wrap hero-image gb-element-02660d31\"><\/div>\n<\/div>\n\n\n\n<div class=\"inhalt-wrap\" id=\"info\">\n<div class=\"container-text\">\n<div class=\"gb-text inhalt-title\">Con\u00adtenu<\/div>\n\n\n\n<div class=\"list-wrap\">\n<div class=\"list-item-wrap\">\n<img decoding=\"async\" class=\"list-item-image\" src=\"https:\/\/thermo-bug.de\/wp-content\/uploads\/2025\/09\/thermo-bug-list-icon.svg\" aria-hidden=\"true\">\n\n\n\n<div class=\"list-item-text-wrap\">\n<p class=\"gb-text list-item-text ag-list-link\"><a href=\"#wieso\">Com\u00adment l\u2019in\u00adfe\u00adsta\u00adti\u00adon se pro\u00adduit-elle dans une cr\u00e8\u00adche ou une \u00e9co\u00adle ?<\/a><\/p>\n<\/div>\n<\/div>\n\n\n\n<div class=\"list-item-wrap\">\n<img decoding=\"async\" class=\"list-item-image\" src=\"https:\/\/thermo-bug.de\/wp-content\/uploads\/2025\/09\/thermo-bug-list-icon.svg\" aria-hidden=\"true\">\n\n\n\n<div class=\"list-item-text-wrap\">\n<p class=\"gb-text list-item-text ag-list-link\"><a href=\"#befall-erkennen\">Com\u00adment recon\u00adna\u00eet\u00adre une infe\u00adsta\u00adti\u00adon de punai\u00adses de lit dans les \u00e9ta\u00adblis\u00adse\u00adments d\u2019ens\u00adeig\u00adne\u00adment ?<\/a><\/p>\n<\/div>\n<\/div>\n\n\n\n<div class=\"list-item-wrap\">\n<img decoding=\"async\" class=\"list-item-image\" src=\"https:\/\/thermo-bug.de\/wp-content\/uploads\/2025\/09\/thermo-bug-list-icon.svg\" aria-hidden=\"true\">\n\n\n\n<div class=\"list-item-text-wrap\">\n<p class=\"gb-text list-item-text ag-list-link\"><a href=\"#folgen\">Quel\u00adles sont les con\u00ads\u00e9\u00adquen\u00adces d\u2019u\u00adne infe\u00adsta\u00adti\u00adon dans les \u00e9co\u00adles ou les cr\u00e8\u00adches ?<\/a><\/p>\n<\/div>\n<\/div>\n\n\n\n<div class=\"list-item-wrap\">\n<img decoding=\"async\" class=\"list-item-image\" src=\"https:\/\/thermo-bug.de\/wp-content\/uploads\/2025\/09\/thermo-bug-list-icon.svg\" aria-hidden=\"true\">\n\n\n\n<div class=\"list-item-text-wrap\">\n<p class=\"gb-text list-item-text ag-list-link\"><a href=\"#thermo-bug\">Ther\u00admo-bug\u00ae com\u00adme solu\u00adti\u00adon id\u00e9a\u00adle pour les \u00e9co\u00adles et les cr\u00e8\u00adches<\/a><\/p>\n<\/div>\n<\/div>\n<\/div>\n<\/div>\n<\/div>\n\n\n\n<div class=\"spacing flex-centered\">\n<div class=\"container-text\" id=\"wieso\">\n<h2 class=\"gb-text\">Comment l\u2019infestation se produit-elle dans une cr\u00e8che ou une \u00e9cole ?<\/h2>\n\n\n\n<p class=\"gb-text\">Dans les \u00e9ta\u00adblis\u00adse\u00adments d\u2019ens\u00adeig\u00adne\u00adment, les para\u00adsi\u00adtes peu\u00advent \u00eatre intro\u00adduits par les effets per\u00adson\u00adnels des enfants. Un seul enfant portant des v\u00eate\u00adments ou un car\u00adta\u00adble infes\u00adt\u00e9 peut pro\u00advo\u00adquer une \u00e9pi\u00add\u00e9\u00admie. Les tapis, jou\u00adets ou meubles d\u2019oc\u00adca\u00adsi\u00adon don\u00adn\u00e9s pr\u00e9\u00adsen\u00adtent \u00e9ga\u00adle\u00adment un ris\u00adque. En rai\u00adson du taux d\u2019oc\u00adcu\u00adpa\u00adti\u00adon \u00e9le\u00adv\u00e9 et de la pro\u00admis\u00adcui\u00adt\u00e9 fr\u00e9\u00adquen\u00adte, de nombreu\u00adses per\u00adson\u00adnes par\u00adt\u00adagent des locaux, de sor\u00adte qu\u2019u\u00adne infe\u00adsta\u00adti\u00adon peut se pro\u00adpa\u00adger rapi\u00adde\u00adment, m\u00eame ent\u00adre les clas\u00adses ou les grou\u00adpes.   <\/p>\n<\/div>\n\n\n\n<div class=\"container-text\" id=\"befall-erkennen\">\n<h2 class=\"gb-text\">Comment reconna\u00eetre une infestation de punaises de lit dans les \u00e9tablissements d\u2019enseignement ?<\/h2>\n\n\n\n<p class=\"gb-text\">Les enfants se plaign\u00adent sou\u00advent d\u2019a\u00adbord de d\u00e9man\u00adge\u00adai\u00adsons \u2013 le per\u00adson\u00adnel et les par\u00adents doi\u00advent don\u00adner suite \u00e0 ces signaux rapi\u00adde\u00adment. Quel\u00adques indi\u00adces typi\u00adques faci\u00adli\u00adtent l\u2019\u00e9va\u00adlua\u00adti\u00adon : <\/p>\n\n\n\n<div class=\"list-wrap\">\n<div class=\"list-item-wrap\">\n<img decoding=\"async\" class=\"list-item-image\" src=\"https:\/\/thermo-bug.de\/wp-content\/uploads\/2025\/09\/thermo-bug-list-icon.svg\" aria-hidden=\"true\">\n\n\n\n<div class=\"list-item-text-wrap\">\n<p class=\"gb-text list-item-title\">Piq\u00fb\u00adres<\/p>\n\n\n\n<p class=\"gb-text list-item-text\">Petits points ou lignes rou\u00adges sur les bras et les jam\u00adbes apr\u00e8s la sies\u00adte ou les jeux.<\/p>\n<\/div>\n<\/div>\n\n\n\n<div class=\"list-item-wrap\">\n<img decoding=\"async\" class=\"list-item-image\" src=\"https:\/\/thermo-bug.de\/wp-content\/uploads\/2025\/09\/thermo-bug-list-icon.svg\" aria-hidden=\"true\">\n\n\n\n<div class=\"list-item-text-wrap\">\n<p class=\"gb-text list-item-title gb-text-4080977d\">Traces<\/p>\n\n\n\n<p class=\"gb-text list-item-text\">Des points som\u00adbres sur les tapis de couchage, les cous\u00adsins ou les cana\u00adp\u00e9s indi\u00adquent des excr\u00e9\u00adments ou des res\u00adtes de sang.<\/p>\n<\/div>\n<\/div>\n\n\n\n<div class=\"list-item-wrap\">\n<img decoding=\"async\" class=\"list-item-image\" src=\"https:\/\/thermo-bug.de\/wp-content\/uploads\/2025\/09\/thermo-bug-list-icon.svg\" aria-hidden=\"true\">\n\n\n\n<div class=\"list-item-text-wrap\">\n<p class=\"gb-text list-item-title gb-text-0b5cb971\">Odeur<\/p>\n\n\n\n<p class=\"gb-text list-item-text\">Une odeur douce\u00e2t\u00adre frap\u00adpan\u00adte peut indi\u00adquer une infe\u00adsta\u00adti\u00adon avan\u00adc\u00e9e.<\/p>\n<\/div>\n<\/div>\n\n\n\n<div class=\"list-item-wrap\">\n<img decoding=\"async\" class=\"list-item-image\" src=\"https:\/\/thermo-bug.de\/wp-content\/uploads\/2025\/09\/thermo-bug-list-icon.svg\" aria-hidden=\"true\">\n\n\n\n<div class=\"list-item-text-wrap\">\n<p class=\"gb-text list-item-title gb-text-43a8afb0\">Cachet\u00adtes<\/p>\n\n\n\n<p class=\"gb-text list-item-text\">Les lieux de refu\u00adge se trou\u00advent sou\u00advent dans les coins de jeux, les mate\u00adlas ou les meubles de ves\u00adti\u00adai\u00adre.<\/p>\n<\/div>\n<\/div>\n\n\n\n<div class=\"list-item-wrap\">\n<img decoding=\"async\" class=\"list-item-image\" src=\"https:\/\/thermo-bug.de\/wp-content\/uploads\/2025\/09\/thermo-bug-list-icon.svg\" aria-hidden=\"true\">\n\n\n\n<div class=\"list-item-text-wrap\">\n<p class=\"gb-text list-item-title gb-text-f0a23f33\">Per\u00adcep\u00adti\u00adon<\/p>\n\n\n\n<p class=\"gb-text list-item-text\">Les enfants expri\u00adment t\u00f4t leur malai\u00adse \u2013 ces indi\u00adca\u00adti\u00adons doi\u00advent \u00eatre pri\u00adses au s\u00e9rieux.<\/p>\n<\/div>\n<\/div>\n<\/div>\n\n\n\n<p class=\"gb-text\">Un con\u00adtr\u00f4\u00adle r\u00e9gu\u00adlier des zones sen\u00adsi\u00adbles est important pour stop\u00adper une \u00e9pi\u00add\u00e9\u00admie \u00e0 temps.<\/p>\n<\/div>\n<\/div>\n\n\n\n<div class=\"ag-banner gb-element-78652c9a\"><\/div>\n\n\n\n<div class=\"spacing flex-centered\">\n<div class=\"container-text\" id=\"folgen\">\n<h2 class=\"gb-text\">Quelles sont les cons\u00e9quences d\u2019une infestation dans les \u00e9coles ou les cr\u00e8ches ?<\/h2>\n\n\n\n<p class=\"gb-text\">Une infe\u00adsta\u00adti\u00adon de punai\u00adses de lit n\u2019est pas seu\u00adle\u00adment une source de stress, elle peut aus\u00adsi \u00e9bran\u00adler la con\u00adfi\u00adance dans l\u2019\u00e9\u00adta\u00adblis\u00adse\u00adment.<\/p>\n\n\n\n<div class=\"list-wrap\">\n<div class=\"list-item-wrap\">\n<img decoding=\"async\" class=\"list-item-image\" src=\"https:\/\/thermo-bug.de\/wp-content\/uploads\/2025\/09\/thermo-bug-list-icon.svg\" aria-hidden=\"true\">\n\n\n\n<div class=\"list-item-text-wrap\">\n<p class=\"gb-text list-item-title\">Con\u00adfi\u00adance des par\u00adents<\/p>\n\n\n\n<p class=\"gb-text list-item-text\">Les man\u00adquements \u00e0 l\u2019hy\u00adgi\u00e8\u00adne ent\u00adra\u00ee\u00adnent rapi\u00adde\u00adment des plain\u00adtes ou de la pani\u00adque chez les per\u00adson\u00adnes ayant l\u2019au\u00adto\u00adri\u00adt\u00e9 paren\u00adta\u00adle.<\/p>\n<\/div>\n<\/div>\n\n\n\n<div class=\"list-item-wrap\">\n<img decoding=\"async\" class=\"list-item-image\" src=\"https:\/\/thermo-bug.de\/wp-content\/uploads\/2025\/09\/thermo-bug-list-icon.svg\" aria-hidden=\"true\">\n\n\n\n<div class=\"list-item-text-wrap\">\n<p class=\"gb-text list-item-title gb-text-6497d9b1\">Bien-\u00eatre des enfants<\/p>\n\n\n\n<p class=\"gb-text list-item-text\">Les d\u00e9man\u00adge\u00adai\u00adsons et l\u2019a\u00adgi\u00adta\u00adti\u00adon nui\u00adsent \u00e0 la con\u00adcen\u00adtra\u00adti\u00adon et \u00e0 l\u2019en\u00advi\u00adron\u00adne\u00adment d\u2019app\u00adren\u00adtis\u00adsa\u00adge.<\/p>\n<\/div>\n<\/div>\n\n\n\n<div class=\"list-item-wrap\">\n<img decoding=\"async\" class=\"list-item-image\" src=\"https:\/\/thermo-bug.de\/wp-content\/uploads\/2025\/09\/thermo-bug-list-icon.svg\" aria-hidden=\"true\">\n\n\n\n<div class=\"list-item-text-wrap\">\n<p class=\"gb-text list-item-title gb-text-779d40e3\">Explo\u00adita\u00adti\u00adon<\/p>\n\n\n\n<p class=\"gb-text list-item-text\">Les locaux doi\u00advent \u00e9ven\u00adtu\u00adel\u00adle\u00adment \u00eatre fer\u00adm\u00e9s ou d\u00e9s\u00adin\u00adfec\u00adt\u00e9s, ce qui per\u00adtur\u00adbe le d\u00e9rou\u00adle\u00adment de la jour\u00adn\u00e9e.<\/p>\n<\/div>\n<\/div>\n\n\n\n<div class=\"list-item-wrap\">\n<img decoding=\"async\" class=\"list-item-image\" src=\"https:\/\/thermo-bug.de\/wp-content\/uploads\/2025\/09\/thermo-bug-list-icon.svg\" aria-hidden=\"true\">\n\n\n\n<div class=\"list-item-text-wrap\">\n<p class=\"gb-text list-item-title gb-text-1afda9d6\">Image<\/p>\n\n\n\n<p class=\"gb-text list-item-text\">Les gros tit\u00adres n\u00e9ga\u00adtifs peu\u00advent nui\u00adre \u00e0 la r\u00e9pu\u00adta\u00adti\u00adon \u00e0 long ter\u00adme.<\/p>\n<\/div>\n<\/div>\n<\/div>\n\n\n\n<p class=\"gb-text\">Une action dis\u00adcr\u00e8\u00adte et une r\u00e9ac\u00adtion rapi\u00adde per\u00admet\u00adtent d\u2019\u00e9\u00advi\u00adter des con\u00ads\u00e9\u00adquen\u00adces plus gra\u00adves.<\/p>\n<\/div>\n\n\n\n<div class=\"container-text\" id=\"thermo-bug\">\n<h2 class=\"gb-text\">Thermo-bug\u00ae comme solution id\u00e9ale pour les \u00e9coles et les cr\u00e8ches<\/h2>\n\n\n\n<p class=\"gb-text\">Ther\u00admo-bug\u00ae mar\u00adque ici des points en ter\u00admes de s\u00e9cu\u00adri\u00adt\u00e9 et d\u2019ef\u00adfi\u00adca\u00adci\u00adt\u00e9 : le trai\u00adte\u00adment ther\u00admi\u00adque sans pro\u00adduits chi\u00admi\u00adques est silen\u00adcieux et ne d\u00e9ga\u00adge pas d\u2019o\u00addeurs g\u00eanan\u00adtes. Important dans le con\u00adtex\u00adte des cr\u00e8ches\/\u00e9coles : tous les locaux peu\u00advent \u00eatre r\u00e9uti\u00adli\u00ads\u00e9s rapi\u00adde\u00adment, car il n\u2019y a pas d\u2019\u00e9m\u00adana\u00adti\u00adons ou de r\u00e9si\u00addus toxi\u00adques. Ther\u00admo-bug\u00ae tue de mani\u00e8\u00adre fia\u00adble chaque sta\u00adde de d\u00e9ve\u00adlo\u00adp\u00adpe\u00adment de la punai\u00adse de lit gr\u00e2ce \u00e0 une chaleur con\u00adstan\u00adte.  <\/p>\n\n\n\n<p class=\"gb-text\">Con\u00adtrai\u00adre\u00adment aux trai\u00adte\u00adments par pul\u00adv\u00e9\u00adri\u00adsa\u00adti\u00adon, les meubles et les jou\u00adets ne doi\u00advent pas \u00eatre vid\u00e9s ou recou\u00adverts dans d\u2019au\u00adt\u00adres pi\u00e8\u00adces, ce qui per\u00adtur\u00adbe au mini\u00admum l\u2019ex\u00adplo\u00adita\u00adti\u00adon. Le per\u00adson\u00adnel sp\u00e9\u00adcia\u00adli\u00ads\u00e9 dans la lut\u00adte cont\u00adre les para\u00adsi\u00adtes appr\u00e9\u00adcie Ther\u00admo-bug\u00ae com\u00adme une mesu\u00adre pro\u00adfes\u00adsi\u00adon\u00adnel\u00adle : il per\u00admet d\u2019\u00e9\u00adco\u00adno\u00admi\u00adser du temps et du mat\u00e9\u00adri\u00adel, et le r\u00e9sul\u00adtat est dura\u00adble. <\/p>\n<\/div>\n<\/div>\n\n\n\n<div class=\"cta-wrap\">\n<div class=\"max-width-800\">\n<h2 class=\"gb-text\">Agissez maintenant&nbsp;!<\/h2>\n\n\n\n<h3 class=\"gb-text\">Contacter Thermo-bug\u00ae et obtenir un devis sans engagement pour votre \u00e9tablissement<\/h3>\n\n\n\n<p class=\"gb-text\">En cas de sus\u00adpi\u00adci\u00adon de punai\u00adses de lit, vous devez agir imm\u00e9\u00addia\u00adte\u00adment. Cont\u00adac\u00adtez Ther\u00admo-bug\u00ae pour un trai\u00adte\u00adment ther\u00admi\u00adque rapi\u00adde et dis\u00adcret. Pro\u00adt\u00e9\u00adgez les enfants et le per\u00adson\u00adnel, sans aucun poi\u00adson. Appe\u00adlez main\u00adten\u00adant et deman\u00addez con\u00adseil sans enga\u00adge\u00adment.   <\/p>\n\n\n\n<a class=\"gb-text button-primary\" href=\"https:\/\/thermo-bug.de\/fr\/utiliser-thermo-bug\/\">Uti\u00adli\u00adser Ther\u00admo-bug\u00ae main\u00adten\u00adant<\/a>\n<\/div>\n<\/div>\n\n\n\n<div class=\"section-wrap\">\n<div class=\"section-image-wrap gb-element-e6a8092c\"><\/div>\n\n\n\n<div class=\"section-text-wrap\">\n<div class=\"max-width-800\">\n<h2 class=\"gb-text\">Thermo-bug\u00ae ne se limite pas aux punaises de lit&nbsp;!<\/h2>\n\n\n\n<p class=\"gb-text\">Ther\u00admo-bug\u00ae lut\u00adte \u00e9ga\u00adle\u00adment cont\u00adre d\u2019au\u00adt\u00adres nui\u00adsi\u00adbles domes\u00adti\u00adques dans les \u00e9co\u00adles et les cr\u00e8\u00adches. Des para\u00adsi\u00adtes dans la zone du toit ou dans le tapis de jeu ? Ther\u00admo-bug\u00ae assu\u00adre un envi\u00adron\u00adne\u00adment s\u00fbr, sans r\u00e9si\u00addus et agr\u00e9a\u00adble pour les enfants et le per\u00adson\u00adnel.  <\/p>\n\n\n\n<div class=\"buttons-wrap\">\n<a class=\"gb-text button-primary\" href=\"https:\/\/thermo-bug.de\/fr\/punaises-de-lit-et-autres\/\">D\u00e9cou\u00advrez tous les para\u00adsi\u00adtes main\u00adten\u00adant<\/a>\n<\/div>\n<\/div>\n<\/div>\n<\/div>\n\n\n\n<div class=\"section-wrap\">\n<div class=\"section-text-wrap\">\n<div class=\"max-width-800\">\n<h2 class=\"gb-text\">Efficace dans chaque pi\u00e8ce<\/h2>\n\n\n\n<p class=\"gb-text\">D\u00e9cou\u00advrez d\u2019autres lieux d\u2019utilisation du Ther\u00admo-bug\u00ae&nbsp;:<\/p>\n\n\n\n<div class=\"list-wrap\">\n<div class=\"list-item-wrap\">\n<img decoding=\"async\" class=\"list-item-image\" src=\"https:\/\/thermo-bug.de\/wp-content\/uploads\/2025\/09\/thermo-bug-list-icon.svg\" aria-hidden=\"true\">\n\n\n\n<div class=\"list-item-text-wrap\">\n<p class=\"gb-text list-item-text ag-list-link\"><a href=\"https:\/\/thermo-bug.de\/fr\/domaines-dapplication\/hotel\/\" data-type=\"page\" data-id=\"194\">H\u00f4tel<\/a><\/p>\n<\/div>\n<\/div>\n\n\n\n<div class=\"list-item-wrap\">\n<img decoding=\"async\" class=\"list-item-image\" src=\"https:\/\/thermo-bug.de\/wp-content\/uploads\/2025\/09\/thermo-bug-list-icon.svg\" aria-hidden=\"true\">\n\n\n\n<div class=\"list-item-text-wrap\">\n<p class=\"gb-text list-item-text ag-list-link\"><a href=\"https:\/\/thermo-bug.de\/fr\/domaines-dapplication\/menages-prives\/\" data-type=\"page\" data-id=\"198\">M\u00e9na\u00adges pri\u00adv\u00e9s<\/a><\/p>\n<\/div>\n<\/div>\n\n\n\n<div class=\"list-item-wrap\">\n<img decoding=\"async\" class=\"list-item-image\" src=\"https:\/\/thermo-bug.de\/wp-content\/uploads\/2025\/09\/thermo-bug-list-icon.svg\" aria-hidden=\"true\">\n\n\n\n<div class=\"list-item-text-wrap\">\n<p class=\"gb-text list-item-text ag-list-link\"><a href=\"https:\/\/thermo-bug.de\/fr\/domaines-dapplication\/hebergements-pour-travailleurs\/\" data-type=\"page\" data-id=\"201\">H\u00e9ber\u00adge\u00adments pour tra\u00advail\u00adleurs<\/a><\/p>\n<\/div>\n<\/div>\n\n\n\n<div class=\"list-item-wrap\">\n<img decoding=\"async\" class=\"list-item-image\" src=\"https:\/\/thermo-bug.de\/wp-content\/uploads\/2025\/09\/thermo-bug-list-icon.svg\" aria-hidden=\"true\">\n\n\n\n<div class=\"list-item-text-wrap\">\n<p class=\"gb-text list-item-text ag-list-link\"><a href=\"https:\/\/thermo-bug.de\/fr\/domaines-dapplication\/hopital\/\" data-type=\"page\" data-id=\"209\">H\u00f4pi\u00adtal<\/a><\/p>\n<\/div>\n<\/div>\n\n\n\n<div class=\"list-item-wrap\">\n<img decoding=\"async\" class=\"list-item-image\" src=\"https:\/\/thermo-bug.de\/wp-content\/uploads\/2025\/09\/thermo-bug-list-icon.svg\" aria-hidden=\"true\">\n\n\n\n<div class=\"list-item-text-wrap\">\n<p class=\"gb-text list-item-text ag-list-link\"><a href=\"https:\/\/thermo-bug.de\/fr\/domaines-dapplication\/residence-pour-personnes-agees\/\" data-type=\"page\" data-id=\"213\">R\u00e9si\u00addence pour per\u00adson\u00adnes \u00e2g\u00e9es<\/a><\/p>\n<\/div>\n<\/div>\n\n\n\n<div class=\"list-item-wrap\">\n<img decoding=\"async\" class=\"list-item-image\" src=\"https:\/\/thermo-bug.de\/wp-content\/uploads\/2025\/09\/thermo-bug-list-icon.svg\" aria-hidden=\"true\">\n\n\n\n<div class=\"list-item-text-wrap\">\n<p class=\"gb-text list-item-text ag-list-link\"><a href=\"https:\/\/thermo-bug.de\/fr\/domaines-dapplication\/hebergement-pour-refugies\/\" data-type=\"page\" data-id=\"217\">H\u00e9ber\u00adge\u00adment pour r\u00e9fu\u00adgi\u00e9s<\/a><\/p>\n<\/div>\n<\/div>\n\n\n\n<div class=\"list-item-wrap\">\n<img decoding=\"async\" class=\"list-item-image\" src=\"https:\/\/thermo-bug.de\/wp-content\/uploads\/2025\/09\/thermo-bug-list-icon.svg\" aria-hidden=\"true\">\n\n\n\n<div class=\"list-item-text-wrap\">\n<p class=\"gb-text list-item-text ag-list-link\"><a href=\"https:\/\/thermo-bug.de\/fr\/domaines-dapplication\/etablissement-penitentiaire\/\" data-type=\"page\" data-id=\"221\">\u00c9ta\u00adblis\u00adse\u00adment p\u00e9ni\u00adten\u00adti\u00adai\u00adre<\/a><\/p>\n<\/div>\n<\/div>\n<\/div>\n\n\n\n<div class=\"buttons-wrap\">\n<a class=\"gb-text button-primary\" href=\"https:\/\/thermo-bug.de\/fr\/domaines-dapplication\/\">D\u00e9cou\u00advr\u00adir tou\u00adtes les pos\u00adsi\u00adbi\u00adli\u00adt\u00e9s d\u2019utilisation<\/a>\n\n\n\n<a class=\"gb-text button-secondary\" href=\"https:\/\/thermo-bug.de\/fr\/utiliser-thermo-bug\/\">Uti\u00adli\u00adser Ther\u00admo-bug<strong>\u00ae<\/strong><\/a>\n<\/div>\n<\/div>\n<\/div>\n\n\n\n<div class=\"section-image-wrap gb-element-7c7bf038\"><\/div>\n<\/div>\n<\/div>\n","protected":false},"excerpt":{"rendered":"<p>Lut\u00adte cont\u00adre les punai\u00adses de lit dans les \u00e9co\u00adles et les jard\u00adins d\u2019enfants S\u00fbr, rapi\u00adde et effi\u00adcace Lut\u00adte rapi\u00adde et sans pro\u00adduits chi\u00admi\u00adques cont\u00adre les punai\u00adses de lit pour les cr\u00e8\u00adches et les \u00e9co\u00adles. Trai\u00adte\u00adment ther\u00admi\u00adque dis\u00adcret, sans odeur de pro\u00adduits chi\u00admi\u00adques, locaux tou\u00adjours uti\u00adli\u00adsables. Pro\u00adtec\u00adtion des enfants et du per\u00adson\u00adnel. Pour en savoir plus \u2026 <a title=\"Jardins d\u2019enfants et \u00e9coles\" class=\"read-more\" href=\"https:\/\/thermo-bug.de\/fr\/domaines-dapplication\/jardins-denfants-et-ecoles\/\" aria-label=\"En savoir plus sur Jardins d\u2019enfants et \u00e9coles\">Lire plus<\/a><\/p>\n","protected":false},"author":1,"featured_media":0,"parent":1175,"menu_order":4,"comment_status":"closed","ping_status":"closed","template":"","meta":{"wp_typography_post_enhancements_disabled":false,"footnotes":""},"class_list":["post-1270","page","type-page","status-publish"],"_links":{"self":[{"href":"https:\/\/thermo-bug.de\/fr\/wp-json\/wp\/v2\/pages\/1270","targetHints":{"allow":["GET"]}}],"collection":[{"href":"https:\/\/thermo-bug.de\/fr\/wp-json\/wp\/v2\/pages"}],"about":[{"href":"https:\/\/thermo-bug.de\/fr\/wp-json\/wp\/v2\/types\/page"}],"author":[{"embeddable":true,"href":"https:\/\/thermo-bug.de\/fr\/wp-json\/wp\/v2\/users\/1"}],"replies":[{"embeddable":true,"href":"https:\/\/thermo-bug.de\/fr\/wp-json\/wp\/v2\/comments?post=1270"}],"version-history":[{"count":7,"href":"https:\/\/thermo-bug.de\/fr\/wp-json\/wp\/v2\/pages\/1270\/revisions"}],"predecessor-version":[{"id":2025,"href":"https:\/\/thermo-bug.de\/fr\/wp-json\/wp\/v2\/pages\/1270\/revisions\/2025"}],"up":[{"embeddable":true,"href":"https:\/\/thermo-bug.de\/fr\/wp-json\/wp\/v2\/pages\/1175"}],"wp:attachment":[{"href":"https:\/\/thermo-bug.de\/fr\/wp-json\/wp\/v2\/media?parent=1270"}],"curies":[{"name":"wp","href":"https:\/\/api.w.org\/{rel}","templated":true}]}}