{"id":1279,"date":"2025-09-10T09:19:47","date_gmt":"2025-09-10T09:19:47","guid":{"rendered":"https:\/\/thermo-bug.de\/domaines-dapplication\/hopital\/"},"modified":"2026-03-20T09:18:17","modified_gmt":"2026-03-20T09:18:17","slug":"hopital","status":"publish","type":"page","link":"https:\/\/thermo-bug.de\/fr\/domaines-dapplication\/hopital\/","title":{"rendered":"H\u00f4pital"},"content":{"rendered":"\n<div class=\"alignfull\">\n<div class=\"hero-wrap\">\n<div class=\"section-text-wrap\">\n<div class=\"max-width-800\">\n<h1 class=\"gb-text\">Punaises de lit dans un h\u00f4pital ou un cabinet m\u00e9dical<\/h1>\n\n\n\n<h2 class=\"gb-text h2-hero\">Thermo-bug\u00ae vous aide !<\/h2>\n\n\n\n<p class=\"gb-text\">Lut\u00adte dis\u00adcr\u00e8\u00adte, s\u00fbre et non toxi\u00adque cont\u00adre les punai\u00adses de lit pour les cli\u00adni\u00adques et les h\u00f4pi\u00adtaux. Ther\u00admo-bug\u00ae \u00e9li\u00admi\u00adne rapi\u00adde\u00adment et sans dom\u00admages les punai\u00adses de lit par la chaleur. Deman\u00addez con\u00adseil d\u00e8s main\u00adten\u00adant !  <\/p>\n\n\n\n<div class=\"buttons-wrap\">\n<a class=\"gb-text button-primary\" href=\"#info\">En savoir plus<\/a>\n<\/div>\n<\/div>\n<\/div>\n\n\n\n<div class=\"section-image-wrap hero-image gb-element-02660d31\"><\/div>\n<\/div>\n\n\n\n<div class=\"inhalt-wrap\" id=\"info\">\n<div class=\"container-text\">\n<div class=\"gb-text inhalt-title\">Con\u00adtenu<\/div>\n\n\n\n<div class=\"list-wrap\">\n<div class=\"list-item-wrap\">\n<img decoding=\"async\" class=\"list-item-image\" src=\"https:\/\/thermo-bug.de\/wp-content\/uploads\/2025\/09\/thermo-bug-list-icon.svg\" aria-hidden=\"true\">\n\n\n\n<div class=\"list-item-text-wrap\">\n<p class=\"gb-text list-item-text ag-list-link\"><a href=\"#wieso\">Com\u00adment une infe\u00adsta\u00adti\u00adon se pro\u00adduit-elle dans un h\u00f4pi\u00adtal ?<\/a><\/p>\n<\/div>\n<\/div>\n\n\n\n<div class=\"list-item-wrap\">\n<img decoding=\"async\" class=\"list-item-image\" src=\"https:\/\/thermo-bug.de\/wp-content\/uploads\/2025\/09\/thermo-bug-list-icon.svg\" aria-hidden=\"true\">\n\n\n\n<div class=\"list-item-text-wrap\">\n<p class=\"gb-text list-item-text ag-list-link\"><a href=\"#befall-erkennen\">Com\u00adment recon\u00adna\u00eet\u00adre les punai\u00adses de lit dans les \u00e9ta\u00adblis\u00adse\u00adments m\u00e9di\u00adcaux ?<\/a><\/p>\n<\/div>\n<\/div>\n\n\n\n<div class=\"list-item-wrap\">\n<img decoding=\"async\" class=\"list-item-image\" src=\"https:\/\/thermo-bug.de\/wp-content\/uploads\/2025\/09\/thermo-bug-list-icon.svg\" aria-hidden=\"true\">\n\n\n\n<div class=\"list-item-text-wrap\">\n<p class=\"gb-text list-item-text ag-list-link\"><a href=\"#folgen\">Quel\u00adles sont les con\u00ads\u00e9\u00adquen\u00adces d\u2019u\u00adne infe\u00adsta\u00adti\u00adon pour l\u2019ex\u00adplo\u00adita\u00adti\u00adon de la cli\u00adni\u00adque et les pati\u00adents ?<\/a><\/p>\n<\/div>\n<\/div>\n\n\n\n<div class=\"list-item-wrap\">\n<img decoding=\"async\" class=\"list-item-image\" src=\"https:\/\/thermo-bug.de\/wp-content\/uploads\/2025\/09\/thermo-bug-list-icon.svg\" aria-hidden=\"true\">\n\n\n\n<div class=\"list-item-text-wrap\">\n<p class=\"gb-text list-item-text ag-list-link\"><a href=\"#thermo-bug\">Ther\u00admo-bug\u00ae com\u00adme solu\u00adti\u00adon pour les h\u00f4pi\u00adtaux<\/a><\/p>\n<\/div>\n<\/div>\n<\/div>\n<\/div>\n<\/div>\n\n\n\n<div class=\"spacing flex-centered\">\n<div class=\"container-text\" id=\"wieso\">\n<h2 class=\"gb-text\">Comment une infestation se produit-elle dans un h\u00f4pital ?<\/h2>\n\n\n\n<p class=\"gb-text\">Les h\u00f4pi\u00adtaux et les cli\u00adni\u00adques con\u00adnais\u00adsent un tra\u00adfic con\u00adstant de per\u00adson\u00adnes du mon\u00adde entier&nbsp;: un seul pati\u00adent avec des baga\u00adges ou des v\u00eate\u00adments infes\u00adt\u00e9s d\u2019in\u00adsec\u00adtes peut d\u00e9clen\u00adcher une infe\u00adsta\u00adti\u00adon. Les chan\u00adge\u00adments de chambre des pati\u00adents, les meubles d\u2019oc\u00adca\u00adsi\u00adon dans les sal\u00adles de s\u00e9jour ou les trans\u00admis\u00adsi\u00adons par le per\u00adson\u00adnel sont \u00e9ga\u00adle\u00adment des moy\u00adens envi\u00adsa\u00adge\u00adables. \u00c9tant don\u00adn\u00e9 que les h\u00f4pi\u00adtaux sont tr\u00e8s fr\u00e9\u00adquen\u00adt\u00e9s quo\u00adti\u00addi\u00aden\u00adne\u00adment, les punai\u00adses de lit y trou\u00advent \u00e0 tout moment de nou\u00adveaux h\u00f4tes sous la for\u00adme de pati\u00adents ou de per\u00adson\u00adnel.  <\/p>\n<\/div>\n\n\n\n<div class=\"container-text\" id=\"befall-erkennen\">\n<h2 class=\"gb-text\">Comment reconna\u00eetre les punaises de lit dans les \u00e9tablissements m\u00e9dicaux ?<\/h2>\n\n\n\n<p class=\"gb-text\">Dans les cli\u00adni\u00adques, les punai\u00adses sont dif\u00adfi\u00adci\u00adles \u00e0 d\u00e9tec\u00adter en rai\u00adson des mesu\u00adres d\u2019hy\u00adgi\u00e8\u00adne con\u00adstan\u00adtes \u2013 mais les traces typi\u00adques aident le per\u00adson\u00adnel for\u00adm\u00e9 \u00e0 les d\u00e9tec\u00adter pr\u00e9\u00adco\u00adce\u00adment&nbsp;:<\/p>\n\n\n\n<div class=\"list-wrap\">\n<div class=\"list-item-wrap\">\n<img decoding=\"async\" class=\"list-item-image\" src=\"https:\/\/thermo-bug.de\/wp-content\/uploads\/2025\/09\/thermo-bug-list-icon.svg\" aria-hidden=\"true\">\n\n\n\n<div class=\"list-item-text-wrap\">\n<p class=\"gb-text list-item-title\">Plain\u00adtes<\/p>\n\n\n\n<p class=\"gb-text list-item-text\">Plu\u00ads\u00adieurs pati\u00adents pr\u00e9\u00adsen\u00adtant des d\u00e9man\u00adge\u00adai\u00adsons ou des r\u00e9ac\u00adtions cuta\u00adn\u00e9es inex\u00adpli\u00adqu\u00e9es.<\/p>\n<\/div>\n<\/div>\n\n\n\n<div class=\"list-item-wrap\">\n<img decoding=\"async\" class=\"list-item-image\" src=\"https:\/\/thermo-bug.de\/wp-content\/uploads\/2025\/09\/thermo-bug-list-icon.svg\" aria-hidden=\"true\">\n\n\n\n<div class=\"list-item-text-wrap\">\n<p class=\"gb-text list-item-title gb-text-4080977d\">Traces<\/p>\n\n\n\n<p class=\"gb-text list-item-text\">Points d\u2019excr\u00e9\u00adments, taches de sang ou res\u00adtes de mue sur la lite\u00adrie ou les v\u00eate\u00adments.<\/p>\n<\/div>\n<\/div>\n\n\n\n<div class=\"list-item-wrap\">\n<img decoding=\"async\" class=\"list-item-image\" src=\"https:\/\/thermo-bug.de\/wp-content\/uploads\/2025\/09\/thermo-bug-list-icon.svg\" aria-hidden=\"true\">\n\n\n\n<div class=\"list-item-text-wrap\">\n<p class=\"gb-text list-item-title gb-text-0b5cb971\">Odeur<\/p>\n\n\n\n<p class=\"gb-text list-item-text\">Une odeur douce\u00e2t\u00adre et rance est net\u00adte\u00adment per\u00adcep\u00adti\u00adble en cas d\u2019in\u00adfe\u00adsta\u00adti\u00adon importan\u00adte.<\/p>\n<\/div>\n<\/div>\n\n\n\n<div class=\"list-item-wrap\">\n<img decoding=\"async\" class=\"list-item-image\" src=\"https:\/\/thermo-bug.de\/wp-content\/uploads\/2025\/09\/thermo-bug-list-icon.svg\" aria-hidden=\"true\">\n\n\n\n<div class=\"list-item-text-wrap\">\n<p class=\"gb-text list-item-title gb-text-43a8afb0\">Cachet\u00adtes<\/p>\n\n\n\n<p class=\"gb-text list-item-text\">Sou\u00advent cach\u00e9es dans les joints de mate\u00adlas, les tables de che\u00advet ou sous les si\u00e8\u00adges.<\/p>\n<\/div>\n<\/div>\n\n\n\n<div class=\"list-item-wrap\">\n<img decoding=\"async\" class=\"list-item-image\" src=\"https:\/\/thermo-bug.de\/wp-content\/uploads\/2025\/09\/thermo-bug-list-icon.svg\" aria-hidden=\"true\">\n\n\n\n<div class=\"list-item-text-wrap\">\n<p class=\"gb-text list-item-title gb-text-f0a23f33\">Remar\u00adques<\/p>\n\n\n\n<p class=\"gb-text list-item-text\">Les signa\u00adle\u00adments des pati\u00adents ou des pro\u00adches doi\u00advent \u00eatre pris au s\u00e9rieux.<\/p>\n<\/div>\n<\/div>\n<\/div>\n\n\n\n<p class=\"gb-text\">La vigi\u00adlan\u00adce et la for\u00adma\u00adti\u00adon du per\u00adson\u00adnel sont essen\u00adti\u00adel\u00adles pour d\u00e9tec\u00adter les punai\u00adses de lit \u00e0 un sta\u00adde pr\u00e9\u00adco\u00adce.<\/p>\n<\/div>\n<\/div>\n\n\n\n<div class=\"ag-banner gb-element-78652c9a\"><\/div>\n\n\n\n<div class=\"spacing flex-centered\">\n<div class=\"container-text\" id=\"folgen\">\n<h2 class=\"gb-text\">Quelles sont les cons\u00e9quences d\u2019une infestation pour l\u2019exploitation de la clinique et les patients ?<\/h2>\n\n\n\n<p class=\"gb-text\">Dans les h\u00f4pi\u00adtaux, les con\u00ads\u00e9\u00adquen\u00adces d\u2019u\u00adne infe\u00adsta\u00adti\u00adon sont par\u00adti\u00adcu\u00adli\u00e8\u00adre\u00adment gra\u00adves \u2013 tant pour les pati\u00adents que pour l\u2019ex\u00adplo\u00adita\u00adti\u00adon.<\/p>\n\n\n\n<div class=\"list-wrap\">\n<div class=\"list-item-wrap\">\n<img decoding=\"async\" class=\"list-item-image\" src=\"https:\/\/thermo-bug.de\/wp-content\/uploads\/2025\/09\/thermo-bug-list-icon.svg\" aria-hidden=\"true\">\n\n\n\n<div class=\"list-item-text-wrap\">\n<p class=\"gb-text list-item-title\">San\u00adt\u00e9<\/p>\n\n\n\n<p class=\"gb-text list-item-text\">R\u00e9ac\u00adtions cuta\u00adn\u00e9es, inflamm\u00ada\u00adti\u00adons ou, dans les cas extr\u00ea\u00admes, chocs all\u00ader\u00adgi\u00adques. Sinon, les per\u00adson\u00adnes con\u00adcer\u00adn\u00e9es res\u00adsen\u00adtent un malai\u00adse g\u00e9n\u00e9\u00adral, \u00e9ven\u00adtu\u00adel\u00adle\u00adment avec de la fi\u00e8\u00adv\u00adre, des nau\u00ads\u00e9es et de l\u2019in\u00adsom\u00adnie. En cas d\u2019in\u00adfe\u00adsta\u00adti\u00adon importan\u00adte sur une p\u00e9ri\u00adode pro\u00adlon\u00adg\u00e9e, une an\u00e9\u00admie peut m\u00eame sur\u00adve\u00adnir dans des cas iso\u00adl\u00e9s.  <\/p>\n<\/div>\n<\/div>\n\n\n\n<div class=\"list-item-wrap\">\n<img decoding=\"async\" class=\"list-item-image\" src=\"https:\/\/thermo-bug.de\/wp-content\/uploads\/2025\/09\/thermo-bug-list-icon.svg\" aria-hidden=\"true\">\n\n\n\n<div class=\"list-item-text-wrap\">\n<p class=\"gb-text list-item-title gb-text-6497d9b1\">Per\u00adson\u00adnes n\u00e9ces\u00adsi\u00adtant une pro\u00adtec\u00adtion<\/p>\n\n\n\n<p class=\"gb-text list-item-text\">Les pati\u00adents fai\u00adbles ou ali\u00adt\u00e9s sont par\u00adti\u00adcu\u00adli\u00e8\u00adre\u00adment men\u00adac\u00e9s. De plus, les punai\u00adses de lit g\u00e9n\u00e8\u00adrent un stress psy\u00adchi\u00adque \u00e9le\u00adv\u00e9, ce qui peut nui\u00adre au pro\u00adces\u00adsus de gu\u00e9\u00adri\u00adson des pati\u00adents d\u00e9j\u00e0 malades. <\/p>\n<\/div>\n<\/div>\n\n\n\n<div class=\"list-item-wrap\">\n<img decoding=\"async\" class=\"list-item-image\" src=\"https:\/\/thermo-bug.de\/wp-content\/uploads\/2025\/09\/thermo-bug-list-icon.svg\" aria-hidden=\"true\">\n\n\n\n<div class=\"list-item-text-wrap\">\n<p class=\"gb-text list-item-title gb-text-779d40e3\">R\u00e9pu\u00adta\u00adti\u00adon<\/p>\n\n\n\n<p class=\"gb-text list-item-text\">Les para\u00adsi\u00adtes \u00e0 l\u2019h\u00f4pi\u00adtal ont un effet dis\u00adsua\u00adsif \u2013 la con\u00adfi\u00adance en souf\u00adfre.<\/p>\n<\/div>\n<\/div>\n<\/div>\n\n\n\n<p class=\"gb-text\">Une action rapi\u00adde et dis\u00adcr\u00e8\u00adte pro\u00adt\u00e8ge la san\u00adt\u00e9 des pati\u00adents et du per\u00adson\u00adnel, l\u2019i\u00admage et les pro\u00adces\u00adsus op\u00e9\u00adra\u00adti\u00adon\u00adnels importants.<\/p>\n<\/div>\n\n\n\n<div class=\"container-text\" id=\"thermo-bug\">\n<h2 class=\"gb-text\">Thermo-bug\u00ae comme solution pour les h\u00f4pitaux<\/h2>\n\n\n\n<p class=\"gb-text\">Ther\u00admo-bug\u00ae est par\u00adfai\u00adte\u00adment adap\u00adt\u00e9 pour assurer rapi\u00adde\u00adment la s\u00e9cu\u00adri\u00adt\u00e9 dans les zones cli\u00adni\u00adques sen\u00adsi\u00adbles&nbsp;: le trai\u00adte\u00adment ther\u00admi\u00adque ne n\u00e9ces\u00adsi\u00adte pas de pro\u00adduits chi\u00admi\u00adques toxi\u00adques qui pour\u00adrai\u00adent inter\u00adf\u00e9\u00adrer avec les m\u00e9di\u00adca\u00adments ou les dis\u00adpo\u00adsi\u00adtifs m\u00e9di\u00adcaux. Nos appareils fon\u00adc\u00adtion\u00adnent silen\u00adcieu\u00adse\u00adment et ne lais\u00adsent aucu\u00adne odeur \u2013 ain\u00adsi, les cham\u00adbres des pati\u00adents peu\u00advent \u00eatre r\u00e9oc\u00adcu\u00adp\u00ad\u00e9es rapi\u00adde\u00adment apr\u00e8s le trai\u00adte\u00adment. <\/p>\n\n\n\n<p class=\"gb-text\">L\u2019\u00e9\u00adli\u00admi\u00adna\u00adti\u00adon \u00e0 100&nbsp;% par une chaleur sup\u00e9\u00adri\u00adeu\u00adre \u00e0 60&nbsp;\u00b0C \u00e9li\u00admi\u00adne tou\u00adtes les punai\u00adses de lit et leurs \u0153ufs, m\u00eame dans les coins dif\u00adfi\u00adci\u00adles d\u2019ac\u00adc\u00e8s. Con\u00adtrai\u00adre\u00adment \u00e0 la fum\u00adi\u00adga\u00adti\u00adon ou \u00e0 la pul\u00adv\u00e9\u00adri\u00adsa\u00adti\u00adon, aucun pro\u00adduit chi\u00admi\u00adque nocif n\u2019est uti\u00adli\u00ads\u00e9. Dans l\u2019en\u00adsem\u00adble, le trai\u00adte\u00adment ther\u00admi\u00adque Ther\u00admo-bug\u00ae est une alter\u00adna\u00adti\u00adve appro\u00adfon\u00addie, s\u00fbre pour les enfants et les pati\u00adents \u2013 id\u00e9a\u00adle pour les cli\u00adni\u00adques, les phar\u00admaci\u00ades et aut\u00adres \u00e9ta\u00adblis\u00adse\u00adments m\u00e9di\u00adcaux.  <\/p>\n<\/div>\n<\/div>\n\n\n\n<div class=\"cta-wrap\">\n<div class=\"max-width-800\">\n<h2 class=\"gb-text\">Agissez maintenant&nbsp;!<\/h2>\n\n\n\n<h3 class=\"gb-text\">Demander imm\u00e9diatement conseil pour la clinique<\/h3>\n\n\n\n<p class=\"gb-text\">S\u2019il y a le moind\u00adre soup\u00ad\u00e7on de punai\u00adses de lit, r\u00e9a\u00adgis\u00adsez rapi\u00adde\u00adment et pro\u00adfes\u00adsi\u00adon\u00adnel\u00adle\u00adment. Appe\u00adlez Ther\u00admo-bug\u00ae \u2013 nous remettrons rapi\u00adde\u00adment vot\u00adre cli\u00adni\u00adque ou vot\u00adre cabi\u00adnet dans un \u00e9tat d\u2019hy\u00adgi\u00e8\u00adne impec\u00adca\u00adble. Appe\u00adlez d\u00e8s main\u00adten\u00adant et deman\u00addez con\u00adseil sans enga\u00adge\u00adment.  <\/p>\n\n\n\n<a class=\"gb-text button-primary\" href=\"https:\/\/thermo-bug.de\/fr\/utiliser-thermo-bug\/\">Uti\u00adli\u00adser Ther\u00admo-bug\u00ae main\u00adten\u00adant<\/a>\n<\/div>\n<\/div>\n\n\n\n<div class=\"section-wrap\">\n<div class=\"section-image-wrap gb-element-e6a8092c\"><\/div>\n\n\n\n<div class=\"section-text-wrap\">\n<div class=\"max-width-800\">\n<h2 class=\"gb-text\">Thermo-bug\u00ae ne se limite pas aux punaises de lit&nbsp;!<\/h2>\n\n\n\n<p class=\"gb-text\">Dans les cham\u00adbres \u00e0 for\u00adte rota\u00adti\u00adon, les four\u00admis, les blat\u00adtes ou les puces se pro\u00adpagent \u00e9ga\u00adle\u00adment rapi\u00adde\u00adment. Ther\u00admo-bug\u00ae est une solu\u00adti\u00adon fle\u00adxi\u00adble pour de nombreux types de para\u00adsi\u00adtes \u2013 sans pro\u00adduits chi\u00admi\u00adques, mais avec un effet dura\u00adble. Pour que chacun puis\u00adse se sen\u00adtir \u00e0 nou\u00adveau en s\u00e9cu\u00adri\u00adt\u00e9.  <\/p>\n\n\n\n<div class=\"buttons-wrap\">\n<a class=\"gb-text button-primary\" href=\"https:\/\/thermo-bug.de\/fr\/punaises-de-lit-et-autres\/\">D\u00e9cou\u00advrez tous les para\u00adsi\u00adtes main\u00adten\u00adant<\/a>\n<\/div>\n<\/div>\n<\/div>\n<\/div>\n\n\n\n<div class=\"section-wrap\">\n<div class=\"section-text-wrap\">\n<div class=\"max-width-800\">\n<h2 class=\"gb-text\">Efficace dans chaque pi\u00e8ce<\/h2>\n\n\n\n<p class=\"gb-text\">D\u00e9cou\u00advrez d\u2019autres lieux d\u2019utilisation du Ther\u00admo-bug\u00ae&nbsp;:<\/p>\n\n\n\n<div class=\"list-wrap\">\n<div class=\"list-item-wrap\">\n<img decoding=\"async\" class=\"list-item-image\" src=\"https:\/\/thermo-bug.de\/wp-content\/uploads\/2025\/09\/thermo-bug-list-icon.svg\" aria-hidden=\"true\">\n\n\n\n<div class=\"list-item-text-wrap\">\n<p class=\"gb-text list-item-text ag-list-link\"><a href=\"https:\/\/thermo-bug.de\/fr\/domaines-dapplication\/hotel\/\" data-type=\"page\" data-id=\"194\">H\u00f4tel<\/a><\/p>\n<\/div>\n<\/div>\n\n\n\n<div class=\"list-item-wrap\">\n<img decoding=\"async\" class=\"list-item-image\" src=\"https:\/\/thermo-bug.de\/wp-content\/uploads\/2025\/09\/thermo-bug-list-icon.svg\" aria-hidden=\"true\">\n\n\n\n<div class=\"list-item-text-wrap\">\n<p class=\"gb-text list-item-text ag-list-link\"><a href=\"https:\/\/thermo-bug.de\/fr\/domaines-dapplication\/menages-prives\/\" data-type=\"page\" data-id=\"198\">M\u00e9na\u00adges pri\u00adv\u00e9s<\/a><\/p>\n<\/div>\n<\/div>\n\n\n\n<div class=\"list-item-wrap\">\n<img decoding=\"async\" class=\"list-item-image\" src=\"https:\/\/thermo-bug.de\/wp-content\/uploads\/2025\/09\/thermo-bug-list-icon.svg\" aria-hidden=\"true\">\n\n\n\n<div class=\"list-item-text-wrap\">\n<p class=\"gb-text list-item-text ag-list-link\"><a href=\"https:\/\/thermo-bug.de\/fr\/domaines-dapplication\/hebergements-pour-travailleurs\/\" data-type=\"page\" data-id=\"201\">H\u00e9ber\u00adge\u00adments pour tra\u00advail\u00adleurs<\/a><\/p>\n<\/div>\n<\/div>\n\n\n\n<div class=\"list-item-wrap\">\n<img decoding=\"async\" class=\"list-item-image\" src=\"https:\/\/thermo-bug.de\/wp-content\/uploads\/2025\/09\/thermo-bug-list-icon.svg\" aria-hidden=\"true\">\n\n\n\n<div class=\"list-item-text-wrap\">\n<p class=\"gb-text list-item-text ag-list-link\"><a href=\"https:\/\/thermo-bug.de\/fr\/domaines-dapplication\/jardins-denfants-et-ecoles\/\" data-type=\"page\" data-id=\"205\">Jard\u00adins d\u2019enfants et \u00e9co\u00adles<\/a><\/p>\n<\/div>\n<\/div>\n\n\n\n<div class=\"list-item-wrap\">\n<img decoding=\"async\" class=\"list-item-image\" src=\"https:\/\/thermo-bug.de\/wp-content\/uploads\/2025\/09\/thermo-bug-list-icon.svg\" aria-hidden=\"true\">\n\n\n\n<div class=\"list-item-text-wrap\">\n<p class=\"gb-text list-item-text ag-list-link\"><a href=\"https:\/\/thermo-bug.de\/fr\/domaines-dapplication\/residence-pour-personnes-agees\/\" data-type=\"page\" data-id=\"213\">R\u00e9si\u00addence pour per\u00adson\u00adnes \u00e2g\u00e9es<\/a><\/p>\n<\/div>\n<\/div>\n\n\n\n<div class=\"list-item-wrap\">\n<img decoding=\"async\" class=\"list-item-image\" src=\"https:\/\/thermo-bug.de\/wp-content\/uploads\/2025\/09\/thermo-bug-list-icon.svg\" aria-hidden=\"true\">\n\n\n\n<div class=\"list-item-text-wrap\">\n<p class=\"gb-text list-item-text ag-list-link\"><a href=\"https:\/\/thermo-bug.de\/fr\/domaines-dapplication\/hebergement-pour-refugies\/\" data-type=\"page\" data-id=\"217\">H\u00e9ber\u00adge\u00adment pour r\u00e9fu\u00adgi\u00e9s<\/a><\/p>\n<\/div>\n<\/div>\n\n\n\n<div class=\"list-item-wrap\">\n<img decoding=\"async\" class=\"list-item-image\" src=\"https:\/\/thermo-bug.de\/wp-content\/uploads\/2025\/09\/thermo-bug-list-icon.svg\" aria-hidden=\"true\">\n\n\n\n<div class=\"list-item-text-wrap\">\n<p class=\"gb-text list-item-text ag-list-link\"><a href=\"https:\/\/thermo-bug.de\/fr\/domaines-dapplication\/etablissement-penitentiaire\/\" data-type=\"page\" data-id=\"221\">\u00c9ta\u00adblis\u00adse\u00adment p\u00e9ni\u00adten\u00adti\u00adai\u00adre<\/a><\/p>\n<\/div>\n<\/div>\n<\/div>\n\n\n\n<div class=\"buttons-wrap\">\n<a class=\"gb-text button-primary\" href=\"https:\/\/thermo-bug.de\/fr\/domaines-dapplication\/\">D\u00e9cou\u00advr\u00adir tou\u00adtes les pos\u00adsi\u00adbi\u00adli\u00adt\u00e9s d\u2019utilisation<\/a>\n\n\n\n<a class=\"gb-text button-secondary\" href=\"https:\/\/thermo-bug.de\/fr\/utiliser-thermo-bug\/\">Uti\u00adli\u00adser Ther\u00admo-bug<strong>\u00ae<\/strong><\/a>\n<\/div>\n<\/div>\n<\/div>\n\n\n\n<div class=\"section-image-wrap gb-element-7c7bf038\"><\/div>\n<\/div>\n<\/div>\n","protected":false},"excerpt":{"rendered":"<p>Punai\u00adses de lit dans un h\u00f4pi\u00adtal ou un cabi\u00adnet m\u00e9di\u00adcal Ther\u00admo-bug\u00ae vous aide ! Lut\u00adte dis\u00adcr\u00e8\u00adte, s\u00fbre et non toxi\u00adque cont\u00adre les punai\u00adses de lit pour les cli\u00adni\u00adques et les h\u00f4pi\u00adtaux. Ther\u00ad\u00admo-bug\u00ae \u00e9li\u00admi\u00adne rapi\u00adde\u00adment et sans dom\u00admages les punai\u00adses de lit par la chaleur. Deman\u00addez con\u00adseil d\u00e8s main\u00adten\u00adant ! En savoir plus Con\u00adtenu Com\u00adment une \u2026 <a title=\"H\u00f4pital\" class=\"read-more\" href=\"https:\/\/thermo-bug.de\/fr\/domaines-dapplication\/hopital\/\" aria-label=\"En savoir plus sur H\u00f4pital\">Lire plus<\/a><\/p>\n","protected":false},"author":1,"featured_media":0,"parent":1175,"menu_order":5,"comment_status":"closed","ping_status":"closed","template":"","meta":{"wp_typography_post_enhancements_disabled":false,"footnotes":""},"class_list":["post-1279","page","type-page","status-publish"],"_links":{"self":[{"href":"https:\/\/thermo-bug.de\/fr\/wp-json\/wp\/v2\/pages\/1279","targetHints":{"allow":["GET"]}}],"collection":[{"href":"https:\/\/thermo-bug.de\/fr\/wp-json\/wp\/v2\/pages"}],"about":[{"href":"https:\/\/thermo-bug.de\/fr\/wp-json\/wp\/v2\/types\/page"}],"author":[{"embeddable":true,"href":"https:\/\/thermo-bug.de\/fr\/wp-json\/wp\/v2\/users\/1"}],"replies":[{"embeddable":true,"href":"https:\/\/thermo-bug.de\/fr\/wp-json\/wp\/v2\/comments?post=1279"}],"version-history":[{"count":6,"href":"https:\/\/thermo-bug.de\/fr\/wp-json\/wp\/v2\/pages\/1279\/revisions"}],"predecessor-version":[{"id":2032,"href":"https:\/\/thermo-bug.de\/fr\/wp-json\/wp\/v2\/pages\/1279\/revisions\/2032"}],"up":[{"embeddable":true,"href":"https:\/\/thermo-bug.de\/fr\/wp-json\/wp\/v2\/pages\/1175"}],"wp:attachment":[{"href":"https:\/\/thermo-bug.de\/fr\/wp-json\/wp\/v2\/media?parent=1279"}],"curies":[{"name":"wp","href":"https:\/\/api.w.org\/{rel}","templated":true}]}}