{"id":1286,"date":"2025-09-10T09:19:59","date_gmt":"2025-09-10T09:19:59","guid":{"rendered":"https:\/\/thermo-bug.de\/domaines-dapplication\/residence-pour-personnes-agees\/"},"modified":"2026-03-20T09:21:23","modified_gmt":"2026-03-20T09:21:23","slug":"residence-pour-personnes-agees","status":"publish","type":"page","link":"https:\/\/thermo-bug.de\/fr\/domaines-dapplication\/residence-pour-personnes-agees\/","title":{"rendered":"R\u00e9sidence pour personnes \u00e2g\u00e9es"},"content":{"rendered":"\n<div class=\"alignfull\">\n<div class=\"hero-wrap\">\n<div class=\"section-text-wrap\">\n<div class=\"max-width-800\">\n<h1 class=\"gb-text\">Lutte contre les punaises de lit dans les r\u00e9sidences pour personnes \u00e2g\u00e9es<\/h1>\n\n\n\n<h2 class=\"gb-text h2-hero\">Doux et sans produits chimiques<\/h2>\n\n\n\n<p class=\"gb-text\">Trai\u00adte\u00adment ther\u00admi\u00adque effi\u00adcace cont\u00adre les punai\u00adses de lit dans les mai\u00adsons de retrai\u00adte. Dis\u00adcret, silen\u00adcieux et sans toxi\u00adnes \u2013 les cham\u00adbres sont rapi\u00adde\u00adment r\u00e9oc\u00adcu\u00adp\u00ada\u00adbles. Pro\u00adt\u00e9\u00adgez vos r\u00e9si\u00addents d\u00e8s main\u00adten\u00adant !  <\/p>\n\n\n\n<div class=\"buttons-wrap\">\n<a class=\"gb-text button-primary\" href=\"#info\">En savoir plus<\/a>\n<\/div>\n<\/div>\n<\/div>\n\n\n\n<div class=\"section-image-wrap hero-image gb-element-02660d31\"><\/div>\n<\/div>\n\n\n\n<div class=\"inhalt-wrap\" id=\"info\">\n<div class=\"container-text\">\n<div class=\"gb-text inhalt-title\">Con\u00adtenu<\/div>\n\n\n\n<div class=\"list-wrap\">\n<div class=\"list-item-wrap\">\n<img decoding=\"async\" class=\"list-item-image\" src=\"https:\/\/thermo-bug.de\/wp-content\/uploads\/2025\/09\/thermo-bug-list-icon.svg\" aria-hidden=\"true\">\n\n\n\n<div class=\"list-item-text-wrap\">\n<p class=\"gb-text list-item-text ag-list-link\"><a href=\"#wieso\">Com\u00adment une infe\u00adsta\u00adti\u00adon se pro\u00adduit-elle dans une r\u00e9si\u00addence pour per\u00adson\u00adnes \u00e2g\u00e9es ?<\/a><\/p>\n<\/div>\n<\/div>\n\n\n\n<div class=\"list-item-wrap\">\n<img decoding=\"async\" class=\"list-item-image\" src=\"https:\/\/thermo-bug.de\/wp-content\/uploads\/2025\/09\/thermo-bug-list-icon.svg\" aria-hidden=\"true\">\n\n\n\n<div class=\"list-item-text-wrap\">\n<p class=\"gb-text list-item-text ag-list-link\"><a href=\"#befall-erkennen\">Com\u00adment recon\u00adna\u00eet\u00adre les punai\u00adses de lit dans un envi\u00adron\u00adne\u00adment de soins ?<\/a><\/p>\n<\/div>\n<\/div>\n\n\n\n<div class=\"list-item-wrap\">\n<img decoding=\"async\" class=\"list-item-image\" src=\"https:\/\/thermo-bug.de\/wp-content\/uploads\/2025\/09\/thermo-bug-list-icon.svg\" aria-hidden=\"true\">\n\n\n\n<div class=\"list-item-text-wrap\">\n<p class=\"gb-text list-item-text ag-list-link\"><a href=\"#folgen\">Quel\u00adles sont les con\u00ads\u00e9\u00adquen\u00adces d\u2019u\u00adne infe\u00adsta\u00adti\u00adon dans une mai\u00adson de retrai\u00adte ?<\/a><\/p>\n<\/div>\n<\/div>\n\n\n\n<div class=\"list-item-wrap\">\n<img decoding=\"async\" class=\"list-item-image\" src=\"https:\/\/thermo-bug.de\/wp-content\/uploads\/2025\/09\/thermo-bug-list-icon.svg\" aria-hidden=\"true\">\n\n\n\n<div class=\"list-item-text-wrap\">\n<p class=\"gb-text list-item-text ag-list-link\"><a href=\"#thermo-bug\">Ther\u00admo-bug\u00ae com\u00adme solu\u00adti\u00adon adap\u00adt\u00e9e aux r\u00e9si\u00adden\u00adces pour per\u00adson\u00adnes \u00e2g\u00e9es<\/a><\/p>\n<\/div>\n<\/div>\n<\/div>\n<\/div>\n<\/div>\n\n\n\n<div class=\"spacing flex-centered\">\n<div class=\"container-text\" id=\"wieso\">\n<h2 class=\"gb-text\">Comment une infestation se produit-elle dans une r\u00e9sidence pour personnes \u00e2g\u00e9es ?<\/h2>\n\n\n\n<p class=\"gb-text\">Les \u00e9ta\u00adblis\u00adse\u00adments pour per\u00adson\u00adnes \u00e2g\u00e9es sont des envi\u00adron\u00adne\u00adments \u00e0 ris\u00adque en rai\u00adson du nombre \u00e9le\u00adv\u00e9 de nou\u00adveaux r\u00e9si\u00addents et de visi\u00adteurs : les punai\u00adses de lit aiment voy\u00ada\u00adger. Les nou\u00adveaux r\u00e9si\u00addents peu\u00advent appor\u00adter des objets per\u00adson\u00adnels infes\u00adt\u00e9s. Dans les covo\u00aditur\u00adages, les sal\u00adles com\u00admu\u00adnes et les cham\u00adbres \u00e0 plu\u00ads\u00adieurs lits, une infe\u00adsta\u00adti\u00adon intro\u00adduite peut se pro\u00adpa\u00adger rapi\u00adde\u00adment. M\u00eame les meubles d\u2019oc\u00adca\u00adsi\u00adon ou les artic\u00adles de d\u00e9co\u00adra\u00adti\u00adon pro\u00adven\u00adant de bazars de dons peu\u00advent con\u00adte\u00adnir des punai\u00adses de lit.   <\/p>\n<\/div>\n\n\n\n<div class=\"container-text\" id=\"befall-erkennen\">\n<h2 class=\"gb-text\">Comment reconna\u00eetre les punaises de lit dans un environnement de soins ?<\/h2>\n\n\n\n<p class=\"gb-text\">Les punai\u00adses de lit restent sou\u00advent long\u00adtemps non d\u00e9tec\u00adt\u00e9es \u2013 les piq\u00fb\u00adres rou\u00adges typi\u00adques et les papu\u00adles qui d\u00e9man\u00adgent peu\u00advent d\u2019a\u00adbord \u00eatre con\u00adsid\u00e9\u00adr\u00e9es com\u00adme une \u00ab all\u00ader\u00adgie inex\u00adpli\u00adqu\u00e9e \u00bb ou une irri\u00adta\u00adti\u00adon cuta\u00adn\u00e9e chez les per\u00adson\u00adnes \u00e2g\u00e9es. C\u2019est pour\u00adquoi il est par\u00adti\u00adcu\u00adli\u00e8\u00adre\u00adment important que le per\u00adson\u00adnel soignant soit for\u00adm\u00e9 pour recon\u00adna\u00eet\u00adre une infe\u00adsta\u00adti\u00adon pr\u00e9\u00adco\u00adce : <\/p>\n\n\n\n<div class=\"list-wrap\">\n<div class=\"list-item-wrap\">\n<img decoding=\"async\" class=\"list-item-image\" src=\"https:\/\/thermo-bug.de\/wp-content\/uploads\/2025\/09\/thermo-bug-list-icon.svg\" aria-hidden=\"true\">\n\n\n\n<div class=\"list-item-text-wrap\">\n<p class=\"gb-text list-item-title\">R\u00e9ac\u00adtions<\/p>\n\n\n\n<p class=\"gb-text list-item-text\">Les d\u00e9man\u00adge\u00adai\u00adsons, les rougeurs de la peau ou les trou\u00adbles du som\u00admeil chez les r\u00e9si\u00addents sont des signaux d\u2019alar\u00adme pos\u00adsi\u00adbles.<\/p>\n<\/div>\n<\/div>\n\n\n\n<div class=\"list-item-wrap\">\n<img decoding=\"async\" class=\"list-item-image\" src=\"https:\/\/thermo-bug.de\/wp-content\/uploads\/2025\/09\/thermo-bug-list-icon.svg\" aria-hidden=\"true\">\n\n\n\n<div class=\"list-item-text-wrap\">\n<p class=\"gb-text list-item-title gb-text-4080977d\">Traces<\/p>\n\n\n\n<p class=\"gb-text list-item-text\">Les taches de sang, les res\u00adtes d\u2019excr\u00e9\u00adments ou les mues sur la lite\u00adrie et les v\u00eate\u00adments don\u00adnent des indi\u00adca\u00adti\u00adons.<\/p>\n<\/div>\n<\/div>\n\n\n\n<div class=\"list-item-wrap\">\n<img decoding=\"async\" class=\"list-item-image\" src=\"https:\/\/thermo-bug.de\/wp-content\/uploads\/2025\/09\/thermo-bug-list-icon.svg\" aria-hidden=\"true\">\n\n\n\n<div class=\"list-item-text-wrap\">\n<p class=\"gb-text list-item-title gb-text-0b5cb971\">Odeur<\/p>\n\n\n\n<p class=\"gb-text list-item-text\">Une odeur douce et d\u00e9s\u00adag\u00adr\u00e9a\u00adble peut indi\u00adquer une infe\u00adsta\u00adti\u00adon plus importan\u00adte.<\/p>\n<\/div>\n<\/div>\n\n\n\n<div class=\"list-item-wrap\">\n<img decoding=\"async\" class=\"list-item-image\" src=\"https:\/\/thermo-bug.de\/wp-content\/uploads\/2025\/09\/thermo-bug-list-icon.svg\" aria-hidden=\"true\">\n\n\n\n<div class=\"list-item-text-wrap\">\n<p class=\"gb-text list-item-title gb-text-43a8afb0\">Cachet\u00adtes<\/p>\n\n\n\n<p class=\"gb-text list-item-text\">Sou\u00advent cach\u00e9es dans les fen\u00adtes des lits, les meubles rem\u00adbour\u00adr\u00e9s ou sous les tables de che\u00advet.<\/p>\n<\/div>\n<\/div>\n\n\n\n<div class=\"list-item-wrap\">\n<img decoding=\"async\" class=\"list-item-image\" src=\"https:\/\/thermo-bug.de\/wp-content\/uploads\/2025\/09\/thermo-bug-list-icon.svg\" aria-hidden=\"true\">\n\n\n\n<div class=\"list-item-text-wrap\">\n<p class=\"gb-text list-item-title gb-text-f0a23f33\">Obser\u00adva\u00adti\u00adon<\/p>\n\n\n\n<p class=\"gb-text list-item-text\">Les r\u00e9si\u00addents ne s\u2019ex\u00adpri\u00adment sou\u00advent pas d\u2019eux-m\u00eames \u2013 les soignants doi\u00advent donc \u00eatre atten\u00adti\u00adfs.<\/p>\n<\/div>\n<\/div>\n<\/div>\n\n\n\n<p class=\"gb-text\">Des con\u00adtr\u00f4\u00adles r\u00e9gu\u00adliers dans les espaces de vie et de som\u00admeil sont essentiels pour une d\u00e9tec\u00adtion pr\u00e9\u00adco\u00adce.<\/p>\n<\/div>\n<\/div>\n\n\n\n<div class=\"ag-banner gb-element-78652c9a\"><\/div>\n\n\n\n<div class=\"spacing flex-centered\">\n<div class=\"container-text\" id=\"folgen\">\n<h2 class=\"gb-text\">Quelles sont les cons\u00e9quences d\u2019une infestation de punaises de lit pour les h\u00f4tels ?<\/h2>\n\n\n\n<p class=\"gb-text\">Une infe\u00adsta\u00adti\u00adon de punai\u00adses de lit a des effets directs sur le bien-\u00eatre, l\u2019hy\u00adgi\u00e8\u00adne et la con\u00adfi\u00adance des pro\u00adches.<\/p>\n\n\n\n<div class=\"list-wrap\">\n<div class=\"list-item-wrap\">\n<img decoding=\"async\" class=\"list-item-image\" src=\"https:\/\/thermo-bug.de\/wp-content\/uploads\/2025\/09\/thermo-bug-list-icon.svg\" aria-hidden=\"true\">\n\n\n\n<div class=\"list-item-text-wrap\">\n<p class=\"gb-text list-item-title\">Bien-\u00eatre insuf\u00adfi\u00adsant des r\u00e9si\u00addents<\/p>\n\n\n\n<p class=\"gb-text list-item-text\">De l\u2019a\u00adgi\u00adta\u00adti\u00adon, des d\u00e9man\u00adge\u00adai\u00adsons ou m\u00eame des inflamm\u00ada\u00adti\u00adons de la peau peu\u00advent sur\u00adve\u00adnir.<\/p>\n<\/div>\n<\/div>\n\n\n\n<div class=\"list-item-wrap\">\n<img decoding=\"async\" class=\"list-item-image\" src=\"https:\/\/thermo-bug.de\/wp-content\/uploads\/2025\/09\/thermo-bug-list-icon.svg\" aria-hidden=\"true\">\n\n\n\n<div class=\"list-item-text-wrap\">\n<p class=\"gb-text list-item-title gb-text-6497d9b1\">Mau\u00advais niveau de soins<\/p>\n\n\n\n<p class=\"gb-text list-item-text\">Une infe\u00adsta\u00adti\u00adon de para\u00adsi\u00adtes est rapi\u00adde\u00adment per\u00ad\u00e7ue com\u00adme un man\u00adquement aux soins.<\/p>\n<\/div>\n<\/div>\n\n\n\n<div class=\"list-item-wrap\">\n<img decoding=\"async\" class=\"list-item-image\" src=\"https:\/\/thermo-bug.de\/wp-content\/uploads\/2025\/09\/thermo-bug-list-icon.svg\" aria-hidden=\"true\">\n\n\n\n<div class=\"list-item-text-wrap\">\n<p class=\"gb-text list-item-title gb-text-779d40e3\">Per\u00adte de con\u00adfi\u00adance et att\u00adein\u00adte \u00e0 l\u2019i\u00admage<\/p>\n\n\n\n<p class=\"gb-text list-item-text\">Les dou\u00adtes sur les soins ent\u00adra\u00ee\u00adnent l\u2019in\u00adsa\u00adtis\u00adfac\u00adtion ou le d\u00e9sir de chan\u00adger d\u2019\u00e9\u00adta\u00adblis\u00adse\u00adment. Les gros tit\u00adres n\u00e9ga\u00adtifs, si les pro\u00adches signalent des punai\u00adses de lit, peu\u00advent nui\u00adre \u00e0 la r\u00e9pu\u00adta\u00adti\u00adon de la mai\u00adson. <\/p>\n<\/div>\n<\/div>\n\n\n\n<div class=\"list-item-wrap\">\n<img decoding=\"async\" class=\"list-item-image\" src=\"https:\/\/thermo-bug.de\/wp-content\/uploads\/2025\/09\/thermo-bug-list-icon.svg\" aria-hidden=\"true\">\n\n\n\n<div class=\"list-item-text-wrap\">\n<p class=\"gb-text list-item-title gb-text-5bb04c03\">Per\u00adtur\u00adba\u00adti\u00adon du d\u00e9rou\u00adle\u00adment des op\u00e9\u00adra\u00adti\u00adons<\/p>\n\n\n\n<p class=\"gb-text list-item-text\">Char\u00adge sup\u00adp\u00adl\u00e9\u00admen\u00adtai\u00adre pour le per\u00adson\u00adnel en rai\u00adson du net\u00adto\u00adya\u00adge, de la coor\u00addi\u00adna\u00adti\u00adon et de la com\u00admu\u00adni\u00adca\u00adti\u00adon.<\/p>\n<\/div>\n<\/div>\n<\/div>\n<\/div>\n\n\n\n<div class=\"container-text\" id=\"thermo-bug\">\n<h2 class=\"gb-text\">Thermo-bug\u00ae comme solution adapt\u00e9e aux r\u00e9sidences pour personnes \u00e2g\u00e9es<\/h2>\n\n\n\n<p class=\"gb-text\">Dans les r\u00e9si\u00adden\u00adces pour per\u00adson\u00adnes \u00e2g\u00e9es en par\u00adti\u00adcu\u00adlier, il est important de trai\u00adter en tou\u00adte s\u00e9cu\u00adri\u00adt\u00e9 et pro\u00adpre\u00adment. Ther\u00admo-bug\u00ae r\u00e9pond par\u00adfai\u00adte\u00adment \u00e0 ces exi\u00adgen\u00adces : le trai\u00adte\u00adment \u00e0 l\u2019air chaud sans pro\u00adduits chi\u00admi\u00adques \u00e9vi\u00adte les insec\u00adti\u00adci\u00addes toxi\u00adques dans les cham\u00adbres des per\u00adson\u00adnes immu\u00adn\u00ado\u00add\u00e9\u00adpri\u00adm\u00e9es. Gr\u00e2ce \u00e0 la temp\u00e9\u00adra\u00adtu\u00adre ambi\u00adan\u00adte inten\u00adse, tou\u00adtes les punai\u00adses de lit sont \u00e9li\u00admi\u00adn\u00e9es de mani\u00e8\u00adre fia\u00adble et la r\u00e9uti\u00adli\u00adsa\u00adti\u00adon de la chambre est rapi\u00adde.  <\/p>\n\n\n\n<p class=\"gb-text\">Les r\u00e9si\u00addents \u00e2g\u00e9s n\u2019ont pas beso\u00adin d\u2019\u00eat\u00adre relo\u00adg\u00e9s pen\u00addant long\u00adtemps et il n\u2019y a pas d\u2019o\u00addeurs pro\u00adbl\u00e9\u00adma\u00adti\u00adques. Les appareils fon\u00adc\u00adtion\u00adnent silen\u00adcieu\u00adse\u00adment, ce qui est un grand avan\u00adta\u00adge dans les \u00e9ta\u00adblis\u00adse\u00adments ax\u00e9s sur le beso\u00adin de repos, et sont \u00e9ga\u00adle\u00adment dis\u00adcrets, ce qui \u00e9vi\u00adte les cri\u00adses de pani\u00adque inu\u00adtiles et nui\u00adsi\u00adbles \u00e0 la r\u00e9pu\u00adta\u00adti\u00adon. Dans l\u2019en\u00adsem\u00adble, Ther\u00admo-bug\u00ae per\u00admet une lut\u00adte anti\u00adpa\u00adra\u00adsi\u00adtaire pro\u00adfes\u00adsi\u00adon\u00adnel\u00adle, o\u00f9 les r\u00e9si\u00addents et le per\u00adson\u00adnel peu\u00advent reprend\u00adre leur vie quo\u00adti\u00addi\u00aden\u00adne sans \u00eatre impor\u00adtu\u00adn\u00e9s.  <\/p>\n<\/div>\n<\/div>\n\n\n\n<div class=\"cta-wrap\">\n<div class=\"max-width-800\">\n<h2 class=\"gb-text\">Agissez maintenant&nbsp;!<\/h2>\n\n\n\n<h3 class=\"gb-text\">Demander un conseil sp\u00e9cifique pour les r\u00e9sidences pour personnes \u00e2g\u00e9es<\/h3>\n\n\n\n<p class=\"gb-text\">Il n\u2019y a jamais de bon moment : d\u00e8s qu\u2019il y a un soup\u00ad\u00e7on, cont\u00adac\u00adtez Ther\u00admo-bug\u00ae et neu\u00adtra\u00adli\u00adsez com\u00adpl\u00e8\u00adte\u00adment l\u2019in\u00adfe\u00adsta\u00adti\u00adon \u2013 dis\u00adcr\u00e8\u00adte\u00adment, rapi\u00adde\u00adment et sans pro\u00adduits chi\u00admi\u00adques. Assu\u00adrez un s\u00e9jour digne \u00e0 vos r\u00e9si\u00addents ! <\/p>\n\n\n\n<a class=\"gb-text button-primary\" href=\"https:\/\/thermo-bug.de\/fr\/utiliser-thermo-bug\/\">Uti\u00adli\u00adser Ther\u00admo-bug\u00ae main\u00adten\u00adant<\/a>\n<\/div>\n<\/div>\n\n\n\n<div class=\"section-wrap\">\n<div class=\"section-image-wrap gb-element-e6a8092c\"><\/div>\n\n\n\n<div class=\"section-text-wrap\">\n<div class=\"max-width-800\">\n<h2 class=\"gb-text\">Thermo-bug\u00ae ne se limite pas aux punaises de lit&nbsp;!<\/h2>\n\n\n\n<p class=\"gb-text\">Les punai\u00adses de lit ne sont pas les seuls colo\u00adca\u00adtai\u00adres d\u00e9s\u00adag\u00adr\u00e9\u00ada\u00adbles : les mites dans le lin\u00adge, les puces dans les tapis ou les vers \u00e0 bois dans les meubles peu\u00advent \u00e9ga\u00adle\u00adment pro\u00advo\u00adquer des trou\u00adbles. La m\u00e9tho\u00adde ther\u00admi\u00adque de Ther\u00admo-bug\u00ae est douce pour l\u2019en\u00advi\u00adron\u00adne\u00adment, mais for\u00adte cont\u00adre les para\u00adsi\u00adtes \u2013 dans l\u2019in\u00adt\u00e9\u00adr\u00eat de vos r\u00e9si\u00addents. <\/p>\n\n\n\n<div class=\"buttons-wrap\">\n<a class=\"gb-text button-primary\" href=\"https:\/\/thermo-bug.de\/fr\/punaises-de-lit-et-autres\/\">D\u00e9cou\u00advrez tous les para\u00adsi\u00adtes main\u00adten\u00adant<\/a>\n<\/div>\n<\/div>\n<\/div>\n<\/div>\n\n\n\n<div class=\"section-wrap\">\n<div class=\"section-text-wrap\">\n<div class=\"max-width-800\">\n<h2 class=\"gb-text\">Efficace dans chaque pi\u00e8ce<\/h2>\n\n\n\n<p class=\"gb-text\">D\u00e9cou\u00advrez d\u2019autres lieux d\u2019utilisation du Ther\u00admo-bug\u00ae&nbsp;:<\/p>\n\n\n\n<div class=\"list-wrap\">\n<div class=\"list-item-wrap\">\n<img decoding=\"async\" class=\"list-item-image\" src=\"https:\/\/thermo-bug.de\/wp-content\/uploads\/2025\/09\/thermo-bug-list-icon.svg\" aria-hidden=\"true\">\n\n\n\n<div class=\"list-item-text-wrap\">\n<p class=\"gb-text list-item-text ag-list-link\"><a href=\"https:\/\/thermo-bug.de\/fr\/domaines-dapplication\/hotel\/\" data-type=\"page\" data-id=\"194\">H\u00f4tel<\/a><\/p>\n<\/div>\n<\/div>\n\n\n\n<div class=\"list-item-wrap\">\n<img decoding=\"async\" class=\"list-item-image\" src=\"https:\/\/thermo-bug.de\/wp-content\/uploads\/2025\/09\/thermo-bug-list-icon.svg\" aria-hidden=\"true\">\n\n\n\n<div class=\"list-item-text-wrap\">\n<p class=\"gb-text list-item-text ag-list-link\"><a href=\"https:\/\/thermo-bug.de\/fr\/domaines-dapplication\/menages-prives\/\" data-type=\"page\" data-id=\"198\">M\u00e9na\u00adges pri\u00adv\u00e9s<\/a><\/p>\n<\/div>\n<\/div>\n\n\n\n<div class=\"list-item-wrap\">\n<img decoding=\"async\" class=\"list-item-image\" src=\"https:\/\/thermo-bug.de\/wp-content\/uploads\/2025\/09\/thermo-bug-list-icon.svg\" aria-hidden=\"true\">\n\n\n\n<div class=\"list-item-text-wrap\">\n<p class=\"gb-text list-item-text ag-list-link\"><a href=\"https:\/\/thermo-bug.de\/fr\/domaines-dapplication\/hebergements-pour-travailleurs\/\" data-type=\"page\" data-id=\"201\">H\u00e9ber\u00adge\u00adments pour tra\u00advail\u00adleurs<\/a><\/p>\n<\/div>\n<\/div>\n\n\n\n<div class=\"list-item-wrap\">\n<img decoding=\"async\" class=\"list-item-image\" src=\"https:\/\/thermo-bug.de\/wp-content\/uploads\/2025\/09\/thermo-bug-list-icon.svg\" aria-hidden=\"true\">\n\n\n\n<div class=\"list-item-text-wrap\">\n<p class=\"gb-text list-item-text ag-list-link\"><a href=\"https:\/\/thermo-bug.de\/fr\/domaines-dapplication\/jardins-denfants-et-ecoles\/\" data-type=\"page\" data-id=\"205\">Jard\u00adins d\u2019enfants et \u00e9co\u00adles<\/a><\/p>\n<\/div>\n<\/div>\n\n\n\n<div class=\"list-item-wrap\">\n<img decoding=\"async\" class=\"list-item-image\" src=\"https:\/\/thermo-bug.de\/wp-content\/uploads\/2025\/09\/thermo-bug-list-icon.svg\" aria-hidden=\"true\">\n\n\n\n<div class=\"list-item-text-wrap\">\n<p class=\"gb-text list-item-text ag-list-link\"><a href=\"https:\/\/thermo-bug.de\/fr\/domaines-dapplication\/hopital\/\" data-type=\"page\" data-id=\"209\">H\u00f4pi\u00adtal<\/a><\/p>\n<\/div>\n<\/div>\n\n\n\n<div class=\"list-item-wrap\">\n<img decoding=\"async\" class=\"list-item-image\" src=\"https:\/\/thermo-bug.de\/wp-content\/uploads\/2025\/09\/thermo-bug-list-icon.svg\" aria-hidden=\"true\">\n\n\n\n<div class=\"list-item-text-wrap\">\n<p class=\"gb-text list-item-text ag-list-link\"><a href=\"https:\/\/thermo-bug.de\/fr\/domaines-dapplication\/hebergement-pour-refugies\/\" data-type=\"page\" data-id=\"217\">H\u00e9ber\u00adge\u00adment pour r\u00e9fu\u00adgi\u00e9s<\/a><\/p>\n<\/div>\n<\/div>\n\n\n\n<div class=\"list-item-wrap\">\n<img decoding=\"async\" class=\"list-item-image\" src=\"https:\/\/thermo-bug.de\/wp-content\/uploads\/2025\/09\/thermo-bug-list-icon.svg\" aria-hidden=\"true\">\n\n\n\n<div class=\"list-item-text-wrap\">\n<p class=\"gb-text list-item-text ag-list-link\"><a href=\"https:\/\/thermo-bug.de\/fr\/domaines-dapplication\/etablissement-penitentiaire\/\" data-type=\"page\" data-id=\"221\">\u00c9ta\u00adblis\u00adse\u00adment p\u00e9ni\u00adten\u00adti\u00adai\u00adre<\/a><\/p>\n<\/div>\n<\/div>\n<\/div>\n\n\n\n<div class=\"buttons-wrap\">\n<a class=\"gb-text button-primary\" href=\"https:\/\/thermo-bug.de\/fr\/domaines-dapplication\/\">D\u00e9cou\u00advr\u00adir tou\u00adtes les pos\u00adsi\u00adbi\u00adli\u00adt\u00e9s d\u2019utilisation<\/a>\n\n\n\n<a class=\"gb-text button-secondary\" href=\"https:\/\/thermo-bug.de\/fr\/utiliser-thermo-bug\/\">Uti\u00adli\u00adser Ther\u00admo-bug<strong>\u00ae<\/strong><\/a>\n<\/div>\n<\/div>\n<\/div>\n\n\n\n<div class=\"section-image-wrap gb-element-7c7bf038\"><\/div>\n<\/div>\n<\/div>\n","protected":false},"excerpt":{"rendered":"<p>Lut\u00adte cont\u00adre les punai\u00adses de lit dans les r\u00e9si\u00adden\u00adces pour per\u00adson\u00adnes \u00e2g\u00e9es Doux et sans pro\u00adduits chi\u00admi\u00adques Trai\u00adte\u00adment ther\u00admi\u00adque effi\u00adcace cont\u00adre les punai\u00adses de lit dans les mai\u00adsons de retrai\u00adte. Dis\u00adcret, silen\u00adcieux et sans toxi\u00adnes \u2013 les cham\u00adbres sont rapi\u00adde\u00adment r\u00e9oc\u00adcu\u00adp\u00ada\u00adbles. Pro\u00adt\u00e9\u00adgez vos r\u00e9si\u00addents d\u00e8s main\u00adten\u00adant ! En savoir plus Con\u00adtenu Com\u00adment une infe\u00adsta\u00adti\u00adon se \u2026 <a title=\"R\u00e9sidence pour personnes \u00e2g\u00e9es\" class=\"read-more\" href=\"https:\/\/thermo-bug.de\/fr\/domaines-dapplication\/residence-pour-personnes-agees\/\" aria-label=\"En savoir plus sur R\u00e9sidence pour personnes \u00e2g\u00e9es\">Lire plus<\/a><\/p>\n","protected":false},"author":1,"featured_media":0,"parent":1175,"menu_order":6,"comment_status":"closed","ping_status":"closed","template":"","meta":{"wp_typography_post_enhancements_disabled":false,"footnotes":""},"class_list":["post-1286","page","type-page","status-publish"],"_links":{"self":[{"href":"https:\/\/thermo-bug.de\/fr\/wp-json\/wp\/v2\/pages\/1286","targetHints":{"allow":["GET"]}}],"collection":[{"href":"https:\/\/thermo-bug.de\/fr\/wp-json\/wp\/v2\/pages"}],"about":[{"href":"https:\/\/thermo-bug.de\/fr\/wp-json\/wp\/v2\/types\/page"}],"author":[{"embeddable":true,"href":"https:\/\/thermo-bug.de\/fr\/wp-json\/wp\/v2\/users\/1"}],"replies":[{"embeddable":true,"href":"https:\/\/thermo-bug.de\/fr\/wp-json\/wp\/v2\/comments?post=1286"}],"version-history":[{"count":5,"href":"https:\/\/thermo-bug.de\/fr\/wp-json\/wp\/v2\/pages\/1286\/revisions"}],"predecessor-version":[{"id":2039,"href":"https:\/\/thermo-bug.de\/fr\/wp-json\/wp\/v2\/pages\/1286\/revisions\/2039"}],"up":[{"embeddable":true,"href":"https:\/\/thermo-bug.de\/fr\/wp-json\/wp\/v2\/pages\/1175"}],"wp:attachment":[{"href":"https:\/\/thermo-bug.de\/fr\/wp-json\/wp\/v2\/media?parent=1286"}],"curies":[{"name":"wp","href":"https:\/\/api.w.org\/{rel}","templated":true}]}}