{"id":1331,"date":"2025-09-10T13:56:55","date_gmt":"2025-09-10T13:56:55","guid":{"rendered":"https:\/\/thermo-bug.de\/politique-de-confidentialite\/"},"modified":"2025-12-09T10:08:44","modified_gmt":"2025-12-09T10:08:44","slug":"politique-de-confidentialite","status":"publish","type":"page","link":"https:\/\/thermo-bug.de\/fr\/politique-de-confidentialite\/","title":{"rendered":"Politique de confidentialit\u00e9"},"content":{"rendered":"\n<div class=\"flex-centered alignfull\">\n<div class=\"container-text\">\n<h1 class=\"gb-text\">Politique de confidentialit\u00e9<\/h1>\n\n\n\n<h2 class=\"gb-text\">Champ d\u2019application<\/h2>\n\n\n\n<p class=\"gb-text\">Cet\u00adte poli\u00adtique de con\u00adfi\u00adden\u00adtia\u00adli\u00adt\u00e9 est desti\u00adn\u00e9e \u00e0 infor\u00admer les uti\u00adli\u00adsa\u00adteurs de ce site web, con\u00adfor\u00adm\u00e9\u00adment \u00e0 la loi f\u00e9d\u00e9\u00adra\u00adle sur la pro\u00adtec\u00adtion des don\u00adn\u00e9es et \u00e0 la loi sur les t\u00e9l\u00e9\u00adm\u00e9\u00addi\u00adas, sur la natu\u00adre, l\u2019\u00e9\u00adten\u00addue et la fina\u00adli\u00adt\u00e9 de la coll\u00adec\u00adte et de l\u2019uti\u00adli\u00adsa\u00adti\u00adon des don\u00adn\u00e9es per\u00adson\u00adnel\u00adles par l\u2019ex\u00adplo\u00aditant du site web [ins\u00e9\u00adrer vos coor\u00addon\u00adn\u00e9es].<\/p>\n\n\n\n<p class=\"gb-text\">L\u2019ex\u00adplo\u00aditant du site web prend vot\u00adre vie pri\u00adv\u00e9e tr\u00e8s au s\u00e9rieux et trai\u00adte vos don\u00adn\u00e9es per\u00adson\u00adnel\u00adles de mani\u00e8\u00adre con\u00adfi\u00adden\u00adti\u00adel\u00adle et con\u00adfor\u00adm\u00e9\u00adment aux dis\u00adpo\u00adsi\u00adti\u00adons l\u00e9ga\u00adles.<\/p>\n\n\n\n<p class=\"gb-text\">N\u2019ou\u00adbliez pas que la trans\u00admis\u00adsi\u00adon de don\u00adn\u00e9es sur Inter\u00adnet peut fon\u00adda\u00admen\u00adta\u00adle\u00adment pr\u00e9\u00adsen\u00adter des fail\u00adles de s\u00e9cu\u00adri\u00adt\u00e9. Une pro\u00adtec\u00adtion com\u00adpl\u00e8\u00adte cont\u00adre l\u2019ac\u00adc\u00e8s par des tiers n\u2019est pas r\u00e9a\u00adli\u00adsable. <\/p>\n\n\n\n<h2 class=\"gb-text\">Donn\u00e9es d\u2019acc\u00e8s<\/h2>\n\n\n\n<p class=\"gb-text\">L\u2019ex\u00adplo\u00aditant du site web ou le four\u00adnis\u00adseur de la page coll\u00adec\u00adte des don\u00adn\u00e9es sur les acc\u00e8s \u00e0 la page et les enre\u00adgist\u00adre sous for\u00adme de \u00ab&nbsp;fichiers jour\u00adnaux du ser\u00adveur&nbsp;\u00bb. Les don\u00adn\u00e9es sui\u00advan\u00adtes sont ain\u00adsi enre\u00adgis\u00adtr\u00e9es&nbsp;: <\/p>\n\n\n\n<ul class=\"wp-block-list\">\n<li>Site web visi\u00adt\u00e9<\/li>\n\n\n\n<li>Heu\u00adre au moment de l\u2019ac\u00adc\u00e8s<\/li>\n\n\n\n<li>Quan\u00adti\u00adt\u00e9 de don\u00adn\u00e9es envoy\u00ad\u00e9es en octets<\/li>\n\n\n\n<li>Source\/r\u00e9f\u00e9rence \u00e0 par\u00adtir de laquel\u00adle vous avez acc\u00e9\u00add\u00e9 \u00e0 la page<\/li>\n\n\n\n<li>Navi\u00adga\u00adteur uti\u00adli\u00ads\u00e9<\/li>\n\n\n\n<li>Sys\u00adt\u00e8me d\u2019ex\u00adplo\u00adita\u00adti\u00adon uti\u00adli\u00ads\u00e9<\/li>\n\n\n\n<li>Adres\u00adse IP uti\u00adli\u00ads\u00e9e<\/li>\n<\/ul>\n\n\n\n<p class=\"gb-text\">Les don\u00adn\u00e9es coll\u00adec\u00adt\u00e9es ser\u00advent uni\u00adquement \u00e0 des \u00e9va\u00adlua\u00adtions sta\u00adtis\u00adti\u00adques et \u00e0 l\u2019a\u00adm\u00e9\u00adlio\u00adra\u00adti\u00adon du site web. L\u2019ex\u00adplo\u00aditant du site web se r\u00e9ser\u00adve tou\u00adte\u00adfois le droit de v\u00e9ri\u00adfier ult\u00e9\u00adri\u00adeu\u00adre\u00adment les fichiers jour\u00adnaux du ser\u00adveur si des indi\u00adces con\u00adcrets lais\u00adsent sup\u00adpo\u00adser une uti\u00adli\u00adsa\u00adti\u00adon ill\u00e9\u00adga\u00adle. <\/p>\n\n\n\n<h2 class=\"gb-text\">Cookies<\/h2>\n\n\n\n<p class=\"gb-text\">Ce site web uti\u00adli\u00adse des coo\u00adkies. Il s\u2019a\u00adgit de petits fichiers tex\u00adte qui sont stock\u00e9s sur vot\u00adre ter\u00admi\u00adnal. Vot\u00adre navi\u00adga\u00adteur acc\u00e8\u00adde \u00e0 ces fichiers. L\u2019uti\u00adli\u00adsa\u00adti\u00adon de coo\u00adkies am\u00e9\u00adlio\u00adre la con\u00advi\u00advia\u00adli\u00adt\u00e9 et la s\u00e9cu\u00adri\u00adt\u00e9 de ce site web.   <\/p>\n\n\n\n<p class=\"gb-text\">Les navi\u00adga\u00adteurs cou\u00adrants offrent la pos\u00adsi\u00adbi\u00adli\u00adt\u00e9 de ne pas auto\u00adri\u00adser les coo\u00adkies dans les param\u00e8\u00adtres. Remar\u00adque&nbsp;: il n\u2019est pas garan\u00adti que vous puis\u00adsiez acc\u00e9\u00adder \u00e0 tou\u00adtes les fon\u00adc\u00adtions de ce site web sans rest\u00adric\u00adtions si vous effec\u00adtuez les r\u00e9g\u00adla\u00adges cor\u00adre\u00adspond\u00adants. <\/p>\n\n\n\n<h3 class=\"gb-text\">Vous pouvez modifier vos param\u00e8tres de cookies ici&nbsp;:<\/h3>\n\n\n\n<p class=\"gb-text\"><span class=\"borlabs-cookie-open-dialog-preferences brlbs-cmpnt-container\" data-borlabs-cookie-title=\"Param\u00e8tres des cookies\" data-borlabs-cookie-type=\"button\"><\/span><br>Vot\u00adre UID de coo\u00adkie&nbsp;:  <span data-borlabs-cookie-user-uid><\/span><br>Vot\u00adre his\u00adto\u00adri\u00adque de con\u00adsen\u00adte\u00adment&nbsp;:  <\/p><div class=\"brlbs-cmpnt-container\" data-borlabs-cookie-consent-history><\/div>\n\n\n\n<h2 class=\"gb-text\">Traitement des donn\u00e9es personnelles<\/h2>\n\n\n\n<p class=\"gb-text\">L\u2019ex\u00adplo\u00aditant du site web ne coll\u00adec\u00adte, n\u2019uti\u00adli\u00adse et ne trans\u00admet vos don\u00adn\u00e9es per\u00adson\u00adnel\u00adles que si cela est auto\u00adri\u00ads\u00e9 par la loi ou si vous con\u00adsen\u00adtez \u00e0 la coll\u00adec\u00adte de don\u00adn\u00e9es.<\/p>\n\n\n\n<p class=\"gb-text\">Les don\u00adn\u00e9es per\u00adson\u00adnel\u00adles sont tou\u00adtes les infor\u00adma\u00adti\u00adons qui ser\u00advent \u00e0 d\u00e9ter\u00admi\u00adner vot\u00adre iden\u00adti\u00adt\u00e9 et qui peu\u00advent \u00eatre retra\u00adc\u00e9es jus\u00adqu\u2019\u00e0 vous, c\u2019est-\u00e0-dire par exemp\u00adle vot\u00adre nom, vot\u00adre adres\u00adse e\u2011mail et vot\u00adre num\u00e9\u00adro de t\u00e9l\u00e9\u00adpho\u00adne.<\/p>\n\n\n\n<h2 class=\"gb-text\">Traitement des coordonn\u00e9es<\/h2>\n\n\n\n<p class=\"gb-text\">Si vous cont\u00adac\u00adtez l\u2019ex\u00adplo\u00aditant du site web par le biais des pos\u00adsi\u00adbi\u00adli\u00adt\u00e9s de cont\u00adact pro\u00adpo\u00ads\u00e9es, vos don\u00adn\u00e9es seront enre\u00adgis\u00adtr\u00e9es afin de pou\u00advoir \u00eatre uti\u00adli\u00ads\u00e9es pour le trai\u00adte\u00adment et la r\u00e9pon\u00adse \u00e0 vot\u00adre deman\u00adde. Ces don\u00adn\u00e9es ne seront pas trans\u00admi\u00adses \u00e0 des tiers sans vot\u00adre con\u00adsen\u00adte\u00adment. <\/p>\n\n\n\n<h2 class=\"gb-text\">Google Analytics<\/h2>\n\n\n\n<p class=\"gb-text\">Ce site web uti\u00adli\u00adse le ser\u00advice \u00ab&nbsp;Goog\u00adle Ana\u00adly\u00adtics&nbsp;\u00bb, pro\u00adpo\u00ads\u00e9 par Goog\u00adle Inc. (1600 Amphi\u00adtheat\u00adre Park\u00adway Moun\u00adtain View, CA 94043, USA), pour ana\u00adly\u00adser l\u2019uti\u00adli\u00adsa\u00adti\u00adon du site web par les uti\u00adli\u00adsa\u00adteurs. Le ser\u00advice uti\u00adli\u00adse des \u00ab&nbsp;coo\u00adkies&nbsp;\u00bb \u2013 des fichiers tex\u00adte qui sont stock\u00e9s sur vot\u00adre ter\u00admi\u00adnal. Les infor\u00adma\u00adti\u00adons coll\u00adec\u00adt\u00e9es par les coo\u00adkies sont g\u00e9n\u00e9\u00adra\u00adle\u00adment envoy\u00ad\u00e9es \u00e0 un ser\u00adveur de Goog\u00adle aux \u00c9tats-Unis et y sont stock\u00e9es.   <\/p>\n\n\n\n<p class=\"gb-text\">L\u2019an\u00adony\u00admi\u00adsa\u00adti\u00adon IP est acti\u00adv\u00e9e sur ce site web. L\u2019adres\u00adse IP des uti\u00adli\u00adsa\u00adteurs est abr\u00e9\u00adg\u00e9e au sein des \u00c9tats mem\u00adbres de l\u2019UE et de l\u2019E\u00adspace \u00e9co\u00adno\u00admi\u00adque euro\u00adp\u00e9\u00aden. Cet\u00adte abr\u00e9\u00advia\u00adti\u00adon sup\u00adp\u00adrime la r\u00e9f\u00e9\u00adrence per\u00adson\u00adnel\u00adle de vot\u00adre adres\u00adse IP. Dans le cad\u00adre de l\u2019ac\u00adcord sur le trai\u00adte\u00adment des don\u00adn\u00e9es de com\u00adman\u00adde, que les explo\u00aditants du site web ont con\u00adclu avec Goog\u00adle Inc., cel\u00adle-ci \u00e9ta\u00adblit, \u00e0 l\u2019ai\u00adde des infor\u00adma\u00adti\u00adons coll\u00adec\u00adt\u00e9es, une \u00e9va\u00adlua\u00adti\u00adon de l\u2019uti\u00adli\u00adsa\u00adti\u00adon du site web et de l\u2019ac\u00adti\u00advi\u00adt\u00e9 du site web et four\u00adnit des ser\u00advices li\u00e9s \u00e0 l\u2019uti\u00adli\u00adsa\u00adti\u00adon d\u2019In\u00adter\u00adnet.    <\/p>\n\n\n\n<p class=\"gb-text\">Vous avez la pos\u00adsi\u00adbi\u00adli\u00adt\u00e9 d\u2019emp\u00eacher l\u2019en\u00adre\u00adgis\u00adtre\u00adment du coo\u00adkie sur vot\u00adre appa\u00adreil en effec\u00adtu\u00adant les r\u00e9g\u00adla\u00adges cor\u00adre\u00adspond\u00adants dans vot\u00adre navi\u00adga\u00adteur. Il n\u2019est pas garan\u00adti que vous puis\u00adsiez acc\u00e9\u00adder \u00e0 tou\u00adtes les fon\u00adc\u00adtions de ce site web sans rest\u00adric\u00adtions si vot\u00adre navi\u00adga\u00adteur n\u2019au\u00adto\u00adri\u00adse pas les coo\u00adkies. <\/p>\n\n\n\n<p class=\"gb-text\">De plus, vous pou\u00advez emp\u00ea\u00adcher, gr\u00e2ce \u00e0 un plug\u00adin de navi\u00adga\u00adteur, que les infor\u00adma\u00adti\u00adons coll\u00adec\u00adt\u00e9es par les coo\u00adkies (y com\u00adpris vot\u00adre adres\u00adse IP) soi\u00adent envoy\u00ad\u00e9es \u00e0 Goog\u00adle Inc. et uti\u00adli\u00ads\u00e9es par Goog\u00adle Inc. Le lien sui\u00advant vous m\u00e8ne au plug\u00adin cor\u00adre\u00adspond\u00adant&nbsp;:   &nbsp;<a href=\"https:\/\/tools.google.com\/dlpage\/gaoptout?hl=de\" target=\"_blank\" rel=\"noreferrer noopener\">https:\/\/tools.google.com\/dlpage\/gaoptout?hl=de<\/a><\/p>\n\n\n\n<p class=\"gb-text\">Alter\u00adna\u00adti\u00adve\u00adment, vous pou\u00advez emp\u00ea\u00adcher la coll\u00adec\u00adte de vos don\u00adn\u00e9es par Goog\u00adle Ana\u00adly\u00adtics sur ce site web en cli\u00adquant sur ce lien&nbsp;:<\/p>\n\n\n\n<p class=\"gb-text\"><a href=\"https:\/\/tools.google.com\/dlpage\/gaoptout?hl=de\" target=\"_blank\" rel=\"noreferrer noopener\">Plug\u00adin de navi\u00adga\u00adteur pour la d\u00e9sac\u00adti\u00adva\u00adti\u00adon de Goog\u00adle Ana\u00adly\u00adtics<\/a><\/p>\n\n\n\n<p class=\"gb-text\">En cli\u00adquant sur le lien ci-des\u00adsus, vous t\u00e9l\u00e9\u00adchar\u00adgez un \u00ab&nbsp;coo\u00adkie de d\u00e9sac\u00adti\u00adva\u00adti\u00adon&nbsp;\u00bb. Vot\u00adre navi\u00adga\u00adteur doit donc auto\u00adri\u00adser fon\u00adda\u00admen\u00adta\u00adle\u00adment l\u2019en\u00adre\u00adgis\u00adtre\u00adment de coo\u00adkies. Si vous sup\u00adp\u00adri\u00admez r\u00e9gu\u00adli\u00e8\u00adre\u00adment vos coo\u00adkies, il est n\u00e9ces\u00adsaire de cli\u00adquer \u00e0 nou\u00adveau sur le lien \u00e0 chaque visi\u00adte de ce site web.   <\/p>\n\n\n\n<p class=\"gb-text\">Vous trou\u00adverez ici de plus amp\u00adles infor\u00adma\u00adti\u00adons sur l\u2019uti\u00adli\u00adsa\u00adti\u00adon des don\u00adn\u00e9es par Goog\u00adle Inc.&nbsp;: <a href=\"https:\/\/support.google.com\/analytics\/answer\/6004245?hl=de\" target=\"_blank\" rel=\"noreferrer noopener\">https:\/\/support.google.com\/analytics\/answer\/6004245?hl=de<\/a><\/p>\n\n\n\n<h2 class=\"gb-text\">Utilisation de plugins de m\u00e9dias sociaux<\/h2>\n\n\n\n<p class=\"gb-text\">Ce site web uti\u00adli\u00adse des plug\u00adins sociaux de Face\u00adbook, exploi\u00adt\u00e9s par Face\u00adbook Inc. (1 Hacker Way, Men\u00adlo Park, Cali\u00adfor\u00adnia 94025, USA). Les int\u00e9\u00adgra\u00adti\u00adons sont recon\u00adnaiss\u00ada\u00adbles au logo Face\u00adbook ou aux ter\u00admes \u00ab&nbsp;Like&nbsp;\u00bb, \u00ab&nbsp;J\u2019ai\u00adme&nbsp;\u00bb, \u00ab&nbsp;Par\u00adta\u00adger&nbsp;\u00bb dans les cou\u00adleurs de Face\u00adbook (bleu et blanc). Vous trou\u00adverez des infor\u00adma\u00adti\u00adons sur tous les plug\u00adins Face\u00adbook dans le lien sui\u00advant&nbsp;:   &nbsp;<a href=\"https:\/\/developers.facebook.com\/docs\/plugins\/\" target=\"_blank\" rel=\"noreferrer noopener\">https:\/\/developers.facebook.com\/docs\/plugins\/<\/a><\/p>\n\n\n\n<p class=\"gb-text\">Le plug\u00adin \u00e9ta\u00adblit une con\u00adne\u00adxi\u00adon direc\u00adte ent\u00adre vot\u00adre navi\u00adga\u00adteur et les ser\u00adve\u00adurs de Face\u00adbook. L\u2019ex\u00adplo\u00aditant du site web n\u2019a aucu\u00adne influence sur la natu\u00adre et l\u2019\u00e9\u00adten\u00addue des don\u00adn\u00e9es que le plug\u00adin trans\u00admet aux ser\u00adve\u00adurs de Face\u00adbook Inc. Vous trou\u00adverez des infor\u00adma\u00adti\u00adons \u00e0 ce sujet ici&nbsp;: https:\/\/www.facebook.com\/help\/186325668085084   <\/p>\n\n\n\n<p class=\"gb-text\">Le plug\u00adin infor\u00adme Face\u00adbook Inc. que vous, en tant qu\u2019\u00aduti\u00adli\u00adsa\u00adteur, avez visi\u00adt\u00e9 ce site web. Il est pos\u00adsi\u00adble que vot\u00adre adres\u00adse IP soit enre\u00adgis\u00adtr\u00e9e. Si vous \u00eates con\u00adnec\u00adt\u00e9 \u00e0 vot\u00adre comp\u00adte Face\u00adbook pen\u00addant vot\u00adre visi\u00adte sur ce site web, les infor\u00adma\u00adti\u00adons men\u00adti\u00adonn\u00e9es seront asso\u00adci\u00e9es \u00e0 ce comp\u00adte.   <\/p>\n\n\n\n<p class=\"gb-text\">Si vous uti\u00adli\u00adsez les fon\u00adc\u00adtions du plug\u00adin \u2013 par exemp\u00adle, en par\u00adta\u00adgeant ou en \u00ab&nbsp;likant&nbsp;\u00bb une con\u00adtri\u00adbu\u00adti\u00adon \u2013 les infor\u00adma\u00adti\u00adons cor\u00adre\u00adspond\u00adan\u00adtes seront \u00e9ga\u00adle\u00adment trans\u00admi\u00adses \u00e0 Face\u00adbook Inc. <\/p>\n\n\n\n<p class=\"gb-text\">Si vous sou\u00adhai\u00adtez emp\u00ea\u00adcher que Face\u00adbook. Inc.  asso\u00adcie ces don\u00adn\u00e9es \u00e0 vot\u00adre comp\u00adte Face\u00adbook, veuil\u00adlez vous d\u00e9con\u00adnec\u00adter de Face\u00adbook avant de visi\u00adter ce site web.<\/p>\n\n\n\n<p class=\"gb-text\">De plus, ce site web uti\u00adli\u00adse le bou\u00adton \u00ab&nbsp;+1&nbsp;\u00bb de Goog\u00adle Plus. Il est exploi\u00adt\u00e9 par Goog\u00adle Inc. (1600 Amphi\u00adtheat\u00adre Park\u00adway Moun\u00adtain View, CA 94043, USA). Si vous visi\u00adtez une page con\u00adten\u00adant le bou\u00adton \u00ab&nbsp;+1&nbsp;\u00bb, une con\u00adne\u00adxi\u00adon direc\u00adte est \u00e9ta\u00adb\u00adlie ent\u00adre vot\u00adre navi\u00adga\u00adteur et les ser\u00adve\u00adurs de Goog\u00adle. L\u2019ex\u00adplo\u00aditant du site web n\u2019a donc aucu\u00adne influence sur la natu\u00adre et l\u2019\u00e9\u00adten\u00addue des don\u00adn\u00e9es que le plug\u00adin trans\u00admet aux ser\u00adve\u00adurs de Goog\u00adle Inc. Si vous cli\u00adquez sur le bou\u00adton \u00ab&nbsp;+1&nbsp;\u00bb alors que vous \u00eates con\u00adnec\u00adt\u00e9 \u00e0 Goog\u00adle&nbsp;+, vous par\u00adta\u00adgez le con\u00adtenu de la page sur vot\u00adre pro\u00adfil public.      <\/p>\n\n\n\n<p class=\"gb-text\">Selon Goog\u00adle Inc., les don\u00adn\u00e9es per\u00adson\u00adnel\u00adles ne sont coll\u00adec\u00adt\u00e9es que lors\u00adque vous cli\u00adquez sur le bou\u00adton. M\u00eame pour les uti\u00adli\u00adsa\u00adteurs de Goog\u00adle con\u00adnec\u00adt\u00e9s, l\u2019adres\u00adse IP est notam\u00adment enre\u00adgis\u00adtr\u00e9e. Si vous sou\u00adhai\u00adtez emp\u00ea\u00adcher Goog\u00adle Inc. d\u2019en\u00adre\u00adgis\u00adtrer ces don\u00adn\u00e9es et de les asso\u00adcier \u00e0 vot\u00adre comp\u00adte, veuil\u00adlez vous d\u00e9con\u00adnec\u00adter de ce site web avant de le visi\u00adter.    <\/p>\n\n\n\n<p class=\"gb-text\">De plus, ce site web uti\u00adli\u00adse des bou\u00adtons Twit\u00adter. Ils sont exploi\u00adt\u00e9s par Twit\u00adter Inc. (795 Fol\u00adsom St., Suite 600, San Fran\u00adcis\u00adco, CA 94107, USA). Si vous visi\u00adtez une page con\u00adten\u00adant un tel bou\u00adton, une con\u00adne\u00adxi\u00adon direc\u00adte est \u00e9ta\u00adb\u00adlie ent\u00adre vot\u00adre navi\u00adga\u00adteur et les ser\u00adve\u00adurs de Twit\u00adter. L\u2019ex\u00adplo\u00aditant du site web n\u2019a donc aucu\u00adne influence sur la natu\u00adre et l\u2019\u00e9\u00adten\u00addue des don\u00adn\u00e9es que le plug\u00adin trans\u00admet aux ser\u00adve\u00adurs de Twit\u00adter Inc.     <\/p>\n\n\n\n<p class=\"gb-text\">Selon Twit\u00adter Inc., seu\u00adle vot\u00adre adres\u00adse IP est coll\u00adec\u00adt\u00e9e et enre\u00adgis\u00adtr\u00e9e. <\/p>\n\n\n\n<p class=\"gb-text\">Vous trou\u00adverez ici des infor\u00adma\u00adti\u00adons sur le trai\u00adte\u00adment des don\u00adn\u00e9es per\u00adson\u00adnel\u00adles par Twit\u00adter Inc.&nbsp;: &nbsp;<a href=\"https:\/\/twitter.com\/privacy?lang=de\" target=\"_blank\" rel=\"noreferrer noopener\">https:\/\/twitter.com\/privacy?lang=de<\/a><\/p>\n\n\n\n<h2 class=\"gb-text\">Droits de l\u2019utilisateur&nbsp;: information, rectification et suppression<\/h2>\n\n\n\n<p class=\"gb-text\">En tant qu\u2019\u00aduti\u00adli\u00adsa\u00adteur, vous rece\u00advez gra\u00adtui\u00adte\u00adment, sur deman\u00adde de vot\u00adre part, des infor\u00adma\u00adti\u00adons sur les don\u00adn\u00e9es per\u00adson\u00adnel\u00adles enre\u00adgis\u00adtr\u00e9es \u00e0 vot\u00adre sujet. Si vot\u00adre sou\u00adhait n\u2019ent\u00adre pas en con\u00adflit avec une obli\u00adga\u00adti\u00adon l\u00e9ga\u00adle de con\u00adser\u00adva\u00adti\u00adon des don\u00adn\u00e9es (par exemp\u00adle, la con\u00adser\u00adva\u00adti\u00adon des don\u00adn\u00e9es), vous avez le droit de fai\u00adre rec\u00adti\u00adfier les don\u00adn\u00e9es incor\u00adrec\u00adtes et de fai\u00adre blo\u00adquer ou sup\u00adp\u00adri\u00admer vos don\u00adn\u00e9es per\u00adson\u00adnel\u00adles. <\/p>\n<\/div>\n<\/div>\n","protected":false},"excerpt":{"rendered":"<p>Poli\u00adtique de con\u00adfi\u00adden\u00adtia\u00adli\u00adt\u00e9 Champ d\u2019application Cet\u00adte poli\u00adtique de con\u00adfi\u00adden\u00adtia\u00adli\u00adt\u00e9 est desti\u00adn\u00e9e \u00e0 infor\u00admer les uti\u00adli\u00adsa\u00adteurs de ce site web, con\u00adfor\u00adm\u00e9\u00adment \u00e0 la loi f\u00e9d\u00e9\u00adra\u00adle sur la pro\u00adtec\u00adtion des don\u00adn\u00e9es et \u00e0 la loi sur les t\u00e9l\u00e9\u00adm\u00e9\u00addi\u00adas, sur la natu\u00adre, l\u2019\u00e9\u00adten\u00addue et la fina\u00adli\u00adt\u00e9 de la coll\u00adec\u00adte et de l\u2019uti\u00adli\u00adsa\u00adti\u00adon des don\u00adn\u00e9es per\u00adson\u00adnel\u00adles par l\u2019ex\u00adplo\u00aditant du \u2026 <a title=\"Politique de confidentialit\u00e9\" class=\"read-more\" href=\"https:\/\/thermo-bug.de\/fr\/politique-de-confidentialite\/\" aria-label=\"En savoir plus sur Politique de confidentialit\u00e9\">Lire plus<\/a><\/p>\n","protected":false},"author":1,"featured_media":0,"parent":0,"menu_order":102,"comment_status":"closed","ping_status":"closed","template":"","meta":{"wp_typography_post_enhancements_disabled":false,"footnotes":""},"class_list":["post-1331","page","type-page","status-publish"],"_links":{"self":[{"href":"https:\/\/thermo-bug.de\/fr\/wp-json\/wp\/v2\/pages\/1331","targetHints":{"allow":["GET"]}}],"collection":[{"href":"https:\/\/thermo-bug.de\/fr\/wp-json\/wp\/v2\/pages"}],"about":[{"href":"https:\/\/thermo-bug.de\/fr\/wp-json\/wp\/v2\/types\/page"}],"author":[{"embeddable":true,"href":"https:\/\/thermo-bug.de\/fr\/wp-json\/wp\/v2\/users\/1"}],"replies":[{"embeddable":true,"href":"https:\/\/thermo-bug.de\/fr\/wp-json\/wp\/v2\/comments?post=1331"}],"version-history":[{"count":1,"href":"https:\/\/thermo-bug.de\/fr\/wp-json\/wp\/v2\/pages\/1331\/revisions"}],"predecessor-version":[{"id":1332,"href":"https:\/\/thermo-bug.de\/fr\/wp-json\/wp\/v2\/pages\/1331\/revisions\/1332"}],"wp:attachment":[{"href":"https:\/\/thermo-bug.de\/fr\/wp-json\/wp\/v2\/media?parent=1331"}],"curies":[{"name":"wp","href":"https:\/\/api.w.org\/{rel}","templated":true}]}}