{"id":1336,"date":"2025-09-09T13:31:53","date_gmt":"2025-09-09T13:31:53","guid":{"rendered":"https:\/\/thermo-bug.de\/mentions-legales\/"},"modified":"2025-12-09T10:08:27","modified_gmt":"2025-12-09T10:08:27","slug":"mentions-legales","status":"publish","type":"page","link":"https:\/\/thermo-bug.de\/fr\/mentions-legales\/","title":{"rendered":"Mentions l\u00e9gales"},"content":{"rendered":"\n<div class=\"flex-centered alignfull\">\n<div class=\"container-text\">\n<h1 class=\"gb-text\">Mentions l\u00e9gales<\/h1>\n\n\n\n<p class=\"gb-text\">Ther\u00admo-bug<sup>\u00ae<\/sup> GmbH<br>Felix-Wan\u00adkel-Stra\u00ad\u00dfe 17<br>88339 Bad Wald\u00adsee<br>T\u00e9l\u00e9\u00adpho\u00adne :&nbsp;<a href=\"tel:4975244011727\">+49 (0) 75 24\u200a\u2013\u200a4 01 17\u200a\u2013\u200a27<\/a><br>T\u00e9l\u00e9\u00adco\u00adpie : +49 (0) 75 24\u200a\u2013\u200a4 01 17\u200a\u2013\u200a28<br>E\u2011mail :&nbsp;<a href=\"mailto:info@thermo-bug.com\">info@thermo-bug.com<\/a><\/p>\n\n\n\n<p class=\"gb-text\">Direc\u00adteur g\u00e9n\u00e9\u00adral : Thi\u00adlo Flesch\u00adhut<br>Tri\u00adbu\u00adnal d\u2019en\u00adre\u00adgis\u00adtre\u00adment : Amts\u00adge\u00adricht Ulm<br>Num\u00e9\u00adro HRB : 725650<br>Num\u00e9\u00adro d\u2019i\u00adden\u00adti\u00adfi\u00adca\u00adti\u00adon fis\u00adca\u00adle : 77080\/26843<br>Num\u00e9\u00adro d\u2019i\u00adden\u00adti\u00adfi\u00adca\u00adti\u00adon \u00e0 la TVA con\u00adfor\u00adm\u00e9\u00adment au \u00a7 27 a :<br>DE274682997<\/p>\n\n\n\n<p class=\"gb-text\"><strong>Responsable du con\u00adtenu con\u00adfor\u00adm\u00e9\u00adment au \u00a7 55 ali\u00adn\u00e9a 2 RSTV ou \u00a7 6 MDStV<br><\/strong>Thi\u00adlo Flesch\u00adhut<br>Felix-Wan\u00adkel-Stra\u00ad\u00dfe 17<br>88339 Bad Wald\u00adsee<\/p>\n\n\n\n<div class=\"gb-element-741a7d71\">\n<img loading=\"lazy\" decoding=\"async\" width=\"715\" height=\"312\" class=\"gb-media-b127c47c\" alt=\"ICG International Certification Group DIN EN ISO 14001:2015\" src=\"https:\/\/thermo-bug.de\/wp-content\/uploads\/2025\/09\/thermo-bugLogo_ISO14001_2015.webp\" title=\"thermo-bugLogo_ISO14001_2015\" srcset=\"https:\/\/thermo-bug.de\/wp-content\/uploads\/2025\/09\/thermo-bugLogo_ISO14001_2015.webp 715w, https:\/\/thermo-bug.de\/wp-content\/uploads\/2025\/09\/thermo-bugLogo_ISO14001_2015-300x131.webp 300w\" sizes=\"auto, (max-width: 715px) 100vw, 715px\">\n\n\n\n<img loading=\"lazy\" decoding=\"async\" width=\"697\" height=\"312\" class=\"gb-media-ba645eaf\" alt=\"ICG International Certification Group DIN EN ISO 9001:2015\" src=\"https:\/\/thermo-bug.de\/wp-content\/uploads\/2025\/09\/thermo-bug-Logo_ISO9001_2015.webp\" title=\"thermo-bug-Logo_ISO9001_2015\" srcset=\"https:\/\/thermo-bug.de\/wp-content\/uploads\/2025\/09\/thermo-bug-Logo_ISO9001_2015.webp 697w, https:\/\/thermo-bug.de\/wp-content\/uploads\/2025\/09\/thermo-bug-Logo_ISO9001_2015-300x134.webp 300w\" sizes=\"auto, (max-width: 697px) 100vw, 697px\">\n<\/div>\n\n\n\n<p class=\"gb-text\"><strong>Avis de non-responsa\u00adbi\u00adli\u00adt\u00e9 :<br><\/strong>Mal\u00adgr\u00e9 un con\u00adtr\u00f4\u00adle minu\u00adti\u00adeux du con\u00adtenu, nous n\u2019as\u00adsu\u00admons aucu\u00adne responsa\u00adbi\u00adli\u00adt\u00e9 pour le con\u00adtenu des liens exter\u00adnes. Seuls les explo\u00aditants des pages li\u00e9es sont respons\u00adables de leur con\u00adtenu.<\/p>\n\n\n\n<p class=\"gb-text\"><strong>Pro\u00adtec\u00adtion des don\u00adn\u00e9es :<br><\/strong>Lors de l\u2019uti\u00adli\u00adsa\u00adti\u00adon de nos ser\u00advices, vous pou\u00advez \u00eatre invit\u00e9(e) \u00e0 four\u00adnir des infor\u00adma\u00adti\u00adons per\u00adson\u00adnel\u00adles. La r\u00e9pon\u00adse \u00e0 ces ques\u00adti\u00adons<br>est facul\u00adta\u00adti\u00adve. Vos don\u00adn\u00e9es per\u00adson\u00adnel\u00adles sont stock\u00e9es et trai\u00adt\u00e9es con\u00adfor\u00adm\u00e9\u00adment aux con\u00addi\u00adti\u00adons alle\u00adman\u00addes de pro\u00adtec\u00adtion des don\u00adn\u00e9es. Les don\u00adn\u00e9es ne sont pas trans\u00admi\u00adses \u00e0 des tiers. Vous trou\u00adverez des infor\u00adma\u00adti\u00adons pr\u00e9\u00adci\u00ads\u00ades dans not\u00adre&nbsp;<a href=\"https:\/\/thermo-bug.de\/fr\/politique-de-confidentialite\/\">d\u00e9cla\u00adra\u00adti\u00adon de con\u00adfi\u00adden\u00adtia\u00adli\u00adt\u00e9<\/a>.<\/p>\n\n\n\n<p class=\"gb-text\"><strong>Droits d\u2019au\u00adteur<\/strong> :<br>\u00a9 Copy\u00adright \u2013 Ther\u00admo-bug<sup>\u00ae<\/sup> GmbH<br>Tous droits r\u00e9ser\u00adv\u00e9s. Les tex\u00adtes, images, gra\u00adphi\u00adques, sons, ani\u00adma\u00adti\u00adons et vid\u00e9\u00ados pr\u00e9s\u00adents sur le site web www.thermo-bug.com ne peu\u00advent \u00eatre repro\u00adduits, trai\u00adt\u00e9s, modi\u00adfi\u00e9s, dupli\u00adqu\u00e9s ou uti\u00adli\u00ads\u00e9s de quel\u00adque mani\u00e8\u00adre que ce soit sans auto\u00adri\u00adsa\u00adti\u00adon.<\/p>\n\n\n\n<p class=\"gb-text\">Webdesign\/D\u00e9veloppement web : Krem\u00adpel &amp; Co. Wer\u00adbe\u00adagen\u00adtur \/ <a href=\"http:\/\/www.krempel-und-co.de\/\" target=\"_blank\" rel=\"noreferrer noopener\">www.krempel-und-co.de<\/a><\/p>\n\n\n\n<p class=\"gb-text\">Pho\u00adtos : think\u00adstock \/ K&amp;Co. | Rubri\u00adque \u00ab La punai\u00adse de lit \u00bb : Cen\u00adters for Dise\u00ada\u00adse Con\u00adtrol and Pre\u00adven\u00adti\u00adon CDC, Har\u00advard Uni\u00adver\u00adsi\u00adty, Dr. Gary Alpert ; Dr. Harold Har\u00adlan ; Richard Pol\u00adlack.<br>Cr\u00e9\u00addit pho\u00adto : Piotr Nas\u00adkre\u00adcki.<br>Source : http:\/\/phil.cdc.gov\/phil\/home.asp | Ther\u00admo-bug<sup>\u00ae<\/sup> GmbH<\/p>\n\n\n\n<p class=\"gb-text\">Ther\u00admo-bug<sup>\u00ae<\/sup> GmbH est une mar\u00adque d\u00e9po\u00ads\u00e9e de Ther\u00admo-bug<sup>\u00ae<\/sup> GmbH,<br>Felix-Wan\u00adkel-Stra\u00ad\u00dfe 17, 88339 Bad Wald\u00adsee<\/p>\n<\/div>\n<\/div>\n","protected":false},"excerpt":{"rendered":"<p>Men\u00adti\u00adons l\u00e9ga\u00adles Ther\u00ad\u00admo-bug\u00ae GmbH\u00adFe\u00adlix-Wan\u00adkel-Stra\u00ad\u00ad\u00dfe 1788339 Bad Wald\u00adseeT\u00e9l\u00e9\u00adpho\u00adne :&nbsp;+49 (0) 75 24\u200a\u2013\u200a4 01 17\u200a\u2013\u200a27T\u00e9l\u00e9\u00adco\u00adpie : +49 (0) 75 24\u200a\u2013\u200a4 01 17\u200a\u2013\u200a28E\u2011mail :&nbsp;info@thermo-bug.com Direc\u00adteur g\u00e9n\u00e9\u00adral : Thi\u00adlo Flesch\u00adhutTri\u00adbu\u00adnal d\u2019en\u00adre\u00adgis\u00adtre\u00adment : Amts\u00adge\u00adricht UlmNum\u00e9\u00adro HRB : 725650Num\u00e9\u00adro d\u2019i\u00adden\u00adti\u00adfi\u00adca\u00adti\u00adon fis\u00adca\u00adle : 77080\/26843Num\u00e9\u00adro d\u2019i\u00adden\u00adti\u00adfi\u00adca\u00adti\u00adon \u00e0 la TVA con\u00adfor\u00adm\u00e9\u00adment au \u00a7 27 a :DE274682997 Responsable du con\u00adtenu con\u00adfor\u00adm\u00e9\u00adment au \u00a7 55 ali\u00adn\u00e9a \u2026 <a title=\"Mentions l\u00e9gales\" class=\"read-more\" href=\"https:\/\/thermo-bug.de\/fr\/mentions-legales\/\" aria-label=\"En savoir plus sur Mentions l\u00e9gales\">Lire plus<\/a><\/p>\n","protected":false},"author":1,"featured_media":0,"parent":0,"menu_order":101,"comment_status":"closed","ping_status":"closed","template":"","meta":{"wp_typography_post_enhancements_disabled":false,"footnotes":""},"class_list":["post-1336","page","type-page","status-publish"],"_links":{"self":[{"href":"https:\/\/thermo-bug.de\/fr\/wp-json\/wp\/v2\/pages\/1336","targetHints":{"allow":["GET"]}}],"collection":[{"href":"https:\/\/thermo-bug.de\/fr\/wp-json\/wp\/v2\/pages"}],"about":[{"href":"https:\/\/thermo-bug.de\/fr\/wp-json\/wp\/v2\/types\/page"}],"author":[{"embeddable":true,"href":"https:\/\/thermo-bug.de\/fr\/wp-json\/wp\/v2\/users\/1"}],"replies":[{"embeddable":true,"href":"https:\/\/thermo-bug.de\/fr\/wp-json\/wp\/v2\/comments?post=1336"}],"version-history":[{"count":1,"href":"https:\/\/thermo-bug.de\/fr\/wp-json\/wp\/v2\/pages\/1336\/revisions"}],"predecessor-version":[{"id":1337,"href":"https:\/\/thermo-bug.de\/fr\/wp-json\/wp\/v2\/pages\/1336\/revisions\/1337"}],"wp:attachment":[{"href":"https:\/\/thermo-bug.de\/fr\/wp-json\/wp\/v2\/media?parent=1336"}],"curies":[{"name":"wp","href":"https:\/\/api.w.org\/{rel}","templated":true}]}}