{"id":1344,"date":"2025-09-10T09:14:40","date_gmt":"2025-09-10T09:14:40","guid":{"rendered":"https:\/\/thermo-bug.de\/punaises-de-lit-et-autres\/"},"modified":"2026-03-23T08:12:16","modified_gmt":"2026-03-23T08:12:16","slug":"punaises-de-lit-et-autres","status":"publish","type":"page","link":"https:\/\/thermo-bug.de\/fr\/punaises-de-lit-et-autres\/","title":{"rendered":"Punaises de lit et autres"},"content":{"rendered":"\n<div class=\"alignfull\">\n<div class=\"hero-wrap grid-3-bedbugsandco bg-white-gradient\">\n<div class=\"section-text-wrap list-bedbugsco-align-right\">\n<div class=\"max-width-800\">\n<h1 class=\"gb-text\">Punaises de lit, blattes, fourmis et plus<\/h1>\n\n\n\n<h2 class=\"gb-text h2-hero\">Identifier et combattre les parasites<\/h2>\n\n\n\n<p class=\"gb-text\">Des punai\u00adses de lit et blat\u00adtes aux four\u00admis, en pas\u00adsant par les mites ou les vril\u00adlet\u00adtes&nbsp;: plus vous iden\u00adti\u00adfiez et com\u00adbat\u00adtez rapi\u00adde\u00adment les para\u00adsi\u00adtes de mani\u00e8\u00adre cibl\u00e9e, mieux vous pro\u00adt\u00e9\u00adgez la san\u00adt\u00e9, l\u2019hygi\u00e8ne et vot\u00adre inven\u00adtai\u00adre. Nous vous mon\u00adtrons com\u00adment iden\u00adti\u00adfier les para\u00adsi\u00adtes typi\u00adques, trou\u00adver les zones infes\u00adt\u00e9es et quel\u00adles solu\u00adti\u00adons aident vrai\u00adment. <\/p>\n\n\n\n<div class=\"buttons-wrap\">\n<a class=\"gb-text button-primary\" href=\"#bettwanzen\">D\u00e9cou\u00advrez tous les para\u00adsi\u00adtes main\u00adten\u00adant<\/a>\n<\/div>\n<\/div>\n<\/div>\n\n\n\n<div class=\"flex-centered\">\n<img loading=\"lazy\" decoding=\"async\" width=\"500\" height=\"531\" class=\"gb-media-9c4634c8\" alt=\"Grafik einer Bettwanze von oben\" src=\"https:\/\/thermo-bug.de\/wp-content\/uploads\/2025\/09\/thermo-bug-bettwanzen-und-co.png\" srcset=\"https:\/\/thermo-bug.de\/wp-content\/uploads\/2025\/09\/thermo-bug-bettwanzen-und-co.png 500w, https:\/\/thermo-bug.de\/wp-content\/uploads\/2025\/09\/thermo-bug-bettwanzen-und-co-282x300.png 282w\" sizes=\"auto, (max-width: 500px) 100vw, 500px\">\n<\/div>\n\n\n\n<div class=\"section-text-wrap list-bedbugsco-align-left\">\n<div class=\"max-width-800 list-bedbugsco-wrap-list\">\n<div class=\"list-bedbugsco-wrap-list-item\">\n<img decoding=\"async\" class=\"list-bedbugsco-image\" src=\"https:\/\/thermo-bug.de\/wp-content\/uploads\/2025\/09\/thermo-bug-list-icon.svg\" aria-hidden=\"true\">\n\n\n\n<p class=\"gb-text list-bedbugsco-text\"><a href=\"#bettwanzen\">Punai\u00adses de lit<\/a><\/p>\n<\/div>\n\n\n\n<div class=\"list-bedbugsco-wrap-list-item gb-element-e47424e8\">\n<img decoding=\"async\" class=\"list-bedbugsco-image\" src=\"https:\/\/thermo-bug.de\/wp-content\/uploads\/2025\/09\/thermo-bug-list-icon.svg\" aria-hidden=\"true\">\n\n\n\n<p class=\"gb-text list-bedbugsco-text\"><a href=\"#mehlwuermer\">Vers de fari\u00adne<\/a><\/p>\n<\/div>\n\n\n\n<div class=\"list-bedbugsco-wrap-list-item gb-element-2acf1d1a\">\n<img decoding=\"async\" class=\"list-bedbugsco-image\" src=\"https:\/\/thermo-bug.de\/wp-content\/uploads\/2025\/09\/thermo-bug-list-icon.svg\" aria-hidden=\"true\">\n\n\n\n<p class=\"gb-text list-bedbugsco-text\"><a href=\"#ameisen\">Four\u00admis<\/a><\/p>\n<\/div>\n\n\n\n<div class=\"list-bedbugsco-wrap-list-item gb-element-92c7a990\">\n<img decoding=\"async\" class=\"list-bedbugsco-image\" src=\"https:\/\/thermo-bug.de\/wp-content\/uploads\/2025\/09\/thermo-bug-list-icon.svg\" aria-hidden=\"true\">\n\n\n\n<p class=\"gb-text list-bedbugsco-text\"><a href=\"#schaben\">Blat\u00adtes<\/a><\/p>\n<\/div>\n\n\n\n<div class=\"list-bedbugsco-wrap-list-item gb-element-dea6839d\">\n<img decoding=\"async\" class=\"list-bedbugsco-image\" src=\"https:\/\/thermo-bug.de\/wp-content\/uploads\/2025\/09\/thermo-bug-list-icon.svg\" aria-hidden=\"true\">\n\n\n\n<p class=\"gb-text list-bedbugsco-text\"><a href=\"#motten\">Mites<\/a><\/p>\n<\/div>\n\n\n\n<div class=\"list-bedbugsco-wrap-list-item gb-element-46537b47\">\n<img decoding=\"async\" class=\"list-bedbugsco-image\" src=\"https:\/\/thermo-bug.de\/wp-content\/uploads\/2025\/09\/thermo-bug-list-icon.svg\" aria-hidden=\"true\">\n\n\n\n<p class=\"gb-text list-bedbugsco-text\"><a href=\"#floehe\">Puces<\/a><\/p>\n<\/div>\n\n\n\n<div class=\"list-bedbugsco-wrap-list-item gb-element-35ab773d\">\n<img decoding=\"async\" class=\"list-bedbugsco-image\" src=\"https:\/\/thermo-bug.de\/wp-content\/uploads\/2025\/09\/thermo-bug-list-icon.svg\" aria-hidden=\"true\">\n\n\n\n<p class=\"gb-text list-bedbugsco-text\"><a href=\"#holzwuermer\">Vers \u00e0 bois<\/a><\/p>\n<\/div>\n\n\n\n<div class=\"list-bedbugsco-wrap-list-item gb-element-4f4d7428\">\n<img decoding=\"async\" class=\"list-bedbugsco-image\" src=\"https:\/\/thermo-bug.de\/wp-content\/uploads\/2025\/09\/thermo-bug-list-icon.svg\" aria-hidden=\"true\">\n\n\n\n<p class=\"gb-text list-bedbugsco-text\"><a href=\"#staublaeuse\">Pso\u00adques<\/a><\/p>\n<\/div>\n\n\n\n<div class=\"list-bedbugsco-wrap-list-item\">\n<img decoding=\"async\" class=\"list-bedbugsco-image\" src=\"https:\/\/thermo-bug.de\/wp-content\/uploads\/2025\/09\/thermo-bug-list-icon.svg\" aria-hidden=\"true\">\n\n\n\n<p class=\"gb-text list-bedbugsco-text\"><a href=\"#teppichkaefer\">Anthr\u00e8\u00adnes des tapis<\/a><\/p>\n<\/div>\n<\/div>\n<\/div>\n<\/div>\n\n\n\n<div class=\"section-wrap\" id=\"bettwanzen\">\n<div class=\"section-image-wrap gb-element-e6a8092c\"><\/div>\n\n\n\n<div class=\"section-text-wrap\">\n<div class=\"max-width-800\">\n<h2 class=\"gb-text\">Punaises de lit<\/h2>\n\n\n\n<p class=\"gb-text\">Les punai\u00adses de lit sont des suce\u00adurs de sang noc\u00adturnes qui se cachent de pr\u00e9\u00adf\u00e9\u00adrence pr\u00e8s des lits et piquent les gens pen\u00addant leur som\u00admeil. Elles lais\u00adsent des traces de piq\u00fb\u00adres qui d\u00e9man\u00adgent et peu\u00advent se pro\u00adpa\u00adger rapi\u00adde\u00adment. La lut\u00adte n\u00e9ces\u00adsi\u00adte un net\u00adto\u00adya\u00adge en pro\u00adfon\u00addeur et sou\u00advent un trai\u00adte\u00adment anti\u00adpa\u00adra\u00adsi\u00adtaire pro\u00adfes\u00adsi\u00adon\u00adnel.  <\/p>\n\n\n\n<div class=\"buttons-wrap\">\n<a class=\"gb-text button-primary\" href=\"https:\/\/thermo-bug.de\/fr\/punaises-de-lit-et-autres\/punaises-de-lit\/\">En savoir plus sur les punai\u00adses de lit<\/a>\n<\/div>\n<\/div>\n<\/div>\n<\/div>\n\n\n\n<div class=\"section-wrap\" id=\"mehlwuermer\">\n<div class=\"section-text-wrap\">\n<div class=\"max-width-800\">\n<h2 class=\"gb-text\">Vers de farine<\/h2>\n\n\n\n<p class=\"gb-text\">Les vers de fari\u00adne sont les lar\u00adves du t\u00e9n\u00e9\u00adbri\u00adon meu\u00adnier et infes\u00adtent les pro\u00advi\u00adsi\u00adons com\u00adme la fari\u00adne, les c\u00e9r\u00e9a\u00adles ou les ali\u00adments pour ani\u00admaux. Ils lais\u00adsent des excr\u00e9\u00adments et des toi\u00adles, ce qui rend les ali\u00adments inutili\u00adsables. Un net\u00adto\u00adya\u00adge et une \u00e9li\u00admi\u00adna\u00adti\u00adon con\u00ads\u00e9\u00adquents des pro\u00advi\u00adsi\u00adons infes\u00adt\u00e9es sont n\u00e9ces\u00adsaires pour s\u2019en d\u00e9bar\u00adras\u00adser.  <\/p>\n\n\n\n<div class=\"buttons-wrap\">\n<a class=\"gb-text button-primary\" href=\"https:\/\/thermo-bug.de\/fr\/punaises-de-lit-et-autres\/vers-de-farine\/\">En savoir plus sur les vers de fari\u00adne<\/a>\n<\/div>\n<\/div>\n<\/div>\n\n\n\n<div class=\"section-image-wrap gb-element-7c7bf038\"><\/div>\n<\/div>\n\n\n\n<div class=\"section-wrap\" id=\"ameisen\">\n<div class=\"section-image-wrap gb-element-e5c8d64b\"><\/div>\n\n\n\n<div class=\"section-text-wrap\">\n<div class=\"max-width-800\">\n<h2 class=\"gb-text\">Fourmis<\/h2>\n\n\n\n<p class=\"gb-text\">Les four\u00admis p\u00e9n\u00e8t\u00adrent dans les mai\u00adsons \u00e0 la recher\u00adche de nour\u00adri\u00adtu\u00adre et peu\u00advent y for\u00admer des chem\u00adins ten\u00adaces. Cer\u00adtai\u00adnes esp\u00e8\u00adces, com\u00adme la four\u00admi pha\u00adraon, trans\u00admet\u00adtent m\u00eame des ger\u00admes. L\u2019\u00e9tanch\u00e9it\u00e9 des acc\u00e8s et l\u2019\u00e9limination des sources de nour\u00adri\u00adtu\u00adre sont des cont\u00adre-mesu\u00adres importan\u00adtes.  <\/p>\n\n\n\n<div class=\"buttons-wrap\">\n<a class=\"gb-text button-primary\" href=\"https:\/\/thermo-bug.de\/fr\/punaises-de-lit-et-autres\/fourmis\/\">En savoir plus sur les four\u00admis<\/a>\n<\/div>\n<\/div>\n<\/div>\n<\/div>\n\n\n\n<div class=\"section-wrap\" id=\"schaben\">\n<div class=\"section-text-wrap\">\n<div class=\"max-width-800\">\n<h2 class=\"gb-text\">Blattes<\/h2>\n\n\n\n<p class=\"gb-text\">Les blat\u00adtes (cafards) sont tr\u00e8s r\u00e9sistan\u00adtes et pro\u00adpagent des agents patho\u00adg\u00e8\u00adnes ain\u00adsi que des odeurs d\u00e9s\u00adag\u00adr\u00e9\u00ada\u00adbles. Elles se cachent dans des zones som\u00adbres et chau\u00addes et sont g\u00e9n\u00e9\u00adra\u00adle\u00adment un signe de man\u00adque d\u2019hygi\u00e8ne. La lut\u00adte ne r\u00e9us\u00adsit sou\u00advent qu\u2019avec un sou\u00adti\u00aden pro\u00adfes\u00adsi\u00adon\u00adnel.  <\/p>\n\n\n\n<div class=\"buttons-wrap\">\n<a class=\"gb-text button-primary\" href=\"https:\/\/thermo-bug.de\/fr\/punaises-de-lit-et-autres\/blattes\/\">En savoir plus sur les blat\u00adtes<\/a>\n<\/div>\n<\/div>\n<\/div>\n\n\n\n<div class=\"section-image-wrap gb-element-845f438e\"><\/div>\n<\/div>\n\n\n\n<div class=\"section-wrap\" id=\"motten\">\n<div class=\"section-image-wrap gb-element-a18f3179\"><\/div>\n\n\n\n<div class=\"section-text-wrap\">\n<div class=\"max-width-800\">\n<h2 class=\"gb-text\">Mites<\/h2>\n\n\n\n<p class=\"gb-text\">Les mites peu\u00advent infes\u00adter les pro\u00advi\u00adsi\u00adons ou les tex\u00adti\u00adles et y d\u00e9po\u00adser leurs lar\u00adves. Les mites ali\u00admen\u00adtai\u00adres g\u00e2tent la nour\u00adri\u00adtu\u00adre, tan\u00addis que les mites ves\u00adti\u00admen\u00adtai\u00adres d\u00e9trui\u00adsent la lai\u00adne, la soie ou les fourr\u00adures. La pro\u00adpre\u00adt\u00e9, le stocka\u00adge her\u00adm\u00e9\u00adtique et, le cas \u00e9ch\u00e9\u00adant, les pi\u00e8\u00adges \u00e0 ph\u00e9\u00adro\u00admo\u00adnes aident \u00e0 la lut\u00adte.  <\/p>\n\n\n\n<div class=\"buttons-wrap\">\n<a class=\"gb-text button-primary\" href=\"https:\/\/thermo-bug.de\/fr\/punaises-de-lit-et-autres\/mites\/\">En savoir plus sur les mites<\/a>\n<\/div>\n<\/div>\n<\/div>\n<\/div>\n\n\n\n<div class=\"section-wrap\" id=\"floehe\">\n<div class=\"section-text-wrap\">\n<div class=\"max-width-800\">\n<h2 class=\"gb-text\">Puces<\/h2>\n\n\n\n<p class=\"gb-text\">Les puces sont des para\u00adsi\u00adtes suce\u00adurs de sang qui infes\u00adtent g\u00e9n\u00e9\u00adra\u00adle\u00adment les ani\u00admaux domes\u00adti\u00adques, mais piquent aus\u00adsi les humains. Elles pro\u00advo\u00adquent des piq\u00fb\u00adres qui d\u00e9man\u00adgent et peu\u00advent trans\u00admett\u00adre des mala\u00addies. Un net\u00adto\u00adya\u00adge minu\u00adti\u00adeux \u00e0 l\u2019aspirateur, le lava\u00adge des tex\u00adti\u00adles et le trai\u00adte\u00adment des ani\u00admaux sont n\u00e9ces\u00adsaires.  <\/p>\n\n\n\n<div class=\"buttons-wrap\">\n<a class=\"gb-text button-primary\" href=\"https:\/\/thermo-bug.de\/fr\/punaises-de-lit-et-autres\/puces\/\">En savoir plus sur les puces<\/a>\n<\/div>\n<\/div>\n<\/div>\n\n\n\n<div class=\"section-image-wrap gb-element-ef7e009e\"><\/div>\n<\/div>\n\n\n\n<div class=\"section-wrap\" id=\"holzwuermer\">\n<div class=\"section-image-wrap gb-element-b06d4920\"><\/div>\n\n\n\n<div class=\"section-text-wrap\">\n<div class=\"max-width-800\">\n<h2 class=\"gb-text\">Vers \u00e0 bois<\/h2>\n\n\n\n<p class=\"gb-text\">Les vril\u00adlet\u00adtes sont les lar\u00adves du vril\u00adlet\u00adte com\u00admu\u00adne et creu\u00adsent de fines gale\u00adries dans le bois. Elles affai\u00adblis\u00adsent les meubles, les por\u00adtes ou les pou\u00adt\u00adres \u00e0 long ter\u00adme. La lut\u00adte se fait sou\u00advent par des pro\u00adduits de pro\u00adtec\u00adtion du bois sp\u00e9\u00adciaux ou des pro\u00adc\u00e9\u00add\u00e9s ther\u00admi\u00adques.  <\/p>\n\n\n\n<div class=\"buttons-wrap\">\n<a class=\"gb-text button-primary\" href=\"https:\/\/thermo-bug.de\/fr\/punaises-de-lit-et-autres\/vers-a-bois\/\">En savoir plus sur les vril\u00adlet\u00adtes<\/a>\n<\/div>\n<\/div>\n<\/div>\n<\/div>\n\n\n\n<div class=\"section-wrap\" id=\"staublaeuse\">\n<div class=\"section-text-wrap\">\n<div class=\"max-width-800\">\n<h2 class=\"gb-text\">Psoques<\/h2>\n\n\n\n<p class=\"gb-text\">Les pso\u00adques sont de petits insec\u00adtes inof\u00adfen\u00adsifs qui pr\u00e9\u00adf\u00e8\u00adrent les envi\u00adron\u00adne\u00adments humi\u00addes et chauds. Ils se nour\u00adris\u00adsent de moi\u00adsis\u00adsu\u00adres et appa\u00adrais\u00adsent sou\u00advent en cas d\u2019humidit\u00e9 trop \u00e9le\u00adv\u00e9e. L\u2019a\u00e9ration et la d\u00e9s\u00adhu\u00admi\u00addi\u00adfi\u00adca\u00adti\u00adon des pi\u00e8\u00adces r\u00e9sol\u00advent g\u00e9n\u00e9\u00adra\u00adle\u00adment le pro\u00adbl\u00e8\u00adme.  <\/p>\n\n\n\n<div class=\"buttons-wrap\">\n<a class=\"gb-text button-primary\" href=\"https:\/\/thermo-bug.de\/fr\/punaises-de-lit-et-autres\/psoques\/\">En savoir plus sur les pso\u00adques<\/a>\n<\/div>\n<\/div>\n<\/div>\n\n\n\n<div class=\"section-image-wrap gb-element-3aba9990\"><\/div>\n<\/div>\n\n\n\n<div class=\"section-wrap\" id=\"teppichkaefer\">\n<div class=\"section-image-wrap gb-element-a81103b6\"><\/div>\n\n\n\n<div class=\"section-text-wrap\">\n<div class=\"max-width-800\">\n<h2 class=\"gb-text\">Anthr\u00e8nes des tapis<\/h2>\n\n\n\n<p class=\"gb-text\">Les anthr\u00e8\u00adnes des tapis sont des para\u00adsi\u00adtes mat\u00e9\u00adri\u00adels dont les lar\u00adves d\u00e9trui\u00adsent la lai\u00adne, les fourr\u00adures et les tapis. Elles lais\u00adsent des zones d\u00e9nu\u00add\u00e9es et de fins res\u00adtes de mue. Un pas\u00adsa\u00adge r\u00e9gu\u00adlier de l\u2019aspirateur et un net\u00adto\u00adya\u00adge r\u00e9gu\u00adlier ain\u00adsi que l\u2019\u00e9limination des mat\u00e9\u00adriaux infes\u00adt\u00e9s aident \u00e0 la pr\u00e9\u00adven\u00adti\u00adon.  <\/p>\n\n\n\n<div class=\"buttons-wrap\">\n<a class=\"gb-text button-primary\" href=\"https:\/\/thermo-bug.de\/fr\/punaises-de-lit-et-autres\/anthrenes-des-tapis\/\">En savoir plus sur les anthr\u00e8\u00adnes des tapis<\/a>\n<\/div>\n<\/div>\n<\/div>\n<\/div>\n\n\n\n<div class=\"cta-wrap\">\n<div class=\"max-width-800\">\n<h2 class=\"gb-text\">Votre solution contre les punaises de lit<\/h2>\n\n\n\n<p class=\"gb-text\">Que ce soit pour les pro\u00adfes\u00adsi\u00adon\u00adnels, les ent\u00adre\u00adpri\u00adses ou les par\u00adti\u00adcu\u00adliers, pro\u00adfi\u00adtez de la tech\u00adno\u00adlo\u00adgie ther\u00admi\u00adque inno\u00advan\u00adte qui com\u00adbat les nui\u00adsi\u00adbles dura\u00adblem\u00adent et sans pro\u00adduits chi\u00admi\u00adques. Choi\u00adsis\u00adsez l\u2019option adap\u00adt\u00e9e \u00e0 vos beso\u00adins.<\/p>\n\n\n\n<a class=\"gb-text button-primary\" href=\"https:\/\/thermo-bug.de\/thermo-bug-nutzen\/\">Uti\u00adli\u00adser Ther\u00admo-bug\u00ae main\u00adten\u00adant<\/a>\n<\/div>\n<\/div>\n<\/div>\n","protected":false},"excerpt":{"rendered":"<p>Punai\u00adses de lit, blat\u00adtes, four\u00admis et plus Iden\u00adti\u00adfier et com\u00adb\u00adatt\u00adre les para\u00adsi\u00adtes Des punai\u00adses de lit et blat\u00adtes aux four\u00admis, en pas\u00adsant par les mites ou les vril\u00adlet\u00adtes&nbsp;: plus vous iden\u00adti\u00adfiez et com\u00adbat\u00adtez rapi\u00adde\u00adment les para\u00adsi\u00adtes de mani\u00e8\u00adre cibl\u00e9e, mieux vous pro\u00adt\u00e9\u00adgez la san\u00adt\u00e9, l\u2019hygi\u00e8ne et vot\u00adre inven\u00adtai\u00adre. Nous vous mon\u00adtrons com\u00adment iden\u00adti\u00adfier les para\u00adsi\u00adtes \u2026 <a title=\"Punaises de lit et autres\" class=\"read-more\" href=\"https:\/\/thermo-bug.de\/fr\/punaises-de-lit-et-autres\/\" aria-label=\"En savoir plus sur Punaises de lit et autres\">Lire plus<\/a><\/p>\n","protected":false},"author":1,"featured_media":0,"parent":0,"menu_order":4,"comment_status":"closed","ping_status":"closed","template":"","meta":{"wp_typography_post_enhancements_disabled":false,"footnotes":""},"class_list":["post-1344","page","type-page","status-publish"],"_links":{"self":[{"href":"https:\/\/thermo-bug.de\/fr\/wp-json\/wp\/v2\/pages\/1344","targetHints":{"allow":["GET"]}}],"collection":[{"href":"https:\/\/thermo-bug.de\/fr\/wp-json\/wp\/v2\/pages"}],"about":[{"href":"https:\/\/thermo-bug.de\/fr\/wp-json\/wp\/v2\/types\/page"}],"author":[{"embeddable":true,"href":"https:\/\/thermo-bug.de\/fr\/wp-json\/wp\/v2\/users\/1"}],"replies":[{"embeddable":true,"href":"https:\/\/thermo-bug.de\/fr\/wp-json\/wp\/v2\/comments?post=1344"}],"version-history":[{"count":5,"href":"https:\/\/thermo-bug.de\/fr\/wp-json\/wp\/v2\/pages\/1344\/revisions"}],"predecessor-version":[{"id":2251,"href":"https:\/\/thermo-bug.de\/fr\/wp-json\/wp\/v2\/pages\/1344\/revisions\/2251"}],"wp:attachment":[{"href":"https:\/\/thermo-bug.de\/fr\/wp-json\/wp\/v2\/media?parent=1344"}],"curies":[{"name":"wp","href":"https:\/\/api.w.org\/{rel}","templated":true}]}}