{"id":1404,"date":"2025-09-10T09:20:31","date_gmt":"2025-09-10T09:20:31","guid":{"rendered":"https:\/\/thermo-bug.de\/domaines-dapplication\/etablissement-penitentiaire\/"},"modified":"2026-03-20T11:12:53","modified_gmt":"2026-03-20T11:12:53","slug":"etablissement-penitentiaire","status":"publish","type":"page","link":"https:\/\/thermo-bug.de\/fr\/domaines-dapplication\/etablissement-penitentiaire\/","title":{"rendered":"\u00c9tablissement p\u00e9nitentiaire"},"content":{"rendered":"\n<div class=\"alignfull\">\n<div class=\"hero-wrap\">\n<div class=\"section-text-wrap\">\n<div class=\"max-width-800\">\n<h1 class=\"gb-text\">Punaises de lit dans les prisons<\/h1>\n\n\n\n<h2 class=\"gb-text h2-hero\">Comment les combattre ?<\/h2>\n\n\n\n<p class=\"gb-text\">Lut\u00adte rapi\u00adde et sans pro\u00adduits chi\u00admi\u00adques cont\u00adre les punai\u00adses de lit pour les \u00e9ta\u00adblis\u00adse\u00adments p\u00e9ni\u00adten\u00adti\u00adai\u00adres. Ther\u00admo-bug\u00ae \u00e9li\u00admi\u00adne les punai\u00adses de lit et aut\u00adres para\u00adsi\u00adtes silen\u00adcieu\u00adse\u00adment, rapi\u00adde\u00adment et dis\u00adcr\u00e8\u00adte\u00adment gr\u00e2ce \u00e0 la chaleur. App\u00adre\u00adnez-en davan\u00adta\u00adge d\u00e8s main\u00adten\u00adant !  <\/p>\n\n\n\n<div class=\"buttons-wrap\">\n<a class=\"gb-text button-primary\" href=\"#info\">En savoir plus<\/a>\n<\/div>\n<\/div>\n<\/div>\n\n\n\n<div class=\"section-image-wrap hero-image gb-element-02660d31\"><\/div>\n<\/div>\n\n\n\n<div class=\"inhalt-wrap\" id=\"info\">\n<div class=\"container-text\">\n<div class=\"gb-text inhalt-title\">Con\u00adtenu<\/div>\n\n\n\n<div class=\"list-wrap\">\n<div class=\"list-item-wrap\">\n<img decoding=\"async\" class=\"list-item-image\" src=\"https:\/\/thermo-bug.de\/wp-content\/uploads\/2025\/09\/thermo-bug-list-icon.svg\" aria-hidden=\"true\">\n\n\n\n<div class=\"list-item-text-wrap\">\n<p class=\"gb-text list-item-text ag-list-link\"><a href=\"#wieso\">Com\u00adment une infe\u00adsta\u00adti\u00adon se pro\u00adduit-elle dans un \u00e9ta\u00adblis\u00adse\u00adment p\u00e9ni\u00adten\u00adti\u00adai\u00adre ?<\/a><\/p>\n<\/div>\n<\/div>\n\n\n\n<div class=\"list-item-wrap\">\n<img decoding=\"async\" class=\"list-item-image\" src=\"https:\/\/thermo-bug.de\/wp-content\/uploads\/2025\/09\/thermo-bug-list-icon.svg\" aria-hidden=\"true\">\n\n\n\n<div class=\"list-item-text-wrap\">\n<p class=\"gb-text list-item-text ag-list-link\"><a href=\"#befall-erkennen\">Com\u00adment recon\u00adna\u00eet\u00adre les punai\u00adses de lit dans un \u00e9ta\u00adblis\u00adse\u00adment p\u00e9ni\u00adten\u00adti\u00adai\u00adre ?<\/a><\/p>\n<\/div>\n<\/div>\n\n\n\n<div class=\"list-item-wrap\">\n<img decoding=\"async\" class=\"list-item-image\" src=\"https:\/\/thermo-bug.de\/wp-content\/uploads\/2025\/09\/thermo-bug-list-icon.svg\" aria-hidden=\"true\">\n\n\n\n<div class=\"list-item-text-wrap\">\n<p class=\"gb-text list-item-text ag-list-link\"><a href=\"#folgen\">Quel\u00adles sont les con\u00ads\u00e9\u00adquen\u00adces d\u2019u\u00adne infe\u00adsta\u00adti\u00adon dans un \u00e9ta\u00adblis\u00adse\u00adment p\u00e9ni\u00adten\u00adti\u00adai\u00adre ?<\/a><\/p>\n<\/div>\n<\/div>\n\n\n\n<div class=\"list-item-wrap\">\n<img decoding=\"async\" class=\"list-item-image\" src=\"https:\/\/thermo-bug.de\/wp-content\/uploads\/2025\/09\/thermo-bug-list-icon.svg\" aria-hidden=\"true\">\n\n\n\n<div class=\"list-item-text-wrap\">\n<p class=\"gb-text list-item-text ag-list-link\"><a href=\"#thermo-bug\">Ther\u00admo-bug\u00ae com\u00adme solu\u00adti\u00adon effi\u00adcace pour les \u00e9ta\u00adblis\u00adse\u00adments p\u00e9ni\u00adten\u00adti\u00adai\u00adres<\/a><\/p>\n<\/div>\n<\/div>\n<\/div>\n<\/div>\n<\/div>\n\n\n\n<div class=\"spacing flex-centered\">\n<div class=\"container-text\" id=\"wieso\">\n<h2 class=\"gb-text\">Comment une infestation se produit-elle dans un \u00e9tablissement p\u00e9nitentiaire ?<\/h2>\n\n\n\n<p class=\"gb-text\">Les punai\u00adses de lit peu\u00advent \u00e9ga\u00adle\u00adment se pro\u00adpa\u00adger dans les \u00e9ta\u00adblis\u00adse\u00adments p\u00e9ni\u00adten\u00adti\u00adai\u00adres. Les d\u00e9te\u00adnus nou\u00advel\u00adle\u00adment inc\u00adar\u00adc\u00e9\u00adr\u00e9s peu\u00advent les intro\u00addui\u00adre, tout com\u00adme les objets d\u2019oc\u00adca\u00adsi\u00adon ou m\u00eame les dons. Les con\u00addi\u00adti\u00adons sou\u00advent exi\u00adgu\u00ebs offrent aux para\u00adsi\u00adtes de nombreu\u00adses cachet\u00adtes. Une fois dans l\u2019\u00e9\u00adta\u00adblis\u00adse\u00adment, les punai\u00adses de lit se pro\u00adpagent rapi\u00adde\u00adment dans les pi\u00e8\u00adces adja\u00adcen\u00adtes et les espaces com\u00admuns.   <\/p>\n<\/div>\n\n\n\n<div class=\"container-text\" id=\"befall-erkennen\">\n<h2 class=\"gb-text\">Comment reconna\u00eetre les punaises de lit dans un \u00e9tablissement p\u00e9nitentiaire ?<\/h2>\n\n\n\n<p class=\"gb-text\">Les cel\u00adlu\u00adles et les espaces com\u00admuns offrent de nombreu\u00adses cachet\u00adtes pour les punai\u00adses de lit \u2013 dans un espace rest\u00adreint et avec peu de pos\u00adsi\u00adbi\u00adli\u00adt\u00e9s de repli, l\u2019in\u00adfe\u00adsta\u00adti\u00adon est rapi\u00adde\u00adment remar\u00adqu\u00e9e :<\/p>\n\n\n\n<div class=\"list-wrap\">\n<div class=\"list-item-wrap\">\n<img decoding=\"async\" class=\"list-item-image\" src=\"https:\/\/thermo-bug.de\/wp-content\/uploads\/2025\/09\/thermo-bug-list-icon.svg\" aria-hidden=\"true\">\n\n\n\n<div class=\"list-item-text-wrap\">\n<p class=\"gb-text list-item-title\">Piq\u00fb\u00adres<\/p>\n\n\n\n<p class=\"gb-text list-item-text\">Plain\u00adtes r\u00e9p\u00e9\u00adt\u00e9es des d\u00e9te\u00adnus con\u00adcer\u00adnant des d\u00e9man\u00adge\u00adai\u00adsons ou des r\u00e9ac\u00adtions cuta\u00adn\u00e9es.<\/p>\n<\/div>\n<\/div>\n\n\n\n<div class=\"list-item-wrap\">\n<img decoding=\"async\" class=\"list-item-image\" src=\"https:\/\/thermo-bug.de\/wp-content\/uploads\/2025\/09\/thermo-bug-list-icon.svg\" aria-hidden=\"true\">\n\n\n\n<div class=\"list-item-text-wrap\">\n<p class=\"gb-text list-item-title gb-text-4080977d\">Traces<\/p>\n\n\n\n<p class=\"gb-text list-item-text\">Les taches sur les mate\u00adlas, les v\u00eate\u00adments ou \u00e0 pro\u00adxi\u00admi\u00adt\u00e9 des murs indi\u00adquent une infe\u00adsta\u00adti\u00adon.<\/p>\n<\/div>\n<\/div>\n\n\n\n<div class=\"list-item-wrap\">\n<img decoding=\"async\" class=\"list-item-image\" src=\"https:\/\/thermo-bug.de\/wp-content\/uploads\/2025\/09\/thermo-bug-list-icon.svg\" aria-hidden=\"true\">\n\n\n\n<div class=\"list-item-text-wrap\">\n<p class=\"gb-text list-item-title gb-text-0b5cb971\">Cachet\u00adtes<\/p>\n\n\n\n<p class=\"gb-text list-item-text\">Les fis\u00adsu\u00adres dans les lits, les casiers ou les volets sont des lieux de retrai\u00adte popu\u00adlai\u00adres.<\/p>\n<\/div>\n<\/div>\n\n\n\n<div class=\"list-item-wrap\">\n<img decoding=\"async\" class=\"list-item-image\" src=\"https:\/\/thermo-bug.de\/wp-content\/uploads\/2025\/09\/thermo-bug-list-icon.svg\" aria-hidden=\"true\">\n\n\n\n<div class=\"list-item-text-wrap\">\n<p class=\"gb-text list-item-title gb-text-43a8afb0\">Trans\u00adport<\/p>\n\n\n\n<p class=\"gb-text list-item-text\">Les nou\u00adveaux d\u00e9te\u00adnus ou les visi\u00adteurs peu\u00advent invo\u00adlon\u00adtai\u00adre\u00adment intro\u00addui\u00adre des punai\u00adses.<\/p>\n<\/div>\n<\/div>\n<\/div>\n\n\n\n<p class=\"gb-text\">Des inspec\u00adtions visu\u00adel\u00adles r\u00e9gu\u00adli\u00e8\u00adres et des voies de signa\u00adle\u00adment clai\u00adres faci\u00adli\u00adtent une r\u00e9ac\u00adtion rapi\u00adde. Les ron\u00addes de con\u00adtr\u00f4\u00adle et les retours du per\u00adson\u00adnel sont des sources d\u2019in\u00adfor\u00adma\u00adti\u00adon cen\u00adtra\u00adles. <\/p>\n<\/div>\n<\/div>\n\n\n\n<div class=\"ag-banner gb-element-78652c9a\"><\/div>\n\n\n\n<div class=\"spacing flex-centered\">\n<div class=\"container-text\" id=\"folgen\">\n<h2 class=\"gb-text\">Quelles sont les cons\u00e9quences d\u2019une infestation dans un \u00e9tablissement p\u00e9nitentiaire ?<\/h2>\n\n\n\n<p class=\"gb-text\">Une infe\u00adsta\u00adti\u00adon de punai\u00adses a diver\u00adses con\u00ads\u00e9\u00adquen\u00adces en mati\u00e8\u00adre de s\u00e9cu\u00adri\u00adt\u00e9 :<\/p>\n\n\n\n<div class=\"list-wrap\">\n<div class=\"list-item-wrap\">\n<img decoding=\"async\" class=\"list-item-image\" src=\"https:\/\/thermo-bug.de\/wp-content\/uploads\/2025\/09\/thermo-bug-list-icon.svg\" aria-hidden=\"true\">\n\n\n\n<div class=\"list-item-text-wrap\">\n<p class=\"gb-text list-item-title\">Stress et agi\u00adta\u00adti\u00adon<\/p>\n\n\n\n<p class=\"gb-text list-item-text\">Les piq\u00fb\u00adres et la peur de la pro\u00adpa\u00adga\u00adti\u00adon peu\u00advent favo\u00adri\u00adser les con\u00adflits, ce qui ent\u00adra\u00ee\u00adne un stress pra\u00adtique et psy\u00adcho\u00adlo\u00adgi\u00adque pour tou\u00adtes les per\u00adson\u00adnes con\u00adcer\u00adn\u00e9es.<\/p>\n<\/div>\n<\/div>\n\n\n\n<div class=\"list-item-wrap\">\n<img decoding=\"async\" class=\"list-item-image\" src=\"https:\/\/thermo-bug.de\/wp-content\/uploads\/2025\/09\/thermo-bug-list-icon.svg\" aria-hidden=\"true\">\n\n\n\n<div class=\"list-item-text-wrap\">\n<p class=\"gb-text list-item-title gb-text-6497d9b1\">S\u00e9cu\u00adri\u00adt\u00e9<\/p>\n\n\n\n<p class=\"gb-text list-item-text\">Les chan\u00adge\u00adments de cel\u00adlu\u00adle ou les relo\u00adge\u00adments fr\u00e9\u00adquents per\u00adtur\u00adbent le d\u00e9rou\u00adle\u00adment ordon\u00adn\u00e9 de la d\u00e9ten\u00adti\u00adon.<\/p>\n<\/div>\n<\/div>\n\n\n\n<div class=\"list-item-wrap\">\n<img decoding=\"async\" class=\"list-item-image\" src=\"https:\/\/thermo-bug.de\/wp-content\/uploads\/2025\/09\/thermo-bug-list-icon.svg\" aria-hidden=\"true\">\n\n\n\n<div class=\"list-item-text-wrap\">\n<p class=\"gb-text list-item-title gb-text-779d40e3\">Hygi\u00e8\u00adne<\/p>\n\n\n\n<p class=\"gb-text list-item-text\">Une infe\u00adsta\u00adti\u00adon est con\u00adsid\u00e9\u00adr\u00e9e com\u00adme un man\u00adquement \u2013 avec des con\u00ads\u00e9\u00adquen\u00adces juri\u00addi\u00adques pos\u00adsi\u00adbles.<\/p>\n<\/div>\n<\/div>\n\n\n\n<div class=\"list-item-wrap\">\n<img decoding=\"async\" class=\"list-item-image\" src=\"https:\/\/thermo-bug.de\/wp-content\/uploads\/2025\/09\/thermo-bug-list-icon.svg\" aria-hidden=\"true\">\n\n\n\n<div class=\"list-item-text-wrap\">\n<p class=\"gb-text list-item-title gb-text-5bb04c03\">Per\u00adson\u00adnel<\/p>\n\n\n\n<p class=\"gb-text list-item-text\">Aug\u00admen\u00adta\u00adti\u00adon des efforts de net\u00adto\u00adya\u00adge, de logis\u00adtique et de com\u00admu\u00adni\u00adca\u00adti\u00adon.<\/p>\n<\/div>\n<\/div>\n<\/div>\n\n\n\n<p class=\"gb-text\">Une action dis\u00adcr\u00e8\u00adte et effi\u00adcace main\u00adti\u00adent l\u2019ord\u00adre dans le domaine sen\u00adsi\u00adble de la jus\u00adti\u00adce.<\/p>\n<\/div>\n\n\n\n<div class=\"container-text\" id=\"thermo-bug\">\n<h2 class=\"gb-text\">Thermo-bug\u00ae comme solution efficace pour les \u00e9tablissements p\u00e9nitentiaires<\/h2>\n\n\n\n<p class=\"gb-text\">Ther\u00admo-bug\u00ae est id\u00e9\u00adal pour les \u00e9ta\u00adblis\u00adse\u00adments sen\u00adsi\u00adbles tels que les pri\u00adsons : not\u00adre trai\u00adte\u00adment ther\u00admi\u00adque est effec\u00adtu\u00e9 sans uti\u00adli\u00adsa\u00adti\u00adon de pro\u00adduits chi\u00admi\u00adques, de sor\u00adte qu\u2019au\u00adcu\u00adne sub\u00ads\u00adtance toxi\u00adque ne res\u00adte dans les locaux de d\u00e9ten\u00adti\u00adon. Les radia\u00adteurs souf\u00adflants fon\u00adc\u00adtion\u00adnent de mani\u00e8\u00adre qua\u00adsi silen\u00adcieu\u00adse et per\u00adtur\u00adbent \u00e0 pei\u00adne le fon\u00adc\u00adtion\u00adne\u00adment de la pri\u00adson. En quel\u00adques heu\u00adres, tou\u00adtes les punai\u00adses de lit et aut\u00adres para\u00adsi\u00adtes sont \u00e9li\u00admi\u00adn\u00e9s de mani\u00e8\u00adre fia\u00adble, et les locaux sont sou\u00advent \u00e0 nou\u00adveau dis\u00adpo\u00adnibles apr\u00e8s une cour\u00adte p\u00e9ri\u00adode.  <\/p>\n\n\n\n<p class=\"gb-text\">Un grand avan\u00adta\u00adge : lors du trai\u00adte\u00adment ther\u00admi\u00adque, il n\u2019est pas n\u00e9ces\u00adsaire de vider com\u00adpl\u00e8\u00adte\u00adment les cham\u00adbres ou les cou\u00adloirs \u2013 un fon\u00adc\u00adtion\u00adne\u00adment envi\u00adron\u00adnant res\u00adte pos\u00adsi\u00adble. Com\u00adme tous les sta\u00addes de punai\u00adses sont \u00e9ga\u00adle\u00adment tu\u00e9s dans les lits, les meubles rem\u00adbour\u00adr\u00e9s ou les ouver\u00adtures de ven\u00adti\u00adla\u00adti\u00adon, Ther\u00admo-bug\u00ae cr\u00e9e des con\u00addi\u00adti\u00adons de d\u00e9ten\u00adti\u00adon pro\u00adpres et s\u00fbres. <\/p>\n<\/div>\n<\/div>\n\n\n\n<div class=\"cta-wrap\">\n<div class=\"max-width-800\">\n<h2 class=\"gb-text\">Agissez maintenant&nbsp;!<\/h2>\n\n\n\n<h3 class=\"gb-text\">Demander une offre sans engagement pour votre \u00e9tablissement<\/h3>\n\n\n\n<p class=\"gb-text\">N\u2019h\u00e9\u00adsi\u00adtez pas si des punai\u00adses de lit appa\u00adrais\u00adsent : deman\u00addez Ther\u00admo-bug\u00ae imm\u00e9\u00addia\u00adte\u00adment. Nous com\u00adbat\u00adtons l\u2019in\u00adfe\u00adsta\u00adti\u00adon rapi\u00adde\u00adment, en pro\u00adfon\u00addeur et sans poi\u00adson, afin que le fon\u00adc\u00adtion\u00adne\u00adment en souf\u00adfre le moins pos\u00adsi\u00adble. Pro\u00adt\u00e9\u00adgez vot\u00adre \u00e9ta\u00adblis\u00adse\u00adment cont\u00adre les punai\u00adses de lit !  <\/p>\n\n\n\n<a class=\"gb-text button-primary\" href=\"https:\/\/thermo-bug.de\/fr\/utiliser-thermo-bug\/\">Uti\u00adli\u00adser Ther\u00admo-bug\u00ae main\u00adten\u00adant<\/a>\n<\/div>\n<\/div>\n\n\n\n<div class=\"section-wrap\">\n<div class=\"section-image-wrap gb-element-e6a8092c\"><\/div>\n\n\n\n<div class=\"section-text-wrap\">\n<div class=\"max-width-800\">\n<h2 class=\"gb-text\">Thermo-bug\u00ae ne se limite pas aux punaises de lit&nbsp;!<\/h2>\n\n\n\n<p class=\"gb-text\">Les vers de fari\u00adne dans les r\u00e9ser\u00adves ou les poux des liv\u00adres dans les dos\u00adsiers per\u00adtur\u00adbent \u00e9ga\u00adle\u00adment le d\u00e9rou\u00adle\u00adment nor\u00admal. La tech\u00adno\u00adlo\u00adgie Ther\u00admo-bug\u00ae agit lar\u00adge\u00adment cont\u00adre divers para\u00adsi\u00adtes \u2013 dis\u00adcr\u00e8\u00adte\u00adment, effi\u00adca\u00adce\u00adment et sans dan\u00adger pour les per\u00adson\u00adnes ou les mat\u00e9\u00adriaux. <\/p>\n\n\n\n<div class=\"buttons-wrap\">\n<a class=\"gb-text button-primary\" href=\"https:\/\/thermo-bug.de\/fr\/punaises-de-lit-et-autres\/\">D\u00e9cou\u00advrez tous les para\u00adsi\u00adtes main\u00adten\u00adant<\/a>\n<\/div>\n<\/div>\n<\/div>\n<\/div>\n\n\n\n<div class=\"section-wrap\">\n<div class=\"section-text-wrap\">\n<div class=\"max-width-800\">\n<h2 class=\"gb-text\">Efficace dans chaque pi\u00e8ce<\/h2>\n\n\n\n<p class=\"gb-text\">D\u00e9cou\u00advrez d\u2019autres lieux d\u2019utilisation du Ther\u00admo-bug\u00ae&nbsp;:<\/p>\n\n\n\n<div class=\"list-wrap\">\n<div class=\"list-item-wrap\">\n<img decoding=\"async\" class=\"list-item-image\" src=\"https:\/\/thermo-bug.de\/wp-content\/uploads\/2025\/09\/thermo-bug-list-icon.svg\" aria-hidden=\"true\">\n\n\n\n<div class=\"list-item-text-wrap\">\n<p class=\"gb-text list-item-text ag-list-link\"><a href=\"https:\/\/thermo-bug.de\/fr\/domaines-dapplication\/hotel\/\" data-type=\"page\" data-id=\"194\">H\u00f4tel<\/a><\/p>\n<\/div>\n<\/div>\n\n\n\n<div class=\"list-item-wrap\">\n<img decoding=\"async\" class=\"list-item-image\" src=\"https:\/\/thermo-bug.de\/wp-content\/uploads\/2025\/09\/thermo-bug-list-icon.svg\" aria-hidden=\"true\">\n\n\n\n<div class=\"list-item-text-wrap\">\n<p class=\"gb-text list-item-text ag-list-link\"><a href=\"https:\/\/thermo-bug.de\/fr\/domaines-dapplication\/menages-prives\/\" data-type=\"page\" data-id=\"198\">M\u00e9na\u00adges pri\u00adv\u00e9s<\/a><\/p>\n<\/div>\n<\/div>\n\n\n\n<div class=\"list-item-wrap\">\n<img decoding=\"async\" class=\"list-item-image\" src=\"https:\/\/thermo-bug.de\/wp-content\/uploads\/2025\/09\/thermo-bug-list-icon.svg\" aria-hidden=\"true\">\n\n\n\n<div class=\"list-item-text-wrap\">\n<p class=\"gb-text list-item-text ag-list-link\"><a href=\"https:\/\/thermo-bug.de\/fr\/domaines-dapplication\/hebergements-pour-travailleurs\/\" data-type=\"page\" data-id=\"201\">H\u00e9ber\u00adge\u00adments pour tra\u00advail\u00adleurs<\/a><\/p>\n<\/div>\n<\/div>\n\n\n\n<div class=\"list-item-wrap\">\n<img decoding=\"async\" class=\"list-item-image\" src=\"https:\/\/thermo-bug.de\/wp-content\/uploads\/2025\/09\/thermo-bug-list-icon.svg\" aria-hidden=\"true\">\n\n\n\n<div class=\"list-item-text-wrap\">\n<p class=\"gb-text list-item-text ag-list-link\"><a href=\"https:\/\/thermo-bug.de\/fr\/domaines-dapplication\/jardins-denfants-et-ecoles\/\" data-type=\"page\" data-id=\"205\">Jard\u00adins d\u2019enfants et \u00e9co\u00adles<\/a><\/p>\n<\/div>\n<\/div>\n\n\n\n<div class=\"list-item-wrap\">\n<img decoding=\"async\" class=\"list-item-image\" src=\"https:\/\/thermo-bug.de\/wp-content\/uploads\/2025\/09\/thermo-bug-list-icon.svg\" aria-hidden=\"true\">\n\n\n\n<div class=\"list-item-text-wrap\">\n<p class=\"gb-text list-item-text ag-list-link\"><a href=\"https:\/\/thermo-bug.de\/fr\/domaines-dapplication\/hopital\/\" data-type=\"page\" data-id=\"209\">H\u00f4pi\u00adtal<\/a><\/p>\n<\/div>\n<\/div>\n\n\n\n<div class=\"list-item-wrap\">\n<img decoding=\"async\" class=\"list-item-image\" src=\"https:\/\/thermo-bug.de\/wp-content\/uploads\/2025\/09\/thermo-bug-list-icon.svg\" aria-hidden=\"true\">\n\n\n\n<div class=\"list-item-text-wrap\">\n<p class=\"gb-text list-item-text ag-list-link\"><a href=\"https:\/\/thermo-bug.de\/fr\/domaines-dapplication\/residence-pour-personnes-agees\/\" data-type=\"page\" data-id=\"213\">R\u00e9si\u00addence pour per\u00adson\u00adnes \u00e2g\u00e9es<\/a><\/p>\n<\/div>\n<\/div>\n\n\n\n<div class=\"list-item-wrap\">\n<img decoding=\"async\" class=\"list-item-image\" src=\"https:\/\/thermo-bug.de\/wp-content\/uploads\/2025\/09\/thermo-bug-list-icon.svg\" aria-hidden=\"true\">\n\n\n\n<div class=\"list-item-text-wrap\">\n<p class=\"gb-text list-item-text ag-list-link\"><a href=\"https:\/\/thermo-bug.de\/fr\/domaines-dapplication\/hebergement-pour-refugies\/\" data-type=\"page\" data-id=\"217\">H\u00e9ber\u00adge\u00adment pour r\u00e9fu\u00adgi\u00e9s<\/a><\/p>\n<\/div>\n<\/div>\n<\/div>\n\n\n\n<div class=\"buttons-wrap\">\n<a class=\"gb-text button-primary\" href=\"https:\/\/thermo-bug.de\/fr\/domaines-dapplication\/\">D\u00e9cou\u00advr\u00adir tou\u00adtes les pos\u00adsi\u00adbi\u00adli\u00adt\u00e9s d\u2019utilisation<\/a>\n\n\n\n<a class=\"gb-text button-secondary\" href=\"https:\/\/thermo-bug.de\/fr\/utiliser-thermo-bug\/\">Uti\u00adli\u00adser Ther\u00admo-bug<strong>\u00ae<\/strong><\/a>\n<\/div>\n<\/div>\n<\/div>\n\n\n\n<div class=\"section-image-wrap gb-element-7c7bf038\"><\/div>\n<\/div>\n<\/div>\n","protected":false},"excerpt":{"rendered":"<p>Punai\u00adses de lit dans les pri\u00adsons Com\u00adment les com\u00adb\u00adatt\u00adre ? Lut\u00adte rapi\u00adde et sans pro\u00adduits chi\u00admi\u00adques cont\u00adre les punai\u00adses de lit pour les \u00e9ta\u00adblis\u00adse\u00adments p\u00e9ni\u00adten\u00adti\u00adai\u00adres. Ther\u00ad\u00admo-bug\u00ae \u00e9li\u00admi\u00adne les punai\u00adses de lit et aut\u00adres para\u00adsi\u00adtes silen\u00adcieu\u00adse\u00adment, rapi\u00adde\u00adment et dis\u00adcr\u00e8\u00adte\u00adment gr\u00e2ce \u00e0 la chaleur. App\u00ad\u00adre\u00ad\u00adnez-en davan\u00adta\u00adge d\u00e8s main\u00adten\u00adant ! En savoir plus Con\u00adtenu Com\u00adment une infe\u00adsta\u00adti\u00adon se \u2026 <a title=\"\u00c9tablissement p\u00e9nitentiaire\" class=\"read-more\" href=\"https:\/\/thermo-bug.de\/fr\/domaines-dapplication\/etablissement-penitentiaire\/\" aria-label=\"En savoir plus sur \u00c9tablissement p\u00e9nitentiaire\">Lire plus<\/a><\/p>\n","protected":false},"author":1,"featured_media":0,"parent":1175,"menu_order":8,"comment_status":"closed","ping_status":"closed","template":"","meta":{"wp_typography_post_enhancements_disabled":false,"footnotes":""},"class_list":["post-1404","page","type-page","status-publish"],"_links":{"self":[{"href":"https:\/\/thermo-bug.de\/fr\/wp-json\/wp\/v2\/pages\/1404","targetHints":{"allow":["GET"]}}],"collection":[{"href":"https:\/\/thermo-bug.de\/fr\/wp-json\/wp\/v2\/pages"}],"about":[{"href":"https:\/\/thermo-bug.de\/fr\/wp-json\/wp\/v2\/types\/page"}],"author":[{"embeddable":true,"href":"https:\/\/thermo-bug.de\/fr\/wp-json\/wp\/v2\/users\/1"}],"replies":[{"embeddable":true,"href":"https:\/\/thermo-bug.de\/fr\/wp-json\/wp\/v2\/comments?post=1404"}],"version-history":[{"count":5,"href":"https:\/\/thermo-bug.de\/fr\/wp-json\/wp\/v2\/pages\/1404\/revisions"}],"predecessor-version":[{"id":2053,"href":"https:\/\/thermo-bug.de\/fr\/wp-json\/wp\/v2\/pages\/1404\/revisions\/2053"}],"up":[{"embeddable":true,"href":"https:\/\/thermo-bug.de\/fr\/wp-json\/wp\/v2\/pages\/1175"}],"wp:attachment":[{"href":"https:\/\/thermo-bug.de\/fr\/wp-json\/wp\/v2\/media?parent=1404"}],"curies":[{"name":"wp","href":"https:\/\/api.w.org\/{rel}","templated":true}]}}