{"id":1410,"date":"2025-09-10T09:20:15","date_gmt":"2025-09-10T09:20:15","guid":{"rendered":"https:\/\/thermo-bug.de\/domaines-dapplication\/hebergement-pour-refugies\/"},"modified":"2026-03-20T11:09:53","modified_gmt":"2026-03-20T11:09:53","slug":"hebergement-pour-refugies","status":"publish","type":"page","link":"https:\/\/thermo-bug.de\/fr\/domaines-dapplication\/hebergement-pour-refugies\/","title":{"rendered":"H\u00e9bergement pour r\u00e9fugi\u00e9s"},"content":{"rendered":"\n<div class=\"alignfull\">\n<div class=\"hero-wrap\">\n<div class=\"section-text-wrap\">\n<div class=\"max-width-800\">\n<h1 class=\"gb-text\">Punaises de lit dans un h\u00e9bergement pour r\u00e9fugi\u00e9s<\/h1>\n\n\n\n<h2 class=\"gb-text h2-hero\">Que faire&nbsp;?<\/h2>\n\n\n\n<p class=\"gb-text\">Lut\u00adte effi\u00adcace et non toxi\u00adque cont\u00adre les punai\u00adses de lit pour les foy\u00aders de r\u00e9fu\u00adgi\u00e9s. Ther\u00admo-bug\u00ae \u00e9li\u00admi\u00adne rapi\u00adde\u00adment et dis\u00adcr\u00e8\u00adte\u00adment les punai\u00adses de lit par la chaleur, sans mett\u00adre en dan\u00adger les r\u00e9si\u00addents. En savoir plus&nbsp;!  <\/p>\n\n\n\n<div class=\"buttons-wrap\">\n<a class=\"gb-text button-primary\" href=\"#info\">En savoir plus<\/a>\n<\/div>\n<\/div>\n<\/div>\n\n\n\n<div class=\"section-image-wrap hero-image gb-element-02660d31\"><\/div>\n<\/div>\n\n\n\n<div class=\"inhalt-wrap\" id=\"info\">\n<div class=\"container-text\">\n<div class=\"gb-text inhalt-title\">Con\u00adtenu<\/div>\n\n\n\n<div class=\"list-wrap\">\n<div class=\"list-item-wrap\">\n<img decoding=\"async\" class=\"list-item-image\" src=\"https:\/\/thermo-bug.de\/wp-content\/uploads\/2025\/09\/thermo-bug-list-icon.svg\" aria-hidden=\"true\">\n\n\n\n<div class=\"list-item-text-wrap\">\n<p class=\"gb-text list-item-text ag-list-link\"><a href=\"#wieso\">Com\u00adment une infe\u00adsta\u00adti\u00adon se pro\u00adduit-elle dans un h\u00e9ber\u00adge\u00adment pour r\u00e9fu\u00adgi\u00e9s&nbsp;?<\/a><\/p>\n<\/div>\n<\/div>\n\n\n\n<div class=\"list-item-wrap\">\n<img decoding=\"async\" class=\"list-item-image\" src=\"https:\/\/thermo-bug.de\/wp-content\/uploads\/2025\/09\/thermo-bug-list-icon.svg\" aria-hidden=\"true\">\n\n\n\n<div class=\"list-item-text-wrap\">\n<p class=\"gb-text list-item-text ag-list-link\"><a href=\"#befall-erkennen\">Com\u00adment recon\u00adna\u00eet\u00adre les punai\u00adses de lit dans les h\u00e9ber\u00adge\u00adments coll\u00adec\u00adtifs&nbsp;?<\/a><\/p>\n<\/div>\n<\/div>\n\n\n\n<div class=\"list-item-wrap\">\n<img decoding=\"async\" class=\"list-item-image\" src=\"https:\/\/thermo-bug.de\/wp-content\/uploads\/2025\/09\/thermo-bug-list-icon.svg\" aria-hidden=\"true\">\n\n\n\n<div class=\"list-item-text-wrap\">\n<p class=\"gb-text list-item-text ag-list-link\"><a href=\"#folgen\">Quel\u00adles sont les con\u00ads\u00e9\u00adquen\u00adces d\u2019une infe\u00adsta\u00adti\u00adon de punai\u00adses de lit dans les h\u00e9ber\u00adge\u00adments&nbsp;?<\/a><\/p>\n<\/div>\n<\/div>\n\n\n\n<div class=\"list-item-wrap\">\n<img decoding=\"async\" class=\"list-item-image\" src=\"https:\/\/thermo-bug.de\/wp-content\/uploads\/2025\/09\/thermo-bug-list-icon.svg\" aria-hidden=\"true\">\n\n\n\n<div class=\"list-item-text-wrap\">\n<p class=\"gb-text list-item-text ag-list-link\"><a href=\"#thermo-bug\">Ther\u00admo-bug\u00ae com\u00adme solu\u00adti\u00adon effi\u00adcace pour les h\u00e9ber\u00adge\u00adments de r\u00e9fu\u00adgi\u00e9s<\/a><\/p>\n<\/div>\n<\/div>\n<\/div>\n<\/div>\n<\/div>\n\n\n\n<div class=\"spacing flex-centered\">\n<div class=\"container-text\" id=\"wieso\">\n<h2 class=\"gb-text\">Comment une infestation se produit-elle dans un h\u00e9bergement pour r\u00e9fugi\u00e9s&nbsp;?<\/h2>\n\n\n\n<p class=\"gb-text\">Les punai\u00adses de lit sont des \u00ab&nbsp;invi\u00adt\u00e9s voy\u00ada\u00adge\u00adurs&nbsp;\u00bb et arri\u00advent dis\u00adcr\u00e8\u00adte\u00adment dans l\u2019h\u00e9bergement, lors de longs tra\u00adjets de fuite, dans les baga\u00adges ou sur les v\u00eate\u00adments. De plus, les v\u00eate\u00adments ou les meubles don\u00adn\u00e9s peu\u00advent appor\u00adter des para\u00adsi\u00adtes infes\u00adt\u00e9s. Il con\u00advi\u00adent de souli\u00adgner ici&nbsp;: une infe\u00adsta\u00adti\u00adon n\u2019est pas un signe de man\u00adque de pro\u00adpre\u00adt\u00e9 ou de soins \u2013 elle peut abso\u00adlu\u00adment tou\u00adch\u00ader tout le mon\u00adde.  <\/p>\n<\/div>\n\n\n\n<div class=\"container-text\" id=\"befall-erkennen\">\n<h2 class=\"gb-text\">Comment reconna\u00eetre les punaises de lit dans les h\u00e9bergements collectifs&nbsp;?<\/h2>\n\n\n\n<p class=\"gb-text\">Une for\u00adte den\u00adsi\u00adt\u00e9 d\u2019occupation et une rota\u00adti\u00adon fr\u00e9\u00adquen\u00adte des per\u00adson\u00adnes aug\u00admen\u00adtent le ris\u00adque \u2013 la vigi\u00adlan\u00adce et la sen\u00adsi\u00adbi\u00adli\u00adsa\u00adti\u00adon sont donc de mise&nbsp;:<\/p>\n\n\n\n<div class=\"list-wrap\">\n<div class=\"list-item-wrap\">\n<img decoding=\"async\" class=\"list-item-image\" src=\"https:\/\/thermo-bug.de\/wp-content\/uploads\/2025\/09\/thermo-bug-list-icon.svg\" aria-hidden=\"true\">\n\n\n\n<div class=\"list-item-text-wrap\">\n<p class=\"gb-text list-item-title\">Piq\u00fb\u00adres<\/p>\n\n\n\n<p class=\"gb-text list-item-text\">Modi\u00adfi\u00adca\u00adti\u00adons cuta\u00adn\u00e9es pru\u00adri\u00adgi\u00adneu\u00adses chez plu\u00ads\u00adieurs r\u00e9si\u00addents en m\u00eame temps.<\/p>\n<\/div>\n<\/div>\n\n\n\n<div class=\"list-item-wrap\">\n<img decoding=\"async\" class=\"list-item-image\" src=\"https:\/\/thermo-bug.de\/wp-content\/uploads\/2025\/09\/thermo-bug-list-icon.svg\" aria-hidden=\"true\">\n\n\n\n<div class=\"list-item-text-wrap\">\n<p class=\"gb-text list-item-title gb-text-4080977d\">Traces<\/p>\n\n\n\n<p class=\"gb-text list-item-text\">Taches de sang, traces d\u2019excr\u00e9ments ou petits points som\u00adbres sur les mate\u00adlas et les murs.<\/p>\n<\/div>\n<\/div>\n\n\n\n<div class=\"list-item-wrap\">\n<img decoding=\"async\" class=\"list-item-image\" src=\"https:\/\/thermo-bug.de\/wp-content\/uploads\/2025\/09\/thermo-bug-list-icon.svg\" aria-hidden=\"true\">\n\n\n\n<div class=\"list-item-text-wrap\">\n<p class=\"gb-text list-item-title gb-text-0b5cb971\">Cachet\u00adtes<\/p>\n\n\n\n<p class=\"gb-text list-item-text\">Cad\u00adres de lit, v\u00eate\u00adments, baga\u00adges \u2013 les punai\u00adses voy\u00adagent sou\u00advent dis\u00adcr\u00e8\u00adte\u00adment avec.<\/p>\n<\/div>\n<\/div>\n\n\n\n<div class=\"list-item-wrap\">\n<img decoding=\"async\" class=\"list-item-image\" src=\"https:\/\/thermo-bug.de\/wp-content\/uploads\/2025\/09\/thermo-bug-list-icon.svg\" aria-hidden=\"true\">\n\n\n\n<div class=\"list-item-text-wrap\">\n<p class=\"gb-text list-item-title gb-text-43a8afb0\">Odeur<\/p>\n\n\n\n<p class=\"gb-text list-item-text\">Une odeur inten\u00adse peut \u00eatre le signe d\u2019une infe\u00adsta\u00adti\u00adon de longue dur\u00e9e.<\/p>\n<\/div>\n<\/div>\n\n\n\n<div class=\"list-item-wrap\">\n<img decoding=\"async\" class=\"list-item-image\" src=\"https:\/\/thermo-bug.de\/wp-content\/uploads\/2025\/09\/thermo-bug-list-icon.svg\" aria-hidden=\"true\">\n\n\n\n<div class=\"list-item-text-wrap\">\n<p class=\"gb-text list-item-title gb-text-f0a23f33\">Com\u00adporte\u00adment<\/p>\n\n\n\n<p class=\"gb-text list-item-text\">Les r\u00e9si\u00addents n\u2019abordent sou\u00advent pas eux-m\u00eames le sujet par peur ou par hon\u00adte.<\/p>\n<\/div>\n<\/div>\n<\/div>\n\n\n\n<p class=\"gb-text\">Des for\u00adma\u00adti\u00adons et des interlo\u00adcu\u00adteurs clairs am\u00e9\u00adlio\u00adrent les chan\u00adces d\u2019une d\u00e9tec\u00adtion rapi\u00adde.<\/p>\n<\/div>\n<\/div>\n\n\n\n<div class=\"ag-banner gb-element-78652c9a\"><\/div>\n\n\n\n<div class=\"spacing flex-centered\">\n<div class=\"container-text\" id=\"folgen\">\n<h2 class=\"gb-text\">Quelles sont les cons\u00e9quences d\u2019une infestation de punaises de lit dans les h\u00e9bergements&nbsp;?<\/h2>\n\n\n\n<p class=\"gb-text\">Une infe\u00adsta\u00adti\u00adon met non seu\u00adle\u00adment en dan\u00adger l\u2019hygi\u00e8ne et la san\u00adt\u00e9, mais aus\u00adsi la coha\u00adbi\u00adta\u00adti\u00adon socia\u00adle.<\/p>\n\n\n\n<div class=\"list-wrap\">\n<div class=\"list-item-wrap\">\n<img decoding=\"async\" class=\"list-item-image\" src=\"https:\/\/thermo-bug.de\/wp-content\/uploads\/2025\/09\/thermo-bug-list-icon.svg\" aria-hidden=\"true\">\n\n\n\n<div class=\"list-item-text-wrap\">\n<p class=\"gb-text list-item-title\">Agi\u00adta\u00adti\u00adon<\/p>\n\n\n\n<p class=\"gb-text list-item-text\">De for\u00adtes d\u00e9man\u00adge\u00adai\u00adsons et la peur des piq\u00fb\u00adres ent\u00adra\u00ee\u00adnent stress et ten\u00adsi\u00adons.<\/p>\n<\/div>\n<\/div>\n\n\n\n<div class=\"list-item-wrap\">\n<img decoding=\"async\" class=\"list-item-image\" src=\"https:\/\/thermo-bug.de\/wp-content\/uploads\/2025\/09\/thermo-bug-list-icon.svg\" aria-hidden=\"true\">\n\n\n\n<div class=\"list-item-text-wrap\">\n<p class=\"gb-text list-item-title gb-text-6497d9b1\">Per\u00adte de con\u00adfi\u00adance<\/p>\n\n\n\n<p class=\"gb-text list-item-text\">Les r\u00e9si\u00addents per\u00addent le sen\u00adti\u00adment de s\u00e9cu\u00adri\u00adt\u00e9 et d\u2019ordre.<\/p>\n<\/div>\n<\/div>\n\n\n\n<div class=\"list-item-wrap\">\n<img decoding=\"async\" class=\"list-item-image\" src=\"https:\/\/thermo-bug.de\/wp-content\/uploads\/2025\/09\/thermo-bug-list-icon.svg\" aria-hidden=\"true\">\n\n\n\n<div class=\"list-item-text-wrap\">\n<p class=\"gb-text list-item-title gb-text-779d40e3\">Pro\u00adpa\u00adga\u00adti\u00adon rapi\u00adde<\/p>\n\n\n\n<p class=\"gb-text list-item-text\">Sans mesu\u00adres imm\u00e9\u00addia\u00adtes, l\u2019infestation s\u2019\u00e9tend \u00e0 d\u2019autres pi\u00e8\u00adces. Les co\u00fbts et les efforts pour le d\u00e9m\u00e9\u00adnage\u00adment, le net\u00adto\u00adya\u00adge et les nou\u00adveaux achats aug\u00admen\u00adtent for\u00adte\u00adment. <\/p>\n<\/div>\n<\/div>\n\n\n\n<div class=\"list-item-wrap\">\n<img decoding=\"async\" class=\"list-item-image\" src=\"https:\/\/thermo-bug.de\/wp-content\/uploads\/2025\/09\/thermo-bug-list-icon.svg\" aria-hidden=\"true\">\n\n\n\n<div class=\"list-item-text-wrap\">\n<p class=\"gb-text list-item-title gb-text-5bb04c03\">Char\u00adge du per\u00adson\u00adnel<\/p>\n\n\n\n<p class=\"gb-text list-item-text\">Le per\u00adson\u00adnel d\u2019encadrement est sou\u00admis \u00e0 une for\u00adte pres\u00adsi\u00adon orga\u00adni\u00adsa\u00adti\u00adon\u00adnel\u00adle.<\/p>\n<\/div>\n<\/div>\n<\/div>\n\n\n\n<p class=\"gb-text\">Une action rapi\u00adde et sys\u00adt\u00e9\u00adma\u00adtique cont\u00adre l\u2019infestation r\u00e9ta\u00adblit la con\u00adfi\u00adance et le cal\u00adme.<\/p>\n<\/div>\n\n\n\n<div class=\"container-text\" id=\"thermo-bug\">\n<h2 class=\"gb-text\">Thermo-bug\u00ae comme solution efficace pour les h\u00e9bergements de r\u00e9fugi\u00e9s<\/h2>\n\n\n\n<p class=\"gb-text\">Ther\u00admo-bug\u00ae off\u00adre ici une solu\u00adti\u00adon effi\u00adcace et socia\u00adle\u00adment accep\u00adta\u00adble&nbsp;: le trai\u00adte\u00adment ther\u00admi\u00adque effec\u00adtue la lut\u00adte sans pro\u00adduits chi\u00admi\u00adques, poi\u00adsons ou odeurs d\u00e9s\u00adag\u00adr\u00e9\u00ada\u00adbles. Ain\u00adsi, les sal\u00adles de s\u00e9jour, les dor\u00adtoirs ou les couch\u00adet\u00adtes peu\u00advent \u00eatre lib\u00e9\u00adr\u00e9s \u00e0 nou\u00adveau en tr\u00e8s peu de temps. Nos appareils de chauf\u00adfa\u00adge fon\u00adc\u00adtion\u00adnent silen\u00adcieu\u00adse\u00adment et dis\u00adcr\u00e8\u00adte\u00adment, de sor\u00adte que le d\u00e9rou\u00adle\u00adment habi\u00adtuel est \u00e0 pei\u00adne affec\u00adt\u00e9. La temp\u00e9\u00adra\u00adtu\u00adre \u00e9le\u00adv\u00e9e \u00e9li\u00admi\u00adne les punai\u00adses de lit \u00e0 tous les sta\u00addes de leur vie \u2013 cap\u00adsu\u00adles d\u2019\u0153ufs inclu\u00adses. De plus, la chaleur per\u00admet \u00e9ga\u00adle\u00adment de tuer d\u2019autres para\u00adsi\u00adtes \u00e9ven\u00adtu\u00adel\u00adle\u00adment pr\u00e9s\u00adents (par ex. poux, puces).    <\/p>\n\n\n\n<p class=\"gb-text\">La renon\u00adcia\u00adti\u00adon aux pesti\u00adci\u00addes est un grand avan\u00adta\u00adge, en par\u00adti\u00adcu\u00adlier dans les \u00e9ta\u00adblis\u00adse\u00adments coll\u00adec\u00adtifs, car il n\u2019y a pas de r\u00e9si\u00addus toxi\u00adques. Dans l\u2019ensemble, Ther\u00admo-bug\u00ae est donc la mesu\u00adre id\u00e9a\u00adle et socia\u00adle\u00adment accep\u00adta\u00adble pour les h\u00e9ber\u00adge\u00adments&nbsp;: rapi\u00adde, appro\u00adfon\u00addie et s\u00fbre. <\/p>\n<\/div>\n<\/div>\n\n\n\n<div class=\"cta-wrap\">\n<div class=\"max-width-800\">\n<h2 class=\"gb-text\">Agissez maintenant&nbsp;!<\/h2>\n\n\n\n<h3 class=\"gb-text\">Obtenir une offre sans engagement pour votre h\u00e9bergement<\/h3>\n\n\n\n<p class=\"gb-text\">Une infe\u00adsta\u00adti\u00adon de punai\u00adses de lit dans les h\u00e9ber\u00adge\u00adments coll\u00adec\u00adtifs n\u00e9ces\u00adsi\u00adte une inter\u00adven\u00adti\u00adon imm\u00e9\u00addia\u00adte. Obte\u00adnez d\u00e8s main\u00adten\u00adant l\u2019aide pro\u00adfes\u00adsi\u00adon\u00adnel\u00adle de Ther\u00admo-bug\u00ae. Nous vous \u00e9ta\u00adblis\u00adsons une off\u00adre rapi\u00adde et assur\u00adons un h\u00e9ber\u00adge\u00adment pro\u00adpre \u2013 sans aucun poi\u00adson. Cont\u00adac\u00adtez-nous imm\u00e9\u00addia\u00adte\u00adment pour un ent\u00adre\u00adti\u00aden-con\u00adseil sans enga\u00adge\u00adment&nbsp;!   <\/p>\n\n\n\n<a class=\"gb-text button-primary\" href=\"https:\/\/thermo-bug.de\/fr\/utiliser-thermo-bug\/\">Uti\u00adli\u00adser Ther\u00admo-bug\u00ae main\u00adten\u00adant<\/a>\n<\/div>\n<\/div>\n\n\n\n<div class=\"section-wrap\">\n<div class=\"section-image-wrap gb-element-e6a8092c\"><\/div>\n\n\n\n<div class=\"section-text-wrap\">\n<div class=\"max-width-800\">\n<h2 class=\"gb-text\">Thermo-bug\u00ae ne se limite pas aux punaises de lit&nbsp;!<\/h2>\n\n\n\n<p class=\"gb-text\">Dans les h\u00e9ber\u00adge\u00adments \u00e0 for\u00adte fluc\u00adtua\u00adti\u00adon, les four\u00admis, les blat\u00adtes ou les puces se pro\u00adpagent \u00e9ga\u00adle\u00adment rapi\u00adde\u00adment. Ther\u00admo-bug\u00ae est une solu\u00adti\u00adon fle\u00adxi\u00adble pour de nombreux types de para\u00adsi\u00adtes \u2013 sans chi\u00admie, mais avec un effet dura\u00adble. Pour que chacun puis\u00adse se sen\u00adtir \u00e0 nou\u00adveau en s\u00e9cu\u00adri\u00adt\u00e9.  <\/p>\n\n\n\n<div class=\"buttons-wrap\">\n<a class=\"gb-text button-primary\" href=\"https:\/\/thermo-bug.de\/fr\/punaises-de-lit-et-autres\/\">D\u00e9cou\u00advrez tous les para\u00adsi\u00adtes main\u00adten\u00adant<\/a>\n<\/div>\n<\/div>\n<\/div>\n<\/div>\n\n\n\n<div class=\"section-wrap\">\n<div class=\"section-text-wrap\">\n<div class=\"max-width-800\">\n<h2 class=\"gb-text\">Efficace dans chaque pi\u00e8ce<\/h2>\n\n\n\n<p class=\"gb-text\">D\u00e9cou\u00advrez d\u2019autres lieux d\u2019utilisation du Ther\u00admo-bug\u00ae&nbsp;:<\/p>\n\n\n\n<div class=\"list-wrap\">\n<div class=\"list-item-wrap\">\n<img decoding=\"async\" class=\"list-item-image\" src=\"https:\/\/thermo-bug.de\/wp-content\/uploads\/2025\/09\/thermo-bug-list-icon.svg\" aria-hidden=\"true\">\n\n\n\n<div class=\"list-item-text-wrap\">\n<p class=\"gb-text list-item-text ag-list-link\"><a href=\"https:\/\/thermo-bug.de\/fr\/domaines-dapplication\/hotel\/\" data-type=\"page\" data-id=\"194\">H\u00f4tel<\/a><\/p>\n<\/div>\n<\/div>\n\n\n\n<div class=\"list-item-wrap\">\n<img decoding=\"async\" class=\"list-item-image\" src=\"https:\/\/thermo-bug.de\/wp-content\/uploads\/2025\/09\/thermo-bug-list-icon.svg\" aria-hidden=\"true\">\n\n\n\n<div class=\"list-item-text-wrap\">\n<p class=\"gb-text list-item-text ag-list-link\"><a href=\"https:\/\/thermo-bug.de\/fr\/domaines-dapplication\/menages-prives\/\" data-type=\"page\" data-id=\"198\">M\u00e9na\u00adges pri\u00adv\u00e9s<\/a><\/p>\n<\/div>\n<\/div>\n\n\n\n<div class=\"list-item-wrap\">\n<img decoding=\"async\" class=\"list-item-image\" src=\"https:\/\/thermo-bug.de\/wp-content\/uploads\/2025\/09\/thermo-bug-list-icon.svg\" aria-hidden=\"true\">\n\n\n\n<div class=\"list-item-text-wrap\">\n<p class=\"gb-text list-item-text ag-list-link\"><a href=\"https:\/\/thermo-bug.de\/fr\/domaines-dapplication\/hebergements-pour-travailleurs\/\" data-type=\"page\" data-id=\"201\">H\u00e9ber\u00adge\u00adments pour tra\u00advail\u00adleurs<\/a><\/p>\n<\/div>\n<\/div>\n\n\n\n<div class=\"list-item-wrap\">\n<img decoding=\"async\" class=\"list-item-image\" src=\"https:\/\/thermo-bug.de\/wp-content\/uploads\/2025\/09\/thermo-bug-list-icon.svg\" aria-hidden=\"true\">\n\n\n\n<div class=\"list-item-text-wrap\">\n<p class=\"gb-text list-item-text ag-list-link\"><a href=\"https:\/\/thermo-bug.de\/fr\/domaines-dapplication\/jardins-denfants-et-ecoles\/\" data-type=\"page\" data-id=\"205\">Jard\u00adins d\u2019enfants et \u00e9co\u00adles<\/a><\/p>\n<\/div>\n<\/div>\n\n\n\n<div class=\"list-item-wrap\">\n<img decoding=\"async\" class=\"list-item-image\" src=\"https:\/\/thermo-bug.de\/wp-content\/uploads\/2025\/09\/thermo-bug-list-icon.svg\" aria-hidden=\"true\">\n\n\n\n<div class=\"list-item-text-wrap\">\n<p class=\"gb-text list-item-text ag-list-link\"><a href=\"https:\/\/thermo-bug.de\/fr\/domaines-dapplication\/hopital\/\" data-type=\"page\" data-id=\"209\">H\u00f4pi\u00adtal<\/a><\/p>\n<\/div>\n<\/div>\n\n\n\n<div class=\"list-item-wrap\">\n<img decoding=\"async\" class=\"list-item-image\" src=\"https:\/\/thermo-bug.de\/wp-content\/uploads\/2025\/09\/thermo-bug-list-icon.svg\" aria-hidden=\"true\">\n\n\n\n<div class=\"list-item-text-wrap\">\n<p class=\"gb-text list-item-text ag-list-link\"><a href=\"https:\/\/thermo-bug.de\/fr\/domaines-dapplication\/residence-pour-personnes-agees\/\" data-type=\"page\" data-id=\"213\">R\u00e9si\u00addence pour per\u00adson\u00adnes \u00e2g\u00e9es<\/a><\/p>\n<\/div>\n<\/div>\n\n\n\n<div class=\"list-item-wrap\">\n<img decoding=\"async\" class=\"list-item-image\" src=\"https:\/\/thermo-bug.de\/wp-content\/uploads\/2025\/09\/thermo-bug-list-icon.svg\" aria-hidden=\"true\">\n\n\n\n<div class=\"list-item-text-wrap\">\n<p class=\"gb-text list-item-text ag-list-link\"><a href=\"https:\/\/thermo-bug.de\/fr\/domaines-dapplication\/etablissement-penitentiaire\/\" data-type=\"page\" data-id=\"221\">\u00c9ta\u00adblis\u00adse\u00adment p\u00e9ni\u00adten\u00adti\u00adai\u00adre<\/a><\/p>\n<\/div>\n<\/div>\n<\/div>\n\n\n\n<div class=\"buttons-wrap\">\n<a class=\"gb-text button-primary\" href=\"https:\/\/thermo-bug.de\/fr\/domaines-dapplication\/\">D\u00e9cou\u00advr\u00adir tou\u00adtes les pos\u00adsi\u00adbi\u00adli\u00adt\u00e9s d\u2019utilisation<\/a>\n\n\n\n<a class=\"gb-text button-secondary\" href=\"https:\/\/thermo-bug.de\/fr\/utiliser-thermo-bug\/\">Uti\u00adli\u00adser Ther\u00admo-bug<strong>\u00ae<\/strong><\/a>\n<\/div>\n<\/div>\n<\/div>\n\n\n\n<div class=\"section-image-wrap gb-element-7c7bf038\"><\/div>\n<\/div>\n<\/div>\n","protected":false},"excerpt":{"rendered":"<p>Punai\u00adses de lit dans un h\u00e9ber\u00adge\u00adment pour r\u00e9fu\u00adgi\u00e9s Que fai\u00adre&nbsp;? Lut\u00adte effi\u00adcace et non toxi\u00adque cont\u00adre les punai\u00adses de lit pour les foy\u00aders de r\u00e9fu\u00adgi\u00e9s. Ther\u00ad\u00admo-bug\u00ae \u00e9li\u00admi\u00adne rapi\u00adde\u00adment et dis\u00adcr\u00e8\u00adte\u00adment les punai\u00adses de lit par la chaleur, sans mett\u00adre en dan\u00adger les r\u00e9si\u00addents. En savoir plus&nbsp;! En savoir plus Con\u00adtenu Com\u00adment une infe\u00adsta\u00adti\u00adon se pro\u00ad\u00adduit-elle \u2026 <a title=\"H\u00e9bergement pour r\u00e9fugi\u00e9s\" class=\"read-more\" href=\"https:\/\/thermo-bug.de\/fr\/domaines-dapplication\/hebergement-pour-refugies\/\" aria-label=\"En savoir plus sur H\u00e9bergement pour r\u00e9fugi\u00e9s\">Lire plus<\/a><\/p>\n","protected":false},"author":1,"featured_media":0,"parent":1175,"menu_order":7,"comment_status":"closed","ping_status":"closed","template":"","meta":{"wp_typography_post_enhancements_disabled":false,"footnotes":""},"class_list":["post-1410","page","type-page","status-publish"],"_links":{"self":[{"href":"https:\/\/thermo-bug.de\/fr\/wp-json\/wp\/v2\/pages\/1410","targetHints":{"allow":["GET"]}}],"collection":[{"href":"https:\/\/thermo-bug.de\/fr\/wp-json\/wp\/v2\/pages"}],"about":[{"href":"https:\/\/thermo-bug.de\/fr\/wp-json\/wp\/v2\/types\/page"}],"author":[{"embeddable":true,"href":"https:\/\/thermo-bug.de\/fr\/wp-json\/wp\/v2\/users\/1"}],"replies":[{"embeddable":true,"href":"https:\/\/thermo-bug.de\/fr\/wp-json\/wp\/v2\/comments?post=1410"}],"version-history":[{"count":5,"href":"https:\/\/thermo-bug.de\/fr\/wp-json\/wp\/v2\/pages\/1410\/revisions"}],"predecessor-version":[{"id":2046,"href":"https:\/\/thermo-bug.de\/fr\/wp-json\/wp\/v2\/pages\/1410\/revisions\/2046"}],"up":[{"embeddable":true,"href":"https:\/\/thermo-bug.de\/fr\/wp-json\/wp\/v2\/pages\/1175"}],"wp:attachment":[{"href":"https:\/\/thermo-bug.de\/fr\/wp-json\/wp\/v2\/media?parent=1410"}],"curies":[{"name":"wp","href":"https:\/\/api.w.org\/{rel}","templated":true}]}}