{"id":1550,"date":"2025-09-10T09:15:00","date_gmt":"2025-09-10T09:15:00","guid":{"rendered":"https:\/\/thermo-bug.de\/identification-des-parasites\/"},"modified":"2025-12-09T12:29:58","modified_gmt":"2025-12-09T12:29:58","slug":"identification-des-parasites","status":"publish","type":"page","link":"https:\/\/thermo-bug.de\/fr\/identification-des-parasites\/","title":{"rendered":"Identification des parasites"},"content":{"rendered":"\n<div class=\"alignfull\">\n<div class=\"hero-wrap\">\n<div class=\"section-text-wrap\">\n<div class=\"max-width-800\">\n<h1 class=\"gb-text\">Parasites identification<\/h1>\n\n\n\n<h2 class=\"gb-text h2-hero\">rapide, facile et professionnelle<\/h2>\n\n\n\n<p class=\"gb-text\">Vous avez d\u00e9cou\u00advert un insec\u00adte incon\u00adnu ou con\u00adsta\u00adt\u00e9 des d\u00e9g\u00e2ts, mais vous ne savez pas \u00e0 quoi vous avez affai\u00adre&nbsp;? Pho\u00adto\u00adgra\u00adphiez le para\u00adsi\u00adte, ses traces ou les d\u00e9g\u00e2ts cau\u00ads\u00e9s et t\u00e9l\u00e9\u00adchar\u00adgez les images chez nous. Nos experts iden\u00adti\u00adfie\u00adront le para\u00adsi\u00adte de mani\u00e8\u00adre fia\u00adble pour seu\u00adle\u00adment <g id=\"gid_0\">38,50\u202f\u20ac<\/g>. Si vous optez ensuite pour une lut\u00adte pro\u00adfes\u00adsi\u00adon\u00adnel\u00adle par nos soins, ce mon\u00adtant vous sera enti\u00e8\u00adre\u00adment cr\u00e9\u00addi\u00adt\u00e9.   <\/p>\n\n\n\n<div class=\"buttons-wrap\">\n<a class=\"gb-text button-primary\">Vous pour\u00adrez bien\u00adt\u00f4t t\u00e9l\u00e9\u00adchar\u00adger des images ici<\/a>\n<\/div>\n<\/div>\n<\/div>\n\n\n\n<div class=\"section-image-wrap hero-image gb-element-02660d31\"><\/div>\n<\/div>\n\n\n\n<div class=\"cta-wrap\">\n<div class=\"max-width-800\">\n<h2 class=\"gb-text\">Votre solution contre les punaises de lit<\/h2>\n\n\n\n<p class=\"gb-text\">Que ce soit pour les pro\u00adfes\u00adsi\u00adon\u00adnels, les ent\u00adre\u00adpri\u00adses ou les par\u00adti\u00adcu\u00adliers, pro\u00adfi\u00adtez de la tech\u00adno\u00adlo\u00adgie ther\u00admi\u00adque inno\u00advan\u00adte qui com\u00adbat les nui\u00adsi\u00adbles dura\u00adblem\u00adent et sans pro\u00adduits chi\u00admi\u00adques. Choi\u00adsis\u00adsez l\u2019option adap\u00adt\u00e9e \u00e0 vos beso\u00adins.<\/p>\n\n\n\n<a class=\"gb-text button-primary\" href=\"https:\/\/thermo-bug.de\/thermo-bug-nutzen\/\">Uti\u00adli\u00adser Ther\u00admo-bug\u00ae main\u00adten\u00adant<\/a>\n<\/div>\n<\/div>\n<\/div>\n","protected":false},"excerpt":{"rendered":"<p>Para\u00adsi\u00adtes iden\u00adti\u00adfi\u00adca\u00adti\u00adon rapi\u00adde, faci\u00adle et pro\u00adfes\u00adsi\u00adon\u00adnel\u00adle Vous avez d\u00e9cou\u00advert un insec\u00adte incon\u00adnu ou con\u00adsta\u00adt\u00e9 des d\u00e9g\u00e2ts, mais vous ne savez pas \u00e0 quoi vous avez affai\u00adre&nbsp;? Pho\u00adto\u00adgra\u00adphiez le para\u00adsi\u00adte, ses traces ou les d\u00e9g\u00e2ts cau\u00ads\u00e9s et t\u00e9l\u00e9\u00adchar\u00adgez les images chez nous. Nos experts iden\u00adti\u00adfie\u00adront le para\u00adsi\u00adte de mani\u00e8\u00adre fia\u00adble pour seu\u00adle\u00adment 38,50&nbsp;\u20ac. Si vous optez \u2026 <a title=\"Identification des parasites\" class=\"read-more\" href=\"https:\/\/thermo-bug.de\/fr\/identification-des-parasites\/\" aria-label=\"En savoir plus sur Identification des parasites\">Lire plus<\/a><\/p>\n","protected":false},"author":1,"featured_media":0,"parent":0,"menu_order":5,"comment_status":"closed","ping_status":"closed","template":"","meta":{"wp_typography_post_enhancements_disabled":false,"footnotes":""},"class_list":["post-1550","page","type-page","status-publish"],"_links":{"self":[{"href":"https:\/\/thermo-bug.de\/fr\/wp-json\/wp\/v2\/pages\/1550","targetHints":{"allow":["GET"]}}],"collection":[{"href":"https:\/\/thermo-bug.de\/fr\/wp-json\/wp\/v2\/pages"}],"about":[{"href":"https:\/\/thermo-bug.de\/fr\/wp-json\/wp\/v2\/types\/page"}],"author":[{"embeddable":true,"href":"https:\/\/thermo-bug.de\/fr\/wp-json\/wp\/v2\/users\/1"}],"replies":[{"embeddable":true,"href":"https:\/\/thermo-bug.de\/fr\/wp-json\/wp\/v2\/comments?post=1550"}],"version-history":[{"count":2,"href":"https:\/\/thermo-bug.de\/fr\/wp-json\/wp\/v2\/pages\/1550\/revisions"}],"predecessor-version":[{"id":1555,"href":"https:\/\/thermo-bug.de\/fr\/wp-json\/wp\/v2\/pages\/1550\/revisions\/1555"}],"wp:attachment":[{"href":"https:\/\/thermo-bug.de\/fr\/wp-json\/wp\/v2\/media?parent=1550"}],"curies":[{"name":"wp","href":"https:\/\/api.w.org\/{rel}","templated":true}]}}