{"id":1645,"date":"2025-12-09T13:36:27","date_gmt":"2025-12-09T13:36:27","guid":{"rendered":"https:\/\/thermo-bug.de\/fonctionnement\/"},"modified":"2026-03-20T07:54:37","modified_gmt":"2026-03-20T07:54:37","slug":"fonctionnement","status":"publish","type":"page","link":"https:\/\/thermo-bug.de\/fr\/fonctionnement\/","title":{"rendered":"Fonctionnement"},"content":{"rendered":"\n<div class=\"alignfull\">\n<div class=\"hero-wrap\">\n<div class=\"section-text-wrap\">\n<div class=\"max-width-800\">\n<h1 class=\"gb-text\">Comment fonctionne<br>Thermo-bug\u00ae&nbsp;?<\/h1>\n\n\n\n<h2 class=\"gb-text h2-hero\">L\u2019innovation pour la lutte contre les punaises de lit<\/h2>\n\n\n\n<p class=\"gb-text\">Les punai\u00adses de lit sont une nui\u00adsance et une infe\u00adsta\u00adti\u00adon de plus en plus r\u00e9pan\u00addue, de l\u2019h\u00f4tel \u00e0 vot\u00adre pro\u00adpre domic\u00adi\u00adle. Les mesu\u00adres de lut\u00adte clas\u00adsi\u00adques avec des insec\u00adti\u00adci\u00addes chi\u00admi\u00adques sont sou\u00advent com\u00adple\u00adxes et p\u00e9ni\u00adbles. Ther\u00admo-bug\u00ae off\u00adre une alter\u00adna\u00adti\u00adve moder\u00adne et dura\u00adble&nbsp;: un appa\u00adreil mobi\u00adle \u00e0 hau\u00adte temp\u00e9\u00adra\u00adtu\u00adre qui chauf\u00adfe les pi\u00e8\u00adces \u00e0 plus de 60&nbsp;\u00b0C et tue ain\u00adsi \u00e0 100&nbsp;% les punai\u00adses de lit, leurs lar\u00adves et leurs \u0153ufs.<\/p>\n\n\n\n<div class=\"buttons-wrap\">\n<a class=\"gb-text button-primary\" href=\"#info\">En savoir plus<\/a>\n<\/div>\n<\/div>\n<\/div>\n\n\n\n<div class=\"section-image-wrap hero-image gb-element-02660d31\"><\/div>\n<\/div>\n\n\n\n<div class=\"section-wrap\" id=\"info\">\n<div class=\"section-image-wrap gb-element-e6a8092c\"><\/div>\n\n\n\n<div class=\"section-text-wrap\">\n<div class=\"max-width-800\">\n<h2 class=\"gb-text\">Lutter contre les punaises de lit sans produits chimiques<\/h2>\n\n\n\n<p class=\"gb-text\">Con\u00adtrai\u00adre\u00adment \u00e0 de nombreux pro\u00adduits uti\u00adli\u00ads\u00e9s dans l\u2019industrie, Ther\u00admo-bug\u00ae fon\u00adc\u00adtion\u00adne enti\u00e8\u00adre\u00adment sans pro\u00adduits chi\u00admi\u00adques. Le trai\u00adte\u00adment est ino\u00addo\u00adre, dis\u00adcret et silen\u00adcieux, id\u00e9\u00adal pour les h\u00f4tels, les bureaux et les foy\u00aders pri\u00adv\u00e9s. Depuis 2005, Ther\u00admo-bug\u00ae \u00e9ta\u00adblit des nor\u00admes dans la lut\u00adte anti\u00adpa\u00adra\u00adsi\u00adtaire. La g\u00e9n\u00e9\u00adra\u00adti\u00adon actu\u00adel\u00adle Ther\u00admo-bug\u00ae basic 3.0 est enco\u00adre plus com\u00adpac\u00adte, plus per\u00adfor\u00adman\u00adte et plus s\u00fbre que jamais.<br>Le meil\u00adleur&nbsp;: la tech\u00adno\u00adlo\u00adgie Ther\u00admo-bug\u00ae fon\u00adc\u00adtion\u00adne \u00e9ga\u00adle\u00adment sur de nombreux aut\u00adres types de para\u00adsi\u00adtes&nbsp;!<\/p>\n\n\n\n<div class=\"buttons-wrap\">\n<a class=\"gb-text button-primary\" href=\"https:\/\/thermo-bug.de\/fr\/domaines-dapplication\/\">D\u00e9cou\u00advrez main\u00adten\u00adant les pos\u00adsi\u00adbi\u00adli\u00adt\u00e9s d\u2019utilisation<\/a>\n<\/div>\n<\/div>\n<\/div>\n<\/div>\n\n\n\n<div class=\"section-wrap\">\n<div class=\"section-text-wrap\">\n<div class=\"max-width-800\">\n<h2 class=\"gb-text\">Avantages avec Thermo-bug\u00ae<\/h2>\n\n\n\n<div class=\"list-wrap\">\n<div class=\"list-item-wrap\">\n<img decoding=\"async\" class=\"list-item-image\" src=\"https:\/\/thermo-bug.de\/wp-content\/uploads\/2025\/09\/thermo-bug-list-icon.svg\" aria-hidden=\"true\">\n\n\n\n<div class=\"list-item-text-wrap\">\n<p class=\"gb-text list-item-title\">Effi\u00adcace de l\u2019\u0153uf \u00e0 l\u2019animal adul\u00adte<\/p>\n\n\n\n<p class=\"gb-text list-item-text\">La chaleur agit aus\u00adsi bien sur les \u0153ufs, les lar\u00adves que sur les punai\u00adses adul\u00adtes. Des t\u00e9moign\u00adages et des \u00e9tu\u00addes le con\u00adfir\u00adment&nbsp;: d\u00e9j\u00e0 des temp\u00e9\u00adra\u00adtures de lava\u00adge d\u2019environ 60&nbsp;\u00b0C tuent les punai\u00adses de lit et leurs \u0153ufs en tou\u00adte s\u00e9cu\u00adri\u00adt\u00e9. Lors d\u2019une uti\u00adli\u00adsa\u00adti\u00adon pro\u00adfes\u00adsi\u00adon\u00adnel\u00adle, Ther\u00admo-bug\u00ae g\u00e9n\u00e8\u00adre cet\u00adte temp\u00e9\u00adra\u00adtu\u00adre de mani\u00e8\u00adre uni\u00adfor\u00adme dans tou\u00adte la pi\u00e8\u00adce, de sor\u00adte qu\u2019aucun ani\u00admal ne sur\u00advit.<\/p>\n<\/div>\n<\/div>\n\n\n\n<div class=\"list-item-wrap\">\n<img decoding=\"async\" class=\"list-item-image\" src=\"https:\/\/thermo-bug.de\/wp-content\/uploads\/2025\/09\/thermo-bug-list-icon.svg\" aria-hidden=\"true\">\n\n\n\n<div class=\"list-item-text-wrap\">\n<p class=\"gb-text list-item-title gb-text-4080977d\">Sans pro\u00adduits chi\u00admi\u00adques<\/p>\n\n\n\n<p class=\"gb-text list-item-text\">Com\u00adme seu\u00adle de l\u2019air sec est uti\u00adli\u00ads\u00e9e, aucun pol\u00adlu\u00adant ne sub\u00adsis\u00adte. Le pro\u00adc\u00e9\u00add\u00e9 est donc respec\u00adtueux de l\u2019environnement et de la san\u00adt\u00e9.<\/p>\n<\/div>\n<\/div>\n\n\n\n<div class=\"list-item-wrap\">\n<img decoding=\"async\" class=\"list-item-image\" src=\"https:\/\/thermo-bug.de\/wp-content\/uploads\/2025\/09\/thermo-bug-list-icon.svg\" aria-hidden=\"true\">\n\n\n\n<div class=\"list-item-text-wrap\">\n<p class=\"gb-text list-item-title gb-text-ed08ee0c\">\u00c9thi\u00adquement per\u00adti\u00adnent<\/p>\n\n\n\n<p class=\"gb-text list-item-text gb-text-550689eb\">Le trai\u00adte\u00adment ther\u00admi\u00adque est une alter\u00adna\u00adti\u00adve par\u00adfai\u00adte et non toxi\u00adque aux pesti\u00adci\u00addes. Il r\u00e9pond au sou\u00adhait d\u2019une lut\u00adte anti\u00adpa\u00adra\u00adsi\u00adtaire dura\u00adble et pr\u00e9\u00adser\u00adve l\u2019\u00e9quilibre \u00e9co\u00adlo\u00adgi\u00adque.<\/p>\n<\/div>\n<\/div>\n<\/div>\n<\/div>\n<\/div>\n\n\n\n<div class=\"section-image-wrap gb-element-7c7bf038\"><\/div>\n<\/div>\n\n\n\n<div class=\"section-wrap\">\n<div class=\"section-image-wrap gb-element-37f5f5f8\"><\/div>\n\n\n\n<div class=\"section-text-wrap\">\n<div class=\"max-width-800\">\n<h2 class=\"gb-text\">Contexte scientifique<\/h2>\n\n\n\n<p class=\"gb-text\">Ther\u00admo-bug\u00ae fon\u00adc\u00adtion\u00adne selon un prin\u00adci\u00adpe phy\u00adsi\u00adque simp\u00adle&nbsp;: la chaleur d\u00e9truit les pro\u00adt\u00e9\u00adi\u00adnes. Les bio\u00adlo\u00adgis\u00adtes appel\u00adlent cela la d\u00e9na\u00adtu\u00adra\u00adti\u00adon&nbsp;: d\u00e9j\u00e0 \u00e0 par\u00adtir d\u2019environ 45\u201350&nbsp;\u00b0C, les com\u00adpo\u00ads\u00e9s pro\u00adt\u00e9\u00adi\u00adques dans les cel\u00adlu\u00adles du corps de la punai\u00adse de lit se modi\u00adfi\u00adent de mani\u00e8\u00adre irr\u00e9\u00adver\u00adsi\u00adble. Si l\u2019on aug\u00admen\u00adte la temp\u00e9\u00adra\u00adtu\u00adre pen\u00addant au moins une heu\u00adre \u00e0 envi\u00adron 55\u201360&nbsp;\u00b0C, chaque pro\u00adt\u00e9i\u00adne se fige, tou\u00adte vie dis\u00adpa\u00adra\u00eet. Ther\u00admo-bug\u00ae att\u00adeint m\u00eame jusqu\u2019\u00e0 70&nbsp;\u00b0C dans les espaces clos, ce qui garan\u00adtit l\u2019\u00e9limination.<\/p>\n<\/div>\n<\/div>\n<\/div>\n\n\n\n<div class=\"cta-wrap\">\n<div class=\"features-wrap\">\n<div class=\"flex-column\">\n<img decoding=\"async\" class=\"features-icon\" src=\"https:\/\/thermo-bug.de\/wp-content\/uploads\/2025\/09\/hermo-bug-icon-skull.svg\" aria-hidden=\"true\">\n\n\n\n<h3 class=\"gb-text features-text\">100 % mortel<\/h3>\n\n\n\n<p class=\"gb-text\">La chaleur d\u00e9truit les struc\u00adtures pro\u00adt\u00e9\u00adi\u00adques de tou\u00adtes les punai\u00adses et de leurs \u0153ufs. Tous les sta\u00addes de d\u00e9ve\u00adlo\u00adp\u00adpe\u00adment de la punai\u00adse de lit sont tou\u00adch\u00e9s, sans aucun recours aux insec\u00adti\u00adci\u00addes.<\/p>\n<\/div>\n\n\n\n<div class=\"flex-column\">\n<img decoding=\"async\" class=\"features-icon\" src=\"https:\/\/thermo-bug.de\/wp-content\/uploads\/2025\/09\/hermo-bug-icon-clock.svg\" aria-hidden=\"true\">\n\n\n\n<h3 class=\"gb-text features-text\">Rapide et efficace<\/h3>\n\n\n\n<p class=\"gb-text\">En r\u00e8g\u00adle g\u00e9n\u00e9\u00adra\u00adle, une inter\u00adven\u00adti\u00adon est ter\u00admi\u00adn\u00e9e apr\u00e8s envi\u00adron 24 heu\u00adres. Un seul trai\u00adte\u00adment suf\u00adfit sou\u00advent \u00e0 \u00e9li\u00admi\u00adner com\u00adpl\u00e8\u00adte\u00adment les punai\u00adses de lit.<\/p>\n<\/div>\n\n\n\n<div class=\"flex-column\">\n<img decoding=\"async\" class=\"features-icon\" src=\"https:\/\/thermo-bug.de\/wp-content\/uploads\/2025\/09\/hermo-bug-icon-silence.svg\" aria-hidden=\"true\">\n\n\n\n<h3 class=\"gb-text features-text\">Discret et inodore<\/h3>\n\n\n\n<p class=\"gb-text\">Ther\u00admo-bug\u00ae fon\u00adc\u00adtion\u00adne silen\u00adcieu\u00adse\u00adment et sans odeurs d\u00e9s\u00adag\u00adr\u00e9\u00ada\u00adbles. Le quo\u00adti\u00addi\u00aden de vos cli\u00adents et col\u00adla\u00adbo\u00adra\u00adteurs se pour\u00adsu\u00adit pres\u00adque sans per\u00adtur\u00adba\u00adti\u00adon.<\/p>\n<\/div>\n\n\n\n<div class=\"flex-column\">\n<img decoding=\"async\" class=\"features-icon\" src=\"https:\/\/thermo-bug.de\/wp-content\/uploads\/2025\/09\/thermo-bug-icon-leaf.svg\" aria-hidden=\"true\">\n\n\n\n<h3 class=\"gb-text features-text\">Respectueux de l\u2019environnement et de la sant\u00e9<\/h3>\n\n\n\n<p class=\"gb-text\">Pas de pro\u00adduits chi\u00admi\u00adques, pas de r\u00e9si\u00addus \u2013 apr\u00e8s le trai\u00adte\u00adment ther\u00admi\u00adque, les pi\u00e8\u00adces sont imm\u00e9\u00addia\u00adte\u00adment habi\u00adta\u00adbles. Vous pr\u00e9\u00adser\u00advez ain\u00adsi l\u2019en\u00advi\u00adron\u00adne\u00adment, les ani\u00admaux et vot\u00adre san\u00adt\u00e9.<\/p>\n<\/div>\n<\/div>\n<\/div>\n\n\n\n<div class=\"section-wrap\">\n<div class=\"section-text-wrap\">\n<div class=\"max-width-800\">\n<h2 class=\"gb-text\">Application du proc\u00e9d\u00e9 thermique<\/h2>\n\n\n\n<p class=\"gb-text\">Avec Ther\u00admo-bug\u00ae, la lut\u00adte anti\u00adpa\u00adra\u00adsi\u00adtaire devi\u00adent un jeu d\u2019enfant&nbsp;: pas de pro\u00adduits chi\u00admi\u00adques, pas de tech\u00adni\u00adque com\u00adpli\u00adqu\u00e9e, pas de stress. En quel\u00adques ges\u00adtes, vous pr\u00e9\u00adpa\u00adrez la pi\u00e8\u00adce et la chaleur fait le res\u00adte, de mani\u00e8\u00adre fia\u00adble jus\u00adque dans la plus peti\u00adte fis\u00adsu\u00adre.<\/p>\n\n\n\n<div class=\"buttons-wrap\">\n<a class=\"gb-text button-primary\" href=\"https:\/\/thermo-bug.de\/fr\/fonctionnement\/instructions\/\">Vers les ins\u00adtruc\u00adtions<\/a>\n<\/div>\n<\/div>\n<\/div>\n\n\n\n<div class=\"section-image-wrap gb-element-11394dc4\"><\/div>\n<\/div>\n\n\n\n<div class=\"cta-wrap\">\n<div class=\"max-width-800\">\n<h2 class=\"gb-text\">Votre solution contre les punaises de lit<\/h2>\n\n\n\n<p class=\"gb-text\">Que ce soit pour les pro\u00adfes\u00adsi\u00adon\u00adnels, les ent\u00adre\u00adpri\u00adses ou les par\u00adti\u00adcu\u00adliers, pro\u00adfi\u00adtez de la tech\u00adno\u00adlo\u00adgie ther\u00admi\u00adque inno\u00advan\u00adte qui com\u00adbat les nui\u00adsi\u00adbles dura\u00adblem\u00adent et sans pro\u00adduits chi\u00admi\u00adques. Choi\u00adsis\u00adsez l\u2019option adap\u00adt\u00e9e \u00e0 vos beso\u00adins.<\/p>\n\n\n\n<a class=\"gb-text button-primary\" href=\"https:\/\/thermo-bug.de\/thermo-bug-nutzen\/\">Uti\u00adli\u00adser Ther\u00admo-bug\u00ae main\u00adten\u00adant<\/a>\n<\/div>\n<\/div>\n<\/div>\n","protected":false},"excerpt":{"rendered":"<p>Com\u00adment fon\u00adc\u00adtion\u00adne\u00adTher\u00admo-bug\u00ae&nbsp;? L\u2019innovation pour la lut\u00adte cont\u00adre les punai\u00adses de lit Les punai\u00adses de lit sont une nui\u00adsance et une infe\u00adsta\u00adti\u00adon de plus en plus r\u00e9pan\u00addue, de l\u2019h\u00f4tel \u00e0 vot\u00adre pro\u00adpre domic\u00adi\u00adle. Les mesu\u00adres de lut\u00adte clas\u00adsi\u00adques avec des insec\u00adti\u00adci\u00addes chi\u00admi\u00adques sont sou\u00advent com\u00adple\u00adxes et p\u00e9ni\u00adbles. Ther\u00ad\u00admo-bug\u00ae off\u00adre une alter\u00adna\u00adti\u00adve moder\u00adne et dura\u00adble&nbsp;: un appa\u00adreil \u2026 <a title=\"Fonctionnement\" class=\"read-more\" href=\"https:\/\/thermo-bug.de\/fr\/fonctionnement\/\" aria-label=\"En savoir plus sur Fonctionnement\">Lire plus<\/a><\/p>\n","protected":false},"author":1,"featured_media":0,"parent":0,"menu_order":2,"comment_status":"closed","ping_status":"closed","template":"","meta":{"wp_typography_post_enhancements_disabled":false,"footnotes":""},"class_list":["post-1645","page","type-page","status-publish"],"_links":{"self":[{"href":"https:\/\/thermo-bug.de\/fr\/wp-json\/wp\/v2\/pages\/1645","targetHints":{"allow":["GET"]}}],"collection":[{"href":"https:\/\/thermo-bug.de\/fr\/wp-json\/wp\/v2\/pages"}],"about":[{"href":"https:\/\/thermo-bug.de\/fr\/wp-json\/wp\/v2\/types\/page"}],"author":[{"embeddable":true,"href":"https:\/\/thermo-bug.de\/fr\/wp-json\/wp\/v2\/users\/1"}],"replies":[{"embeddable":true,"href":"https:\/\/thermo-bug.de\/fr\/wp-json\/wp\/v2\/comments?post=1645"}],"version-history":[{"count":5,"href":"https:\/\/thermo-bug.de\/fr\/wp-json\/wp\/v2\/pages\/1645\/revisions"}],"predecessor-version":[{"id":1942,"href":"https:\/\/thermo-bug.de\/fr\/wp-json\/wp\/v2\/pages\/1645\/revisions\/1942"}],"wp:attachment":[{"href":"https:\/\/thermo-bug.de\/fr\/wp-json\/wp\/v2\/media?parent=1645"}],"curies":[{"name":"wp","href":"https:\/\/api.w.org\/{rel}","templated":true}]}}